{"id":1251,"date":"2021-08-08T20:12:56","date_gmt":"2021-08-08T19:12:56","guid":{"rendered":"https:\/\/asv.pt\/?page_id=1251"},"modified":"2025-11-01T19:39:45","modified_gmt":"2025-11-01T19:39:45","slug":"uber-marc","status":"publish","type":"page","link":"https:\/\/asv.pt\/de\/about-marc\/","title":{"rendered":"\u00dcber Marc"},"content":{"rendered":"<div class=\"et_pb_section_0 et_pb_section et_pb_fullwidth_section et_section_regular et_block_section sfly_interior sfly_interior_hero_2\"><section class=\"et_pb_fullwidth_header_0 et_pb_fullwidth_header et_pb_bg_layout_dark et_pb_text_align_left et_animated et_pb_module et_flex_module sfly_fullwidth_header\"><div class=\"et_pb_fullwidth_header_container left\"><div class=\"header-content-container center\"><div class=\"header-content et_flex_module\"><h1 class=\"et_pb_module_header\">\u00dcber Marc<\/h1><div class=\"et_pb_header_content_wrapper\"><h6>Fotograf, Videograf, Musiker und vieles mehr...<\/h6>\n<\/div><div class=\"et_pb_header_button_wrapper\"><\/div><\/div><\/div><\/div><div class=\"et_pb_fullwidth_header_overlay\"><\/div><div class=\"et_pb_fullwidth_header_scroll\"><\/div><\/section><\/div><div class=\"et_pb_section_1 et_pb_section et_section_regular et_block_section sfly_feature sfly_feature_1\"><div class=\"et_pb_row_0 et_pb_row et_pb_gutters1 et_block_row\"><div class=\"et_pb_column_0 et_pb_column et_pb_column_1_2 et_block_column et_pb_css_mix_blend_mode_passthrough column1\"><div class=\"et_pb_divider_0 et_pb_divider et_pb_space et_pb_divider_position_top et_pb_module divider_spacer\"><div class=\"et_pb_divider_internal\"><\/div><\/div><\/div><div class=\"et_pb_column_1 et_pb_column et_pb_column_1_2 et-last-child et_block_column et_pb_css_mix_blend_mode_passthrough column2\"><div class=\"et_pb_text_0 et_pb_text et_pb_bg_layout_light et_pb_module et_flex_module preset--module--divi-text--default\"><div class=\"et_pb_text_inner\"><h2>Dies ist Marc<\/h2>\n<p>Marc wurde 1970 in Deutschland geboren, fr\u00fch genug, um Vinyl, analoge Fotografie und echte Rockmusik kennenzulernen. Er ist zweifacher Vater, Ehemann, Unternehmer, Pianist, Produzent, K\u00fcnstler, Fotograf, Videofilmer, Programmierer, eine positive Seele und - last but not least - von ganzem Herzen ein \"possibilitarian\". <\/p>\n<p>Seine Hauptinteressen in der Musik liegen darin, die Regeln zu brechen und mit Kl\u00e4ngen und Rhythmen zu experimentieren. Das akustische Klavier ist sein Lieblingsinstrument, aber er liebt es, es mit modularen Synthesizern und Spieltechniken abseits des Mainstreams zu kombinieren. Wenn Marc im Raum ist, muss man seine Gewohnheiten \u00fcber Bord werfen und bereit sein, sich auf k\u00fcnstlerische Weise herausfordern zu lassen. <\/p>\n<\/div><\/div><\/div><\/div><\/div><div class=\"et_pb_section_2 et_pb_section et_section_regular et_block_section sfly_feature sfly_feature_8\"><div class=\"et_pb_row_1 et_pb_row et_block_row et_animated sfly_column_switch\"><div class=\"et_pb_column_2 et_pb_column et_pb_column_2_3 et_block_column et_pb_css_mix_blend_mode_passthrough column1\"><div class=\"et_pb_text_1 et_pb_text et_pb_bg_layout_dark et_animated et_pb_module et_flex_module preset--module--divi-text--default\"><div class=\"et_pb_text_inner\"><h2>Neugierig? M\u00f6chtest du mehr wissen?<\/h2>\n<p>Nun, ich habe eine Weile gebraucht, um herauszufinden, was ich mit meinem Leben anfangen soll. Mit 10 Jahren begann ich akustische Gitarre zu spielen, mit 15 entdeckte ich das Klavier und die Jazzmusik, mit 28 den Chapman Stick. Meine Liebe zur Fotografie begann im neuen Jahrtausend mit Mittelformatfilm und einer Lomo-Kamera, ein paar Jahre sp\u00e4ter wechselte ich zur Digitalfotografie.<\/p>\n<p>Seit 1994 war ich Mitbegr\u00fcnder und Gesch\u00e4ftsf\u00fchrer eines Unternehmens f\u00fcr industrielle optische Komponenten, eine T\u00e4tigkeit, die ich 27 Jahre lang aus\u00fcbte. 1998 habe ich eine Multimedia-Agentur mitbegr\u00fcndet und einige Jahre lang f\u00fcr sie entwickelt.<\/p>\n<p>In den letzten 30 Jahren habe ich mit mehreren bekannten Musikern wie Markus Stockhausen, Mike Keneally und Peter Hammill gespielt und Musik aufgenommen. Meine Fotoprojekte verschafften mir Zugang zu K\u00fcnstlern wie Steven Wilson, Joe Satriani, Al Di Meola, Tony Levin, John Scofield, Nils Landgren, Mike Stern, Peter Erskine, Steve Gadd, Bob Mintzer und Dennis Chambers, um nur einige zu nennen.<\/p>\n<p>Ein neues Kapitel in meinem Leben begann 2021, als ich mit meiner Familie Deutschland verlie\u00df und mein eigenes Unternehmen mit all seinen Sicherheiten, aber auch der Verantwortung hinter mir lie\u00df. Unter der Marke \"Algarve Sound &amp; Vision\" m\u00f6chte ich nun ausschlie\u00dflich als Freiberufler arbeiten und mich auf die Dinge im Leben konzentrieren, die ich gut kann und die mir Spa\u00df machen: Musik, Fotografie, Videografie und Programmierung. Ich denke, das ist das beste Konzept f\u00fcr hervorragende Arbeit.<\/p>\n<p><strong>Vielen Dank f\u00fcr Ihr Interesse - lassen Sie uns zusammenarbeiten!<\/strong><\/p>\n<\/div><\/div><div class=\"et_pb_module et_pb_button_module_wrapper et_pb_button_0_wrapper\"><a class=\"et_pb_button_0 et_pb_button et_pb_bg_layout_light et_animated et_pb_module et_flex_module\" href=\"https:\/\/asv.pt\/de\/kontakt\/\">Schick 'ne Email an Marc!<\/a><\/div><\/div><div class=\"et_pb_column_3 et_pb_column et_pb_column_1_3 et-last-child et_block_column et_pb_css_mix_blend_mode_passthrough column2\"><div class=\"et_pb_image_0 et_pb_image et_animated et_pb_module et_flex_module preset--module--divi-image--default\"><a href=\"https:\/\/asv.pt\/wp-content\/uploads\/2021\/08\/MARC-MENNIGMANN-05-scaled.jpg\" title=\"Marc Mennigmann - Bild von Hajo M\u00fcller\" class=\"et_pb_lightbox_image\"><span class=\"et_pb_image_wrap\"><img decoding=\"async\" src=\"https:\/\/asv.pt\/wp-content\/uploads\/2021\/08\/MARC-MENNIGMANN-05-scaled.jpg\" alt=\"Marc Mennigmann - Bild von Hajo M\u00fcller\" title=\"Marc Mennigmann - Bild von Hajo M\u00fcller\" width=\"1854\" height=\"2560\" class=\"wp-image-1264\" \/><\/span><\/a><\/div><\/div><\/div><div class=\"et_pb_row_2 et_pb_row et_block_row\"><div class=\"et_pb_column_4 et_pb_column et_pb_column_1_3 et_block_column et_pb_css_mix_blend_mode_passthrough\"><div class=\"et_pb_image_1 et_pb_image et_pb_module et_flex_module preset--module--divi-image--default\"><a href=\"https:\/\/asv.pt\/wp-content\/uploads\/2021\/08\/Keys.jpg\" title=\"Marc &amp; Schl\u00fcssel\" class=\"et_pb_lightbox_image\"><span class=\"et_pb_image_wrap\"><img decoding=\"async\" src=\"https:\/\/asv.pt\/wp-content\/uploads\/2021\/08\/Keys.jpg\" alt=\"Marc &amp; Schl\u00fcssel\" title=\"Marc &amp; Schl\u00fcssel\" width=\"2412\" height=\"2412\" class=\"wp-image-1279\" \/><\/span><\/a><\/div><\/div><div class=\"et_pb_column_5 et_pb_column et_pb_column_1_3 et_block_column et_pb_css_mix_blend_mode_passthrough\"><div class=\"et_pb_image_2 et_pb_image et_pb_module et_flex_module preset--module--divi-image--default\"><a href=\"https:\/\/asv.pt\/wp-content\/uploads\/2021\/08\/DiviShirt.jpg\" title=\"M\u00e4rz 2018\" class=\"et_pb_lightbox_image\"><span class=\"et_pb_image_wrap\"><img decoding=\"async\" src=\"https:\/\/asv.pt\/wp-content\/uploads\/2021\/08\/DiviShirt.jpg\" alt=\"M\u00e4rz 2018\" title=\"M\u00e4rz 2018\" width=\"2119\" height=\"2119\" class=\"wp-image-1278\" \/><\/span><\/a><\/div><\/div><div class=\"et_pb_column_6 et_pb_column et_pb_column_1_3 et-last-child et_block_column et_pb_css_mix_blend_mode_passthrough\"><div class=\"et_pb_image_3 et_pb_image et_animated et_pb_module et_flex_module preset--module--divi-image--default\"><a href=\"https:\/\/asv.pt\/wp-content\/uploads\/2021\/08\/Steven-11.jpg\" title=\"Marc fotografiert Steven Wilson. Bild von Sven Kosakowski\" class=\"et_pb_lightbox_image\"><span class=\"et_pb_image_wrap\"><img decoding=\"async\" src=\"https:\/\/asv.pt\/wp-content\/uploads\/2021\/08\/Steven-11.jpg\" alt=\"Marc fotografiert Steven Wilson. Bild von Sven Kosakowski\" title=\"Marc fotografiert Steven Wilson. Bild von Sven Kosakowski\" width=\"1200\" height=\"1200\" class=\"wp-image-1272\" \/><\/span><\/a><\/div><\/div><\/div><\/div><div class=\"et_pb_section_3 et_pb_section et_section_regular et_block_section\"><div class=\"et_pb_row_3 et_pb_row et_block_row\"><div class=\"et_pb_column_7 et_pb_column et_pb_column_1_3 et_block_column et_pb_css_mix_blend_mode_passthrough\"><div class=\"et_pb_image_4 et_pb_image et_pb_module et_flex_module preset--module--divi-image--default\"><a href=\"https:\/\/asv.pt\/wp-content\/uploads\/2021\/08\/Marc_in_Lagos.jpg\" title=\"Marc in Lagos\" class=\"et_pb_lightbox_image\"><span class=\"et_pb_image_wrap\"><img decoding=\"async\" src=\"https:\/\/asv.pt\/wp-content\/uploads\/2021\/08\/Marc_in_Lagos.jpg\" alt=\"Marc in Lagos\" title=\"Marc in Lagos\" width=\"1653\" height=\"2048\" class=\"wp-image-1285\" \/><\/span><\/a><\/div><div class=\"et_pb_image_5 et_pb_image et_pb_module et_flex_module preset--module--divi-image--default\"><a href=\"https:\/\/asv.pt\/wp-content\/uploads\/2023\/11\/MarcOnKeys.jpg\" title=\"Marc On Keys\" class=\"et_pb_lightbox_image\"><span class=\"et_pb_image_wrap\"><img decoding=\"async\" src=\"https:\/\/asv.pt\/wp-content\/uploads\/2023\/11\/MarcOnKeys.jpg\" alt=\"Marc On Keys\" title=\"Marc On Keys\" width=\"1500\" height=\"1068\" class=\"wp-image-2332\" \/><\/span><\/a><\/div><\/div><div class=\"et_pb_column_8 et_pb_column et_pb_column_1_3 et_block_column et_pb_css_mix_blend_mode_passthrough\"><div class=\"et_pb_image_6 et_pb_image et_pb_module et_flex_module preset--module--divi-image--default\"><a href=\"https:\/\/asv.pt\/wp-content\/uploads\/2021\/08\/TonyLevin.jpg\" title=\"Tony Levin - Foto: Sven Kosakowski\" class=\"et_pb_lightbox_image\"><span class=\"et_pb_image_wrap\"><img decoding=\"async\" src=\"https:\/\/asv.pt\/wp-content\/uploads\/2021\/08\/TonyLevin.jpg\" alt=\"Tony Levin - Foto: Sven Kosakowski\" title=\"Tony Levin - Foto: Sven Kosakowski\" width=\"2000\" height=\"1333\" class=\"wp-image-1276\" \/><\/span><\/a><\/div><div class=\"et_pb_image_7 et_pb_image et_pb_module et_flex_module preset--module--divi-image--default\"><a href=\"https:\/\/asv.pt\/wp-content\/uploads\/2023\/11\/MarcBass.jpg\" title=\"Marc spielt Bass\" class=\"et_pb_lightbox_image\"><span class=\"et_pb_image_wrap\"><img decoding=\"async\" src=\"https:\/\/asv.pt\/wp-content\/uploads\/2023\/11\/MarcBass.jpg\" alt=\"Marc spielt Bass\" title=\"Marc spielt Bass\" width=\"1500\" height=\"1000\" class=\"wp-image-2329\" \/><\/span><\/a><\/div><\/div><div class=\"et_pb_column_9 et_pb_column et_pb_column_1_3 et-last-child et_block_column et_pb_css_mix_blend_mode_passthrough\"><div class=\"et_pb_image_8 et_pb_image et_pb_module et_flex_module preset--module--divi-image--default\"><a href=\"https:\/\/asv.pt\/wp-content\/uploads\/2021\/08\/SteveGadd.jpg\" title=\"Steve Gadd - Foto: Sven Kosakowski\" class=\"et_pb_lightbox_image\"><span class=\"et_pb_image_wrap\"><img decoding=\"async\" src=\"https:\/\/asv.pt\/wp-content\/uploads\/2021\/08\/SteveGadd.jpg\" alt=\"Steve Gadd - Foto: Sven Kosakowski\" title=\"Steve Gadd - Foto: Sven Kosakowski\" width=\"802\" height=\"1200\" class=\"wp-image-1277\" \/><\/span><\/a><\/div><div class=\"et_pb_image_9 et_pb_image et_pb_module et_flex_module preset--module--divi-image--default\"><a href=\"https:\/\/asv.pt\/wp-content\/uploads\/2021\/08\/marc.jpg\" title=\"Marc Mennigmann\" class=\"et_pb_lightbox_image\"><span class=\"et_pb_image_wrap\"><img decoding=\"async\" src=\"https:\/\/asv.pt\/wp-content\/uploads\/2021\/08\/marc.jpg\" alt=\"Marc Mennigmann\" title=\"Marc Mennigmann\" width=\"2000\" height=\"1265\" class=\"wp-image-1284\" \/><\/span><\/a><\/div><\/div><\/div><\/div><div class=\"et_pb_section_4 et_pb_section et_pb_fullwidth_section et_section_regular et_block_section sfly_interior sfly_interior_hero_1\"><section class=\"et_pb_fullwidth_header_1 et_pb_fullwidth_header et_pb_bg_layout_dark et_pb_text_align_center et_animated et_pb_module et_flex_module sfly_fullwidth_header\"><div class=\"et_pb_fullwidth_header_container center\"><div class=\"header-content-container center\"><div class=\"header-content et_flex_module\"><div class=\"et_pb_header_content_wrapper\"><blockquote>\n<p>Ganz gleich, wie d\u00fcster die Dinge zu sein scheinen oder tats\u00e4chlich sind, heben Sie Ihren Blick und sehen Sie die M\u00f6glichkeiten - sehen Sie sie immer, denn sie sind immer da.<\/p>\n<\/blockquote>\n<\/div><div class=\"et_pb_header_button_wrapper\"><\/div><\/div><\/div><\/div><div class=\"et_pb_fullwidth_header_overlay\"><\/div><div class=\"et_pb_fullwidth_header_scroll\"><\/div><\/section><\/div>","protected":false},"excerpt":{"rendered":"","protected":false},"author":1,"featured_media":0,"parent":0,"menu_order":0,"comment_status":"closed","ping_status":"closed","template":"","meta":{"footnotes":""},"class_list":["post-1251","page","type-page","status-publish","hentry"],"_links":{"self":[{"href":"https:\/\/asv.pt\/de\/wp-json\/wp\/v2\/pages\/1251","targetHints":{"allow":["GET"]}}],"collection":[{"href":"https:\/\/asv.pt\/de\/wp-json\/wp\/v2\/pages"}],"about":[{"href":"https:\/\/asv.pt\/de\/wp-json\/wp\/v2\/types\/page"}],"author":[{"embeddable":true,"href":"https:\/\/asv.pt\/de\/wp-json\/wp\/v2\/users\/1"}],"replies":[{"embeddable":true,"href":"https:\/\/asv.pt\/de\/wp-json\/wp\/v2\/comments?post=1251"}],"version-history":[{"count":6,"href":"https:\/\/asv.pt\/de\/wp-json\/wp\/v2\/pages\/1251\/revisions"}],"predecessor-version":[{"id":2793,"href":"https:\/\/asv.pt\/de\/wp-json\/wp\/v2\/pages\/1251\/revisions\/2793"}],"wp:attachment":[{"href":"https:\/\/asv.pt\/de\/wp-json\/wp\/v2\/media?parent=1251"}],"curies":[{"name":"wp","href":"https:\/\/api.w.org\/{rel}","templated":true}]}}