{"id":1328,"date":"2021-09-05T15:16:21","date_gmt":"2021-09-05T14:16:21","guid":{"rendered":"https:\/\/asv.pt\/?page_id=1328"},"modified":"2025-11-01T19:39:47","modified_gmt":"2025-11-01T19:39:47","slug":"planungsleistungen","status":"publish","type":"page","link":"https:\/\/asv.pt\/de\/design-services\/","title":{"rendered":"Was noch? Designdienstleistungen und mehr!"},"content":{"rendered":"<div class=\"et_pb_section_0 et_pb_section et_section_regular et_block_section sfly_feature sfly_feature_3\"><div class=\"et_pb_row_0 et_pb_row et_block_row\"><div class=\"et_pb_column_0 et_pb_column et_pb_column_1_2 et_block_column et_pb_css_mix_blend_mode_passthrough column1\"><div class=\"et_pb_text_0 et_pb_text et_pb_bg_layout_light et_pb_module et_flex_module preset--module--divi-text--default\"><div class=\"et_pb_text_inner\"><h2>Was noch?<\/h2>\n<p>Es war ein ziemliches Abenteuer in den letzten drei\u00dfig Jahren, in denen ich mir alle m\u00f6glichen praktischen F\u00e4higkeiten angeeignet habe - und ich bin begierig darauf, sie mit Ihnen zu teilen! Von der komplizierten Kunst des Webdesigns \u00fcber die innovative Welt der App-Entwicklung bis hin zur nuancierten Welt der Audio- und Musikaufnahmen und nicht zu vergessen meine Reise als Pianist und Bassist - jede F\u00e4higkeit war ein wichtiges Kapitel in meiner Geschichte des lebenslangen Lernens und der Leidenschaft.<br \/>\nMeine Tochter scherzt, ich sei wie ein 'Schweizer Taschenmesser', weil ich immer genau das richtige Werkzeug f\u00fcr die jeweilige Aufgabe habe. Ob ich nun Akkorde auf dem Klavier anschlage, Grooves auf dem Bass hinlege oder in neue digitale Kreationen eintauche, ich bin immer bereit f\u00fcr neue Unternehmungen. Ich helfe Ihnen gerne bei jedem kreativen Projekt, das Sie im Sinn haben. Lassen Sie uns zusammenarbeiten und gemeinsam etwas Erstaunliches schaffen!<\/p>\n<\/div><\/div><\/div><div class=\"et_pb_column_1 et_pb_column et_pb_column_1_2 et-last-child et_block_column et_pb_column_empty et_pb_css_mix_blend_mode_passthrough column2\"><\/div><\/div><\/div><div class=\"et_pb_section_1 et_pb_section et_section_regular et_block_section sfly_feature sfly_feature_11\"><div class=\"et_pb_row_1 et_pb_row et_block_row\"><div class=\"et_pb_column_2 et_pb_column et_pb_column_1_2 et_block_column et_pb_css_mix_blend_mode_passthrough column1\"><div class=\"et_pb_blurb_0 et_pb_blurb et_pb_bg_layout_light et_pb_text_align_center et_pb_blurb_position_top et_pb_module et_flex_module preset--module--divi-blurb--default\"><div class=\"et_pb_blurb_content et_flex_module\"><div class=\"et_pb_blurb_container\"><h4 class=\"et_pb_module_header\">Website-Design<\/h4><div class=\"et_pb_blurb_description\"><p>Ich erstelle seit 1995 Websites. Das waren die Anf\u00e4nge des Internets, und es hat sich seither stark weiterentwickelt. Aber eines ist immer gleich geblieben: Eine Website muss gut aussehen, sie muss die Informationen liefern, die Sie vermitteln wollen, und sie muss einfach zu navigieren sein. Ich kann Ihnen dabei helfen, Ihre Website so zu gestalten, dass sie diese Anforderungen erf\u00fcllt, was zu einer besseren Verbindung zu Ihren Kunden f\u00fchren wird.<\/p>\n<\/div><\/div><\/div><\/div><div class=\"et_pb_blurb_1 et_pb_blurb et_pb_bg_layout_light et_pb_text_align_center et_pb_blurb_position_top et_pb_module et_flex_module preset--module--divi-blurb--default\"><div class=\"et_pb_blurb_content et_flex_module\"><div class=\"et_pb_blurb_container\"><h4 class=\"et_pb_module_header\">Visitenkarten<\/h4><div class=\"et_pb_blurb_description\"><p>Untersch\u00e4tze niemals die Macht dieser kleinen Helfer!<br \/>Visitenkarten sind oft das Einzige, was jemanden an Sie erinnert. Sie m\u00fcssen also die wichtigsten Informationen \u00fcber Sie enthalten, gut aussehen und sich gut anf\u00fchlen. Schlechtes Design bedeutet zu viele Informationen auf der Karte, sch\u00e4bige Bilder und ein Druck auf schlechtem Papiermaterial. Lassen Sie mich Ihnen helfen, die bestm\u00f6gliche Karte f\u00fcr Ihren Zweck zu gestalten.<\/p>\n<\/div><\/div><\/div><\/div><\/div><div class=\"et_pb_column_3 et_pb_column et_pb_column_1_2 et-last-child et_block_column et_pb_css_mix_blend_mode_passthrough column2\"><div class=\"et_pb_blurb_2 et_pb_blurb et_pb_bg_layout_light et_pb_text_align_center et_pb_blurb_position_top et_pb_module et_flex_module preset--module--divi-blurb--default\"><div class=\"et_pb_blurb_content et_flex_module\"><div class=\"et_pb_blurb_container\"><h4 class=\"et_pb_module_header\">WordPress-Einrichtung<\/h4><div class=\"et_pb_blurb_description\"><p>Ich verwende WordPress seit fast einem Jahrzehnt f\u00fcr meine Websites. F\u00fcr unerfahrene Benutzer ist der Einrichtungsprozess die anspruchsvollste Aufgabe bei der Erstellung einer Website. Sie m\u00fcssen es nur einmal tun, aber Sie m\u00fcssen es tun. Ich habe dies etwa hundert Mal auf verschiedenen Servern getan und kann es f\u00fcr Sie tun oder Ihnen dabei helfen.<\/p>\n<\/div><\/div><\/div><\/div><div class=\"et_pb_blurb_3 et_pb_blurb et_pb_bg_layout_light et_pb_text_align_center et_pb_blurb_position_top et_pb_module et_flex_module preset--module--divi-blurb--default\"><div class=\"et_pb_blurb_content et_flex_module\"><div class=\"et_pb_blurb_container\"><h4 class=\"et_pb_module_header\">iOS &amp; Android Entwicklung<\/h4><div class=\"et_pb_blurb_description\"><p>Auch die Programmierung in Swift, SwiftUI oder Dart\/Flutter f\u00fcr iOS, iPadOS, MacOS und Android ist m\u00f6glich. Kleinere Projekte kann ich selbst abwickeln, bei gr\u00f6\u00dferen Projekten kann ich problemlos ein Team mit mir bekannten Entwicklern bilden, das Ihren Anforderungen entspricht.<br \/>Meine neueste Ver\u00f6ffentlichung ist ein <a href=\"https:\/\/asv.pt\/de\/2025\/06\/11\/einfuhrung-von-btc-eta-smart-bitcoin-transaction-timing-fur-jedermann\/\">Bitcoin-\u00dcberweisungszeit- und Geb\u00fchrensch\u00e4tzer namens BTC ETA<\/a>. Eine andere Sache, die ich getan habe, ist <a href=\"https:\/\/asv.pt\/de\/griffbrettentwicklung\/\">FretBoard Evolution<\/a>ein Akkord- und Skalenvisualisierer f\u00fcr iOS und Android. Eine weitere App ist <a href=\"https:\/\/asv.pt\/de\/earthbeat-schumann-resonanz-widgets-ios\/\">EarthBeat<\/a>mit Widgets f\u00fcr die Schumann-Resonanz, den Kp-Index und die Sattelitenbilder der Sonne.<\/p>\n<\/div><\/div><\/div><\/div><\/div><\/div><div class=\"et_pb_row_2 et_pb_row et_block_row\"><div class=\"et_pb_column_4 et_pb_column et_pb_column_1_2 et_block_column et_pb_css_mix_blend_mode_passthrough column1\"><div class=\"et_pb_blurb_4 et_pb_blurb et_pb_bg_layout_light et_pb_text_align_center et_pb_blurb_position_top et_pb_module et_flex_module preset--module--divi-blurb--default\"><div class=\"et_pb_blurb_content et_flex_module\"><div class=\"et_pb_blurb_container\"><h4 class=\"et_pb_module_header\">Recording<\/h4><div class=\"et_pb_blurb_description\"><p>In meinem Tonstudio in Deutschland habe ich unz\u00e4hlige Sessions mit verschiedenen Musikern aufgenommen, von akustischen Instrumenten bis hin zu elektrischen Instrumenten und Gesang. Ich kann Ihnen helfen, die bestm\u00f6glichen Aufnahmeergebnisse zu erzielen, egal welche Umgebung Sie zur Verf\u00fcgung stellen k\u00f6nnen.<br \/>Ich habe auch ein mobiles Aufnahmesystem f\u00fcr bis zu 32 Kan\u00e4le (16 Mic\/Line + 16 Line) f\u00fcr digitale Aufnahmen. Lassen Sie uns dar\u00fcber sprechen, was Sie brauchen.<\/p>\n<\/div><\/div><\/div><\/div><div class=\"et_pb_blurb_5 et_pb_blurb et_pb_bg_layout_light et_pb_text_align_center et_pb_blurb_position_top et_pb_module et_flex_module preset--module--divi-blurb--default\"><div class=\"et_pb_blurb_content et_flex_module\"><div class=\"et_pb_blurb_container\"><h4 class=\"et_pb_module_header\">Cover Design<\/h4><div class=\"et_pb_blurb_description\"><p>Sie k\u00f6nnen sch\u00f6ne Musik ver\u00f6ffentlichen, aber meistens ist es das Cover, das die Musik verkauft. Also muss das Cover deiner Ver\u00f6ffentlichung das bestm\u00f6gliche sein. Ich habe das Artwork f\u00fcr die meisten meiner eigenen Ver\u00f6ffentlichungen gemacht, aber auch f\u00fcr K\u00fcnstler wie Gregor Meyle (\"<a href=\"https:\/\/www.amazon.de\/H%C3%A4tt-anders-kommen-k%C3%B6nnen-Vinyl\/dp\/B07GRVC31C\/\" target=\"_blank\" rel=\"noopener\">H\u00e4tt Auch Anders Kommen K\u00f6nnen<\/a>\").<br \/>Ich kann einfache Cover f\u00fcr rein digitale Ver\u00f6ffentlichungen entwerfen. Ich bin aber auch mit der viel komplizierteren Aufgabe vertraut, \"physische\" CD-Cover und sogar f\u00fcr Vinyl-Ver\u00f6ffentlichungen zu gestalten.<\/p>\n<\/div><\/div><\/div><\/div><div class=\"et_pb_blurb_6 et_pb_blurb et_pb_bg_layout_light et_pb_text_align_center et_pb_blurb_position_top et_pb_module et_flex_module preset--module--divi-blurb--default\"><div class=\"et_pb_blurb_content et_flex_module\"><div class=\"et_pb_blurb_container\"><h4 class=\"et_pb_module_header\">Etiketten- und Freigabeservice<\/h4><div class=\"et_pb_blurb_description\"><p>Was wollen Sie mit Ihrem Endprodukt machen? Ihre Musik will von Ihren Fans geh\u00f6rt werden, also sollten Sie sie online ver\u00f6ffentlichen. Ich kann Ihnen dabei helfen, Ihre Musik online zu vertreiben und die besten verf\u00fcgbaren Optionen zu finden. Wundern Sie sich nicht, wenn ich Ihnen sage, dass Sie Streaming-Dienste meiden sollten. Sie wollen die volle Kontrolle \u00fcber Ihre Musik und Ihre Einnahmen haben. Deshalb gibt es weitaus bessere Modelle, die Ihnen helfen, mit Ihren Fans in Kontakt zu treten, die Botschaft zu verbreiten und schlie\u00dflich Ihre Musik zu verkaufen.<\/p>\n<\/div><\/div><\/div><\/div><\/div><div class=\"et_pb_column_5 et_pb_column et_pb_column_1_2 et-last-child et_block_column et_pb_css_mix_blend_mode_passthrough column2\"><div class=\"et_pb_blurb_7 et_pb_blurb et_pb_bg_layout_light et_pb_text_align_center et_pb_blurb_position_top et_pb_module et_flex_module preset--module--divi-blurb--default\"><div class=\"et_pb_blurb_content et_flex_module\"><div class=\"et_pb_blurb_container\"><h4 class=\"et_pb_module_header\">Abmischung &amp; Bearbeitung<\/h4><div class=\"et_pb_blurb_description\"><p>Das Bearbeiten von Aufnahmen und Abmischen ist der kreative Teil auf dem Weg zur eigenen Plattenver\u00f6ffentlichung. Ich habe viele Platten geschnitten und gemischt. Meine eigenen Ver\u00f6ffentlichungen finden Sie auf meiner <a href=\"https:\/\/music.mennigmann.com\/\" target=\"_blank\" rel=\"noopener\">BandCamp<\/a> Seite. Wenn du also bereits Aufnahmen hast und diese bearbeitet und abgemischt werden m\u00fcssen, rufen mich an!<\/p>\n<\/div><\/div><\/div><\/div><div class=\"et_pb_blurb_8 et_pb_blurb et_pb_bg_layout_light et_pb_text_align_center et_pb_blurb_position_top et_pb_module et_flex_module preset--module--divi-blurb--default\"><div class=\"et_pb_blurb_content et_flex_module\"><div class=\"et_pb_blurb_container\"><h4 class=\"et_pb_module_header\">Mastering<\/h4><div class=\"et_pb_blurb_description\"><p>Das Mastering ist der allerletzte Schritt vor der Ver\u00f6ffentlichung von Musik oder anderem Audiomaterial f\u00fcr die \u00d6ffentlichkeit. Viele Musiker \u00fcberspringen diesen Prozess gerne und beenden die Arbeit an ihren Ver\u00f6ffentlichungen nach dem Abmischen, aber das Mastering kann selbst einen fantastischen Mix auf ein ganz neues Niveau heben. Beim Mastering kann man viele Fehler machen, aber ein gutes Mastering sorgt daf\u00fcr, dass Ihre Tracks gl\u00e4nzen und konsistent sind. Und nat\u00fcrlich werden sie im Vergleich zu anderen professionellen Ver\u00f6ffentlichungen gro\u00dfartig klingen.<\/p>\n<\/div><\/div><\/div><\/div><\/div><\/div><div class=\"et_pb_row_3 et_pb_row et_block_row\"><div class=\"et_pb_column_6 et_pb_column et_pb_column_4_4 et-last-child et_block_column et_pb_css_mix_blend_mode_passthrough\"><div class=\"et_pb_text_1 et_pb_text et_pb_bg_layout_light et_pb_module et_flex_module preset--module--divi-text--default\"><div class=\"et_pb_text_inner\"><p class=\"translation-block\">F\u00fcr alle Audio-Services die ich anbiete, werde ich weitere Infrmationen auf der <a href=\"https:\/\/asv.pt\/de\/sound-recording-studio-for-music\/\" target=\"_self\">Tonstudio Seite<\/a> hinzuf\u00fcgen. Schau' also h\u00e4ufiger auch bei dieser Seite nach Neuerungen!<\/p>\n<\/div><\/div><\/div><\/div><\/div>","protected":false},"excerpt":{"rendered":"","protected":false},"author":1,"featured_media":0,"parent":0,"menu_order":0,"comment_status":"closed","ping_status":"closed","template":"","meta":{"footnotes":""},"class_list":["post-1328","page","type-page","status-publish","hentry"],"_links":{"self":[{"href":"https:\/\/asv.pt\/de\/wp-json\/wp\/v2\/pages\/1328","targetHints":{"allow":["GET"]}}],"collection":[{"href":"https:\/\/asv.pt\/de\/wp-json\/wp\/v2\/pages"}],"about":[{"href":"https:\/\/asv.pt\/de\/wp-json\/wp\/v2\/types\/page"}],"author":[{"embeddable":true,"href":"https:\/\/asv.pt\/de\/wp-json\/wp\/v2\/users\/1"}],"replies":[{"embeddable":true,"href":"https:\/\/asv.pt\/de\/wp-json\/wp\/v2\/comments?post=1328"}],"version-history":[{"count":12,"href":"https:\/\/asv.pt\/de\/wp-json\/wp\/v2\/pages\/1328\/revisions"}],"predecessor-version":[{"id":2795,"href":"https:\/\/asv.pt\/de\/wp-json\/wp\/v2\/pages\/1328\/revisions\/2795"}],"wp:attachment":[{"href":"https:\/\/asv.pt\/de\/wp-json\/wp\/v2\/media?parent=1328"}],"curies":[{"name":"wp","href":"https:\/\/api.w.org\/{rel}","templated":true}]}}