{"id":1657,"date":"2022-08-04T17:14:46","date_gmt":"2022-08-04T16:14:46","guid":{"rendered":"https:\/\/asv.pt\/?page_id=1657"},"modified":"2025-12-10T16:39:52","modified_gmt":"2025-12-10T16:39:52","slug":"earthbeat-schumann-resonanz-widgets-ios","status":"publish","type":"page","link":"https:\/\/asv.pt\/de\/earthbeat-schumann-resonance-widgets-ios\/","title":{"rendered":"EarthBeat \u2013 Schumann-Resonanz-Widgets f\u00fcr iOS"},"content":{"rendered":"<div class=\"et_pb_section_0 et_pb_section et_section_regular et_block_section et_pb_section_parallax sfly_feature sfly_feature_9\"><span class=\"et-pb-parallax-wrapper\"><span class=\"et-pb-parallax-background et-pb-parallax-background-module--divi-section-0\" style=\"background-image:url(https:\/\/asv.pt\/wp-content\/uploads\/2022\/08\/Schumann_Resonance.jpg)\"><\/span><span class=\"et_parallax_gradient\" style=\"background-image:linear-gradient(180deg, rgba(0,0,0,0) 70%,rgba(0,0,0,0.8) 70% 100%)\"><\/span><\/span>\n<div class=\"et_pb_row_0 et_pb_row et_block_row et_animated\">\n<div class=\"et_pb_column_0 et_pb_column et_pb_column_4_4 et-last-child et_block_column et_pb_css_mix_blend_mode_passthrough\">\n<div class=\"et_pb_image_0 et_pb_image et_animated et_pb_module et_block_module preset--module--divi-image--default\"><span class=\"et_pb_image_wrap\"><img decoding=\"async\" src=\"https:\/\/asv.pt\/wp-content\/uploads\/2022\/08\/EarthBeat_120.png\" width=\"120\" height=\"120\" class=\"wp-image-1679\" title=\"EarthBeat iOS App-Symbol\" alt=\"EarthBeat iOS App-Symbol\" \/><\/span><\/div>\n\n<div class=\"et_pb_text_0 et_pb_text et_pb_bg_layout_light et_pb_module et_block_module preset--module--divi-text--default\"><div class=\"et_pb_text_inner\"><h1>EarthBeat<\/h1>\n<h2>Schumann-Resonanz-Widgets f\u00fcr iOS<\/h2>\n<p>Die Schumann-Resonanz ist der sich wiederholende atmosph\u00e4rische Herzschlag der Erde.<br \/>Etwa 2000 Gewitter ziehen zu jeder Zeit \u00fcber die Erde und erzeugen etwa 50 Blitze pro Sekunde. Jeder Blitzschlag erzeugt elektromagnetische Wellen, die die Erde zu umkreisen beginnen und die Schumann-Resonanz bilden.<\/p>\n<\/div><\/div>\n\n<div class=\"et_pb_image_1 et_pb_image et_pb_module et_block_module preset--module--divi-image--default\"><a href=\"https:\/\/apple.co\/3PukHRo\" target=\"_blank\" rel=\"noopener\"><span class=\"et_pb_image_wrap\"><img decoding=\"async\" src=\"https:\/\/asv.pt\/wp-content\/uploads\/2022\/08\/AppStore_240.png\" width=\"240\" height=\"80\" class=\"wp-image-1698\" title=\"Herunterladen aus dem AppStore\" alt=\"Herunterladen aus dem AppStore\" \/><\/span><\/a><\/div>\n<\/div>\n<\/div>\n<\/div>\n\n<div class=\"et_pb_section_1 et_pb_section et_section_regular et_block_section sfly_feature sfly_feature_7\">\n<div class=\"et_pb_row_1 et_pb_row et_block_row et_animated\">\n<div class=\"et_pb_column_1 et_pb_column et_pb_column_1_3 et_block_column et_pb_css_mix_blend_mode_passthrough column1\">\n<div class=\"et_pb_image_2 et_pb_image et_animated et_pb_module et_block_module preset--module--divi-image--default\"><span class=\"et_pb_image_wrap\"><img decoding=\"async\" src=\"https:\/\/asv.pt\/wp-content\/uploads\/2025\/02\/EarthBeat_Widgets_v2-scaled.jpeg\" width=\"1181\" height=\"2560\" class=\"wp-image-2550\" title=\"EarthBeat Widgets v2.0\" alt=\"EarthBeat Widgets v2.0\" \/><\/span><\/div>\n<\/div>\n\n<div class=\"et_pb_column_2 et_pb_column et_pb_column_2_3 et-last-child et_block_column et_pb_css_mix_blend_mode_passthrough column2\">\n<div class=\"et_pb_text_1 et_pb_text et_pb_bg_layout_light et_animated et_pb_module et_block_module preset--module--divi-text--default\"><div class=\"et_pb_text_inner\"><h2>Der Herzschlag der Erde<\/h2>\n<p>Manche Menschen bringen die Schumann-Resonanz mit der Entwicklung des menschlichen Bewusstseins in Verbindung. Die Menschen bemerken eine Verhaltens\u00e4nderung, wenn die Aktivit\u00e4t zunimmt. Wir haben eine App entwickelt, mit der Sie den Schumann-Status auf Ihrem iOS und iPadOS schnell \u00fcberwachen k\u00f6nnen<span class=\"\u201dsuperscript\u201d\">\u00ae<\/span> Ger\u00e4t.<\/p>\n<p>- Echtzeit-\u00dcberwachung der Schumann-Resonanz von den Stationen Tomsk und Cumiana<br \/>- Verbesserte Tomsker Datenansichten:<br \/>- Visualisierung des Qualit\u00e4tsfaktors<br \/>- Elektromagnetische Hintergrunddaten<br \/>- Alle vier Schumann-Frequenzprognosen in einem Karussell zum Durchbl\u00e4ttern<br \/>\u2022 Erweiterte Burst-Analyse f\u00fcr Intervalle von 10, 30 oder 60 Minuten<span style=\"color: #000000;\">als (EarthBeat Pro)<\/span><br \/>\u2022 Benutzerdefinierte Benachrichtigungen, wenn Burst-Werte Ihren Schwellenwert \u00fcberschreiten <span style=\"color: #000000;\">(EarthBeat Pro)<\/span><br \/>\u2022 Aktuelle Leseanalyse mit 150\u2013200 W\u00f6rtern alle 6 Stunden (EarthBeat Pro) (NEU)<br \/>\u2022 W\u00f6chentlicher \u00dcberblick \u00fcber Tomsk mit Freigabe und Archiv (EarthBeat Pro) <span style=\"color: #c15151;\">(NEU)<\/span><br \/>\u2022 Vollst\u00e4ndige Aurora-Kartenansicht zur Visualisierung der globalen Aurora-Aktivit\u00e4t <span style=\"color: #c15151;\">(NEU)<\/span><br \/>\u2022 Vorhersage der Absorption in der D-Region auf der Seite \u201eKp-Index\u201c<br \/>- Anpassbare Widgets in verschiedenen Gr\u00f6\u00dfen f\u00fcr Startbildschirm und Control Center<br \/>- Verfolgung von Weltraumwetterindizes (Kp-Index, Vorhersagen, Hp30- und Hp60-Diagramme)<br \/>- Widgets zur kurzfristigen Vorhersage von Polarlichtern<br \/>- Live-Sonnenbilder der NASA zur \u00dcberwachung von Sonneneruptionen und koronalen Massenausw\u00fcrfen<br \/>- Vollbildansicht mit Pinch-to-Zoom f\u00fcr detaillierte Analysen<br \/>- Die dreit\u00e4gige Geschichte der Schumann-Resonanz-Variationen<br \/>- Detaillierte Informationen zu allen Diagrammen und Bildern<\/p>\n<\/div><\/div>\n\n<div class=\"et_pb_image_3 et_pb_image et_pb_module et_block_module preset--module--divi-image--default\"><a href=\"https:\/\/apple.co\/3PukHRo\" target=\"_blank\" rel=\"noopener\"><span class=\"et_pb_image_wrap\"><img decoding=\"async\" src=\"https:\/\/asv.pt\/wp-content\/uploads\/2022\/08\/AppStore_240.png\" width=\"240\" height=\"80\" class=\"wp-image-1698\" title=\"Herunterladen aus dem AppStore\" alt=\"Herunterladen aus dem AppStore\" \/><\/span><\/a><\/div>\n\n<div class=\"et_pb_text_2 et_pb_text et_pb_bg_layout_light et_animated et_pb_module et_block_module preset--module--divi-text--default\"><div class=\"et_pb_text_inner\"><blockquote>\n<p>EarthBeats-Widgets sehen auf dem iPad gro\u00dfartig aus<span class=\"\u201dsuperscript\u201d\">\u00ae<\/span>, iPhone<span class=\"\u201dsuperscript\u201d\">\u00ae<\/span> und iPod touch<span class=\"\u201dsuperscript\u201d\">\u00ae<\/span>!<\/p>\n<\/blockquote>\n<p>Platzieren Sie einfach eines der drei verf\u00fcgbaren Widgets (klein, mittel, gro\u00df) auf Ihren Startbildschirmen oder im Kontrollzentrum und Sie haben sofort Zugriff auf die aktuelle Messung der Schumann-Resonanz. Die quadratischen Widgets zeigen den rechten Teil des urspr\u00fcnglichen rechteckigen Diagramms an, da dies der Bereich ist, in dem die aktuellen Messungen angezeigt werden. Das vollst\u00e4ndige Diagramm zeigt die Ver\u00e4nderungen der Schumann-Resonanz in den letzten drei Tagen.<\/p>\n<p>EarthBeat unterst\u00fctzt Daten des russischen Weltraumbeobachtungszentrums in Tomsk und der VLF-\u00dcberwachungsstation in Cumiana, Italien. Sie k\u00f6nnen ihre Websites besuchen unter <a href=\"http:\/\/sosrff.tsu.ru\/\" target=\"_blank\" rel=\"noopener\">http:\/\/sosrff.tsu.ru\/<\/a> und <a href=\"http:\/\/www.vlf.it\/cumiana\/livedata.html\" target=\"_blank\" rel=\"noopener\">http:\/\/www.vlf.it\/cumiana\/livedata.html<\/a><br \/>Die NASA hat auch eine <a href=\"https:\/\/www.nasa.gov\/mission_pages\/sunearth\/news\/gallery\/schumann-resonance.html\" target=\"_blank\" rel=\"noopener\">Kurzinfo-Seite<\/a> \u00fcber dieses Thema.<\/p>\n<\/div><\/div>\n<\/div>\n<\/div>\n<\/div>\n\n<div class=\"et_pb_section_2 et_pb_section et_section_regular et_block_section sfly_general sfly_general_5\">\n<div class=\"et_pb_row_2 et_pb_row et_block_row\">\n<div class=\"et_pb_column_3 et_pb_column et_pb_column_1_3 et_block_column et_pb_css_mix_blend_mode_passthrough column1\">\n<div class=\"et_pb_image_4 et_pb_image et_animated et_pb_module et_block_module preset--module--divi-image--default\"><span class=\"et_pb_image_wrap\"><img decoding=\"async\" src=\"https:\/\/asv.pt\/wp-content\/uploads\/2025\/02\/EarthBeat_v2-scaled.jpeg\" width=\"1181\" height=\"2560\" class=\"wp-image-2545\" title=\"EarthBeat v2.0\" alt=\"EarthBeat v2.0\" \/><\/span><\/div>\n<\/div>\n\n<div class=\"et_pb_column_4 et_pb_column et_pb_column_2_3 et-last-child et_block_column et_pb_css_mix_blend_mode_passthrough column2\">\n<div class=\"et_pb_text_3 et_pb_text et_pb_bg_layout_light et_pb_module et_block_module preset--module--divi-text--default\"><div class=\"et_pb_text_inner\"><h2>Einige Schumann-Wissenschaften<\/h2>\n<p>Wissenschaftliche Experimente haben bewiesen, dass Menschen, die sich auf 7,83 Hz, die eigene magnetische Frequenz des Planeten, einstimmen, Vorteile wie verbesserte Stresstoleranz, verbessertes Lernen\/Ged\u00e4chtnis, Erdung, Gleichgewicht, Verj\u00fcngung des K\u00f6rpers, Anti-Jetlag und Anti-Geisteskontrolle erfahren. In anderen Experimenten wurde die Schumann-Resonanz aus der Umgebung von Personen entfernt. Die Teilnehmer berichteten von emotionalem Stress, Migr\u00e4ne und anderen gesundheitlichen Problemen. Alle Experimente zeigten deutlich, dass der menschliche K\u00f6rper und Geist mit seiner Frequenzumgebung verbunden ist.  <\/p>\n<blockquote>\n<p>\"Alles im Leben ist Schwingung\".<br \/>\nAlbert Einstein<\/p>\n<\/blockquote>\n<\/div><\/div>\n\n<div class=\"et_pb_video_0 et_pb_video et_pb_module et_block_module\"><div class=\"et_pb_video_box\"><iframe title=\"EarthBeat Widget-Stapelung\" width=\"1080\" height=\"810\" src=\"https:\/\/www.youtube.com\/embed\/dtM5nyg5TlE?feature=oembed\"  allow=\"accelerometer; autoplay; clipboard-write; encrypted-media; gyroscope; picture-in-picture; web-share\" referrerpolicy=\"strict-origin-when-cross-origin\" allowfullscreen><\/iframe><\/div><\/div>\n<\/div>\n<\/div>\n\n<div class=\"et_pb_row_3 et_pb_row et_block_row sfly_column_switch\">\n<div class=\"et_pb_column_5 et_pb_column et_pb_column_1_3 et_block_column et_pb_css_mix_blend_mode_passthrough column1\">\n<div class=\"et_pb_text_4 et_pb_text et_pb_bg_layout_light et_pb_module et_block_module preset--module--divi-text--default\"><div class=\"et_pb_text_inner\"><h2>F\u00fcr iPhones und iPads<\/h2>\n<p>EarthBeat ist so konzipiert, dass es auf iOS- und iPadOS-Ger\u00e4ten gut aussieht. Besonders auf den gro\u00dfen Bildschirmen k\u00f6nnen Sie die Messungen mit Leichtigkeit analysieren. EarthBeat unterst\u00fctzt den Dark Mode und alle Ger\u00e4teausrichtungen, wie Hoch- und Querformat.<\/p>\n<\/div><\/div>\n\n<div class=\"et_pb_image_5 et_pb_image et_pb_module et_block_module preset--module--divi-image--default\"><a href=\"https:\/\/apple.co\/3PukHRo\" target=\"_blank\" rel=\"noopener\"><span class=\"et_pb_image_wrap\"><img decoding=\"async\" src=\"https:\/\/asv.pt\/wp-content\/uploads\/2022\/08\/AppStore_240.png\" width=\"240\" height=\"80\" class=\"wp-image-1698\" title=\"Herunterladen aus dem AppStore\" alt=\"Herunterladen aus dem AppStore\" \/><\/span><\/a><\/div>\n<\/div>\n\n<div class=\"et_pb_column_6 et_pb_column et_pb_column_1_3 et_block_column et_pb_css_mix_blend_mode_passthrough column2\">\n<div class=\"et_pb_image_6 et_pb_image et_animated et_pb_module et_block_module preset--module--divi-image--default\"><span class=\"et_pb_image_wrap\"><img decoding=\"async\" src=\"https:\/\/asv.pt\/wp-content\/uploads\/2025\/02\/EarthBeat_DeepDive-scaled.jpeg\" width=\"1181\" height=\"2560\" class=\"wp-image-2553\" title=\"EarthBeat-Daten-Tiefgang\" alt=\"EarthBeat-Daten-Tiefgang\" \/><\/span><\/div>\n<\/div>\n\n<div class=\"et_pb_column_7 et_pb_column et_pb_column_1_3 et-last-child et_block_column et_pb_css_mix_blend_mode_passthrough column2\">\n<div class=\"et_pb_image_7 et_pb_image et_animated et_pb_module et_block_module preset--module--divi-image--default\"><span class=\"et_pb_image_wrap\"><img decoding=\"async\" src=\"https:\/\/asv.pt\/wp-content\/uploads\/2025\/02\/EarthBeat_Schumann_Notifications-scaled.jpeg\" width=\"1181\" height=\"2560\" class=\"wp-image-2554\" title=\"EarthBeat Anpassbare Schumann-Benachrichtigungen\" alt=\"EarthBeat Anpassbare Schumann-Benachrichtigungen\" \/><\/span><\/div>\n<\/div>\n<\/div>\n\n<div class=\"et_pb_row_4 et_pb_row et_block_row\">\n<div class=\"et_pb_column_8 et_pb_column et_pb_column_4_4 et-last-child et_block_column et_pb_css_mix_blend_mode_passthrough\">\n<div class=\"et_pb_text_5 et_pb_text et_pb_bg_layout_light et_pb_module et_block_module preset--module--divi-text--default\"><div class=\"et_pb_text_inner\"><p>Apple, iPhone, iPad, iPod touch und iPadOS sind Marken von Apple Inc. und in den USA und anderen L\u00e4ndern und Regionen eingetragen. <\/p>\n<\/div><\/div>\n<\/div>\n<\/div>\n<\/div>\n\n<div class=\"et_pb_section_3 et_pb_section et_section_regular et_block_section et_pb_section_parallax sfly_cta sfly_cta_2 sfly_black_overlay\"><span class=\"et-pb-parallax-wrapper\"><span class=\"et-pb-parallax-background et-pb-parallax-background-module--divi-section-3\" style=\"background-image:url(https:\/\/asv.pt\/wp-content\/uploads\/2022\/08\/Schumann_Resonance.jpg)\"><\/span><\/span>\n<div class=\"et_pb_row_5 et_pb_row et_block_row\">\n<div class=\"et_pb_column_9 et_pb_column et_pb_column_3_5 et_block_column et_pb_css_mix_blend_mode_passthrough\">\n<div class=\"et_pb_text_6 et_pb_text et_pb_bg_layout_dark et_pb_module et_block_module preset--module--divi-text--default\"><div class=\"et_pb_text_inner\"><h3>Holen Sie es sich im AppStore<\/h3>\n<p>Diese App ist nur f\u00fcr iOS 15 und h\u00f6her. Eine Android-Version ist leider nicht in Planung. <\/p>\n<\/div><\/div>\n<\/div>\n\n<div class=\"et_pb_column_10 et_pb_column et_pb_column_2_5 et-last-child et_block_column et_pb_css_mix_blend_mode_passthrough\">\n<div class=\"et_pb_module et_pb_button_module_wrapper et_pb_button_0_wrapper\"><a class=\"et_pb_button_0 et_pb_button et_pb_bg_layout_light et_animated et_pb_module et_block_module\" href=\"#\">Ich will es auch!<\/a><\/div>\n<\/div>\n<\/div>\n<\/div>","protected":false},"excerpt":{"rendered":"","protected":false},"author":1,"featured_media":0,"parent":0,"menu_order":0,"comment_status":"closed","ping_status":"closed","template":"","meta":{"footnotes":""},"class_list":["post-1657","page","type-page","status-publish","hentry"],"_links":{"self":[{"href":"https:\/\/asv.pt\/de\/wp-json\/wp\/v2\/pages\/1657","targetHints":{"allow":["GET"]}}],"collection":[{"href":"https:\/\/asv.pt\/de\/wp-json\/wp\/v2\/pages"}],"about":[{"href":"https:\/\/asv.pt\/de\/wp-json\/wp\/v2\/types\/page"}],"author":[{"embeddable":true,"href":"https:\/\/asv.pt\/de\/wp-json\/wp\/v2\/users\/1"}],"replies":[{"embeddable":true,"href":"https:\/\/asv.pt\/de\/wp-json\/wp\/v2\/comments?post=1657"}],"version-history":[{"count":49,"href":"https:\/\/asv.pt\/de\/wp-json\/wp\/v2\/pages\/1657\/revisions"}],"predecessor-version":[{"id":2910,"href":"https:\/\/asv.pt\/de\/wp-json\/wp\/v2\/pages\/1657\/revisions\/2910"}],"wp:attachment":[{"href":"https:\/\/asv.pt\/de\/wp-json\/wp\/v2\/media?parent=1657"}],"curies":[{"name":"wp","href":"https:\/\/api.w.org\/{rel}","templated":true}]}}