{"id":1815,"date":"2022-11-10T22:13:11","date_gmt":"2022-11-10T22:13:11","guid":{"rendered":"https:\/\/asv.pt\/?page_id=1815"},"modified":"2025-11-01T19:39:50","modified_gmt":"2025-11-01T19:39:50","slug":"ccam-kreativer-kreis-der-musiker-der-algarve","status":"publish","type":"page","link":"https:\/\/asv.pt\/de\/ccam-creative-circle-of-algarve-musicians\/","title":{"rendered":"CCAM - Kreativer Kreis von Musikern der Algarve"},"content":{"rendered":"<div class=\"et_pb_section_0 et_pb_section et_pb_fullwidth_section et_section_regular et_block_section sfly_hero sfly_hero_1\"><section class=\"et_pb_fullwidth_header_0 et_pb_fullwidth_header et_pb_fullscreen et_pb_header_with_image et_pb_bg_layout_dark et_pb_text_align_center et_animated et_pb_section_parallax et_pb_module et_flex_module sfly_fullwidth_header\"><span class=\"et-pb-parallax-wrapper\"><span class=\"et-pb-parallax-background et-pb-parallax-background-module--divi-fullwidth-header-0\" style=\"background-image:url(https:\/\/asv.pt\/wp-content\/uploads\/2022\/11\/CCAM-Back.jpg);background-color:#FFFFFF;background-blend-mode:multiply\"><\/span><\/span><span class=\"et_pb_background_mask\"><\/span><div class=\"et_pb_fullwidth_header_container center\"><div class=\"header-content-container center\"><div class=\"header-content et_flex_module\"><div class=\"et_pb_header_button_wrapper\"><\/div><\/div><\/div><div class=\"header-image-container center\"><div class=\"header-image\"><img decoding=\"async\" src=\"https:\/\/asv.pt\/wp-content\/uploads\/2022\/11\/CCAM-Logo-1000t.png\" width=\"1000\" height=\"347\" class=\"wp-image-1830\" alt=\"\" title=\"\"><\/div><\/div><\/div><div class=\"et_pb_fullwidth_header_overlay\"><\/div><div class=\"et_pb_fullwidth_header_scroll\"><a class=\"scroll-down-container\" href=\"#\"><span class=\"scroll-down et-pb-icon\">;<\/span><\/a><\/div><\/section><\/div><div class=\"et_pb_section_1 et_pb_section et_section_regular et_block_section sfly_general sfly_general_8\"><div class=\"et_pb_row_0 et_pb_row et_pb_equal_columns et_pb_gutters1 et_block_row et_pb_row_fullwidth\"><div class=\"et_pb_column_0 et_pb_column et_pb_column_1_2 et_block_column et_pb_css_mix_blend_mode_passthrough column1\"><div class=\"et_pb_divider_0 et_pb_divider et_pb_space et_pb_divider_position_top et_pb_module divider_spacer\"><div class=\"et_pb_divider_internal\"><\/div><\/div><\/div><div class=\"et_pb_column_1 et_pb_column et_pb_column_1_2 et-last-child et_block_column et_pb_css_mix_blend_mode_passthrough column2\"><div class=\"et_pb_text_0 et_pb_text et_pb_bg_layout_light et_pb_module et_flex_module preset--module--divi-text--default\"><div class=\"et_pb_text_inner\"><h1>Kreativkreis der ALgarve-Musiker<\/h1>\n<p>Die Algarve hat eine Menge gro\u00dfartiger Musiker! Aber sie sind alle in kleinen Gruppen verstreut, und es gibt kein wirkliches Netzwerk, das sie alle miteinander verbindet. Deshalb gr\u00fcndeten wir den Creative Circle Of Algarve Musicians (CCAM) und begannen, uns monatlich in Odiaxere, in der N\u00e4he von Lagos, zu treffen. F\u00fcr die absehbare Zukunft ist es immer der <strong>jeden ersten Sonntag im Monat von 11 bis 15 Uhr<\/strong>.<\/p>\n<p>Die Treffen werden \u00fcber eine Telegram-Gruppe organisiert, der Sie \u00fcber den folgenden Link beitreten k\u00f6nnen: <a href=\"https:\/\/t.me\/+gEzAgQiyxkAzODRi\" target=\"_blank\" rel=\"noopener\">CCAM Telegramm Gruppe<\/a><\/p>\n<p>Ziel der Treffen ist es, gemeinsam eine gute Zeit zu verbringen, zu inspirieren und inspiriert zu werden, neue Kontakte zu kn\u00fcpfen und miteinander zu sprechen. Die Veranstaltung ist nicht f\u00fcr ein regul\u00e4res Publikum zug\u00e4nglich, da es ein privater Ort sein soll, um neue Konzepte und unvollendete Arbeiten zu diskutieren.<\/p>\n<\/div><\/div><div class=\"et_pb_countdown_timer_0 et_pb_countdown_timer et_pb_bg_layout_dark et_clickable et_pb_module et_flex_module preset--module--divi-countdown-timer--default\" data-end-timestamp=\"1699178400\"><div class=\"et_pb_countdown_timer_container clearfix\"><h4 class=\"title\">Die n\u00e4chste CCAM ist in<\/h4><div class=\"days section values\" data-short=\"T\" data-full=\"Tag(e)\"><p class=\"value\"><\/p><p class=\"label\">Tag(e)<\/p><\/div><div class=\"sep section\"><p>:<\/p><\/div><div class=\"hours section values\" data-short=\"Std.\" data-full=\"Stunde(n)\"><p class=\"value\"><\/p><p class=\"label\">Stunde(n)<\/p><\/div><div class=\"sep section\"><p>:<\/p><\/div><div class=\"minutes section values\" data-short=\"Min.\" data-full=\"Minute(n)\"><p class=\"value\"><\/p><p class=\"label\">Minute(n)<\/p><\/div><div class=\"sep section\"><p>:<\/p><\/div><div class=\"seconds section values\" data-short=\"Sek.\" data-full=\"Sekunde(n)\"><p class=\"value\"><\/p><p class=\"label\">Sekunde(n)<\/p><\/div><\/div><\/div><\/div><\/div><\/div><div class=\"et_pb_section_2 et_pb_section et_section_regular et_block_section sfly_general sfly_general_9\"><div class=\"et_pb_row_1 et_pb_row et_pb_equal_columns et_pb_gutters1 et_block_row sfly_column_switch et_pb_row_fullwidth\"><div class=\"et_pb_column_2 et_pb_column et_pb_column_1_2 et_block_column et_pb_css_mix_blend_mode_passthrough column1\"><div class=\"et_pb_text_1 et_pb_text et_pb_bg_layout_dark et_pb_module et_flex_module preset--module--divi-text--default\"><div class=\"et_pb_text_inner\"><h2>Wir treffen uns, um unsere Arbeiten, Ideen und Fortschritte in Bezug auf Musik und Kreativit\u00e4t auszutauschen. <\/h2>\n<p>Als Teilnehmer sind Sie eingeladen, einen ca. 10-min\u00fctigen Einblick in Ihre aktuelle Arbeit zu geben. Das kann in Form eines Liedes sein, an dem Sie gerade arbeiten, einer Tonleiter, die Sie f\u00fcr sich entdeckt haben oder einer neuen Technik, die Sie gerade \u00fcben.  Bitte teilen Sie uns im Voraus in der Telegram-Gruppe mit, wenn Sie etwas pr\u00e4sentieren m\u00f6chten.<\/p>\n<\/div><\/div><div class=\"et_pb_module et_pb_button_module_wrapper et_pb_button_0_wrapper\"><a class=\"et_pb_button_0 et_pb_button et_pb_bg_layout_light et_animated et_pb_module et_flex_module\" href=\"https:\/\/t.me\/+gEzAgQiyxkAzODRi\" target=\"_blank\" data-icon=\"\uf3fe\">CCAM Telegramm Gruppe<\/a><\/div><\/div><div class=\"et_pb_column_3 et_pb_column et_pb_column_1_2 et-last-child et_block_column et_pb_css_mix_blend_mode_passthrough column2\"><div class=\"et_pb_divider_1 et_pb_divider et_pb_space et_pb_divider_position_top et_pb_module divider_spacer\"><div class=\"et_pb_divider_internal\"><\/div><\/div><\/div><\/div><\/div><div class=\"et_pb_section_3 et_pb_section et_section_regular et_block_section sfly_feature sfly_feature_7\"><div class=\"et_pb_row_2 et_pb_row et_block_row et_animated\"><div class=\"et_pb_column_4 et_pb_column et_pb_column_1_3 et_block_column et_pb_css_mix_blend_mode_passthrough column1\"><div class=\"et_pb_image_0 et_pb_image et_animated et_pb_module et_flex_module preset--module--divi-image--default\"><span class=\"et_pb_image_wrap\"><img decoding=\"async\" src=\"https:\/\/asv.pt\/wp-content\/uploads\/2022\/11\/L1010048.jpg\" alt=\"Keylen\" title=\"L1010048\" width=\"800\" height=\"1200\" class=\"wp-image-1795\" \/><\/span><\/div><\/div><div class=\"et_pb_column_5 et_pb_column et_pb_column_2_3 et-last-child et_block_column et_pb_css_mix_blend_mode_passthrough column2\"><div class=\"et_pb_text_2 et_pb_text et_pb_bg_layout_light et_animated et_pb_module et_flex_module preset--module--divi-text--default\"><div class=\"et_pb_text_inner\"><h2>CCAM-Veranstaltungsregeln<\/h2>\n<p>Derzeit ist die Veranstaltung auf 40 Teilnehmer begrenzt, also reservieren Sie bitte Ihren Platz so schnell wie m\u00f6glich. Eine kleine PA und einige Instrumente werden zur Verf\u00fcgung stehen. Wenn Sie etwas Besonderes ben\u00f6tigen, lassen Sie es uns im Voraus wissen oder bringen Sie Ihre eigenen Sachen mit.\u00a0<\/p>\n<ul>\n<li>Der Eintritt ist frei! Bitte bringen Sie Ihre gute Laune und Ihr eigenes Wasser\/Getr\u00e4nk mit.<\/li>\n<li>Auf dem Gel\u00e4nde sind keine Drogen und keine gro\u00dfen Mengen an Alkohol erlaubt. Wir wollen den Moment genie\u00dfen, nicht die Droge.<\/li>\n<li>Kinder sind bei dieser Veranstaltung willkommen, aber bitte achten Sie darauf, dass Sie immer wissen, wo sie sind und was sie tun, und dass Sie auf sie aufpassen, da es keine Kinderunterhaltung gibt.<\/li>\n<li>Wir m\u00f6chten die Veranstaltung auf das gro\u00dfe Gel\u00e4nde rund um das Studio konzentrieren. Wir haben auch eine Komposttoilette und einen Platz zum H\u00e4ndewaschen eingerichtet. Das Privathaus und der Poolbereich sind nicht Teil der Veranstaltungsfl\u00e4che. Vielen Dank f\u00fcr die R\u00fccksichtnahme auf diesen privaten Bereich.<\/li>\n<li>Wenn Sie Hunde haben, lassen Sie sie bitte zu Hause. Wir sind Katzenmenschen und unsere Katzen m\u00f6gen es, in Ruhe bei uns zu leben. Also sorry, aber keine Hunde.<\/li>\n<\/ul>\n<\/div><\/div><div class=\"et_pb_code_0 et_pb_code et_pb_module\"><div class=\"et_pb_code_inner\"><iframe style=\"border: 0; width: 400px; height: 373px;\" src=\"https:\/\/bandcamp.com\/EmbeddedPlayer\/album=1097718584\/size=large\/bgcol=ffffff\/linkcol=7137dc\/artwork=small\/transparent=true\/\" seamless><a href=\"https:\/\/music.mennigmann.com\/album\/ccam-2-creative-circle-of-algarve-musicians\" target=\"_blank\" rel=\"noopener\">CCAM#2 Kreativer Kreis von Musikern der Algarve von Marc Mennigmann<\/a><\/iframe><\/div><\/div><\/div><\/div><\/div><div class=\"et_pb_section_4 et_pb_section et_section_regular et_block_section sfly_general sfly_general_9\"><div class=\"et_pb_row_3 et_pb_row et_pb_equal_columns et_pb_gutters1 et_block_row sfly_column_switch et_pb_row_fullwidth\"><div class=\"et_pb_column_6 et_pb_column et_pb_column_1_2 et_block_column et_pb_css_mix_blend_mode_passthrough column1\"><div class=\"et_pb_text_3 et_pb_text et_pb_bg_layout_dark et_pb_module et_flex_module preset--module--divi-text--default\"><div class=\"et_pb_text_inner\"><h2>Teilnehmen CCAM<\/h2>\n<p>Wenn Sie daran interessiert sind, am Creative Circle of Algarve Musicians teilzunehmen, senden Sie bitte eine Telegrammnachricht an <a href=\"https:\/\/t.me\/mennigmann\" target=\"_blank\" rel=\"noopener\">@mennigmann<\/a> oder eine E-Mail an <a href=\"mailto:\/\/marc@asv.pt\" target=\"_blank\" rel=\"noopener\">marc@asv.pt<\/a> mit ein paar Zeilen dar\u00fcber, wer ihr seid, welche Art von Musik ihr macht und ob\/was ihr pr\u00e4sentieren wollt. Sie k\u00f6nnen sich auch dem <a href=\"https:\/\/t.me\/+gEzAgQiyxkAzODRi\" target=\"_blank\" rel=\"noopener\">CCAM-Telegrammgruppe<\/a>stellen Sie sich vor und ver\u00f6ffentlichen Sie die Informationen dort.<\/p>\n<p>&nbsp;<\/p>\n<p>So ist es leicht zu merken: CCAM immer am ersten Sonntag des Monats ab 11 Uhr...<\/p>\n<\/div><\/div><div class=\"et_pb_text_4 et_pb_text et_pb_bg_layout_dark et_pb_module et_flex_module preset--module--divi-text--default\"><div class=\"et_pb_text_inner\"><h2>CCAM-Sitzungen 2023<\/h2>\n<p>Sie finden die <a href=\"https:\/\/algarvevents.pt\/series\/ccam-creative-circle-of-algarve-musicians\/\" target=\"_blank\" rel=\"noopener\">Termine der kommenden CCAM-Sitzung auf AlgarvEvents.pt - Klicken Sie einfach hier...<\/a><\/p>\n<\/div><\/div><div class=\"et_pb_image_1 et_pb_image et_pb_module et_flex_module preset--module--divi-image--default\"><a href=\"https:\/\/algarvevents.pt\/series\/ccam-creative-circle-of-algarve-musicians\/\" target=\"_blank\" rel=\"noopener\"><span class=\"et_pb_image_wrap\"><img decoding=\"async\" src=\"https:\/\/asv.pt\/wp-content\/uploads\/2023\/01\/AlgarvEvents_Logo_transparent.png\" alt=\"AlgarvEvents Logo\" title=\"AlgarvEvents Logo\" width=\"498\" height=\"100\" class=\"wp-image-1899\" \/><\/span><\/a><\/div><\/div><div class=\"et_pb_column_7 et_pb_column et_pb_column_1_2 et-last-child et_block_column et_pb_css_mix_blend_mode_passthrough column2\"><div class=\"et_pb_divider_2 et_pb_divider et_pb_space et_pb_divider_position_top et_pb_module divider_spacer\"><div class=\"et_pb_divider_internal\"><\/div><\/div><\/div><\/div><\/div><div class=\"et_pb_section_5 et_pb_section et_section_regular et_block_section sfly_general sfly_general_8\"><div class=\"et_pb_row_4 et_pb_row et_pb_equal_columns et_pb_gutters1 et_block_row et_pb_row_fullwidth\"><div class=\"et_pb_column_8 et_pb_column et_pb_column_1_2 et_block_column et_pb_css_mix_blend_mode_passthrough column1\"><div class=\"et_pb_divider_3 et_pb_divider et_pb_space et_pb_divider_position_top et_pb_module divider_spacer\"><div class=\"et_pb_divider_internal\"><\/div><\/div><\/div><div class=\"et_pb_column_9 et_pb_column et_pb_column_1_2 et-last-child et_block_column et_pb_css_mix_blend_mode_passthrough column2\"><div class=\"et_pb_text_5 et_pb_text et_pb_bg_layout_light et_pb_module et_flex_module preset--module--divi-text--default\"><div class=\"et_pb_text_inner\"><h2>CCAM-Manifest<\/h2>\n<p>Kreieren, innovieren, zusammenarbeiten, teilen.<\/p>\n<p>Sei du selbst und lass die Musik flie\u00dfen. Fordere dich selbst heraus und erschaffe das Unbekannte. Versuchen Sie, musikalische Gewohnheiten zu vermeiden. Verbessern Sie sich und spielen Sie etwas Neues. Gehen Sie Risiken ein, seien Sie bereit zu scheitern, aber verwandeln Sie den Fehler immer in etwas Sch\u00f6nes.<\/p>\n<p>Treffen Sie schnelle Entscheidungen. Wenn etwas langweilig wird, stoppen Sie es oder \u00e4ndern Sie es. Denken Sie an den Prozess, nicht an das Produkt. Verschenke etwas und erz\u00e4hle eine gute Geschichte. Ignorieren Sie die Regeln, aber spielen Sie nie eine Note ohne Zweck. Spielen Sie, was Sie gerne h\u00f6ren.<\/p>\n<p><strong>Nett sein. Liebe. Wir sind eins.<\/strong><\/p>\n<\/div><\/div><\/div><\/div><\/div><div class=\"et_pb_section_6 et_pb_section et_section_regular et_block_section sfly_social sfly_social_2\"><div class=\"et_pb_row_5 et_pb_row et_pb_equal_columns et_pb_gutters1 et_block_row et_pb_row_fullwidth\"><span class=\"et_pb_background_pattern\"><\/span><div class=\"et_pb_column_10 et_pb_column et_pb_column_4_4 et-last-child et_block_column et_pb_css_mix_blend_mode_passthrough\"><div class=\"et_pb_code_1 et_pb_code et_animated et_pb_module\"><div class=\"et_pb_code_inner\"><a target=\"_blank\" href=\"https:\/\/www.facebook.com\/algarvesv\" rel=\"noopener\"><i class=\"fab fa-facebook-f\"><\/i><\/a><a target=\"_blank\" href=\"https:\/\/twitter.com\/AlgarveStudios\" rel=\"noopener\"><i class=\"fab fa-twitter\"><\/i><\/a><a target=\"_blank\" href=\"https:\/\/www.linkedin.com\/company\/82809812\/\" rel=\"noopener\"><i class=\"fab fa-linkedin-in\"><\/i><\/a><a target=\"_blank\" href=\"https:\/\/www.instagram.com\/algarvesoundandvision\/\" rel=\"noopener\"><i class=\"fab fa-instagram\"><\/i><\/a><a target=\"_blank\" href=\"https:\/\/www.youtube.com\/@algarvesoundandvision\" rel=\"noopener\"><i class=\"fab fa-youtube\"><\/i><\/a><\/div><\/div><\/div><\/div><\/div>","protected":false},"excerpt":{"rendered":"","protected":false},"author":1,"featured_media":0,"parent":0,"menu_order":0,"comment_status":"closed","ping_status":"closed","template":"","meta":{"footnotes":""},"class_list":["post-1815","page","type-page","status-publish","hentry"],"_links":{"self":[{"href":"https:\/\/asv.pt\/de\/wp-json\/wp\/v2\/pages\/1815","targetHints":{"allow":["GET"]}}],"collection":[{"href":"https:\/\/asv.pt\/de\/wp-json\/wp\/v2\/pages"}],"about":[{"href":"https:\/\/asv.pt\/de\/wp-json\/wp\/v2\/types\/page"}],"author":[{"embeddable":true,"href":"https:\/\/asv.pt\/de\/wp-json\/wp\/v2\/users\/1"}],"replies":[{"embeddable":true,"href":"https:\/\/asv.pt\/de\/wp-json\/wp\/v2\/comments?post=1815"}],"version-history":[{"count":46,"href":"https:\/\/asv.pt\/de\/wp-json\/wp\/v2\/pages\/1815\/revisions"}],"predecessor-version":[{"id":2798,"href":"https:\/\/asv.pt\/de\/wp-json\/wp\/v2\/pages\/1815\/revisions\/2798"}],"wp:attachment":[{"href":"https:\/\/asv.pt\/de\/wp-json\/wp\/v2\/media?parent=1815"}],"curies":[{"name":"wp","href":"https:\/\/api.w.org\/{rel}","templated":true}]}}