{"id":1901,"date":"2023-01-30T10:25:46","date_gmt":"2023-01-30T10:25:46","guid":{"rendered":"https:\/\/asv.pt\/?page_id=1901"},"modified":"2025-11-01T19:39:50","modified_gmt":"2025-11-01T19:39:50","slug":"plattenlabel","status":"publish","type":"page","link":"https:\/\/asv.pt\/de\/record-label\/","title":{"rendered":"Plattenlabel"},"content":{"rendered":"<div class=\"et_pb_section_0 et_pb_section et_pb_fullwidth_section et_section_regular et_block_section sfly_hero sfly_hero_4\"><section class=\"et_pb_fullwidth_header_0 et_pb_fullwidth_header et_pb_fullscreen et_pb_bg_layout_dark et_pb_text_align_right et_animated et_pb_section_parallax et_pb_module et_flex_module sfly_fullwidth_header\"><span class=\"et-pb-parallax-wrapper\"><span class=\"et-pb-parallax-background et-pb-parallax-background-module--divi-fullwidth-header-0\" style=\"background-image:url(https:\/\/asv.pt\/wp-content\/uploads\/2023\/01\/RecordHeader.jpg)\"><\/span><\/span><div class=\"et_pb_fullwidth_header_container right\"><div class=\"header-content-container center\"><div class=\"header-content et_flex_module\"><h1 class=\"et_pb_module_header\">Digitales Vertriebslabel \/ Plattenlabel<\/h1><div class=\"et_pb_header_content_wrapper\"><p>Sie haben Ihre eigene Musik aufgenommen und m\u00f6chten sie bestm\u00f6glich vertreiben lassen?<br \/>Es gibt viele M\u00f6glichkeiten, und wir k\u00f6nnen sie alle abdecken.<\/p>\n<\/div><div class=\"et_pb_header_button_wrapper\"><\/div><\/div><\/div><\/div><div class=\"et_pb_fullwidth_header_overlay\"><\/div><div class=\"et_pb_fullwidth_header_scroll\"><a class=\"scroll-down-container\" href=\"#\"><span class=\"scroll-down et-pb-icon\">\ue048<\/span><\/a><\/div><\/section><\/div><div class=\"et_pb_section_1 et_pb_section et_section_regular et_block_section sfly_general sfly_general_13\"><div class=\"et_pb_row_0 et_pb_row et_block_row\"><div class=\"et_pb_column_0 et_pb_column et_pb_column_1_3 et_block_column et_pb_css_mix_blend_mode_passthrough\"><div class=\"et_pb_divider_0 et_pb_divider et_pb_space et_pb_divider_position_top et_pb_module\"><div class=\"et_pb_divider_internal\"><\/div><\/div><div class=\"et_pb_text_0 et_pb_text et_pb_bg_layout_light et_pb_module et_flex_module preset--module--divi-text--default\"><div class=\"et_pb_text_inner\"><h3>Das Label f\u00fcr Musiker<\/h3>\n<\/div><\/div><\/div><div class=\"et_pb_column_1 et_pb_column et_pb_column_2_3 et-last-child et_block_column et_pb_css_mix_blend_mode_passthrough\"><div class=\"et_pb_text_1 et_pb_text et_pb_bg_layout_light et_pb_module et_flex_module preset--module--divi-text--default\"><div class=\"et_pb_text_inner\"><blockquote><p>Was kann das Algarve Sound &amp; Vision Digital Distribution Label f\u00fcr mich tun?<\/p><\/blockquote>\n<p>ASV k\u00fcmmert sich um alle Aspekte des digitalen Vertriebs Ihrer Musik.<\/p>\n<p>ASV ver\u00f6ffentlicht Ihre Musik auf Bandcamp mit der Option, sie auf allen anderen wichtigen Streaming- und Verkaufsplattformen zu vertreiben (<a href=\"https:\/\/open.spotify.com\/\" target=\"_blank\" rel=\"noopener\">Spotify<\/a>, <a href=\"https:\/\/music.apple.com\/\" target=\"_blank\" rel=\"noopener\">Apple Musik<\/a>, <a href=\"https:\/\/www.amazon.com\/\" target=\"_blank\" rel=\"noopener\">Amazon<\/a> usw.).<\/p>\n<p>Wir empfehlen Bandcamp, da durchschnittlich 82% des von den Fans ausgegebenen Geldes an den K\u00fcnstler gehen. Au\u00dferdem haben Sie die volle Kontrolle \u00fcber Ihre Dateien und Ihre Einnahmen.<\/p>\n<p>Auf Bandcamp haben die Fans im Jahr 2022 15,0 Millionen digitale Alben, 7,1 Millionen Tracks, 2,0 Millionen Vinyl-Schallplatten, 900.000 CDs und 500.000 Kassetten gekauft, was eindeutig einen Trend zeigt. Die Ver\u00f6ffentlichung einer physischen CD oder Vinyl kann Spa\u00df machen, aber die meisten Verk\u00e4ufe erfolgen digital. ASV kann bei der Ver\u00f6ffentlichung von CDs und sogar Vinyl helfen, aber anhand der obigen Zahlen sollten wir uns zun\u00e4chst auf die digitalen Ver\u00f6ffentlichungen konzentrieren.<\/p>\n<\/div><\/div><\/div><\/div><div class=\"et_pb_row_1 et_pb_row et_block_row\"><div class=\"et_pb_column_2 et_pb_column et_pb_column_1_3 et_block_column et_pb_css_mix_blend_mode_passthrough\"><div class=\"et_pb_divider_1 et_pb_divider et_pb_space et_pb_divider_position_top et_pb_module\"><div class=\"et_pb_divider_internal\"><\/div><\/div><div class=\"et_pb_text_2 et_pb_text et_pb_bg_layout_light et_pb_module et_flex_module preset--module--divi-text--default\"><div class=\"et_pb_text_inner\"><h3>Abgedeckte Plattformen<\/h3>\n<\/div><\/div><div class=\"et_pb_image_0 et_pb_image et_pb_module et_flex_module preset--module--divi-image--default\"><span class=\"et_pb_image_wrap\"><img decoding=\"async\" src=\"https:\/\/asv.pt\/wp-content\/uploads\/2023\/01\/Label_Collection.jpg\" alt=\"BandCamp Plattenlabelsammlung\" title=\"BandCamp Plattenlabelsammlung\" width=\"1500\" height=\"1125\" class=\"wp-image-1940\" \/><\/span><\/div><\/div><div class=\"et_pb_column_3 et_pb_column et_pb_column_2_3 et-last-child et_block_column et_pb_css_mix_blend_mode_passthrough\"><div class=\"et_pb_text_3 et_pb_text et_pb_bg_layout_light et_pb_module et_flex_module preset--module--divi-text--default\"><div class=\"et_pb_text_inner\"><blockquote>\n<p>Spotify, iTunes, TikTok, YouTube Music, Instagram, Facebook, Amazon...<\/p>\n<\/blockquote>\n<p>Zus\u00e4tzliche Plattformen wie Spotify, Apple Music, iTunes, TikTok, YouTube Music, Instagram &amp; Facebook, Amazon, Deezer, Tidal, Qobuz und viele mehr sind f\u00fcr eine digitale Ver\u00f6ffentlichung m\u00f6glich. Dennoch gibt es zwei Dinge, die Sie im Voraus wissen m\u00fcssen:<\/p>\n<ol>\n<li>Sie ben\u00f6tigen ein DistroKid-Konto (derzeit 19,99 \u20ac\/Jahr), um Ihre Erl\u00f6se zu erhalten. Bei Bedarf k\u00f6nnen wir Ihnen bei der Einrichtung helfen.<\/li>\n<li>Die Verkaufszahlen auf anderen Plattformen werden ziemlich niedrig sein, wenn Sie nicht bereits eine gro\u00dfe Fangemeinde haben. Au\u00dferdem w\u00e4re es am besten, wenn Sie einen Mechanismus h\u00e4tten, um sie \u00fcber neue Ver\u00f6ffentlichungen zu informieren (z. B. eine Mailingliste).<\/li>\n<\/ol>\n<p>ASV stellt sicher, dass die hochgeladenen Audiodateien von guter Qualit\u00e4t sind und f\u00fcgt alle notwendigen Informationen wie Namen, Credits, Biografie, Albumcover, Liedtexte usw. hinzu. Au\u00dferdem stellen wir sicher, dass Ihre Ver\u00f6ffentlichungen mit Ihrem K\u00fcnstler-\/Bandnamen in Apple Music und Spotify verlinkt werden.<\/p>\n<p>Es sind auch einige zus\u00e4tzliche Dienste m\u00f6glich, wie Dolby Atmos auf iTunes und Tidal, oder <span class=\"bold\">YouTube Content ID &amp; YouTube Creator Music oder Tidal Master\/MQA, aber diese Optionen verursachen zus\u00e4tzliche Kosten, so dass wir f\u00fcr jede Ver\u00f6ffentlichung besprechen m\u00fcssen, was sinnvoll ist.<\/span><\/p>\n<\/div><\/div><\/div><\/div><div class=\"et_pb_row_2 et_pb_row et_block_row\"><div class=\"et_pb_column_4 et_pb_column et_pb_column_1_3 et_block_column et_pb_css_mix_blend_mode_passthrough\"><div class=\"et_pb_divider_2 et_pb_divider et_pb_space et_pb_divider_position_top et_pb_module\"><div class=\"et_pb_divider_internal\"><\/div><\/div><div class=\"et_pb_text_4 et_pb_text et_pb_bg_layout_light et_pb_module et_flex_module preset--module--divi-text--default\"><div class=\"et_pb_text_inner\"><h3>Vertrieb Plattenlabel<\/h3>\n<\/div><\/div><\/div><div class=\"et_pb_column_5 et_pb_column et_pb_column_2_3 et-last-child et_block_column et_pb_css_mix_blend_mode_passthrough\"><div class=\"et_pb_text_5 et_pb_text et_pb_bg_layout_light et_pb_module et_flex_module preset--module--divi-text--default\"><div class=\"et_pb_text_inner\"><blockquote>\n<p>Wie funktioniert das?<\/p>\n<\/blockquote>\n<p>ASV k\u00fcmmert sich um die Ver\u00f6ffentlichungen in den L\u00e4den, richtet Ihre K\u00fcnstlerseiten ein, verwaltet Ihre Mailingliste auf Bandcamp, informiert Ihre Fans \u00fcber neue Ver\u00f6ffentlichungen, druckt QR-Codes f\u00fcr Ihre Musik aus, um sie zu verkaufen oder bei Konzerten zu verteilen, und macht es Ihren Fans leicht, Ihre Musik zu kaufen.<\/p>\n<p>F\u00fcr diesen digitalen Vertriebsservice berechnen wir eine Umsatzbeteiligung von 20%. F\u00fcr Bandcamp senden wir Ihnen monatlich einen Bericht, f\u00fcr DistroKid ist der Anteil automatisiert und 80% der Einnahmen flie\u00dfen automatisch auf Ihr DistroKid-Konto.<\/p>\n<p>Zus\u00e4tzliche Dienstleistungen sind zu einem fairen Preis erh\u00e4ltlich, wie <a href=\"https:\/\/asv.pt\/de\/tonaufnahme_studio-lagos-musik\/\">Nutzung unseres Tonstudios<\/a>, Abmischen und Mastern Ihrer Musik, <a href=\"https:\/\/asv.pt\/de\/portratfotografie\/\">Fotoshootings f\u00fcr PR<\/a> oder <a href=\"https:\/\/asv.pt\/de\/konzertfotografie\/\">Plattencover<\/a>, oder die komplette Videoproduktion, um Ihre Musik zu promoten. Au\u00dferdem k\u00f6nnen wir Streaming-Konzerte mit Kartenvorverkauf organisieren oder die langweiligen Dinge wie die Verwaltung Ihrer Website, die Aktualisierung Ihrer One-Pager und all die anderen Dinge erledigen, mit denen Sie sich als kreativer Musiker nicht besch\u00e4ftigen wollen.<br \/>Bitte denken Sie daran, dass die oben genannten Dienstleistungen optional angeboten und separat in Rechnung gestellt werden.<\/p>\n<\/div><\/div><\/div><\/div><div class=\"et_pb_row_3 et_pb_row et_block_row\"><div class=\"et_pb_column_6 et_pb_column et_pb_column_1_2 et_block_column et_pb_css_mix_blend_mode_passthrough column1\"><div class=\"et_pb_blurb_0 et_pb_blurb et_pb_bg_layout_light et_pb_blurb_position_left et_pb_module et_flex_module preset--module--divi-blurb--default\"><div class=\"et_pb_blurb_content et_flex_module\"><div class=\"et_pb_main_blurb_image\" data-no-translation=\"\" data-no-auto-translation=\"\"><span class=\"et_pb_image_wrap\"><span class=\"et-pb-icon et-waypoint et_pb_animation_top et_pb_animation_top_tablet et_pb_animation_top_phone\">\ue0a8<\/span><\/span><\/div><div class=\"et_pb_blurb_container\"><h4 class=\"et_pb_module_header\">An welche Dienste k\u00f6nnen sie verteilt werden?<\/h4><div class=\"et_pb_blurb_description\"><p>Spotify, Apple Music, iTunes, Instagram &amp; Facebook, TikTok, Resso &amp; Luna, YouTube Music, Amazon, Soundtrack by Twitch, Pandora, Deezer, Tidal, iHeartRadio, ClaroM\u00fasica, Saavn, Boomplay, Anghami, KKBox, NetEase, Tencent, Qobuz, Joox, Kuack Media, Yandex Music (beta), Adaptr, Flo, MediaNet, Snapchat<\/p>\n<\/div><\/div><\/div><\/div><div class=\"et_pb_blurb_1 et_pb_blurb et_pb_bg_layout_light et_pb_blurb_position_left et_pb_module et_flex_module preset--module--divi-blurb--default\"><div class=\"et_pb_blurb_content et_flex_module\"><div class=\"et_pb_main_blurb_image\" data-no-translation=\"\" data-no-auto-translation=\"\"><span class=\"et_pb_image_wrap\"><span class=\"et-pb-icon et-waypoint et_pb_animation_top et_pb_animation_top_tablet et_pb_animation_top_phone\">\uf153<\/span><\/span><\/div><div class=\"et_pb_blurb_container\"><h4 class=\"et_pb_module_header\">Kann ich meine Musik offline verkaufen?<\/h4><div class=\"et_pb_blurb_description\"><p>Aber sicher! Als Stra\u00dfenmusiker oder Tourneemusiker k\u00f6nnen Sie Ihre Platten immer noch \"offline\" verkaufen, auch wenn Sie keine CDs oder Vinyl haben. Bandcamp erlaubt es, einzigartige Download-Codes zu drucken. Du kannst also sch\u00f6ne Karten mit diesen Codes vorbereiten und die Karten so verkaufen, wie du CDs verkaufen w\u00fcrdest.<br \/>\nDer K\u00e4ufer kann dann diesen Code einl\u00f6sen und Ihre Musik herunterladen.<\/p>\n<\/div><\/div><\/div><\/div><\/div><div class=\"et_pb_column_7 et_pb_column et_pb_column_1_2 et-last-child et_block_column et_pb_css_mix_blend_mode_passthrough column2\"><div class=\"et_pb_blurb_2 et_pb_blurb et_pb_bg_layout_light et_pb_blurb_position_left et_pb_module et_flex_module preset--module--divi-blurb--default\"><div class=\"et_pb_blurb_content et_flex_module\"><div class=\"et_pb_main_blurb_image\" data-no-translation=\"\" data-no-auto-translation=\"\"><span class=\"et_pb_image_wrap\"><span class=\"et-pb-icon et-waypoint et_pb_animation_top et_pb_animation_top_tablet et_pb_animation_top_phone\">\uf891<\/span><\/span><\/div><div class=\"et_pb_blurb_container\"><h4 class=\"et_pb_module_header\">Kannst du einen Liedtext einf\u00fcgen?<\/h4><div class=\"et_pb_blurb_description\"><p>Ja, wir k\u00f6nnen den Text Ihres Liedes zusammen mit der Audiodatei einreichen. Wir brauchen nur den Text in einer Textdatei oder per E-Mail von dir.<\/p>\n<\/div><\/div><\/div><\/div><div class=\"et_pb_blurb_3 et_pb_blurb et_pb_bg_layout_light et_pb_blurb_position_left et_pb_module et_flex_module preset--module--divi-blurb--default\"><div class=\"et_pb_blurb_content et_flex_module\"><div class=\"et_pb_main_blurb_image\" data-no-translation=\"\" data-no-auto-translation=\"\"><span class=\"et_pb_image_wrap\"><span class=\"et-pb-icon et-waypoint et_pb_animation_top et_pb_animation_top_tablet et_pb_animation_top_phone\">\uf02b<\/span><\/span><\/div><div class=\"et_pb_blurb_container\"><h4 class=\"et_pb_module_header\">K\u00f6nnen zus\u00e4tzliche Daten in die Verteilung aufgenommen werden?<\/h4><div class=\"et_pb_blurb_description\"><p>Wir k\u00f6nnen jede Art von zus\u00e4tzlichen Daten hinzuf\u00fcgen, wie z.B. den Namen des Songwriters und des Textes, der Musiker, des Produzenten, des Tonstudios, der Plattenfirma und so weiter.<br \/>Bitte geben Sie uns daher so viele Informationen wie m\u00f6glich. Wir k\u00f6nnen mehr Credits einreichen, als viele Streaming-Dienste unterst\u00fctzen. Spotify zeigt zum Beispiel die Credits des Produzenten an, aber nicht die des Assistenzproduzenten, des ausf\u00fchrenden Produzenten usw., aber wir geben den Diensten, was immer sie brauchen.<\/p>\n<\/div><\/div><\/div><\/div><\/div><\/div><div class=\"et_pb_row_4 et_pb_row et_block_row\"><div class=\"et_pb_column_8 et_pb_column et_pb_column_1_2 et_block_column et_pb_css_mix_blend_mode_passthrough\"><div class=\"et_pb_image_1 et_pb_image et_pb_module et_flex_module preset--module--divi-image--default\"><span class=\"et_pb_image_wrap\"><img decoding=\"async\" src=\"https:\/\/asv.pt\/wp-content\/uploads\/2023\/01\/Records.jpg\" alt=\"Aufzeichnungen\" title=\"Aufzeichnungen\" width=\"1500\" height=\"950\" class=\"wp-image-1937\" \/><\/span><\/div><\/div><div class=\"et_pb_column_9 et_pb_column et_pb_column_1_2 et-last-child et_block_column et_pb_css_mix_blend_mode_passthrough\"><div class=\"et_pb_text_6 et_pb_text et_pb_bg_layout_light et_animated et_pb_module et_flex_module preset--module--divi-text--default\"><div class=\"et_pb_text_inner\"><h3>Sind Sie an unseren Dienstleistungen f\u00fcr Plattenlabels interessiert?<\/h3>\n<p>Schicken Sie uns eine E-Mail oder rufen Sie uns an, wir beantworten gerne Ihre Fragen, finden die beste L\u00f6sung f\u00fcr Sie und arbeiten mit Ihnen zusammen.<\/p>\n<\/div><\/div><div class=\"et_pb_module et_pb_button_module_wrapper et_pb_button_0_wrapper\"><a class=\"et_pb_button_0 et_pb_button et_pb_bg_layout_light et_animated et_pb_module et_flex_module\" href=\"https:\/\/asv.pt\/de\/kontakt\/\">Kontakt<\/a><\/div><\/div><\/div><\/div>","protected":false},"excerpt":{"rendered":"","protected":false},"author":1,"featured_media":0,"parent":0,"menu_order":0,"comment_status":"closed","ping_status":"closed","template":"","meta":{"footnotes":""},"class_list":["post-1901","page","type-page","status-publish","hentry"],"_links":{"self":[{"href":"https:\/\/asv.pt\/de\/wp-json\/wp\/v2\/pages\/1901","targetHints":{"allow":["GET"]}}],"collection":[{"href":"https:\/\/asv.pt\/de\/wp-json\/wp\/v2\/pages"}],"about":[{"href":"https:\/\/asv.pt\/de\/wp-json\/wp\/v2\/types\/page"}],"author":[{"embeddable":true,"href":"https:\/\/asv.pt\/de\/wp-json\/wp\/v2\/users\/1"}],"replies":[{"embeddable":true,"href":"https:\/\/asv.pt\/de\/wp-json\/wp\/v2\/comments?post=1901"}],"version-history":[{"count":27,"href":"https:\/\/asv.pt\/de\/wp-json\/wp\/v2\/pages\/1901\/revisions"}],"predecessor-version":[{"id":2799,"href":"https:\/\/asv.pt\/de\/wp-json\/wp\/v2\/pages\/1901\/revisions\/2799"}],"wp:attachment":[{"href":"https:\/\/asv.pt\/de\/wp-json\/wp\/v2\/media?parent=1901"}],"curies":[{"name":"wp","href":"https:\/\/api.w.org\/{rel}","templated":true}]}}