{"id":1979,"date":"2023-02-05T21:30:06","date_gmt":"2023-02-05T21:30:06","guid":{"rendered":"https:\/\/asv.pt\/?page_id=1979"},"modified":"2025-11-01T19:39:52","modified_gmt":"2025-11-01T19:39:52","slug":"aufnahme-bearbeitung-mischung-und-mastering","status":"publish","type":"page","link":"https:\/\/asv.pt\/de\/recording-editing-mixing-and-mastering\/","title":{"rendered":"Aufnahme, Bearbeitung, Abmischung und Mastering"},"content":{"rendered":"<div class=\"et_pb_section_0 et_pb_section et_pb_fullwidth_section et_section_regular et_block_section sfly_hero sfly_hero_3\"><section class=\"et_pb_fullwidth_header_0 et_pb_fullwidth_header et_pb_fullscreen et_pb_bg_layout_dark et_pb_text_align_left et_animated et_pb_section_parallax et_pb_module et_flex_module sfly_fullwidth_header\"><span class=\"et-pb-parallax-wrapper\"><span class=\"et-pb-parallax-background et-pb-parallax-background-module--divi-fullwidth-header-0\" style=\"background-image:url(https:\/\/asv.pt\/wp-content\/uploads\/2023\/03\/Area432_Neve_Preamps.jpg)\"><\/span><\/span><div class=\"et_pb_fullwidth_header_container left\"><div class=\"header-content-container center\"><div class=\"header-content et_flex_module\"><h1 class=\"et_pb_module_header\">Aufnahme, Bearbeitung, Abmischung, Mastering<\/h1><div class=\"et_pb_header_content_wrapper\"><p>Aufnahme, Bearbeitung, Abmischung und Mastering sind vier wichtige Phasen im Audioproduktionsprozess, die jeweils einem bestimmten Zweck dienen und eine Reihe von Techniken zur Gestaltung und Verfeinerung des Klangs einer Aufnahme beinhalten.<\/p>\n<\/div><div class=\"et_pb_header_button_wrapper\"><\/div><\/div><\/div><\/div><div class=\"et_pb_fullwidth_header_overlay\"><\/div><div class=\"et_pb_fullwidth_header_scroll\"><\/div><\/section><\/div><div class=\"et_pb_section_1 et_pb_section et_section_regular et_block_section sfly_feature sfly_feature_12\"><div class=\"et_pb_row_0 et_pb_row et_block_row\"><div class=\"et_pb_column_0 et_pb_column et_pb_column_1_2 et_block_column et_pb_css_mix_blend_mode_passthrough column1\"><div class=\"et_pb_text_0 et_pb_text et_pb_bg_layout_light et_pb_module et_flex_module preset--module--divi-text--default\"><div class=\"et_pb_text_inner\"><h2>Was ist eine Aufnahme?<\/h2>\n<p>Bei der Aufnahme in einem Tonstudio werden in der Regel Audiodarbietungen auf ein digitales oder analoges Medium aufgezeichnet, oft mit dem Ziel, ein hochwertiges Endprodukt f\u00fcr die Ver\u00f6ffentlichung zu produzieren. Dabei k\u00f6nnen einzelne Instrumente oder der Gesang separat aufgenommen werden, aber auch ein kompletter Auftritt einer Band auf einmal. Der Aufnahmeprozess kann mehrere Schritte umfassen, darunter das Aufstellen der Mikrofone, die Anpassung von Pegel und Klang, Overdubbing, Bearbeitung und Abmischung. Das Aufnahmestudio verf\u00fcgt in der Regel \u00fcber einen Regieraum, in dem der Produzent, der Tontechniker oder anderes Personal die Aufnahme \u00fcberwachen und anpassen kann, sowie \u00fcber eine isolierte Aufnahmekabine oder einen Raum, in dem die Musiker auftreten. Ziel ist es, eine saubere und kontrollierte Umgebung f\u00fcr die Aufnahme von Audiodaten zu schaffen, die den gew\u00fcnschten Klang genau wiedergeben.<\/p>\n<p>Es gibt noch einen anderen Ansatz, die so genannte Live-Raumaufnahme, bei der sich die Band und der Aufnahmetechniker im selben Raum befinden. Dieser Ansatz zielt darauf ab, die Energie und Interaktion einer Live-Performance einzufangen, indem die Band gemeinsam in einem Raum spielt, anstatt jedes Instrument einzeln aufzunehmen. Bei ASV verwenden wir haupts\u00e4chlich diesen Ansatz. Die Band kann in einem gro\u00dfen Raum mit guter Akustik auftreten, und die Aufnahmeger\u00e4te werden so eingestellt, dass sie sowohl den Klang des Raums als auch den der einzelnen Instrumente einfangen. Dieser Ansatz kann einen unverf\u00e4lschten, nat\u00fcrlichen Klang erzeugen, der die Essenz der Live-Performance einf\u00e4ngt, aber er kann auch zu mehr Raumger\u00e4uschen und \u00dcbersprechungen zwischen den Instrumenten f\u00fchren, die w\u00e4hrend des Mischvorgangs ber\u00fccksichtigt werden m\u00fcssen. Live-Raumaufnahmen werden h\u00e4ufig f\u00fcr Genres verwendet, bei denen die Energie und das Gef\u00fchl der Live-Performance im Vordergrund stehen, wie z. B. Rock, Blues, Jazz oder Singer\/Songwriter.<\/p>\n<\/div><\/div><\/div><div class=\"et_pb_column_1 et_pb_column et_pb_column_1_2 et-last-child et_block_column et_pb_css_mix_blend_mode_passthrough column2\"><div class=\"et_pb_text_1 et_pb_text et_pb_bg_layout_light et_pb_module et_flex_module preset--module--divi-text--default\"><div class=\"et_pb_text_inner\"><h2>Was ist Redaktion?<\/h2>\n<p>Der Bearbeitungsprozess in einem Aufnahmestudio umfasst die Feinabstimmung des aufgenommenen Tons, um ein ausgefeiltes Endprodukt zu erstellen. Dazu geh\u00f6ren das Entfernen unerw\u00fcnschter Ger\u00e4usche wie Klicks, Knackser oder Atemger\u00e4usche, das Anpassen von Timing und Tonh\u00f6he und das Zusammenf\u00fcgen der besten Aufnahmen eines Auftritts, um eine nahtlose Endaufnahme zu erstellen. Der Bearbeitungsprozess kann mit digitaler Audiosoftware wie Pro Tools oder Logic erfolgen, die eine pr\u00e4zise Kontrolle \u00fcber das Audiomaterial erm\u00f6glicht und den Tontechniker in die Lage versetzt, detaillierte \u00c4nderungen an der Performance vorzunehmen. In einigen F\u00e4llen kann die Bearbeitung auch das Hinzuf\u00fcgen von Spezialeffekten wie Hall oder Verz\u00f6gerung umfassen, um den Klang der Aufnahme zu verbessern. Der Bearbeitungsprozess kann eine zeitaufw\u00e4ndige und sorgf\u00e4ltige Aufgabe sein, aber er ist ein wesentlicher Schritt im Aufnahmeprozess, der dazu beitr\u00e4gt, ein hochwertiges Endprodukt zu erstellen.<\/p>\n<\/div><\/div><div class=\"et_pb_image_0 et_pb_image et_pb_module et_flex_module preset--module--divi-image--default\"><span class=\"et_pb_image_wrap\"><img decoding=\"async\" src=\"https:\/\/asv.pt\/wp-content\/uploads\/2023\/02\/Recording_Editing_Mixing_Mastering.jpg\" alt=\"Aufnahme, Bearbeitung, Abmischung, Mastering\" title=\"Aufnahme, Bearbeitung, Abmischung, Mastering\" width=\"1500\" height=\"1125\" class=\"wp-image-1991\" \/><\/span><\/div><\/div><\/div><div class=\"et_pb_row_1 et_pb_row et_block_row\"><div class=\"et_pb_column_2 et_pb_column et_pb_column_1_2 et_block_column et_pb_css_mix_blend_mode_passthrough column1\"><div class=\"et_pb_text_2 et_pb_text et_pb_bg_layout_light et_pb_module et_flex_module preset--module--divi-text--default\"><div class=\"et_pb_text_inner\"><h2>Was ist Mischen?<\/h2>\n<p>Beim Abmischen in einem Aufnahmestudio geht es darum, die einzelnen Tonspuren, die w\u00e4hrend der Aufnahmephase aufgenommen wurden, aufeinander abzustimmen und so zu gestalten, dass eine zusammenh\u00e4ngende Endmischung entsteht. Die Schritte im Mischprozess k\u00f6nnen je nach Projekt und den bevorzugten Methoden des Toningenieurs variieren, aber ein typischer Mischprozess k\u00f6nnte die folgenden Schritte umfassen:<\/p>\n<ul>\n<li>Vorbereitung: Dazu geh\u00f6rt das Organisieren der Spuren und das Einrichten der Mischumgebung, z. B. das Erstellen einer Mischvorlage und das Importieren der aufgenommenen Spuren in die digitale Audio-Workstation.<\/li>\n<li>Pegelabgleich: Hierbei wird die Lautst\u00e4rke der einzelnen Spuren so angepasst, dass die Mischung ausgewogen ist und alle Instrumente und Stimmen deutlich zu h\u00f6ren sind.<\/li>\n<li>Entzerrung: Hierbei wird der Klang der einzelnen Spuren mit Hilfe der Entzerrung (EQ) angepasst, um unerw\u00fcnschte Frequenzen zu entfernen oder bestimmte Frequenzen zu verst\u00e4rken, damit die Spuren in der Mischung zusammenpassen.<\/li>\n<li>Panning: Hierbei wird die Stereoposition der einzelnen Spuren in der Mischung angepasst, um ein Gef\u00fchl von Raum und Trennung zwischen den Instrumenten zu erzeugen.<\/li>\n<li>Dynamikbearbeitung: Hierbei wird die Dynamikverarbeitung, wie z. B. Komprimierung und Begrenzung, eingesetzt, um den Dynamikbereich der einzelnen Spuren zu steuern und die Pegel der einzelnen Darbietungen auszugleichen.<\/li>\n<li>Effektbearbeitung: Hier werden Effekte wie Hall, Verz\u00f6gerung und Modulationseffekte hinzugef\u00fcgt, um den Klang der Mischung zu verbessern.<\/li>\n<li>Automatisierung: Dabei werden Pegel, Panning, Effekte und andere Mischparameter im Laufe der Zeit ge\u00e4ndert, um eine ansprechende Mischung zu erstellen.<\/li>\n<li>Fertigstellung der Mischung: Dies beinhaltet die \u00dcberpr\u00fcfung der Mischung auf technische Probleme, wie Clipping oder Phasenprobleme, und die Durchf\u00fchrung letzter Anpassungen an der Mischung.<\/li>\n<\/ul>\n<p>Diese Schritte werden in der Regel mehrere Male wiederholt, wobei der Ingenieur Anpassungen und \u00dcberarbeitungen vornimmt, bis er mit der endg\u00fcltigen Mischung zufrieden ist. Der Mischvorgang kann je nach Komplexit\u00e4t des Projekts mehrere Stunden bis mehrere Tage dauern.<\/p>\n<\/div><\/div><\/div><div class=\"et_pb_column_3 et_pb_column et_pb_column_1_2 et-last-child et_block_column et_pb_css_mix_blend_mode_passthrough column2\"><div class=\"et_pb_text_3 et_pb_text et_pb_bg_layout_light et_pb_module et_flex_module preset--module--divi-text--default\"><div class=\"et_pb_text_inner\"><h2>Was ist Mastering?<\/h2>\n<p>Das Mastering ist die letzte Phase des Audioproduktionsprozesses, in der die endg\u00fcltige Mischung eines Albums f\u00fcr die Ver\u00f6ffentlichung bearbeitet und optimiert wird. Das Ziel des Masterings ist es, einen ausgefeilten, konsistenten und koh\u00e4renten Sound f\u00fcr alle Titel eines Albums zu schaffen und die endg\u00fcltige Mischung f\u00fcr den Vertrieb auf verschiedenen Medienformaten wie CD, Vinyl oder Streaming-Diensten vorzubereiten. Im Folgenden werden einige der \u00fcblichen Schritte des Mastering-Prozesses beschrieben:<\/p>\n<ul>\n<li>Entzerrung: Die Entzerrung (EQ) dient dazu, die tonale Ausgewogenheit der Mischung anzupassen und das gesamte Frequenzspektrum geringf\u00fcgig zu ver\u00e4ndern.<\/li>\n<li>Dynamische Bearbeitung: Dies beinhaltet die Verwendung von Dynamikbearbeitung wie Kompression und Limiting, um den Dynamikbereich der Mischung zu kontrollieren und den Gesamtlautst\u00e4rkepegel konsistent zu halten.<\/li>\n<li>Stereo-Verbesserung: Hierbei wird das Stereobild durch Stereobearbeitung (z. B. Stereo-Widener und Image Enhancer) verbessert und die r\u00e4umliche Dimension der Mischung erh\u00f6ht.<\/li>\n<li>Fertigstellung des Masters: Dies beinhaltet die \u00dcberpr\u00fcfung des Masters auf technische Probleme, wie Clipping oder Phasenprobleme, sowie letzte Anpassungen an Pegel, Balance und Klang der Mischung.<\/li>\n<li>Dithering: Bei dieser Technik wird dem Audiosignal vor der Reduzierung der Bittiefe ein Rauschsignal mit niedrigem Pegel hinzugef\u00fcgt. Dieses zuf\u00e4llige Rauschsignal hilft, das Quantisierungsrauschen zu maskieren, indem es \u00fcber das Audiospektrum verteilt wird, so dass es f\u00fcr den H\u00f6rer weniger wahrnehmbar ist. Dithering kann dazu beitragen, die Gesamtklangqualit\u00e4t einer Masterdatei zu verbessern, indem die h\u00f6rbaren Auswirkungen des Quantisierungsrauschens reduziert werden.<\/li>\n<\/ul>\n<p>Der Mastering-Prozess wird in der Regel von einem Mastering-Ingenieur durchgef\u00fchrt, der \u00fcber spezielle Kenntnisse und Erfahrungen im Bereich der Audioverarbeitung und der Audioausr\u00fcstung verf\u00fcgt. Der Mastering-Prozess kann je nach Komplexit\u00e4t des Projekts und der Arbeitsbelastung des Technikers mehrere Stunden bis mehrere Tage dauern. Das Endergebnis des Mastering-Prozesses ist ein hochwertiges Endprodukt, das f\u00fcr den Vertrieb und die kommerzielle Ver\u00f6ffentlichung bereit ist.<\/p>\n<\/div><\/div><div class=\"et_pb_text_4 et_pb_text et_pb_bg_layout_light et_animated et_pb_module et_flex_module preset--module--divi-text--default\"><div class=\"et_pb_text_inner\"><h3>Sind Sie an unseren Dienstleistungen interessiert?<\/h3>\n<p>Schicken Sie uns eine E-Mail oder rufen Sie uns an, wir beantworten gerne alle Ihre Fragen, finden die beste L\u00f6sung f\u00fcr Sie und sorgen daf\u00fcr, dass Ihre Musik aufgenommen und produziert wird.<\/p>\n<\/div><\/div><div class=\"et_pb_module et_pb_button_module_wrapper et_pb_button_0_wrapper\"><a class=\"et_pb_button_0 et_pb_button et_pb_bg_layout_light et_animated et_pb_module et_flex_module\" href=\"https:\/\/asv.pt\/de\/kontakt\/\">Kontakt<\/a><\/div><\/div><\/div><\/div>","protected":false},"excerpt":{"rendered":"","protected":false},"author":1,"featured_media":0,"parent":0,"menu_order":0,"comment_status":"closed","ping_status":"closed","template":"","meta":{"footnotes":""},"class_list":["post-1979","page","type-page","status-publish","hentry"],"_links":{"self":[{"href":"https:\/\/asv.pt\/de\/wp-json\/wp\/v2\/pages\/1979","targetHints":{"allow":["GET"]}}],"collection":[{"href":"https:\/\/asv.pt\/de\/wp-json\/wp\/v2\/pages"}],"about":[{"href":"https:\/\/asv.pt\/de\/wp-json\/wp\/v2\/types\/page"}],"author":[{"embeddable":true,"href":"https:\/\/asv.pt\/de\/wp-json\/wp\/v2\/users\/1"}],"replies":[{"embeddable":true,"href":"https:\/\/asv.pt\/de\/wp-json\/wp\/v2\/comments?post=1979"}],"version-history":[{"count":8,"href":"https:\/\/asv.pt\/de\/wp-json\/wp\/v2\/pages\/1979\/revisions"}],"predecessor-version":[{"id":2801,"href":"https:\/\/asv.pt\/de\/wp-json\/wp\/v2\/pages\/1979\/revisions\/2801"}],"wp:attachment":[{"href":"https:\/\/asv.pt\/de\/wp-json\/wp\/v2\/media?parent=1979"}],"curies":[{"name":"wp","href":"https:\/\/api.w.org\/{rel}","templated":true}]}}