{"id":2,"date":"2021-03-22T18:56:55","date_gmt":"2021-03-22T18:56:55","guid":{"rendered":"https:\/\/asv.pt\/?page_id=2"},"modified":"2025-11-01T19:39:34","modified_gmt":"2025-11-01T19:39:34","slug":"beispielseite","status":"publish","type":"page","link":"https:\/\/asv.pt\/de\/","title":{"rendered":"Algarve Sound &amp; Vision"},"content":{"rendered":"<div class=\"et_pb_section_0 et_pb_section et_section_regular et_block_section et_pb_section_parallax sfly_hero sfly_hero_6\"><span class=\"et-pb-parallax-wrapper\"><span class=\"et-pb-parallax-background et-pb-parallax-background-module--divi-section-0\" style=\"background-image:url(https:\/\/asv.pt\/wp-content\/uploads\/2021\/05\/BoatAndRocks.jpg)\"><\/span><\/span><div class=\"et_pb_row_0 et_pb_row et_pb_equal_columns et_pb_gutters1 et_block_row et_pb_row_fullwidth\"><div class=\"et_pb_column_0 et_pb_column et_pb_column_1_2 et_block_column et_pb_css_mix_blend_mode_passthrough\"><div class=\"et_pb_image_0 et_pb_image et_pb_module et_flex_module preset--module--divi-image--default\"><span class=\"et_pb_image_wrap\"><img decoding=\"async\" src=\"https:\/\/asv.pt\/wp-content\/uploads\/2021\/06\/ASV_Logo_Snow.png\" alt=\"Algarve Sound &amp; Vision-Logo\" title=\"Algarve Sound &amp; Vision-Logo\" width=\"451\" height=\"228\" class=\"wp-image-1127\" \/><\/span><\/div><div class=\"et_pb_text_0 et_pb_text et_pb_bg_layout_dark et_animated et_pb_module et_flex_module preset--module--divi-text--default\"><div class=\"et_pb_text_inner\"><h1>Algarve Sound &amp; Vision<\/h1>\n<\/div><\/div><div class=\"et_pb_text_1 et_pb_text et_pb_bg_layout_dark et_animated et_pb_module et_flex_module preset--module--divi-text--default\"><div class=\"et_pb_text_inner\"><p>Professionelle Fotografie &amp; Videografie Dienstleistungen<br \/>Tonaufnahme- und Produktionsstudio und Plattenlabel<\/p>\n<\/div><\/div><div class=\"et_pb_module et_pb_button_module_wrapper et_pb_button_0_wrapper\"><a class=\"et_pb_button_0 et_pb_button et_pb_bg_layout_light et_animated et_pb_module et_flex_module\" href=\"#SelectArea\">Zeig mir mehr!<\/a><\/div><\/div><div class=\"et_pb_column_1 et_pb_column et_pb_column_1_2 et-last-child et_block_column et_pb_column_empty et_pb_css_mix_blend_mode_passthrough\"><\/div><\/div><\/div><div class=\"et_pb_section_1 et_pb_section et_section_regular et_block_section\"><span class=\"et_pb_background_mask\"><\/span><div class=\"et_pb_row_1 et_pb_row et_block_row\"><div class=\"et_pb_column_2 et_pb_column et_pb_column_4_4 et-last-child et_block_column et_pb_css_mix_blend_mode_passthrough\"><div class=\"et_pb_image_1 et_pb_image et_pb_module et_flex_module preset--module--divi-image--default\"><span class=\"et_pb_image_wrap\"><img decoding=\"async\" src=\"https:\/\/asv.pt\/wp-content\/uploads\/2021\/06\/ASV_Logo_Snow.png\" alt=\"Algarve Sound &amp; Vision-Logo\" title=\"Algarve Sound &amp; Vision-Logo\" width=\"451\" height=\"228\" class=\"wp-image-1127\" \/><\/span><\/div><div class=\"et_pb_text_2 et_pb_text et_pb_bg_layout_dark et_pb_module et_flex_module preset--module--divi-text--default\"><div class=\"et_pb_text_inner\"><h1>Algarve Sound &amp; Vision<\/h1>\n<\/div><\/div><div class=\"et_pb_text_3 et_pb_text et_pb_bg_layout_dark et_pb_module et_flex_module preset--module--divi-text--default\"><div class=\"et_pb_text_inner\"><p style=\"text-align: center;\">Professionelle Fotografie &amp; Videografie Dienstleistungen<br \/>Tonaufnahme- und Produktionsstudio und Plattenlabel<\/p>\n<\/div><\/div><div class=\"et_pb_module et_pb_button_module_wrapper et_pb_button_1_wrapper\"><a class=\"et_pb_button_1 et_pb_button et_pb_bg_layout_light et_pb_module et_flex_module\" href=\"#SelectArea\">Zeig mir mehr!<\/a><\/div><\/div><\/div><\/div><div class=\"et_pb_section_2 et_pb_section et_section_regular et_block_section sfly_cta sfly_cta_3\"><div class=\"et_pb_row_2 et_pb_row et_block_row\" id=\"SelectArea\"><div class=\"et_pb_column_3 et_pb_column et_pb_column_4_4 et-last-child et_block_column et_pb_css_mix_blend_mode_passthrough\"><div class=\"et_pb_text_4 et_pb_text et_pb_bg_layout_light et_animated et_pb_module et_flex_module preset--module--divi-text--default\"><div class=\"et_pb_text_inner\"><h2>Algarve Sound &amp; Vision<\/h2>\n<p class=\"translation-block\">Es gibt drei Hauptbereiche von Dienstleistungen, die ich Ihnen unter dem Markennamen \"Algarve Sound &amp; Vision\" anbieten m\u00f6chte:<\/p>\n<p>Erstens: die <a href=\"https:\/\/asv.pt\/de\/tonaufnahme_studio-lagos-musik\/\">Musikaufnahmestudio <\/a>und Dienstleistungen rund um <a href=\"https:\/\/asv.pt\/de\/tonaufnahme_studio-lagos-musik\/\">Audioaufnahme, Bearbeitung, Mastering<\/a> und <a href=\"https:\/\/asv.pt\/de\/plattenlabel\/\">Verteilen<\/a>. Wenn Sie ein Musiker sind, werden Sie erstaunt sein, wie sch\u00f6n es sein kann, Musik aufzunehmen und zu ver\u00f6ffentlichen. Mein Arbeitsablauf ist einfach und konzentriert sich auf die Geschichte, die Ihre Musik erz\u00e4hlen will. Und die <a href=\"https:\/\/asv.pt\/de\/plattenlabel\/\">Label f\u00fcr digitalen Vertrieb<\/a> wird daf\u00fcr sorgen, dass Ihre Musik in der ganzen Welt geh\u00f6rt werden kann.<\/p>\n<p>Zweitens, <a href=\"https:\/\/asv.pt\/de\/portratfotografie\/\">Portr\u00e4tfotografie<\/a> ist etwas, das ich wirklich gerne mache, weil das Fotografieren einer Person eine anspruchsvolle Aufgabe ist, die nicht in ein paar Minuten erledigt werden kann. Wenn Sie ein Portr\u00e4t wollen, das Sie wirklich einf\u00e4ngt, m\u00fcssen Sie einige Stunden damit verbringen, es richtig hinzubekommen.<\/p>\n<p>Drittens: <a href=\"https:\/\/asv.pt\/de\/immobilienfotografie-ferienhausfotografie\/\">Fotografie von Immobilien und Ferienh\u00e4usern<\/a>, <a href=\"https:\/\/asv.pt\/de\/portratfotografie\/\">Portr\u00e4tfotografie<\/a>Der Bereich Fotografie umfasst auch Videodienstleistungen, z. B. Videos von Ihrer Ferienwohnung oder hochwertige Drohnenvideos von dem Haus, das Sie verkaufen m\u00f6chten.<\/p>\n<p>Wenn Sie m\u00f6chten, besuchen Sie bitte die folgenden Seiten, um zu erfahren, wie wir zusammenarbeiten k\u00f6nnten.<\/p>\n<\/div><\/div><\/div><\/div><\/div><div class=\"et_pb_section_3 et_pb_section et_section_regular et_block_section sfly_feature sfly_feature_5\"><div class=\"et_pb_row_3 et_pb_row et_pb_equal_columns et_pb_gutters1 et_block_row et_pb_row_fullwidth\"><div class=\"et_pb_column_4 et_pb_column et_pb_column_1_3 et_block_column et_pb_css_mix_blend_mode_passthrough et_pb_section_parallax\"><span class=\"et-pb-parallax-wrapper\"><span class=\"et-pb-parallax-background et-pb-parallax-background-module--divi-column-4\" style=\"background-image:url(https:\/\/asv.pt\/wp-content\/uploads\/2021\/10\/Real_Estate_Photography.jpg)\"><\/span><\/span><div class=\"et_pb_blurb_0 et_pb_blurb et_pb_bg_layout_dark et_pb_text_align_center et_pb_blurb_position_top et_animated et_pb_module et_flex_module preset--module--divi-blurb--default\"><div class=\"et_pb_blurb_content et_flex_module\"><div class=\"et_pb_blurb_container\"><h4 class=\"et_pb_module_header\">Immobilien Fotografie &amp; Video<\/h4><div class=\"et_pb_blurb_description\"><p>Ein perfektes Bild der Immobilie, die Sie verkaufen wollen, ist das Wichtigste, um eine breite Palette von Kunden anzusprechen. Ich kann diese perfekten Bilder f\u00fcr Sie aufnehmen und ein Video erstellen, das Ihre Verkaufschancen noch erh\u00f6ht. Wenn Sie m\u00f6chten, kann ich auch atemberaubende Drohnenvideos und -bilder aufnehmen.<\/p>\n<\/div><\/div><\/div><\/div><div class=\"et_pb_module et_pb_button_module_wrapper et_pb_button_2_wrapper\"><a class=\"et_pb_button_2 et_pb_button et_pb_bg_layout_light et_animated et_pb_module et_flex_module\" href=\"https:\/\/asv.pt\/de\/immobilienfotografie-ferienhausfotografie\/\">Mehr Infos<\/a><\/div><\/div><div class=\"et_pb_column_5 et_pb_column et_pb_column_1_3 et_block_column et_pb_css_mix_blend_mode_passthrough et_pb_section_parallax sfly_grey_overlay\"><span class=\"et-pb-parallax-wrapper\"><span class=\"et-pb-parallax-background et-pb-parallax-background-module--divi-column-5\" style=\"background-image:url(https:\/\/asv.pt\/wp-content\/uploads\/2021\/05\/David.jpg)\"><\/span><\/span><div class=\"et_pb_blurb_1 et_pb_blurb et_pb_bg_layout_dark et_pb_text_align_center et_pb_blurb_position_top et_animated et_pb_module et_flex_module preset--module--divi-blurb--default\"><div class=\"et_pb_blurb_content et_flex_module\"><div class=\"et_pb_blurb_container\"><h4 class=\"et_pb_module_header\">Portr\u00e4tfotografie<\/h4><div class=\"et_pb_blurb_description\"><p>Ich mache Portr\u00e4ts f\u00fcr Musiker, K\u00fcnstler, Gesch\u00e4ftsleute, Unternehmer, Firmen und Macher. Kreative Menschen, die ihre Marke und ihre Leidenschaft vermarkten. Oder Sportler, deren Trainingserfolg festgehalten werden soll.<br \/>Sie wollen ein Portr\u00e4t? Ich bin der richtige Fotograf daf\u00fcr!<\/p>\n<\/div><\/div><\/div><\/div><div class=\"et_pb_module et_pb_button_module_wrapper et_pb_button_3_wrapper\"><a class=\"et_pb_button_3 et_pb_button et_pb_bg_layout_light et_animated et_pb_module et_flex_module\" href=\"https:\/\/asv.pt\/de\/portratfotografie\/\">Mehr Infos<\/a><\/div><\/div><div class=\"et_pb_column_6 et_pb_column et_pb_column_1_3 et-last-child et_block_column et_pb_css_mix_blend_mode_passthrough et_pb_section_parallax sfly_grey_overlay\"><span class=\"et-pb-parallax-wrapper\"><span class=\"et-pb-parallax-background et-pb-parallax-background-module--divi-column-6\" style=\"background-image:url(https:\/\/asv.pt\/wp-content\/uploads\/2021\/05\/LAB_Grand_Piano.jpg)\"><\/span><\/span><div class=\"et_pb_blurb_2 et_pb_blurb et_pb_bg_layout_dark et_pb_text_align_center et_pb_blurb_position_top et_animated et_pb_module et_flex_module preset--module--divi-blurb--default\"><div class=\"et_pb_blurb_content et_flex_module\"><div class=\"et_pb_blurb_container\"><h4 class=\"et_pb_module_header\">Audioaufnahme, Mixing &amp; Produktion, Plattenfirma<\/h4><div class=\"et_pb_blurb_description\"><p>Als Musiker habe ich jahrelang in der Aufnahme- und Musikproduktionsbranche gearbeitet. Ob Interviewaufnahmen, ein Fado-Duo oder eine komplette Band, ich bin f\u00fcr alles ger\u00fcstet und ausgebildet. Ich kann die Aufnahmen bearbeiten, mischen und mastern, um sie auf CD oder per Streaming zu ver\u00f6ffentlichen. Ich kann das Cover f\u00fcr Ihr Album gestalten und Ihre Musik sogar \u00fcber mein Plattenlabel ver\u00f6ffentlichen und vertreiben.<\/p>\n<\/div><\/div><\/div><\/div><div class=\"et_pb_module et_pb_button_module_wrapper et_pb_button_4_wrapper\"><a class=\"et_pb_button_4 et_pb_button et_pb_bg_layout_light et_animated et_pb_module et_flex_module\" href=\"https:\/\/asv.pt\/de\/tonaufnahme_studio-lagos-musik\/\">Mehr Infos<\/a><\/div><\/div><\/div><div class=\"et_pb_row_4 et_pb_row et_block_row\"><div class=\"et_pb_column_7 et_pb_column et_pb_column_4_4 et-last-child et_block_column et_pb_css_mix_blend_mode_passthrough\"><div class=\"et_pb_text_5 et_pb_text et_pb_bg_layout_light et_pb_module et_flex_module preset--module--divi-text--default\"><div class=\"et_pb_text_inner\"><h3>Aus dem Blog:<\/h3>\n<\/div><\/div><div class=\"et_pb_post_slider_0 et_pb_post_slider et_pb_bg_layout_dark et_pb_slider et_pb_slider_fullwidth_off et_pb_post_slider_image_left et_pb_slider_with_overlay et_pb_module et_flex_module preset--module--divi-post-slider--default\"><div class=\"et_pb_slides\"><div class=\"et_pb_slide et_pb_slide_with_image et_pb_media_alignment_center et_pb_post_slide-2567\" style=\"background-image:\"><div class=\"et_pb_slide_overlay_container\"><\/div><div class=\"et_pb_container clearfix\"><div class=\"et_pb_slider_container_inner\"><div class=\"et_pb_slide_image\"><img decoding=\"async\" src=\"https:\/\/asv.pt\/wp-content\/uploads\/2025\/06\/BTC_ETA_Icon_3D.png\" alt=\"BTC ETA Smart Bitcoin Transaction Timing\" width=\"1024\" height=\"1024\" title=\"\"><\/div><div class=\"et_pb_slide_description\"><h2 class=\"et_pb_slide_title\"><a href=\"https:\/\/asv.pt\/de\/2025\/06\/11\/introducing-btc-eta-smart-bitcoin-transaction-timing-for-everyone\/\">Einf\u00fchrung von BTC ETA: Intelligente Bitcoin-Transaktionszeitmessung f\u00fcr jedermann<\/a><\/h2><div class=\"et_pb_slide_content\"><div class=\"et_pb_slide_content_body\"><p>Bitcoin-Transaktionen k\u00f6nnen frustrierend sein. Entweder zahlen Sie zu viel, um eine schnelle Best\u00e4tigung zu erhalten, oder Sie zahlen zu wenig und warten tagelang, bis Ihre Transaktion abgeschlossen ist. Was w\u00e4re, wenn es einen intelligenteren Weg g\u00e4be? Genau aus diesem Grund habe ich BTC ETA - Bitcoin Confirmations entwickelt, das jetzt im App Store erh\u00e4ltlich ist. Das Problem mit Bitcoin-Geb\u00fchren Jeder Bitcoin-Nutzer steht vor dem...<\/p>\n<\/div><\/div><div class=\"et_pb_button_wrapper\"><a class=\"et_pb_button et_pb_more_button\" href=\"https:\/\/asv.pt\/de\/2025\/06\/11\/introducing-btc-eta-smart-bitcoin-transaction-timing-for-everyone\/\">Mehr lesen<\/a><\/div><\/div><\/div><\/div><\/div><div class=\"et_pb_slide et_pb_slide_with_image et_pb_media_alignment_center et_pb_post_slide-2498\" style=\"background-image:\"><div class=\"et_pb_slide_overlay_container\"><\/div><div class=\"et_pb_container clearfix\"><div class=\"et_pb_slider_container_inner\"><div class=\"et_pb_slide_image\"><img decoding=\"async\" src=\"https:\/\/asv.pt\/wp-content\/uploads\/2025\/01\/Billy-Sheehan.jpg\" alt=\"Billy Sheehan\" width=\"2400\" height=\"1350\" title=\"\"><\/div><div class=\"et_pb_slide_description\"><h2 class=\"et_pb_slide_title\"><a href=\"https:\/\/asv.pt\/de\/2025\/01\/06\/creative-excellence-the-hands-behind-the-hands-book\/\">Kreative Exzellenz: Die H\u00e4nde hinter dem HANDS BOOK<\/a><\/h2><div class=\"et_pb_slide_content\"><div class=\"et_pb_slide_content_body\"><p>Kreative Exzellenz: Die H\u00e4nde hinter dem HANDS BOOK Bei Algarve Sound &amp; Vision steht die Kreativit\u00e4t im Mittelpunkt meines Handelns. Das HANDS BOOK ist ein Zeugnis dieses Ethos und zeigt die Kraft der Kombination von Kunstfertigkeit, technischem Know-how und einem Auge f\u00fcrs Detail. Nach \u00fcber einem Jahrzehnt der Entwicklung freue ich mich, ank\u00fcndigen zu k\u00f6nnen, dass das HANDS BOOK...<\/p>\n<\/div><\/div><div class=\"et_pb_button_wrapper\"><a class=\"et_pb_button et_pb_more_button\" href=\"https:\/\/asv.pt\/de\/2025\/01\/06\/creative-excellence-the-hands-behind-the-hands-book\/\">Mehr lesen<\/a><\/div><\/div><\/div><\/div><\/div><div class=\"et_pb_slide et_pb_slide_with_image et_pb_media_alignment_center et_pb_post_slide-2470\" style=\"background-image:\"><div class=\"et_pb_slide_overlay_container\"><\/div><div class=\"et_pb_container clearfix\"><div class=\"et_pb_slider_container_inner\"><div class=\"et_pb_slide_image\"><img decoding=\"async\" src=\"https:\/\/asv.pt\/wp-content\/uploads\/2024\/08\/11.png\" alt=\"FretBoard 1.1\" width=\"2160\" height=\"3840\" title=\"\"><\/div><div class=\"et_pb_slide_description\"><h2 class=\"et_pb_slide_title\"><a href=\"https:\/\/asv.pt\/de\/2024\/08\/26\/fretboard-v1-1-0\/\">FretBoard v1.1.0<\/a><\/h2><div class=\"et_pb_slide_content\"><div class=\"et_pb_slide_content_body\"><p>Hallo zusammen! Ich freue mich riesig, euch das neueste Update f\u00fcr FretBoard vorstellen zu k\u00f6nnen, und dieses bringt etwas mit, das ihr bestimmt lieben werdet! Was ist neu: Instrumenten-Editor: Das ist die gro\u00dfe Neuigkeit! Ich habe einen Instrumenten-Editor hinzugef\u00fcgt, mit dem Sie individuell gestimmte und einzigartig gestaltete Instrumente erstellen oder bearbeiten k\u00f6nnen. Egal, ob Sie mit alternativen Instrumenten experimentieren wollen...<\/p>\n<\/div><\/div><div class=\"et_pb_button_wrapper\"><a class=\"et_pb_button et_pb_more_button\" href=\"https:\/\/asv.pt\/de\/2024\/08\/26\/fretboard-v1-1-0\/\">Mehr lesen<\/a><\/div><\/div><\/div><\/div><\/div><div class=\"et_pb_slide et_pb_slide_with_image et_pb_media_alignment_center et_pb_post_slide-2411\" style=\"background-image:\"><div class=\"et_pb_slide_overlay_container\"><\/div><div class=\"et_pb_container clearfix\"><div class=\"et_pb_slider_container_inner\"><div class=\"et_pb_slide_image\"><img decoding=\"async\" src=\"https:\/\/asv.pt\/wp-content\/uploads\/2024\/03\/24-03-09-L1000120-1500.jpg\" alt=\"\" width=\"1500\" height=\"1000\" title=\"\"><\/div><div class=\"et_pb_slide_description\"><h2 class=\"et_pb_slide_title\"><a href=\"https:\/\/asv.pt\/de\/2024\/03\/10\/svetlana-bakushina-fusion-project\/\">Svetlana Bakushina Fusionsprojekt<\/a><\/h2><div class=\"et_pb_slide_content\"><div class=\"et_pb_slide_content_body\"><p>Im bezaubernden Ambiente des Cine Teatro Louletano pr\u00e4sentierte das Svetlana Bakushina Fusion Project eine faszinierende Mischung aus Jazz, ethnischen Melodien und progressiven Rockelementen und fesselte das Publikum mit einem lebendigen Klangteppich. Im Mittelpunkt dieses einzigartigen musikalischen Unterfangens steht Svetlana Bakushina, deren virtuose Beherrschung...<\/p>\n<\/div><\/div><div class=\"et_pb_button_wrapper\"><a class=\"et_pb_button et_pb_more_button\" href=\"https:\/\/asv.pt\/de\/2024\/03\/10\/svetlana-bakushina-fusion-project\/\">Mehr lesen<\/a><\/div><\/div><\/div><\/div><\/div><div class=\"et_pb_slide et_pb_slide_with_image et_pb_media_alignment_center et_pb_post_slide-2378\" style=\"background-image:\"><div class=\"et_pb_slide_overlay_container\"><\/div><div class=\"et_pb_container clearfix\"><div class=\"et_pb_slider_container_inner\"><div class=\"et_pb_slide_image\"><img decoding=\"async\" src=\"https:\/\/asv.pt\/wp-content\/uploads\/2023\/11\/FretBoardWebsite.png\" alt=\"FretBoard Akkorde &amp; Tonleitern\" width=\"1024\" height=\"629\" title=\"\"><\/div><div class=\"et_pb_slide_description\"><h2 class=\"et_pb_slide_title\"><a href=\"https:\/\/asv.pt\/de\/2024\/01\/19\/fretboard-chords-scales-app-now-available-for-android-users\/\">FretBoard Akkorde &amp; Tonleitern App: Jetzt auch f\u00fcr Android-Nutzer verf\u00fcgbar!<\/a><\/h2><div class=\"et_pb_slide_content\"><div class=\"et_pb_slide_content_body\"><p>Ich gr\u00fc\u00dfe alle Musikliebhaber und technikbegeisterten Musiker! Heute freue ich mich unglaublich, Ihnen einige fantastische Neuigkeiten aus der digitalen Welt der Musik mitteilen zu k\u00f6nnen. Wie viele von Ihnen wissen, geht es bei Algarve Sound &amp; Vision nicht nur darum, sch\u00f6ne Kl\u00e4nge und Bilder zu kreieren, sondern auch darum, Technologien zu nutzen, die unsere musikalischen Erfahrungen verbessern. Im Einklang mit...<\/p>\n<\/div><\/div><div class=\"et_pb_button_wrapper\"><a class=\"et_pb_button et_pb_more_button\" href=\"https:\/\/asv.pt\/de\/2024\/01\/19\/fretboard-chords-scales-app-now-available-for-android-users\/\">Mehr lesen<\/a><\/div><\/div><\/div><\/div><\/div><div class=\"et_pb_slide et_pb_slide_with_image et_pb_media_alignment_center et_pb_post_slide-2269\" style=\"background-image:\"><div class=\"et_pb_slide_overlay_container\"><\/div><div class=\"et_pb_container clearfix\"><div class=\"et_pb_slider_container_inner\"><div class=\"et_pb_slide_image\"><img decoding=\"async\" src=\"https:\/\/asv.pt\/wp-content\/uploads\/2023\/11\/2023-09-25-09.55.36-1500.jpg\" alt=\"Raw ChocoMama\" width=\"1500\" height=\"1000\" title=\"\"><\/div><div class=\"et_pb_slide_description\"><h2 class=\"et_pb_slide_title\"><a href=\"https:\/\/asv.pt\/de\/2023\/11\/25\/capturing-the-essence-of-raw-chocomama-a-photographic-journey\/\">Die Essenz von Raw ChocoMama einfangen: Eine fotografische Reise<\/a><\/h2><div class=\"et_pb_slide_content\"><div class=\"et_pb_slide_content_body\"><p>Die Essenz von Raw ChocoMama einfangen: Eine fotografische Reise Eingebettet in die Natur, wo Vogelgezwitscher die Luft erf\u00fcllt und Sterne den Nachthimmel erhellen, liegt die solarbetriebene K\u00fcche von Raw ChocoMama - eine Oase nicht nur f\u00fcr die Schokoladenherstellung, sondern auch f\u00fcr Kreativit\u00e4t und Verbundenheit. Ich hatte k\u00fcrzlich das Privileg, die Magie dieses Ortes einzufangen...<\/p>\n<\/div><\/div><div class=\"et_pb_button_wrapper\"><a class=\"et_pb_button et_pb_more_button\" href=\"https:\/\/asv.pt\/de\/2023\/11\/25\/capturing-the-essence-of-raw-chocomama-a-photographic-journey\/\">Mehr lesen<\/a><\/div><\/div><\/div><\/div><\/div><\/div><\/div><\/div><\/div><div class=\"et_pb_row_5 et_pb_row et_block_row\"><div class=\"et_pb_column_8 et_pb_column et_pb_column_4_4 et-last-child et_block_column et_pb_css_mix_blend_mode_passthrough\"><div class=\"et_pb_text_6 et_pb_text et_pb_bg_layout_light et_pb_module et_flex_module preset--module--divi-text--default\"><div class=\"et_pb_text_inner\"><h3>Aus dem Blog:<\/h3>\n<\/div><\/div><div class=\"et_pb_post_slider_1 et_pb_post_slider et_pb_bg_layout_dark et_pb_slider et_pb_slider_fullwidth_off et_pb_post_slider_image_background et_pb_slider_with_overlay et_pb_module et_flex_module preset--module--divi-post-slider--default\"><div class=\"et_pb_slides\"><div class=\"et_pb_slide et_pb_post_slide-2567\" style=\"background-image:url(https:\/\/asv.pt\/wp-content\/uploads\/2025\/06\/BTC_ETA_Icon_3D.png)\"><div class=\"et_pb_slide_overlay_container\"><\/div><div class=\"et_pb_container clearfix\"><div class=\"et_pb_slider_container_inner\"><div class=\"et_pb_slide_description\"><h2 class=\"et_pb_slide_title\"><a href=\"https:\/\/asv.pt\/de\/2025\/06\/11\/introducing-btc-eta-smart-bitcoin-transaction-timing-for-everyone\/\">Einf\u00fchrung von BTC ETA: Intelligente Bitcoin-Transaktionszeitmessung f\u00fcr jedermann<\/a><\/h2><div class=\"et_pb_slide_content\"><div class=\"et_pb_slide_content_body\"><p>Bitcoin-Transaktionen k\u00f6nnen frustrierend sein. Entweder zahlen Sie zu viel, um eine schnelle Best\u00e4tigung zu erhalten, oder Sie zahlen zu wenig und warten tagelang, bis Ihre Transaktion abgeschlossen ist. Was w\u00e4re, wenn es einen intelligenteren Weg g\u00e4be? Genau aus diesem Grund habe ich BTC ETA - Bitcoin Confirmations entwickelt, das jetzt im App Store erh\u00e4ltlich ist. Das Problem mit Bitcoin-Geb\u00fchren Jeder Bitcoin-Nutzer steht vor dem...<\/p>\n<\/div><\/div><div class=\"et_pb_button_wrapper\"><a class=\"et_pb_button et_pb_more_button\" href=\"https:\/\/asv.pt\/de\/2025\/06\/11\/introducing-btc-eta-smart-bitcoin-transaction-timing-for-everyone\/\">Mehr lesen<\/a><\/div><\/div><\/div><\/div><\/div><div class=\"et_pb_slide et_pb_post_slide-2498\" style=\"background-image:url(https:\/\/asv.pt\/wp-content\/uploads\/2025\/01\/Billy-Sheehan.jpg)\"><div class=\"et_pb_slide_overlay_container\"><\/div><div class=\"et_pb_container clearfix\"><div class=\"et_pb_slider_container_inner\"><div class=\"et_pb_slide_description\"><h2 class=\"et_pb_slide_title\"><a href=\"https:\/\/asv.pt\/de\/2025\/01\/06\/creative-excellence-the-hands-behind-the-hands-book\/\">Kreative Exzellenz: Die H\u00e4nde hinter dem HANDS BOOK<\/a><\/h2><div class=\"et_pb_slide_content\"><div class=\"et_pb_slide_content_body\"><p>Kreative Exzellenz: Die H\u00e4nde hinter dem HANDS BOOK Bei Algarve Sound &amp; Vision steht die Kreativit\u00e4t im Mittelpunkt meines Handelns. Das HANDS BOOK ist ein Zeugnis dieses Ethos und zeigt die Kraft der Kombination von Kunstfertigkeit, technischem Know-how und einem Auge f\u00fcrs Detail. Nach \u00fcber einem Jahrzehnt der Entwicklung freue ich mich, ank\u00fcndigen zu k\u00f6nnen, dass das HANDS BOOK...<\/p>\n<\/div><\/div><div class=\"et_pb_button_wrapper\"><a class=\"et_pb_button et_pb_more_button\" href=\"https:\/\/asv.pt\/de\/2025\/01\/06\/creative-excellence-the-hands-behind-the-hands-book\/\">Mehr lesen<\/a><\/div><\/div><\/div><\/div><\/div><div class=\"et_pb_slide et_pb_post_slide-2470\" style=\"background-image:url(https:\/\/asv.pt\/wp-content\/uploads\/2024\/08\/11.png)\"><div class=\"et_pb_slide_overlay_container\"><\/div><div class=\"et_pb_container clearfix\"><div class=\"et_pb_slider_container_inner\"><div class=\"et_pb_slide_description\"><h2 class=\"et_pb_slide_title\"><a href=\"https:\/\/asv.pt\/de\/2024\/08\/26\/fretboard-v1-1-0\/\">FretBoard v1.1.0<\/a><\/h2><div class=\"et_pb_slide_content\"><div class=\"et_pb_slide_content_body\"><p>Hallo zusammen! Ich freue mich riesig, euch das neueste Update f\u00fcr FretBoard vorstellen zu k\u00f6nnen, und dieses bringt etwas mit, das ihr bestimmt lieben werdet! Was ist neu: Instrumenten-Editor: Das ist die gro\u00dfe Neuigkeit! Ich habe einen Instrumenten-Editor hinzugef\u00fcgt, mit dem Sie individuell gestimmte und einzigartig gestaltete Instrumente erstellen oder bearbeiten k\u00f6nnen. Egal, ob Sie mit alternativen Instrumenten experimentieren wollen...<\/p>\n<\/div><\/div><div class=\"et_pb_button_wrapper\"><a class=\"et_pb_button et_pb_more_button\" href=\"https:\/\/asv.pt\/de\/2024\/08\/26\/fretboard-v1-1-0\/\">Mehr lesen<\/a><\/div><\/div><\/div><\/div><\/div><\/div><\/div><\/div><\/div><\/div>","protected":false},"excerpt":{"rendered":"","protected":false},"author":1,"featured_media":0,"parent":0,"menu_order":0,"comment_status":"closed","ping_status":"open","template":"","meta":{"footnotes":""},"class_list":["post-2","page","type-page","status-publish","hentry"],"_links":{"self":[{"href":"https:\/\/asv.pt\/de\/wp-json\/wp\/v2\/pages\/2","targetHints":{"allow":["GET"]}}],"collection":[{"href":"https:\/\/asv.pt\/de\/wp-json\/wp\/v2\/pages"}],"about":[{"href":"https:\/\/asv.pt\/de\/wp-json\/wp\/v2\/types\/page"}],"author":[{"embeddable":true,"href":"https:\/\/asv.pt\/de\/wp-json\/wp\/v2\/users\/1"}],"replies":[{"embeddable":true,"href":"https:\/\/asv.pt\/de\/wp-json\/wp\/v2\/comments?post=2"}],"version-history":[{"count":40,"href":"https:\/\/asv.pt\/de\/wp-json\/wp\/v2\/pages\/2\/revisions"}],"predecessor-version":[{"id":2783,"href":"https:\/\/asv.pt\/de\/wp-json\/wp\/v2\/pages\/2\/revisions\/2783"}],"wp:attachment":[{"href":"https:\/\/asv.pt\/de\/wp-json\/wp\/v2\/media?parent=2"}],"curies":[{"name":"wp","href":"https:\/\/api.w.org\/{rel}","templated":true}]}}