{"id":2061,"date":"2023-02-22T20:30:04","date_gmt":"2023-02-22T20:30:04","guid":{"rendered":"https:\/\/asv.pt\/?page_id=2061"},"modified":"2025-11-01T19:39:53","modified_gmt":"2025-11-01T19:39:53","slug":"wie-man-sich-auf-eine-aufnahmesession-vorbereitet","status":"publish","type":"page","link":"https:\/\/asv.pt\/de\/how-to-prepare-for-a-recording-session\/","title":{"rendered":"Wie bereite ich mich auf eine Aufnahmesitzung vor?"},"content":{"rendered":"<div class=\"et_pb_section_0 et_pb_section et_pb_fullwidth_section et_section_regular et_block_section sfly_hero sfly_hero_1\"><section class=\"et_pb_fullwidth_header_0 et_pb_fullwidth_header et_pb_fullscreen et_pb_bg_layout_dark et_pb_text_align_center et_animated et_pb_section_parallax et_pb_module et_flex_module sfly_fullwidth_header\"><span class=\"et-pb-parallax-wrapper\"><span class=\"et-pb-parallax-background et-pb-parallax-background-module--divi-fullwidth-header-0\" style=\"background-image:url(https:\/\/asv.pt\/wp-content\/uploads\/2023\/02\/Glenn_Doc_Murdock.jpg)\"><\/span><\/span><div class=\"et_pb_fullwidth_header_container center\"><div class=\"header-content-container center\"><div class=\"header-content et_flex_module\"><h1 class=\"et_pb_module_header\">Wie bereite ich mich auf eine Aufnahmesitzung vor?<\/h1><div class=\"et_pb_header_content_wrapper\"><p>Sie haben eine Aufnahmesitzung gebucht? Prima! Jetzt ist es Zeit f\u00fcr die Vorbereitung! Sie ist ein wesentlicher Bestandteil, um sicherzustellen, dass Sie Ihre beste Leistung abliefern und die kostbare Studiozeit so gut wie m\u00f6glich nutzen k\u00f6nnen. Hier sind einige Tipps.<\/p>\n<\/div><div class=\"et_pb_header_button_wrapper\"><\/div><\/div><\/div><\/div><div class=\"et_pb_fullwidth_header_overlay\"><\/div><div class=\"et_pb_fullwidth_header_scroll\"><a class=\"scroll-down-container\" href=\"#\"><span class=\"scroll-down et-pb-icon\">3<\/span><\/a><\/div><\/section><\/div><div class=\"et_pb_section_1 et_pb_section et_section_regular et_block_section sfly_feature sfly_feature_10\"><div class=\"et_pb_row_0 et_pb_row et_block_row\"><div class=\"et_pb_column_0 et_pb_column et_pb_column_1_2 et_block_column et_pb_css_mix_blend_mode_passthrough column2\"><div class=\"et_pb_blurb_0 et_pb_blurb et_pb_bg_layout_light et_pb_blurb_position_left et_pb_module et_flex_module preset--module--divi-blurb--default\"><div class=\"et_pb_blurb_content et_flex_module\"><div class=\"et_pb_main_blurb_image\" data-no-translation=\"\" data-no-auto-translation=\"\"><span class=\"et_pb_image_wrap\"><span class=\"et-pb-icon et-waypoint et_pb_animation_top et_pb_animation_top_tablet et_pb_animation_top_phone\">\uf4da<\/span><\/span><\/div><div class=\"et_pb_blurb_container\"><h4 class=\"et_pb_module_header\">Sich mit dem Material vertraut machen<\/h4><div class=\"et_pb_blurb_description\"><p>Es ist wichtig, dass Sie sich mit dem Material, das Sie aufnehmen, wohl f\u00fchlen. Vergewissern Sie sich, dass Sie die Lieder oder St\u00fccke gr\u00fcndlich geprobt haben und sich sicher sind, dass Sie sie vortragen k\u00f6nnen. Wenn Sie sich das Material nicht zutrauen, kann dies zu unn\u00f6tigem Stress und Angst w\u00e4hrend der Aufnahme f\u00fchren, was sich negativ auf Ihre Leistung auswirken kann.<\/p>\n<\/div><\/div><\/div><\/div><div class=\"et_pb_blurb_1 et_pb_blurb et_pb_bg_layout_light et_pb_blurb_position_left et_pb_module et_flex_module preset--module--divi-blurb--default\"><div class=\"et_pb_blurb_content et_flex_module\"><div class=\"et_pb_main_blurb_image\" data-no-translation=\"\" data-no-auto-translation=\"\"><span class=\"et_pb_image_wrap\"><span class=\"et-pb-icon et-waypoint et_pb_animation_top et_pb_animation_top_tablet et_pb_animation_top_phone\">\ue0f5<\/span><\/span><\/div><div class=\"et_pb_blurb_container\"><h4 class=\"et_pb_module_header\">Definieren Sie ein Ziel f\u00fcr die Sitzung<\/h4><div class=\"et_pb_blurb_description\"><p>Definieren Sie vor der Aufnahmesitzung Ihr Ziel. Was wollen Sie mit dieser Aufnahme erreichen? Wollen Sie ein Demo f\u00fcr ein Plattenlabel erstellen oder eine Single aufnehmen, die ver\u00f6ffentlicht werden soll? Wenn Sie Ihr Ziel kennen, k\u00f6nnen Sie sich konzentrieren und motiviert bleiben, und der Tontechniker kann Ihnen helfen, Ihr Ziel zu erreichen.<\/p>\n<\/div><\/div><\/div><\/div><div class=\"et_pb_blurb_2 et_pb_blurb et_pb_bg_layout_light et_pb_blurb_position_left et_pb_module et_flex_module preset--module--divi-blurb--default\"><div class=\"et_pb_blurb_content et_flex_module\"><div class=\"et_pb_main_blurb_image\" data-no-translation=\"\" data-no-auto-translation=\"\"><span class=\"et_pb_image_wrap\"><span class=\"et-pb-icon et-waypoint et_pb_animation_top et_pb_animation_top_tablet et_pb_animation_top_phone\">\uf043<\/span><\/span><\/div><div class=\"et_pb_blurb_container\"><h4 class=\"et_pb_module_header\">Bleiben Sie hydriert!<\/h4><div class=\"et_pb_blurb_description\"><p>Ich will nicht wie deine Mutter klingen, aber es ist so wichtig, dass du viel Wasser trinkst. Das gilt vor allem f\u00fcr S\u00e4ngerinnen und S\u00e4nger, aber auch f\u00fcr andere Instrumentalisten. Aufnahmen in einem Studio sind manchmal nervenaufreibend, und man muss sich \u00fcber eine lange Zeit konzentrieren. Das ist viel einfacher, wenn man gut hydriert ist. <strong>Bitte bringen Sie Ihr eigenes Wasser zur Sitzung mit.<\/strong><\/p>\n<\/div><\/div><\/div><\/div><div class=\"et_pb_blurb_3 et_pb_blurb et_pb_bg_layout_light et_pb_blurb_position_left et_pb_module et_flex_module preset--module--divi-blurb--default\"><div class=\"et_pb_blurb_content et_flex_module\"><div class=\"et_pb_main_blurb_image\" data-no-translation=\"\" data-no-auto-translation=\"\"><span class=\"et_pb_image_wrap\"><span class=\"et-pb-icon et-waypoint et_pb_animation_top et_pb_animation_top_tablet et_pb_animation_top_phone\">\uf7a6<\/span><\/span><\/div><div class=\"et_pb_blurb_container\"><h4 class=\"et_pb_module_header\">Bereiten Sie Ihr Instrument vor<\/h4><div class=\"et_pb_blurb_description\"><p>Wenn Sie ein Instrument spielen, k\u00fcmmern Sie sich bitte am Vortag um Ihr Instrument. Es k\u00f6nnte zum Beispiel einen neuen Satz Saiten brauchen oder muss gereinigt, eingestellt usw. werden. Was auch immer Sie tun, bringen Sie Ihr Instrument im bestm\u00f6glichen und vorbereiteten Zustand mit. Vergessen Sie bitte nicht, Kabel, Vorverst\u00e4rker, Verst\u00e4rker, R\u00f6hren, Effekte, Batterien und alles, was Sie f\u00fcr Ihre Aufnahme ben\u00f6tigen, zu testen. Nichts ist \u00e4rgerlicher als Ger\u00e4te, die aufgrund fehlender Wartung nicht richtig funktionieren.<\/p>\n<\/div><\/div><\/div><\/div><\/div><div class=\"et_pb_column_1 et_pb_column et_pb_column_1_2 et-last-child et_block_column et_pb_css_mix_blend_mode_passthrough column2\"><div class=\"et_pb_blurb_4 et_pb_blurb et_pb_bg_layout_light et_pb_blurb_position_left et_pb_module et_flex_module preset--module--divi-blurb--default\"><div class=\"et_pb_blurb_content et_flex_module\"><div class=\"et_pb_main_blurb_image\" data-no-translation=\"\" data-no-auto-translation=\"\"><span class=\"et_pb_image_wrap\"><span class=\"et-pb-icon et-waypoint et_pb_animation_top et_pb_animation_top_tablet et_pb_animation_top_phone\">\uf05a<\/span><\/span><\/div><div class=\"et_pb_blurb_container\"><h4 class=\"et_pb_module_header\">Senden Sie alle Informationen im Voraus<\/h4><div class=\"et_pb_blurb_description\"><p>Der Aufnahmetechniker muss im Voraus so viele Informationen wie m\u00f6glich erhalten. Dazu geh\u00f6ren Informationen dar\u00fcber, welche Ausr\u00fcstung Sie mitbringen und was Sie aufnehmen m\u00f6chten. Wenn Sie bestimmte Mikrofone oder Signalwege ben\u00f6tigen oder besondere Pr\u00e4ferenzen bez\u00fcglich des Setups haben, m\u00fcssen Sie dies unbedingt im Voraus mitteilen. Bitte stellen Sie au\u00dferdem so fr\u00fch wie m\u00f6glich alle erforderlichen Backing-Tracks, Stem-Files und BPM-Informationen zur Verf\u00fcgung, damit der Aufnahmetechniker die DAW-Session im Voraus vorbereiten kann.<br \/>Es w\u00e4re auch hilfreich, dem Aufnahmetechniker eine Liste von Referenztracks zur Verf\u00fcgung zu stellen, falls vorhanden. Dies erm\u00f6glicht ein besseres Verst\u00e4ndnis des gew\u00fcnschten Stils und der Stimmung vor der Aufnahmesession. Die Bereitstellung von Referenzspuren kann dem Tontechniker helfen, Entscheidungen \u00fcber die Platzierung der Mikrofone, den EQ und die Gesamtmischung zu treffen, was letztlich zu einer erfolgreicheren Aufnahme f\u00fchrt.<\/p>\n<\/div><\/div><\/div><\/div><div class=\"et_pb_blurb_5 et_pb_blurb et_pb_bg_layout_light et_pb_blurb_position_left et_pb_module et_flex_module preset--module--divi-blurb--default\"><div class=\"et_pb_blurb_content et_flex_module\"><div class=\"et_pb_main_blurb_image\" data-no-translation=\"\" data-no-auto-translation=\"\"><span class=\"et_pb_image_wrap\"><span class=\"et-pb-icon et-waypoint et_pb_animation_top et_pb_animation_top_tablet et_pb_animation_top_phone\">\uf7b6<\/span><\/span><\/div><div class=\"et_pb_blurb_container\"><h4 class=\"et_pb_module_header\">Aufw\u00e4rmen vor der Aufnahme<\/h4><div class=\"et_pb_blurb_description\"><p>So wie sich Sportler vor einem Spiel aufw\u00e4rmen, sollten sich auch Musiker vor einer Aufnahme aufw\u00e4rmen. Dies hilft, \u00dcberlastungen oder Verletzungen der Stimme oder der Muskeln zu vermeiden. Sie k\u00f6nnen sich aufw\u00e4rmen, indem Sie Stimm\u00fcbungen machen, Tonleitern spielen, Dehn\u00fcbungen machen oder einfach meditieren und sich konzentrieren.<\/p>\n<\/div><\/div><\/div><\/div><div class=\"et_pb_blurb_6 et_pb_blurb et_pb_bg_layout_light et_pb_blurb_position_left et_pb_module et_flex_module preset--module--divi-blurb--default\"><div class=\"et_pb_blurb_content et_flex_module\"><div class=\"et_pb_main_blurb_image\" data-no-translation=\"\" data-no-auto-translation=\"\"><span class=\"et_pb_image_wrap\"><span class=\"et-pb-icon et-waypoint et_pb_animation_top et_pb_animation_top_tablet et_pb_animation_top_phone\">\uf236<\/span><\/span><\/div><div class=\"et_pb_blurb_container\"><h4 class=\"et_pb_module_header\">Genug Schlaf bekommen<\/h4><div class=\"et_pb_blurb_description\"><p>Ausreichend Schlaf in der Nacht vor der Aufnahmesitzung ist entscheidend. Wenn Sie gut ausgeruht sind, k\u00f6nnen Sie sich w\u00e4hrend der Aufnahme konzentrieren und bleiben voller Energie.<\/p>\n<\/div><\/div><\/div><\/div><div class=\"et_pb_blurb_7 et_pb_blurb et_pb_bg_layout_light et_pb_blurb_position_left et_pb_module et_flex_module preset--module--divi-blurb--default\"><div class=\"et_pb_blurb_content et_flex_module\"><div class=\"et_pb_main_blurb_image\" data-no-translation=\"\" data-no-auto-translation=\"\"><span class=\"et_pb_image_wrap\"><span class=\"et-pb-icon et-waypoint et_pb_animation_top et_pb_animation_top_tablet et_pb_animation_top_phone\">\uf2f2<\/span><\/span><\/div><div class=\"et_pb_blurb_container\"><h4 class=\"et_pb_module_header\">Fr\u00fch ankommen und vorbereitet sein<\/h4><div class=\"et_pb_blurb_description\"><p>Wenn Sie fr\u00fchzeitig im Aufnahmestudio eintreffen, haben Sie Zeit, Ihre Ausr\u00fcstung aufzubauen, Ihr Instrument zu stimmen und sich mit der Umgebung vertraut zu machen. Die Zeit im Aufnahmestudio ist kostbar und die Uhr tickt ab dem Zeitpunkt, an dem wir den Termin vereinbart haben. Es ist auch wichtig, dass Sie alle notwendigen Ger\u00e4te und Zubeh\u00f6rteile, wie zus\u00e4tzliche Saiten oder Plektren, mitbringen.<\/p>\n<\/div><\/div><\/div><\/div><\/div><\/div><\/div><div class=\"et_pb_section_2 et_pb_section et_section_regular et_block_section sfly_feature sfly_feature_18\"><div class=\"et_pb_row_1 et_pb_row et_block_row\"><div class=\"et_pb_column_2 et_pb_column et_pb_column_1_2 et_block_column et_pb_column_empty et_pb_css_mix_blend_mode_passthrough column1\"><\/div><div class=\"et_pb_column_3 et_pb_column et_pb_column_1_2 et-last-child et_block_column et_pb_css_mix_blend_mode_passthrough column2\"><div class=\"et_pb_text_0 et_pb_text et_pb_bg_layout_light et_pb_module et_flex_module preset--module--divi-text--default\"><div class=\"et_pb_text_inner\"><p>Da habt ihr es also, Leute. Wenn Sie diese Tipps befolgen, sind Sie auf dem besten Weg zum Erfolg. Und denken Sie daran: Selbst wenn die Dinge nicht nach Plan laufen, spielen Sie einfach mit. Manchmal ergeben sich die besten Dinge aus unerwarteten Momenten. Und wer wei\u00df, vielleicht haben Sie sogar eine gute Pannenserie, die Sie mit Ihren Fans teilen k\u00f6nnen. Viel Gl\u00fcck, und brechen Sie sich ein Bein (aber nicht wirklich, das w\u00e4re schlimm).<\/p>\n<\/div><\/div><div class=\"et_pb_module et_pb_button_module_wrapper et_pb_button_0_wrapper\"><a class=\"et_pb_button_0 et_pb_button et_pb_bg_layout_light et_pb_module et_flex_module\" href=\"https:\/\/asv.pt\/de\/kontakt\/\">Noch Fragen?<\/a><\/div><\/div><\/div><\/div>","protected":false},"excerpt":{"rendered":"","protected":false},"author":1,"featured_media":0,"parent":0,"menu_order":0,"comment_status":"closed","ping_status":"closed","template":"","meta":{"footnotes":""},"class_list":["post-2061","page","type-page","status-publish","hentry"],"_links":{"self":[{"href":"https:\/\/asv.pt\/de\/wp-json\/wp\/v2\/pages\/2061","targetHints":{"allow":["GET"]}}],"collection":[{"href":"https:\/\/asv.pt\/de\/wp-json\/wp\/v2\/pages"}],"about":[{"href":"https:\/\/asv.pt\/de\/wp-json\/wp\/v2\/types\/page"}],"author":[{"embeddable":true,"href":"https:\/\/asv.pt\/de\/wp-json\/wp\/v2\/users\/1"}],"replies":[{"embeddable":true,"href":"https:\/\/asv.pt\/de\/wp-json\/wp\/v2\/comments?post=2061"}],"version-history":[{"count":20,"href":"https:\/\/asv.pt\/de\/wp-json\/wp\/v2\/pages\/2061\/revisions"}],"predecessor-version":[{"id":2802,"href":"https:\/\/asv.pt\/de\/wp-json\/wp\/v2\/pages\/2061\/revisions\/2802"}],"wp:attachment":[{"href":"https:\/\/asv.pt\/de\/wp-json\/wp\/v2\/media?parent=2061"}],"curies":[{"name":"wp","href":"https:\/\/api.w.org\/{rel}","templated":true}]}}