{"id":2638,"date":"2025-08-06T19:53:43","date_gmt":"2025-08-06T18:53:43","guid":{"rendered":"https:\/\/asv.pt\/?page_id=2638"},"modified":"2025-11-01T19:39:59","modified_gmt":"2025-11-01T19:39:59","slug":"playdly-benutzerhandbuch-vst-au-plugin","status":"publish","type":"page","link":"https:\/\/asv.pt\/de\/playdly-user-manual-vst-au-plugin\/","title":{"rendered":"PlayDLY Benutzerhandbuch - VST\/AU Plugin"},"content":{"rendered":"<div class=\"et_pb_section_0 et_pb_section et_section_regular et_block_section\"><div class=\"et_pb_row_0 et_pb_row et_block_row\"><div class=\"et_pb_column_0 et_pb_column et_pb_column_4_4 et-last-child et_block_column et_pb_css_mix_blend_mode_passthrough\"><div class=\"et_pb_heading_0 et_pb_heading et_pb_module et_flex_module\"><div class=\"et_pb_heading_container\"><h1 class=\"et_pb_module_header\">PlayDLY Benutzerhandbuch<\/h1><\/div><\/div><\/div><\/div><div class=\"et_pb_row_1 et_pb_row et_block_row\"><div class=\"et_pb_column_1 et_pb_column et_pb_column_3_5 et_block_column et_pb_css_mix_blend_mode_passthrough\"><div class=\"et_pb_text_0 et_pb_text et_pb_bg_layout_light et_pb_module et_flex_module preset--module--divi-text--default\"><div class=\"et_pb_text_inner\"><h2>Inhalts\u00fcbersicht<\/h2>\n<ol>\n<li><a href=\"#installation\">Einrichtung<\/a><\/li>\n<li>DAW-Einrichtung<\/li>\n<li><a href=\"#plugin_interface\">Plugin-Schnittstelle<\/a><\/li>\n<li>Gebrauchsanweisung<\/li>\n<li><a href=\"#presets\">Voreinstellungen<\/a><\/li>\n<li>Technische Referenz<\/li>\n<li><a href=\"#troubleshooting\">Fehlersuche<\/a><\/li>\n<li><a href=\"#downloads\">Neueste Version \/ Download<\/a><\/li>\n<\/ol>\n<\/div><\/div><div class=\"et_pb_module et_pb_button_module_wrapper et_pb_button_0_wrapper\"><a class=\"et_pb_button_0 et_pb_button et_pb_bg_layout_light et_pb_module et_flex_module\" href=\"#downloads\">Informationen herunterladen<\/a><\/div><\/div><div class=\"et_pb_column_2 et_pb_column et_pb_column_2_5 et-last-child et_block_column et_pb_css_mix_blend_mode_passthrough\"><div class=\"et_pb_image_0 et_pb_image et_pb_module et_flex_module preset--module--divi-image--default\"><a href=\"https:\/\/asv.pt\/wp-content\/uploads\/2025\/08\/PlayDLY108.png\" title=\"PlayDLY Benutzeroberfl\u00e4che v108\" class=\"et_pb_lightbox_image\"><span class=\"et_pb_image_wrap\"><img decoding=\"async\" src=\"https:\/\/asv.pt\/wp-content\/uploads\/2025\/08\/PlayDLY108.png\" alt=\"PlayDLY Benutzeroberfl\u00e4che v108\" title=\"PlayDLY Benutzeroberfl\u00e4che v108\" width=\"1488\" height=\"1940\" class=\"wp-image-2635\" \/><\/span><\/a><\/div><\/div><\/div><\/div><div class=\"et_pb_section_1 et_pb_section et_section_regular et_block_section\"><div class=\"et_pb_row_2 et_pb_row et_block_row\" id=\"installation\"><div class=\"et_pb_column_3 et_pb_column et_pb_column_1_2 et_block_column et_pb_css_mix_blend_mode_passthrough\"><div class=\"et_pb_text_1 et_pb_text et_pb_bg_layout_light et_pb_module et_flex_module preset--module--divi-text--default\"><div class=\"et_pb_text_inner\"><h2>Einrichtung<\/h2>\n<h3>Systemanforderungen<\/h3>\n<ul>\n<li>macOS 10.13 oder h\u00f6her<\/li>\n<li>64-Bit Intel oder Apple Silicon Prozessor<\/li>\n<li>Host-DAW, die AU- oder VST3-Plugins unterst\u00fctzt<\/li>\n<li>MIDI-Eingangsm\u00f6glichkeit (Hardware-Controller oder Software-MIDI)<\/li>\n<\/ul>\n<h3>Installation von PlayDLY<\/h3>\n<ol>\n<li>DMG mounten: Doppelklicken Sie auf `PlayDLY-1.0.109.dmg`, um das Disk Image zu mounten.<\/li>\n<li>Kopieren Sie die Plugins nach:<br \/>Audio-Einheiten: `~\/Library\/Audio\/Plug-Ins\/Components\/PlayDLY.component`<br \/>VST3: `~\/Library\/Audio\/Plug-Ins\/VST3\/PlayDLY.vst3`<\/li>\n<li>Starten Sie Ihre DAW neu, um das neue Plugin zu erkennen<\/li>\n<\/ol>\n<h3>\u00dcberpr\u00fcfung der Installation<\/h3>\n<ul>\n<li>\u00d6ffnen Sie Ihre DAW und suchen Sie nach \"PlayDLY\" in der Liste der Audioeffekte<\/li>\n<li>Das Plugin sollte unter den Kategorien \"Algarve Sound &amp; Vision\" oder \"Effekt\" erscheinen.<\/li>\n<li>Wenn nicht gefunden, \u00fcberpr\u00fcfen Sie die Plugin-Scan-Einstellungen Ihrer DAW<\/li>\n<\/ul>\n<\/div><\/div><\/div><div class=\"et_pb_column_4 et_pb_column et_pb_column_1_2 et-last-child et_block_column et_pb_css_mix_blend_mode_passthrough\"><div class=\"et_pb_text_2 et_pb_text et_pb_bg_layout_light et_pb_module et_flex_module preset--module--divi-text--default\"><div class=\"et_pb_text_inner\"><h2>DAW-Einrichtung<\/h2>\n<p>PlayDLY ist ein MIDI-gesteuerter Audioeffekt, der sowohl Audio- als auch MIDI-Routing erfordert.<\/p>\n<p><strong>IN FORTSCHRITT. ICH WERDE IN DEN N\u00c4CHSTEN TAGEN VERWEISE AUF VIDEOS HINZUF\u00dcGEN, DIE ERKL\u00c4REN, WIE MAN DAS PLUGIN IN DEN VERSCHIEDENEN DAWS VERWENDET!<\/strong><\/p>\n<h3>Abelton Live<\/h3>\n<p><a href=\"https:\/\/www.youtube.com\/watch?v=XGAXVAODFL0\" target=\"_blank\" rel=\"noopener\">https:\/\/www.youtube.com\/watch?v=XGAXVAODFL0<\/a><\/p>\n<h3>Pro Tools<\/h3>\n<h3>Cubase<\/h3>\n<h3>Logik<\/h3>\n<h3>Luna<\/h3>\n<p><a href=\"https:\/\/www.youtube.com\/watch?v=7jB3U86iFGE\" target=\"_blank\" rel=\"noopener\">https:\/\/www.youtube.com\/watch?v=7jB3U86iFGE<\/a><\/p>\n<p>Ausf\u00fchrlichere Informationen zum MIDI-Routing f\u00fcr Ihre DAW finden Sie hier:<br \/><a href=\"https:\/\/www.overloud.com\/node\/166\" target=\"_blank\" rel=\"noopener\">https:\/\/www.overloud.com\/node\/166<\/a>\u00a0<\/p>\n<h2>Universal DAW-Tipps<\/h2>\n<ul>\n<li>Latenzzeit: Verwenden Sie niedrige Puffergr\u00f6\u00dfen (64-256 Samples) f\u00fcr Echtzeit-MIDI-Steuerung<\/li>\n<li>MIDI-Kan\u00e4le: PlayDLY antwortet auf alle MIDI-Kan\u00e4le<\/li>\n<li>Automatisierung: Die meisten Parameter k\u00f6nnen \u00fcber Ihre DAW automatisiert werden<\/li>\n<\/ul>\n<\/div><\/div><\/div><\/div><\/div><div class=\"et_pb_section_2 et_pb_section et_section_regular et_block_section\"><div class=\"et_pb_row_3 et_pb_row et_block_row\" id=\"plugin_interface\"><div class=\"et_pb_column_5 et_pb_column et_pb_column_1_2 et_block_column et_pb_css_mix_blend_mode_passthrough\"><div class=\"et_pb_text_3 et_pb_text et_pb_bg_layout_light et_pb_module et_flex_module preset--module--divi-text--default\"><div class=\"et_pb_text_inner\"><h2>Plugin-Schnittstelle<\/h2>\n<p>PlayDLY verf\u00fcgt \u00fcber eine Benutzeroberfl\u00e4che im Blueprint-Stil mit mehreren Hauptbereichen:<\/p>\n<h3>Logo und Titel<\/h3>\n<p>- PlayDLY-Logo oben in der Mitte<br \/>- Rechts angezeigte Versionsinformationen<br \/>- Grundlegende MIDI-Implementierung unter dem Logo<\/p>\n<h3>Wellenform-Anzeige<\/h3>\n<p>- Echtzeit-Visualisierung der aufgenommenen Audiodaten<br \/>- Automatische Skalierung: Passt sich an, um die gesamte erfasste Wellenform anzuzeigen<br \/>- Anzeigen f\u00fcr den Wiedergabekopf: Vertikale Linien zeigen genau an, wo jede Stimme abgespielt wird<br \/>- Geschwindigkeitsabh\u00e4ngige Deckkraft: Leichte T\u00f6ne erscheinen bei 10% Deckkraft, laute T\u00f6ne bei 60%<br \/>- Mehrere Anzeigen: Zeigt bei polyphoner Wiedergabe alle aktiven Stimmen gleichzeitig an<br \/>- Tracking in Echtzeit: Die Wiedergabek\u00f6pfe bewegen sich beim Fortschreiten der Stimmen gleichm\u00e4\u00dfig \u00fcber die Wellenform<\/p>\n<h3>Parameter-Steuerungen<\/h3>\n<p><strong>Angreifen &amp; Loslassen<\/strong><br \/>- Attacke: 0,001-1,0 Sekunden - Steuert, wie schnell die Wiedergabestimmen eingeblendet werden<br \/>- Freigabe: 0.01-2.0 Sekunden - Steuert, wie schnell die Stimmen nach dem Ausklingen der Noten ausklingen<\/p>\n<p><strong>Nasse und trockene Niveaus<\/strong><br \/>- Nass: 0-100% - Pegel des verarbeiteten (verz\u00f6gerten) Tons<br \/>- Trocken: 0-100% - Pegel des Originaltons (Durchlass)<\/p>\n<p><strong>Kontrollk\u00e4stchen f\u00fcr den Wiedergabemodus<\/strong><br \/>- Einmalige Aufnahme: Spielt aufgenommene Audiodaten einmal ab und stoppt<br \/>- Schleife: Traditionelle Schleifenbildung (A\u2192B, zur\u00fcck zu A springen, wiederholen)<br \/>- Bidirektional: Ping-Pong-Schleife (A\u2192B\u2192A\u2192B kontinuierlich)<br \/>- Alterung durch Antippen: F\u00fcgt der wiederholten Wiedergabe eine analoge Alterung hinzu<br \/>- R\u00fcckw\u00e4rts: Spielt aufgenommenes Audio r\u00fcckw\u00e4rts ab<\/p>\n<p><strong>Reverb-Regler<\/strong><br \/>- Nachhall: Ein\/Aus-Schalter f\u00fcr den r\u00e4umlichen Halleffekt<br \/>- Raum: 0-100% - Gr\u00f6\u00dfe des Hallraums<br \/>- D\u00e4mpfung: 0-100% - Hochfrequenzd\u00e4mpfung<\/p>\n<p><strong>Vibrato-Regler<\/strong><br \/>- Vibrato: On\/Off-Schalter f\u00fcr Amplitudenmodulation<br \/>- Geschwindigkeit: 0,1-20 Hz - Geschwindigkeit der Vibratoschwingung<br \/>- Form: 0-100% - Morphing zwischen Sinus (0%) und Rechteck (100%)<\/p>\n<h3>MIDI-Monitor (Unten)<\/h3>\n<p>- 4 kreisf\u00f6rmige Anzeigen f\u00fcr MIDI-Aktivit\u00e4t<br \/>- Echtzeit-R\u00fcckmeldung von MIDI-Notenanschl\u00e4gen<br \/>- Pan- und Modulationsanzeigen, die auf MIDI Pitch Bend und Modwheel-Bewegungen reagieren<\/p>\n<h3>Voreingestelltes System (oben)<\/h3>\n<p>- Voreinstellungs-Dropdown mit Werksvoreinstellungen<br \/>- Laden\/Speichern-Funktion f\u00fcr benutzerdefinierte Voreinstellungen<br \/>- Parametersynchronisation mit dem JUCE APVTS-System<\/p>\n<\/div><\/div><\/div><div class=\"et_pb_column_6 et_pb_column et_pb_column_1_2 et-last-child et_block_column et_pb_css_mix_blend_mode_passthrough\"><div class=\"et_pb_image_1 et_pb_image et_pb_module et_flex_module preset--module--divi-image--default\"><a href=\"https:\/\/asv.pt\/wp-content\/uploads\/2025\/08\/PlayDLY108.png\" title=\"PlayDLY Benutzeroberfl\u00e4che v108\" class=\"et_pb_lightbox_image\"><span class=\"et_pb_image_wrap\"><img decoding=\"async\" src=\"https:\/\/asv.pt\/wp-content\/uploads\/2025\/08\/PlayDLY108.png\" alt=\"PlayDLY Benutzeroberfl\u00e4che v108\" title=\"PlayDLY Benutzeroberfl\u00e4che v108\" width=\"1488\" height=\"1940\" class=\"wp-image-2635\" \/><\/span><\/a><\/div><\/div><\/div><div class=\"et_pb_row_4 et_pb_row et_block_row\" id=\"presets\"><div class=\"et_pb_column_7 et_pb_column et_pb_column_1_2 et_block_column et_pb_css_mix_blend_mode_passthrough\"><div class=\"et_pb_text_4 et_pb_text et_pb_bg_layout_light et_pb_module et_flex_module preset--module--divi-text--default\"><div class=\"et_pb_text_inner\"><h2>Voreinstellungen<\/h2>\n<p>PlayDLY enth\u00e4lt mehrere Werkseinstellungen, die f\u00fcr verschiedene Anwendungsf\u00e4lle optimiert sind:<\/p>\n<p><strong>Werkseitige Voreinstellungen<\/strong><br \/>- Standard: Ausgewogene Einstellungen f\u00fcr den allgemeinen Gebrauch<br \/>- Helles Delay: Verst\u00e4rkte hohe Frequenzen, m\u00e4\u00dfiger Nachhall<br \/>- Warmes Delay: Analoger W\u00e4rmegrad mit Bands\u00e4ttigung<br \/>- R\u00fcckw\u00e4rtsverz\u00f6gerung (Bus): Optimiert f\u00fcr Send\/Return-Nutzung mit R\u00fcckw\u00e4rtswiedergabe<br \/>- Raum-Delay: Spatial Reverb mit Raumambiente<br \/>- Gro\u00dfer Raum: Gro\u00dfe Raumsimulation mit langem Nachhall<br \/>- Langsam: Verl\u00e4ngerter Attack\/Release f\u00fcr sanfte \u00dcberg\u00e4nge<br \/>- Vibro: Ausgepr\u00e4gte Vibrato-Effekte zur Modulation<\/p>\n<p><strong>Verwaltung von Voreinstellungen<\/strong><br \/>- Laden: Aus Dropdown-Men\u00fc ausw\u00e4hlen<br \/>- Abspeichern: Benutzerdefinierte Voreinstellungen speichern alle Parameterzust\u00e4nde<br \/>- R\u00fcckruf: Alle UI-Bedienelemente werden automatisch mit voreingestellten \u00c4nderungen synchronisiert<br \/>- Kompatibilit\u00e4t: Voreinstellungen funktionieren mit verschiedenen Plugin-Formaten<\/p>\n<p>&nbsp;<\/p>\n<\/div><\/div><\/div><div class=\"et_pb_column_8 et_pb_column et_pb_column_1_2 et-last-child et_block_column et_pb_css_mix_blend_mode_passthrough\"><div class=\"et_pb_text_5 et_pb_text et_pb_bg_layout_light et_pb_module et_flex_module preset--module--divi-text--default\"><div class=\"et_pb_text_inner\"><h2>Technische Referenz<\/h2>\n<h3>MIDI-Implementierung<\/h3>\n<p><strong>Anmerkungen zur Kontrolle:<\/strong><br \/>- C1 (MIDI 36): Aufnahme Start\/Stop<br \/>- C2-C4 (MIDI 48-83): Wiedergabe mit chromatischem Pitching<\/p>\n<p><strong>Kontinuierliche Kontrolleure:<\/strong><br \/>- CC1 (Modulationsrad): Vibrato-Tiefe + Reverb-Nasspegel<br \/>- Pitch Bend: Stereo Panning (eingefroren pro Stimme)<br \/>- Note Velocity: Dynamik der Stimme<\/p>\n<p><strong>Sprachverwaltung:<\/strong><br \/>- Polyphonie: maximal 8 gleichzeitige Stimmen<br \/>- Stimmenklau: \u00c4lteste Stimme wird bei \u00dcberschreitung des Limits ersetzt<br \/>- H\u00fcllkurve: Unabh\u00e4ngiger Attack\/Release pro Stimme<\/p>\n<p>&nbsp;<\/p>\n<\/div><\/div><\/div><\/div><div class=\"et_pb_row_5 et_pb_row et_block_row\"><div class=\"et_pb_column_9 et_pb_column et_pb_column_1_2 et_block_column et_pb_css_mix_blend_mode_passthrough\"><div class=\"et_pb_text_6 et_pb_text et_pb_bg_layout_light et_pb_module et_flex_module preset--module--divi-text--default\"><div class=\"et_pb_text_inner\"><h3>MIDI-Notenbenennungskonventionen<\/h3>\n<p><strong>Das ist wichtig:<\/strong> Verschiedene DAWs verwenden unterschiedliche Konventionen f\u00fcr die Benennung von MIDI-Noten. PlayDLY verwendet die h\u00e4ufigste Konvention, bei der das mittlere C = C3 (MIDI-Note 60) ist. Einige DAWs wie Protools, LUNA oder Reaper verwenden jedoch eine andere Konvention, bei der das mittlere C = C4 oder sogar C6 ist, was bedeutet, dass alle Noten in ihrer Oberfl\u00e4che in einer anderen Oktave erscheinen.<\/p>\n<p><strong>Note Mapping \u00fcber verschiedene DAWs hinweg:<\/strong><\/p>\n<table style=\"height: 120px; width: 100%; border-collapse: collapse; border-style: solid;\" border=\"2\">\n<tbody>\n<tr style=\"height: 24px;\">\n<td style=\"width: 20%; height: 24px; text-align: center;\"><strong>Funktion<\/strong><\/td>\n<td style=\"width: 20%; height: 24px; text-align: center;\"><strong>PlayDLY-Etikett<\/strong><\/td>\n<td style=\"width: 20%; height: 24px; text-align: center;\"><strong>MIDI-Note #<\/strong><\/td>\n<td style=\"width: 20%; height: 24px; text-align: center;\"><strong>Standard-DAWs <\/strong>(Logik\/Live)<\/td>\n<td style=\"width: 20%; height: 24px; text-align: center;\"><strong>LUNA\/Protools<\/strong><\/td>\n<\/tr>\n<tr style=\"height: 24px;\">\n<td style=\"width: 20%; height: 24px; text-align: center;\"><strong>Datensatz<\/strong><\/td>\n<td style=\"width: 20%; height: 24px; text-align: center;\">C1<\/td>\n<td style=\"width: 20%; height: 24px; text-align: center;\">36<\/td>\n<td style=\"width: 20%; height: 24px; text-align: center;\">C1<\/td>\n<td style=\"width: 20%; height: 24px; text-align: center;\">C2<\/td>\n<\/tr>\n<tr style=\"height: 24px;\">\n<td style=\"width: 20%; height: 24px; text-align: center;\"><strong>Saubere Wiedergabe<\/strong><\/td>\n<td style=\"width: 20%; height: 24px; text-align: center;\">C2-B2<\/td>\n<td style=\"width: 20%; height: 24px; text-align: center;\">48-59<\/td>\n<td style=\"width: 20%; height: 24px; text-align: center;\">C2-B2<\/td>\n<td style=\"width: 20%; height: 24px; text-align: center;\">C3-B3<\/td>\n<\/tr>\n<tr style=\"height: 24px;\">\n<td style=\"width: 20%; height: 24px; text-align: center;\"><strong>Warmes Playback<\/strong><\/td>\n<td style=\"width: 20%; height: 24px; text-align: center;\">C3-B3<\/td>\n<td style=\"width: 20%; height: 24px; text-align: center;\">60-71<\/td>\n<td style=\"width: 20%; height: 24px; text-align: center;\">C3-B3<\/td>\n<td style=\"width: 20%; height: 24px; text-align: center;\">C4-B4<\/td>\n<\/tr>\n<tr style=\"height: 24px;\">\n<td style=\"width: 20%; height: 24px; text-align: center;\"><strong>Ges\u00e4ttigt<\/strong><\/td>\n<td style=\"width: 20%; height: 24px; text-align: center;\">C4-B4<\/td>\n<td style=\"width: 20%; height: 24px; text-align: center;\">72-83<\/td>\n<td style=\"width: 20%; height: 24px; text-align: center;\">C4-B4<\/td>\n<td style=\"width: 20%; height: 24px; text-align: center;\">C5-B5<\/td>\n<\/tr>\n<\/tbody>\n<\/table>\n<p><strong>Wichtigster Punkt:<\/strong> Unabh\u00e4ngig davon, wie Ihre DAW die Noten beschriftet, dr\u00fccken Sie die Tasten wie in der PlayDLY-Oberfl\u00e4che angezeigt. Die physischen Tasten auf Ihrem MIDI-Keyboard bleiben gleich - nur die Beschriftung unterscheidet sich zwischen den DAWs.<\/p>\n<\/div><\/div><\/div><div class=\"et_pb_column_10 et_pb_column et_pb_column_1_2 et-last-child et_block_column et_pb_css_mix_blend_mode_passthrough\"><div class=\"et_pb_text_7 et_pb_text et_pb_bg_layout_light et_pb_module et_flex_module preset--module--divi-text--default\"><div class=\"et_pb_text_inner\"><h3>Audio-Verarbeitung<\/h3>\n<p><strong>Aufnahmesystem:<\/strong><br \/>- Hybride Puffer: Echtzeit-Erfassung + stabile Wiedergabe<br \/>- Sicherheitsspannen: Verhindert St\u00f6rungen bei gleichzeitiger Aufnahme\/Wiedergabe<br \/>- L\u00e4ngenbegrenzung: 16 Sekunden oder maximal 4 Takte<\/p>\n<p><strong>Wirkungskette:<\/strong><br \/>1. Tonh\u00f6henverschiebung: Chromatische Tonh\u00f6henverh\u00e4ltnisse f\u00fcr jede Note<br \/>2. Tape-S\u00e4ttigung: Harmonische Verzerrung im analogen Stil<br \/>3. Vibrato: Amplitudenmodulation mit morphbaren Wellenformen<br \/>4. Nachhall: Spatial Processing mit Raummodellierung<br \/>5. H\u00fcllkurve: Attack\/Release-Formung pro Stimme<\/p>\n<p>Leistung:<br \/>- Verarbeitung in Echtzeit: &lt; 10ms Latenzzeit typisch<br \/>- CPU-Belastung: Optimiert f\u00fcr Live-Performance<br \/>- Speicher: Dynamische Zuweisung basierend auf der Aufzeichnungsl\u00e4nge<\/p>\n<\/div><\/div><\/div><\/div><div class=\"et_pb_row_6 et_pb_row et_block_row\" id=\"troubleshooting\"><div class=\"et_pb_column_11 et_pb_column et_pb_column_1_2 et_block_column et_pb_css_mix_blend_mode_passthrough\"><div class=\"et_pb_text_8 et_pb_text et_pb_bg_layout_light et_pb_module et_flex_module preset--module--divi-text--default\"><div class=\"et_pb_text_inner\"><h2>Fehlersuche<\/h2>\n<h3>Gemeinsame Probleme<\/h3>\n<p><strong>Plugin nicht in DAW gefunden<\/strong><br \/>- \u00dcberpr\u00fcfen, ob Installationspfade vorhanden sind<br \/>- DAW nach der Installation neu starten<br \/>- Plugin-Scan-Einstellungen der DAW \u00fcberpr\u00fcfen<br \/>- Sicherstellung der Kompatibilit\u00e4t mit der macOS-Version (10.13+)<\/p>\n<p><strong>Keine MIDI-Antwort<\/strong><br \/>- MIDI-Routing in der DAW \u00fcberpr\u00fcfen<br \/>- \u00dcberpr\u00fcfen Sie, ob der MIDI-Eingang f\u00fcr das Plugin aktiviert ist.<br \/>- Test mit einfachem MIDI-Controller<br \/>- MIDI-Kanal-Einstellungen \u00fcberpr\u00fcfen<\/p>\n<p><strong>Audioaussetzer oder St\u00f6rungen<\/strong><br \/>- Verringern Sie die DAW-Puffergr\u00f6\u00dfe auf 128-256 Samples<br \/>- Unn\u00f6tige Anwendungen schlie\u00dfen<br \/>- CPU-Auslastung im Aktivit\u00e4tsmonitor pr\u00fcfen<br \/>- Deaktivieren Sie andere CPU-intensive Plugins<\/p>\n<p><strong>Klicken im Schleifenmodus<\/strong><br \/>- Stellen Sie sicher, dass Sie v1.0.107 oder h\u00f6her verwenden.<br \/>- Pr\u00fcfen Sie, ob die Schleifengrenzen richtig gesetzt sind.<br \/>- \u00dcberpr\u00fcfung der Integrit\u00e4t des Audiopuffers<\/p>\n<p><strong>Reverb oder Vibrato funktionieren nicht<\/strong><br \/>- Pr\u00fcfen Sie, ob die Effekte \u00fcber Kontrollk\u00e4stchen aktiviert sind.<br \/>- \u00dcberpr\u00fcfen, ob das Modulationsrad CC1-Daten sendet<br \/>- Test mit verschiedenen MIDI-Controllern<br \/>- \u00dcberpr\u00fcfen der Parameter Automatisierungskonflikte<\/p>\n<\/div><\/div><\/div><div class=\"et_pb_column_12 et_pb_column et_pb_column_1_2 et-last-child et_block_column et_pb_css_mix_blend_mode_passthrough\"><div class=\"et_pb_text_9 et_pb_text et_pb_bg_layout_light et_pb_module et_flex_module preset--module--divi-text--default\"><div class=\"et_pb_text_inner\"><h2>Unterst\u00fctzung erhalten<\/h2>\n<p><strong>Wenn Sie f\u00fcr das Plugin gespendet haben:<\/strong><br \/>Bitte kontaktieren Sie uns \u00fcber das <a href=\"https:\/\/asv.pt\/de\/kontakt\/\">Kontakt-Formular<\/a>.<\/p>\n<p><strong>Feedback zum Beta-Test<\/strong><br \/>- Meldung von Problemen an das Entwicklungsteam<br \/>- DAW-Version und Systeminformationen einbeziehen<br \/>- Schritte zur Reproduktion von Problemen bereitstellen<br \/>- Gemeinsame Nutzung von Projektdateien, wenn m\u00f6glich<\/p>\n<p><strong>System-Informationen<\/strong><br \/>- macOS-Version: Pr\u00fcfen Sie im Apple-Men\u00fc &gt; \u00dcber diesen Mac<br \/>- DAW-Version: Pr\u00fcfen Sie im \u00dcber-Dialog der DAW<br \/>- Plugin-Version: Wird in der PlayDLY-Schnittstelle angezeigt<br \/>- MIDI-Controller: Marke\/Modell angeben<\/p>\n<h2>Tipps zur Leistung<\/h2>\n<p><strong>Optimale Einstellungen<\/strong><br \/>- 128-256 Probenpuffergr\u00f6\u00dfen verwenden<br \/>- Aktivieren Sie die Hardware-Beschleunigung in der DAW<br \/>- Ungenutzte Plugin-Funktionen deaktivieren<br \/>- \u00dcberwachung der CPU-Nutzung w\u00e4hrend der Leistung<\/p>\n<p><strong>MIDI-Optimierung<\/strong><br \/>- Verwendung dedizierter MIDI-Spuren f\u00fcr komplexe Sequenzen<br \/>- Vermeiden Sie \u00fcberm\u00e4\u00dfige Pitchbend- oder Modulationsraddaten<br \/>- Aufzeichnung von MIDI-Patterns f\u00fcr konsistente Wiedergabe<br \/>- Ber\u00fccksichtigen Sie die MIDI-Quantisierung f\u00fcr ein genaues Timing<\/p>\n<\/div><\/div><\/div><\/div><div class=\"et_pb_row_7 et_pb_row et_block_row\" id=\"downloads\"><div class=\"et_pb_column_13 et_pb_column et_pb_column_1_2 et_block_column et_pb_css_mix_blend_mode_passthrough\"><div class=\"et_pb_text_10 et_pb_text et_pb_bg_layout_light et_pb_module et_flex_module preset--module--divi-text--default\"><div class=\"et_pb_text_inner\"><h2>Die neueste Version<\/h2>\n<p><strong>Automatische w\u00f6chentliche \u00dcberpr\u00fcfung:<\/strong> PlayDLY sucht einmal pro Woche automatisch nach Updates, wenn Sie die Plugin-Oberfl\u00e4che \u00f6ffnen, ohne dass Ihr Arbeitsablauf unterbrochen wird.<\/p>\n<p><strong>Manuelle Pr\u00fcfung:<\/strong> Klicken Sie auf die Versionsnummer (z. B. \"v1.0.111\") in der oberen rechten Ecke des Plugin-Fensters, um sofort nach Updates zu suchen.<\/p>\n<p><strong>Update-Benachrichtigung:<\/strong> Wenn eine neue Version verf\u00fcgbar ist, wird unter der Versionsnummer der Text \"Update verf\u00fcgbar\" angezeigt. Klicken Sie auf diesen Text, um den Aktualisierungsdialog zu \u00f6ffnen.<\/p>\n<p><strong>Dialog aktualisieren:<\/strong> Der Dialog zeigt Ihre aktuelle Version, die neue verf\u00fcgbare Version und einen direkten Link zum Herunterladen der neuesten Version von der PlayDLY-Website an.<\/p>\n<h3>Datenschutz und Netznutzung<\/h3>\n<p>Die Aktualisierungspr\u00fcfung stellt etwa einmal pro Woche eine einzige, einfache Anfrage an unseren Server. Es werden keine pers\u00f6nlichen Informationen oder Nutzungsdaten \u00fcbertragen - das Plugin ruft lediglich die neueste Versionsnummer ab. Netzwerkausf\u00e4lle werden zuverl\u00e4ssig behandelt und beeintr\u00e4chtigen den Betrieb des Plugins nicht.<\/p>\n<p>&nbsp;<\/p>\n<\/div><\/div><\/div><div class=\"et_pb_column_14 et_pb_column et_pb_column_1_2 et-last-child et_block_column et_pb_css_mix_blend_mode_passthrough\"><div class=\"et_pb_text_11 et_pb_text et_pb_bg_layout_light et_pb_module et_flex_module preset--module--divi-text--default\"><div class=\"et_pb_text_inner\"><h2>Herunterladen<\/h2>\n<p>\u00a0Sie k\u00f6nnen die neueste Version hier herunterladen. Bitte denken Sie daran, dass sich PlayDLY noch in der Beta-Phase befindet, so dass es bei der Nutzung zu Fehlern kommen kann. Bitte melden Sie alle Fehler, die Sie finden, \u00fcber die <a href=\"https:\/\/asv.pt\/de\/kontakt\/\">Kontakt-Formular<\/a>! Danke!<\/p>\n<p>&nbsp;<\/p>\n<\/div><\/div><div class=\"et_pb_module et_pb_button_module_wrapper et_pb_button_1_wrapper\"><a class=\"et_pb_button_1 et_pb_button et_pb_bg_layout_light et_pb_module et_flex_module\" href=\"https:\/\/drive.proton.me\/urls\/QGNYGF8CJR#flAGt8JTVPRC\" target=\"_blank\" rel=\"noopener\">Herunterladen (beta 112)<\/a><\/div><\/div><\/div><\/div>","protected":false},"excerpt":{"rendered":"","protected":false},"author":1,"featured_media":0,"parent":0,"menu_order":0,"comment_status":"closed","ping_status":"closed","template":"","meta":{"footnotes":""},"class_list":["post-2638","page","type-page","status-publish","hentry"],"_links":{"self":[{"href":"https:\/\/asv.pt\/de\/wp-json\/wp\/v2\/pages\/2638","targetHints":{"allow":["GET"]}}],"collection":[{"href":"https:\/\/asv.pt\/de\/wp-json\/wp\/v2\/pages"}],"about":[{"href":"https:\/\/asv.pt\/de\/wp-json\/wp\/v2\/types\/page"}],"author":[{"embeddable":true,"href":"https:\/\/asv.pt\/de\/wp-json\/wp\/v2\/users\/1"}],"replies":[{"embeddable":true,"href":"https:\/\/asv.pt\/de\/wp-json\/wp\/v2\/comments?post=2638"}],"version-history":[{"count":37,"href":"https:\/\/asv.pt\/de\/wp-json\/wp\/v2\/pages\/2638\/revisions"}],"predecessor-version":[{"id":2809,"href":"https:\/\/asv.pt\/de\/wp-json\/wp\/v2\/pages\/2638\/revisions\/2809"}],"wp:attachment":[{"href":"https:\/\/asv.pt\/de\/wp-json\/wp\/v2\/media?parent=2638"}],"curies":[{"name":"wp","href":"https:\/\/api.w.org\/{rel}","templated":true}]}}