{"id":2887,"date":"2025-12-02T19:13:41","date_gmt":"2025-12-02T19:13:41","guid":{"rendered":"https:\/\/asv.pt\/?page_id=2887"},"modified":"2025-12-04T15:56:55","modified_gmt":"2025-12-04T15:56:55","slug":"swiftstrip-app-launcher-classic-dockt-nach-ihren-wunschen-an","status":"publish","type":"page","link":"https:\/\/asv.pt\/de\/swiftstrip-app-launcher-classic-docks-the-way-you-want\/","title":{"rendered":"SwiftStrip \u2013 App-Starter \u2013 Klassische Docks ganz nach Ihren W\u00fcnschen"},"content":{"rendered":"<div class=\"et_pb_section_0 et_pb_section et_section_regular et_block_section\">\n<div class=\"et_pb_row_0 et_pb_row et_flex_row\">\n<div class=\"et_pb_column_0 et_pb_column et_flex_column et_pb_css_mix_blend_mode_passthrough et_flex_column_18_24 et_flex_column_18_24_tablet et_flex_column_24_24_phone\">\n<div class=\"et_pb_text_0 et_pb_text et_pb_bg_layout_light et_pb_module et_flex_module preset--module--divi-text--default\"><div class=\"et_pb_text_inner\"><h1>SwiftStrip<\/h1>\n<h2>Classic Docks ganz nach Ihren W\u00fcnschen<\/h2>\n<\/div><\/div>\n<\/div>\n\n<div class=\"et_pb_column_1 et_pb_column et-last-child et_flex_column et_pb_css_mix_blend_mode_passthrough et_flex_column_6_24 et_flex_column_6_24_tablet et_flex_column_24_24_phone\">\n<div class=\"et_pb_image_0 et_pb_image et_pb_module et_flex_module preset--module--divi-image--default\"><span class=\"et_pb_image_wrap\"><img decoding=\"async\" src=\"https:\/\/asv.pt\/wp-content\/uploads\/2025\/12\/SwiftStrip_Icon.png\" alt=\"SwiftStrip f\u00fcr macOS-Symbol\" width=\"1024\" height=\"1024\" class=\"wp-image-2890\" title=\"\"><\/span><\/div>\n\n<div class=\"et_pb_image_1 et_pb_image et_pb_module et_flex_module preset--module--divi-image--default\"><a href=\"https:\/\/apps.apple.com\/us\/app\/swiftstrip-app-launcher\/id6755316676\" target=\"_blank\" rel=\"noopener\"><span class=\"et_pb_image_wrap\"><img decoding=\"async\" src=\"https:\/\/asv.pt\/wp-content\/uploads\/2022\/08\/AppStore_120.png\" alt=\"Herunterladen aus dem AppStore\" width=\"120\" height=\"40\" class=\"wp-image-1699\" title=\"\"><\/span><\/a><\/div>\n<\/div>\n<\/div>\n\n<div class=\"et_pb_row_1 et_pb_row et_flex_row\">\n<div class=\"et_pb_column_2 et_pb_column et_flex_column et_pb_css_mix_blend_mode_passthrough et_flex_column_3_5 et_flex_column_3_5_tablet et_flex_column_24_24_phone\">\n<div class=\"et_pb_text_1 et_pb_text et_pb_bg_layout_light et_pb_module et_flex_module preset--module--divi-text--default\"><div class=\"et_pb_text_inner\"><p dir=\"ltr\">Nach jahrelanger Suche nach dem perfekten Dock-Launcher \u2013 einem, der die fast perfekte App DragThing ersetzen k\u00f6nnte, die viele von uns liebten, bevor sie eingestellt wurde \u2013 habe ich beschlossen, ihn selbst zu entwickeln.<\/p>\n<p dir=\"ltr\"><strong>SwiftStrip<\/strong> ist ein moderner Dock-Launcher f\u00fcr macOS, der Ihnen wieder Freude daran bereitet, Ihre Apps, Dateien und Ordner ganz nach Ihren W\u00fcnschen zu organisieren. Keine starren Raster. Keine aufgezwungenen Arbeitsabl\u00e4ufe. Nur flexible, schwebende Docks, die Ihnen nicht im Weg sind, bis Sie sie brauchen.<\/p>\n<h3 dir=\"ltr\">Was macht SwiftStrip so besonders?<\/h3>\n<p dir=\"ltr\">Es ist einfach, wenn Sie es einfach haben wollen, und leistungsstark, wenn Sie mehr brauchen. Erstellen Sie so viele Docks, wie Sie m\u00f6chten, organisieren Sie sie mit Registerkarten, passen Sie jedes visuelle Detail an und platzieren Sie sie \u00fcberall auf Ihrem Bildschirm. <strong>SwiftStrip<\/strong> merkt sich alles \u2013 Positionen, Gr\u00f6\u00dfen, Inhalte \u2013, sodass Ihr Arbeitsbereich immer bereit ist.<\/p>\n<div dir=\"ltr\"><\/div>\n<\/div><\/div>\n<\/div>\n\n<div class=\"et_pb_column_3 et_pb_column et-last-child et_flex_column et_pb_css_mix_blend_mode_passthrough et_flex_column_2_5 et_flex_column_2_5_tablet et_flex_column_24_24_phone\">\n<div class=\"et_pb_image_2 et_pb_image et_pb_module et_flex_module preset--module--divi-image--default\"><a href=\"https:\/\/asv.pt\/wp-content\/uploads\/2025\/12\/Remember_DragThing-scaled.jpg\" title=\"Erinnern Sie sich noch an DragThing?\" class=\"et_pb_lightbox_image\" alt=\"Remember DragThing?\"><span class=\"et_pb_image_wrap\"><img decoding=\"async\" src=\"https:\/\/asv.pt\/wp-content\/uploads\/2025\/12\/Remember_DragThing-scaled.jpg\" alt=\"Erinnern Sie sich noch an DragThing?\" width=\"2560\" height=\"1600\" class=\"wp-image-2893\" title=\"\"><\/span><\/a><\/div>\n<\/div>\n<\/div>\n\n<div class=\"et_pb_row_2 et_pb_row et_flex_row\">\n<div class=\"et_pb_column_4 et_pb_column et_flex_column et_pb_css_mix_blend_mode_passthrough et_flex_column_3_5 et_flex_column_3_5_tablet et_flex_column_24_24_phone\">\n<div class=\"et_pb_text_2 et_pb_text et_pb_bg_layout_light et_pb_module et_flex_module preset--module--divi-text--default\"><div class=\"et_pb_text_inner\"><h3 dir=\"ltr\">Kernfunktionen<\/h3>\n<div dir=\"ltr\">\u2022 Mehrere schwebende Docks, die \u00fcber Ihren Fenstern bleiben<\/div>\n<div dir=\"ltr\">\u2022 Registerkarten zum Organisieren von Apps, Dateien und Ordnern in Kategorien<\/div>\n<div dir=\"ltr\">\u2022 Drag &amp; Drop aus dem Finder \u2013 legen Sie einfach das Gew\u00fcnschte ab<\/div>\n<div dir=\"ltr\">\u2022 Zum Starten klicken, \u2318-Klick zum Anzeigen im Finder, \u2325-Klick zum Ausblenden laufender Apps<\/div>\n<div dir=\"ltr\">\u2022 Gr\u00f6\u00dfenver\u00e4nderbares Raster, das intelligent einrastet<\/div>\n<div dir=\"ltr\">- Anzeigen f\u00fcr laufende Anwendungen, damit Sie immer wissen, was ge\u00f6ffnet ist<\/div>\n<div dir=\"ltr\">\u2022 Federbelastete Ordner \u2013 mit der Maus dar\u00fcberfahren oder gedr\u00fcckt halten, um einen Blick hineinzuwerfen<\/div>\n<div dir=\"ltr\"><\/div>\n<\/div><\/div>\n<\/div>\n\n<div class=\"et_pb_column_5 et_pb_column et-last-child et_flex_column et_pb_css_mix_blend_mode_passthrough et_flex_column_2_5 et_flex_column_2_5_tablet et_flex_column_24_24_phone\">\n<div class=\"et_pb_image_3 et_pb_image et_pb_module et_flex_module preset--module--divi-image--default\"><a href=\"https:\/\/asv.pt\/wp-content\/uploads\/2025\/12\/Docs_on_macOS-scaled.jpg\" title=\"SwiftStrips dockt an macOS an\" class=\"et_pb_lightbox_image\" alt=\"SwiftStrips docks on macOS\"><span class=\"et_pb_image_wrap\"><img decoding=\"async\" src=\"https:\/\/asv.pt\/wp-content\/uploads\/2025\/12\/Docs_on_macOS-scaled.jpg\" alt=\"SwiftStrips dockt an macOS an\" width=\"2560\" height=\"1600\" class=\"wp-image-2894\" title=\"\"><\/span><\/a><\/div>\n<\/div>\n<\/div>\n\n<div class=\"et_pb_row_3 et_pb_row et_flex_row\">\n<div class=\"et_pb_column_6 et_pb_column et_flex_column et_pb_css_mix_blend_mode_passthrough et_flex_column_3_5 et_flex_column_3_5_tablet et_flex_column_24_24_phone\">\n<div class=\"et_pb_text_3 et_pb_text et_pb_bg_layout_light et_pb_module et_flex_module preset--module--divi-text--default\"><div class=\"et_pb_text_inner\"><h3 dir=\"ltr\">Machen Sie es zu Ihrem<\/h3>\n<div dir=\"ltr\">Jedes Dock kann anders aussehen. Passen Sie die Gr\u00f6\u00dfe der Symbole von klein bis gro\u00df an. Positionieren Sie Beschriftungen oben, unten, links, rechts \u2013 oder blenden Sie sie komplett aus. W\u00e4hlen Sie Farben f\u00fcr jede Registerkarte. Legen Sie die Deckkraft fest. Konfigurieren Sie Abst\u00e4nde und Polsterungen. W\u00e4hlen Sie zwischen horizontalen und vertikalen Layouts. Die Statusleiste zeigt die Anzahl Ihrer Elemente und die aktuelle Registerkarte an, und ja, auch das k\u00f6nnen Sie anpassen.<\/div>\n<div dir=\"ltr\">\u00a0<\/div>\n<h3 dir=\"ltr\">Optionen zum automatischen Ausblenden<\/h3>\n<div dir=\"ltr\">Drei M\u00f6glichkeiten, um Ihre Docks aus dem Weg zu r\u00e4umen:<\/div>\n<div dir=\"ltr\">\u2022 Aus dem Bildschirm gleiten und beim Dar\u00fcberfahren mit der Maus anzeigen<\/div>\n<div dir=\"ltr\">\u2022 Verblassen Sie fast bis zur Unsichtbarkeit, bis Sie sie brauchen.<\/div>\n<div dir=\"ltr\">\u2022 Vollst\u00e4ndig ausblenden und wieder einblenden, wenn Sie mit der Maus dar\u00fcber fahren<\/div>\n<\/div><\/div>\n<\/div>\n\n<div class=\"et_pb_column_7 et_pb_column et-last-child et_flex_column et_pb_css_mix_blend_mode_passthrough et_flex_column_2_5 et_flex_column_2_5_tablet et_flex_column_24_24_phone\">\n<div class=\"et_pb_image_4 et_pb_image et_pb_module et_flex_module preset--module--divi-image--default\"><a href=\"https:\/\/asv.pt\/wp-content\/uploads\/2025\/12\/SwiftStrip-Settings-scaled.jpg\" title=\"SwiftStrip \u2013 Dock-Einstellungen\" class=\"et_pb_lightbox_image\" alt=\"SwiftStrip - Dock Settings\"><span class=\"et_pb_image_wrap\"><img decoding=\"async\" src=\"https:\/\/asv.pt\/wp-content\/uploads\/2025\/12\/SwiftStrip-Settings-scaled.jpg\" alt=\"SwiftStrip \u2013 Dock-Einstellungen\" width=\"2560\" height=\"1600\" class=\"wp-image-2896\" title=\"\"><\/span><\/a><\/div>\n<\/div>\n<\/div>\n\n<div class=\"et_pb_row_4 et_pb_row et_flex_row\">\n<div class=\"et_pb_column_8 et_pb_column et_flex_column et_pb_css_mix_blend_mode_passthrough et_flex_column_3_5 et_flex_column_3_5_tablet et_flex_column_24_24_phone\">\n<div class=\"et_pb_text_4 et_pb_text et_pb_bg_layout_light et_pb_module et_flex_module preset--module--divi-text--default\"><div class=\"et_pb_text_inner\"><h3>Tastaturfreundlich<\/h3>\n<p>Mit \u23181 bis \u23189 k\u00f6nnen Sie sofort zwischen den Registerkarten wechseln. Mit \u2318T erstellen Sie eine neue Registerkarte. Alles f\u00fchlt sich wie ein natives Programm an, weil es das auch ist. <strong>SwiftStrip<\/strong> wird mit AppKit und SwiftUI erstellt und folgt den Human Interface Guidelines von Apple.<\/p>\n<h3>Intelligente Details<\/h3>\n<p>Netzwerkvolumes, die getrennt werden? <strong>SwiftStrip<\/strong> zeigt sie mit einem Badge abgeblendet an, und Sie k\u00f6nnen sie direkt aus dem federbelasteten Men\u00fc wieder einf\u00fcgen. Eine Datei verschoben? <strong>SwiftStrip<\/strong> hilft Ihnen, es wiederzufinden. Die App schont Ihren Mac, verbraucht nur minimale Ressourcen und speichert Ihre Konfiguration automatisch.<\/p>\n<p>30 Tage lang alles kostenlos testen<\/p>\n<\/div><\/div>\n<\/div>\n\n<div class=\"et_pb_column_9 et_pb_column et-last-child et_flex_column et_pb_css_mix_blend_mode_passthrough et_flex_column_2_5 et_flex_column_2_5_tablet et_flex_column_24_24_phone\">\n<div class=\"et_pb_image_5 et_pb_image et_pb_module et_flex_module preset--module--divi-image--default\"><a href=\"https:\/\/asv.pt\/wp-content\/uploads\/2025\/12\/Flexible-scaled.jpg\" title=\"Flexible Einstellungen\" class=\"et_pb_lightbox_image\" alt=\"Flexible Settings\"><span class=\"et_pb_image_wrap\"><img decoding=\"async\" src=\"https:\/\/asv.pt\/wp-content\/uploads\/2025\/12\/Flexible-scaled.jpg\" alt=\"Flexible Einstellungen\" width=\"2560\" height=\"1600\" class=\"wp-image-2898\" title=\"\"><\/span><\/a><\/div>\n<\/div>\n<\/div>\n\n<div class=\"et_pb_row_5 et_pb_row et_flex_row\">\n<div class=\"et_pb_column_10 et_pb_column et-last-child et_flex_column et_pb_css_mix_blend_mode_passthrough et_flex_column_24_24 et_flex_column_24_24_tablet et_flex_column_24_24_phone\">\n<div class=\"et_pb_image_6 et_pb_image et_pb_module et_flex_module preset--module--divi-image--default\"><a href=\"https:\/\/apps.apple.com\/us\/app\/swiftstrip-app-launcher\/id6755316676\" target=\"_blank\" rel=\"noopener\"><span class=\"et_pb_image_wrap\"><img decoding=\"async\" src=\"https:\/\/asv.pt\/wp-content\/uploads\/2022\/08\/AppStore_240.png\" alt=\"Herunterladen aus dem AppStore\" width=\"240\" height=\"80\" class=\"wp-image-1698\" title=\"\"><\/span><\/a><\/div>\n<\/div>\n<\/div>\n<\/div>","protected":false},"excerpt":{"rendered":"","protected":false},"author":1,"featured_media":0,"parent":0,"menu_order":0,"comment_status":"closed","ping_status":"closed","template":"","meta":{"footnotes":""},"class_list":["post-2887","page","type-page","status-publish","hentry"],"_links":{"self":[{"href":"https:\/\/asv.pt\/de\/wp-json\/wp\/v2\/pages\/2887","targetHints":{"allow":["GET"]}}],"collection":[{"href":"https:\/\/asv.pt\/de\/wp-json\/wp\/v2\/pages"}],"about":[{"href":"https:\/\/asv.pt\/de\/wp-json\/wp\/v2\/types\/page"}],"author":[{"embeddable":true,"href":"https:\/\/asv.pt\/de\/wp-json\/wp\/v2\/users\/1"}],"replies":[{"embeddable":true,"href":"https:\/\/asv.pt\/de\/wp-json\/wp\/v2\/comments?post=2887"}],"version-history":[{"count":9,"href":"https:\/\/asv.pt\/de\/wp-json\/wp\/v2\/pages\/2887\/revisions"}],"predecessor-version":[{"id":2907,"href":"https:\/\/asv.pt\/de\/wp-json\/wp\/v2\/pages\/2887\/revisions\/2907"}],"wp:attachment":[{"href":"https:\/\/asv.pt\/de\/wp-json\/wp\/v2\/media?parent=2887"}],"curies":[{"name":"wp","href":"https:\/\/api.w.org\/{rel}","templated":true}]}}