{"id":34,"date":"2021-04-02T13:01:46","date_gmt":"2021-04-02T12:01:46","guid":{"rendered":"https:\/\/asv.pt\/?page_id=34"},"modified":"2025-11-01T19:39:38","modified_gmt":"2025-11-01T19:39:38","slug":"konzertfotografie","status":"publish","type":"page","link":"https:\/\/asv.pt\/de\/concert-photography\/","title":{"rendered":"Konzertfotografie"},"content":{"rendered":"<div class=\"et_pb_section_0 et_pb_section et_pb_fullwidth_section et_section_regular et_block_section sfly_hero sfly_hero_1\"><section class=\"et_pb_fullwidth_header_0 et_pb_fullwidth_header et_pb_fullscreen et_pb_bg_layout_dark et_pb_text_align_center et_animated et_pb_section_parallax et_pb_module et_flex_module sfly_fullwidth_header\"><span class=\"et-pb-parallax-wrapper\"><span class=\"et-pb-parallax-background et-pb-parallax-background-module--divi-fullwidth-header-0\" style=\"background-image:url(https:\/\/asv.pt\/wp-content\/uploads\/2021\/04\/Billy_Sheehan.jpg)\"><\/span><\/span><div class=\"et_pb_fullwidth_header_container center\"><div class=\"header-content-container center\"><div class=\"header-content et_flex_module\"><h1 class=\"et_pb_module_header\">Musik- und Konzertfotografie<\/h1><div class=\"et_pb_header_content_wrapper\"><p>So sieht Musik aus<\/p>\n<\/div><div class=\"et_pb_header_button_wrapper\"><\/div><\/div><\/div><\/div><div class=\"et_pb_fullwidth_header_overlay\"><\/div><div class=\"et_pb_fullwidth_header_scroll\"><a class=\"scroll-down-container\" href=\"#\"><span class=\"scroll-down et-pb-icon\">;<\/span><\/a><\/div><\/section><\/div><div class=\"et_pb_section_1 et_pb_section et_section_regular et_block_section sfly_general sfly_general_13\"><div class=\"et_pb_row_0 et_pb_row et_block_row\"><div class=\"et_pb_column_0 et_pb_column et_pb_column_1_3 et_block_column et_pb_css_mix_blend_mode_passthrough\"><div class=\"et_pb_divider_0 et_pb_divider et_pb_space et_pb_divider_position_top et_pb_module\"><div class=\"et_pb_divider_internal\"><\/div><\/div><div class=\"et_pb_text_0 et_pb_text et_pb_bg_layout_light et_pb_module et_flex_module preset--module--divi-text--default\"><div class=\"et_pb_text_inner\"><h3>Nur ein Ziel<\/h3>\n<\/div><\/div><\/div><div class=\"et_pb_column_1 et_pb_column et_pb_column_2_3 et-last-child et_block_column et_pb_css_mix_blend_mode_passthrough\"><div class=\"et_pb_text_1 et_pb_text et_pb_bg_layout_light et_pb_module et_flex_module preset--module--divi-text--default\"><div class=\"et_pb_text_inner\"><blockquote><p>Ich m\u00f6chte zeigen, was passiert, wenn ein Musiker auftritt. Ich m\u00f6chte, dass Sie bei der Show dabei sind, wenn Sie das Foto betrachten.<\/p><\/blockquote>\n<p>Das Spektrum ist riesig: Es gibt die gro\u00dfen Posen des Rock'n'Roll, die verr\u00fcckten Shows mit Requisiten und Lichtern, aber es gibt auch die intimen Sessions, nur mit einem sehr kleinen Publikum und ruhiger Musik. Ich liebe diese Extreme, und ich liebe alles, was dazwischen liegt. Denn jedes Konzert ist einzigartig. Jedes Konzert hat eine ganz besondere Ausstrahlung, eine Art emotionalen Fu\u00dfabdruck. Ich hoffe, Sie k\u00f6nnen diese Stimmung in meinen Fotos sehen, denn das ist genau die Magie, die ich zeigen m\u00f6chte.<\/p>\n<\/div><\/div><div class=\"et_pb_module et_pb_button_module_wrapper et_pb_button_0_wrapper\"><a class=\"et_pb_button_0 et_pb_button et_pb_bg_layout_light et_pb_module et_flex_module\" href=\"https:\/\/asv.pt\/de\/kontakt\/\">Kontaktieren Sie mich f\u00fcr mehr<\/a><\/div><\/div><\/div><\/div><div class=\"et_pb_section_2 et_pb_section et_section_regular et_block_section sfly_feature sfly_feature_7\"><div class=\"et_pb_row_1 et_pb_row et_block_row et_animated\"><div class=\"et_pb_column_2 et_pb_column et_pb_column_1_3 et_block_column et_pb_css_mix_blend_mode_passthrough column1\"><div class=\"et_pb_image_0 et_pb_image et_animated et_pb_module et_flex_module preset--module--divi-image--default\"><span class=\"et_pb_image_wrap\"><img decoding=\"async\" src=\"https:\/\/asv.pt\/wp-content\/uploads\/2021\/04\/Joe_Satriani.jpg\" alt=\"Konzertfotografie - Joe Satriani\" title=\"Konzertfotografie - Joe Satriani\" width=\"834\" height=\"1232\" class=\"wp-image-827\" \/><\/span><\/div><\/div><div class=\"et_pb_column_3 et_pb_column et_pb_column_2_3 et-last-child et_block_column et_pb_css_mix_blend_mode_passthrough column2\"><div class=\"et_pb_text_2 et_pb_text et_pb_bg_layout_light et_animated et_pb_module et_flex_module preset--module--divi-text--default\"><div class=\"et_pb_text_inner\"><h2>Mein PORTFOLIO<\/h2>\n<p>Ich hatte das gro\u00dfe Gl\u00fcck, bei Hunderten von Live-Konzerten einiger der besten Musiker, die es derzeit auf diesem Planeten gibt, dabei zu sein. Joe Satriani, John Petrucci, John Scofield, Mike Stern, Ralph Towner, Al Di Meola, John Abercrombie, Mike Keneally, Richie Kotzen, Pat Martino, Phil X, Tony Levin, Peter Gabriel, Leland Sklar, Steve Swallow, Billy Sheehan, Alphonso Johnson, Nick Beggs, Stu Hamm, Bakithi Kumalo, Chuck Rainey, Felix Pastorius, T.M. Stevens, John B. Williams, Peter Erskine, Steve Gadd, Dennis Chambers, Chester Thompson, Marco Minnemann, Carla Bley, Don Preston, Joachim K\u00fchn, Bob Mintzer, Andy Sheppard, Nils Landgren, Peter Hammill, Steven Wilson, Skunk Anansie und die Yellowjackets, um nur einige meiner pers\u00f6nlichen Favoriten zu nennen. Konzertfotografie ist etwas Besonderes, wenn die Magie auf der B\u00fchne stattfindet.<\/p>\n<blockquote>\n<p>Sie fangen den Charakter Ihres Motivs in einem Schwarz-Wei\u00df-Foto wirklich gut ein.<\/p>\n<\/blockquote>\n<p>...sagte Kaylene Peoples, K\u00fcnstlerin und Chefredakteurin des Mode- und Lifestyle-Magazins \u201cAgenda\u201d \u00fcber meine Fotos.<\/p>\n<\/div><\/div><\/div><\/div><\/div><div class=\"et_pb_section_3 et_pb_section et_pb_fullwidth_section et_section_regular et_block_section sfly_interior sfly_interior_hero_1\"><section class=\"et_pb_fullwidth_header_1 et_pb_fullwidth_header et_pb_bg_layout_dark et_pb_text_align_center et_animated et_pb_section_parallax et_pb_module et_flex_module sfly_fullwidth_header\"><span class=\"et-pb-parallax-wrapper\"><span class=\"et-pb-parallax-background et-pb-parallax-background-module--divi-fullwidth-header-1\" style=\"background-image:url(https:\/\/asv.pt\/wp-content\/uploads\/2021\/04\/MIA_Audience.jpg)\"><\/span><\/span><div class=\"et_pb_fullwidth_header_container center\"><div class=\"header-content-container center\"><div class=\"header-content et_flex_module\"><h6 class=\"et_pb_module_header\">Beste Aussicht von der B\u00fchne<\/h6><div class=\"et_pb_header_content_wrapper\"><p>Perspektiven, die man sonst nie sehen w\u00fcrde.<\/p>\n<p>&nbsp;<\/p>\n<\/div><div class=\"et_pb_header_button_wrapper\"><\/div><\/div><\/div><\/div><div class=\"et_pb_fullwidth_header_overlay\"><\/div><div class=\"et_pb_fullwidth_header_scroll\"><\/div><\/section><\/div><div class=\"et_pb_section_4 et_pb_section et_section_regular et_block_section sfly_feature sfly_feature_9\"><div class=\"et_pb_row_2 et_pb_row et_block_row et_animated\"><div class=\"et_pb_column_4 et_pb_column et_pb_column_4_4 et-last-child et_block_column et_pb_css_mix_blend_mode_passthrough\"><div class=\"et_pb_text_3 et_pb_text et_pb_bg_layout_light et_pb_module et_flex_module preset--module--divi-text--default\"><div class=\"et_pb_text_inner\"><h2>Einige meiner Favoriten<\/h2>\n<p>Im Folgenden finden Sie eine Auswahl meiner pers\u00f6nlichen Lieblingsfotos. Wenn man sie sich genau ansieht, kann man die Musik fast h\u00f6ren und die B\u00fchne fast riechen. Man kann die Spannung der Saiten und die Vibration des Klangs sp\u00fcren.<\/p>\n<\/div><\/div><div class=\"et_pb_image_1 et_pb_image et_pb_module et_flex_module preset--module--divi-image--default\"><span class=\"et_pb_image_wrap\"><img decoding=\"async\" src=\"https:\/\/asv.pt\/wp-content\/uploads\/2021\/04\/Tony_Levin.jpg\" alt=\"Tony Levin\" title=\"Tony Levin\" width=\"1200\" height=\"802\" class=\"wp-image-813\" \/><\/span><\/div><\/div><\/div><\/div><div class=\"et_pb_section_5 et_pb_section et_section_regular et_block_section\"><div class=\"et_pb_row_3 et_pb_row et_block_row\"><div class=\"et_pb_column_5 et_pb_column et_pb_column_4_4 et-last-child et_block_column et_pb_css_mix_blend_mode_passthrough\"><div class=\"et_pb_text_4 et_pb_text et_pb_bg_layout_light et_pb_module et_flex_module preset--module--divi-text--default\"><div class=\"et_pb_text_inner\"><p>&nbsp;<\/p>\n<\/div><\/div><\/div><\/div><\/div><div class=\"et_pb_section_6 et_pb_section et_section_regular et_block_section sfly_image sfly_image_6\"><div class=\"et_pb_row_4 et_pb_row et_pb_gutters1 et_block_row et_pb_row_fullwidth\"><div class=\"et_pb_column_6 et_pb_column et_pb_column_4_4 et-last-child et_block_column et_pb_css_mix_blend_mode_passthrough\"><div class=\"et_pb_gallery_0 et_pb_gallery et_pb_bg_layout_light et_pb_gallery_grid et_pb_module preset--module--divi-gallery--default\" data-auto-rotate=\"off\" data-auto-rotate-speed=\"\"><div class=\"et_pb_gallery_items et_post_gallery clearfix et_block_module\" data-per_page=\"8\"><div class=\"et_pb_gallery_item et_pb_grid_item et_pb_gallery_item_0_0\"><div class=\"et_pb_gallery_image landscape\" data-per_page=\"8\"><a href=\"https:\/\/asv.pt\/wp-content\/uploads\/2021\/04\/Ramesh_Shotham.jpg\" title=\"Ramesh Shotham\"><img decoding=\"async\" width=\"400\" height=\"284\" src=\"https:\/\/asv.pt\/wp-content\/uploads\/2021\/04\/Ramesh_Shotham-400x284.jpg\" alt=\"Ramesh Shotham\" class=\"wp-image-805\" title=\"\"><span class=\"et_overlay\" data-icon=\"\" data-icon-tablet=\"\" data-icon-phone=\"\"><\/span><\/a><\/div><\/div><div class=\"et_pb_gallery_item et_pb_grid_item et_pb_gallery_item_0_1\"><div class=\"et_pb_gallery_image landscape\" data-per_page=\"8\"><a href=\"https:\/\/asv.pt\/wp-content\/uploads\/2021\/04\/Divinity_Roxx.jpg\" title=\"G\u00f6ttlichkeit Roxx\"><img decoding=\"async\" width=\"400\" height=\"284\" src=\"https:\/\/asv.pt\/wp-content\/uploads\/2021\/04\/Divinity_Roxx-400x284.jpg\" alt=\"G\u00f6ttlichkeit Roxx\" class=\"wp-image-809\" title=\"\"><span class=\"et_overlay\" data-icon=\"\" data-icon-tablet=\"\" data-icon-phone=\"\"><\/span><\/a><\/div><\/div><div class=\"et_pb_gallery_item et_pb_grid_item et_pb_gallery_item_0_2\"><div class=\"et_pb_gallery_image landscape\" data-per_page=\"8\"><a href=\"https:\/\/asv.pt\/wp-content\/uploads\/2021\/04\/Randy_Hansen.jpg\" title=\"Randy Hansen\"><img decoding=\"async\" width=\"400\" height=\"284\" src=\"https:\/\/asv.pt\/wp-content\/uploads\/2021\/04\/Randy_Hansen-400x284.jpg\" alt=\"Randy Hansen\" class=\"wp-image-806\" title=\"\"><span class=\"et_overlay\" data-icon=\"\" data-icon-tablet=\"\" data-icon-phone=\"\"><\/span><\/a><\/div><\/div><div class=\"et_pb_gallery_item et_pb_grid_item et_pb_gallery_item_0_3\"><div class=\"et_pb_gallery_image landscape\" data-per_page=\"8\"><a href=\"https:\/\/asv.pt\/wp-content\/uploads\/2021\/04\/TM_Stevens.jpg\" title=\"TM Stevens\"><img decoding=\"async\" width=\"400\" height=\"284\" src=\"https:\/\/asv.pt\/wp-content\/uploads\/2021\/04\/TM_Stevens-400x284.jpg\" alt=\"TM Stevens\" class=\"wp-image-810\" title=\"\"><span class=\"et_overlay\" data-icon=\"\" data-icon-tablet=\"\" data-icon-phone=\"\"><\/span><\/a><\/div><\/div><div class=\"et_pb_gallery_item et_pb_grid_item et_pb_gallery_item_0_4\"><div class=\"et_pb_gallery_image landscape\" data-per_page=\"8\"><a href=\"https:\/\/asv.pt\/wp-content\/uploads\/2021\/04\/Rex_Brown.jpg\" title=\"Rex Brown \/ Kill Devil Hill\"><img decoding=\"async\" width=\"400\" height=\"284\" src=\"https:\/\/asv.pt\/wp-content\/uploads\/2021\/04\/Rex_Brown-400x284.jpg\" alt=\"Rex Brown \/ Kill Devil Hill\" class=\"wp-image-807\" title=\"\"><span class=\"et_overlay\" data-icon=\"\" data-icon-tablet=\"\" data-icon-phone=\"\"><\/span><\/a><\/div><\/div><div class=\"et_pb_gallery_item et_pb_grid_item et_pb_gallery_item_0_5\"><div class=\"et_pb_gallery_image landscape\" data-per_page=\"8\"><a href=\"https:\/\/asv.pt\/wp-content\/uploads\/2021\/04\/Skin.jpg\" title=\"Skin &amp; Skunk Anansie\"><img decoding=\"async\" width=\"400\" height=\"284\" src=\"https:\/\/asv.pt\/wp-content\/uploads\/2021\/04\/Skin-400x284.jpg\" alt=\"Skin &amp; Skunk Anansie\" class=\"wp-image-808\" title=\"\"><span class=\"et_overlay\" data-icon=\"\" data-icon-tablet=\"\" data-icon-phone=\"\"><\/span><\/a><\/div><\/div><div class=\"et_pb_gallery_item et_pb_grid_item et_pb_gallery_item_0_6\"><div class=\"et_pb_gallery_image landscape\" data-per_page=\"8\"><a href=\"https:\/\/asv.pt\/wp-content\/uploads\/2021\/04\/Billy_Sheehan-1.jpg\" title=\"Billy Sheehan\"><img decoding=\"async\" width=\"400\" height=\"284\" src=\"https:\/\/asv.pt\/wp-content\/uploads\/2021\/04\/Billy_Sheehan-1-400x284.jpg\" alt=\"Billy Sheehan\" class=\"wp-image-803\" title=\"\"><span class=\"et_overlay\" data-icon=\"\" data-icon-tablet=\"\" data-icon-phone=\"\"><\/span><\/a><\/div><\/div><div class=\"et_pb_gallery_item et_pb_grid_item et_pb_gallery_item_0_7\"><div class=\"et_pb_gallery_image landscape\" data-per_page=\"8\"><a href=\"https:\/\/asv.pt\/wp-content\/uploads\/2021\/04\/Eric_Gales_Band.jpg\" title=\"Eric Gales Band\"><img decoding=\"async\" width=\"400\" height=\"284\" src=\"https:\/\/asv.pt\/wp-content\/uploads\/2021\/04\/Eric_Gales_Band-400x284.jpg\" alt=\"Eric Gales Band\" class=\"wp-image-804\" title=\"\"><span class=\"et_overlay\" data-icon=\"\" data-icon-tablet=\"\" data-icon-phone=\"\"><\/span><\/a><\/div><\/div><\/div><\/div><\/div><\/div><\/div><div class=\"et_pb_section_7 et_pb_section et_section_regular et_block_section\"><div class=\"et_pb_row_5 et_pb_row et_block_row\"><div class=\"et_pb_column_7 et_pb_column et_pb_column_4_4 et-last-child et_block_column et_pb_css_mix_blend_mode_passthrough\"><div class=\"et_pb_text_5 et_pb_text et_pb_bg_layout_light et_pb_module et_flex_module preset--module--divi-text--default\"><div class=\"et_pb_text_inner\"><p>&nbsp;<\/p>\n<\/div><\/div><\/div><\/div><\/div><div class=\"et_pb_section_8 et_pb_section et_section_regular et_block_section et_pb_section_parallax sfly_feature sfly_feature_19\"><span class=\"et-pb-parallax-wrapper\"><span class=\"et-pb-parallax-background et-pb-parallax-background--css et-pb-parallax-background-module--divi-section-8\" style=\"background-image:url(https:\/\/asv.pt\/wp-content\/uploads\/2021\/04\/Jon_Gomm.jpg)\"><\/span><\/span><div class=\"et_pb_row_6 et_pb_row et_block_row\"><div class=\"et_pb_column_8 et_pb_column et_pb_column_1_2 et_block_column et_pb_css_mix_blend_mode_passthrough column1\"><div class=\"et_pb_text_6 et_pb_text et_pb_bg_layout_light et_pb_module et_flex_module preset--module--divi-text--default\"><div class=\"et_pb_text_inner\"><h2>Die K\u00fcnstler<\/h2>\n<p>Meine Bilder erschienen in zahlreichen Printmedien und Anzeigen wie dem Vintage Guitar Mag, einem Warwick-Katalog und sogar im Modemagazin Agenda. Am besten gef\u00e4llt es mir aber, wenn den Musikern die Fotos so gut gefallen, dass sie sie in ihren Publikationen, wie z.B. ihren Webseiten, CDs oder T-Shirts verwenden. Hier ist eine kleine Sammlung dieser Ver\u00f6ffentlichungen, die keineswegs vollst\u00e4ndig ist:<\/p>\n<p>&nbsp;<\/p>\n<ul>\n<li>David Rhodes hat mein Portr\u00e4t von ihm und sein HANDS-Foto f\u00fcr seine Website verwendet.<\/li>\n<li>Divinity Roxx hat ein Portr\u00e4t und ihre H\u00c4NDE f\u00fcr ihre CD-Ver\u00f6ffentlichung \"ImPossible\" verwendet.<\/li>\n<li>Stevie Salas hat einige meiner Live-Bilder und ein Portr\u00e4t zu seinen offiziellen Pressebildern hinzugef\u00fcgt.<\/li>\n<li>Mike Keneally hat mehrere Bilder auf seiner Website ver\u00f6ffentlicht.<\/li>\n<li>Ramesh Shotham hat das Gesamtkunstwerk seiner neuen CD-Ver\u00f6ffentlichung mit dem Titel \"Here It Is\" auf der Grundlage meiner Fotos von seinen Auftritten und den H\u00c4NDEN aller Musiker auf dieser Platte gestaltet. Ich f\u00fchle mich durch dieses Kunstwerk zutiefst geehrt.<\/li>\n<\/ul>\n<\/div><\/div><div class=\"et_pb_module et_pb_button_module_wrapper et_pb_button_1_wrapper\"><a class=\"et_pb_button_1 et_pb_button et_pb_bg_layout_light et_pb_module et_flex_module\" href=\"https:\/\/asv.pt\/de\/kontakt\/\">Ich will auch Bilder!<\/a><\/div><\/div><div class=\"et_pb_column_9 et_pb_column et_pb_column_1_2 et-last-child et_block_column et_pb_column_empty et_pb_css_mix_blend_mode_passthrough column2\"><\/div><\/div><\/div><div class=\"et_pb_section_9 et_pb_section et_pb_fullwidth_section et_section_regular et_block_section sfly_interior sfly_interior_hero_1\"><section class=\"et_pb_fullwidth_header_2 et_pb_fullwidth_header et_pb_bg_layout_dark et_pb_text_align_center et_animated et_pb_module et_flex_module sfly_fullwidth_header\"><div class=\"et_pb_fullwidth_header_container center\"><div class=\"header-content-container center\"><div class=\"header-content et_flex_module\"><h4 class=\"et_pb_module_header\">Musik- und Konzertfotografie<\/h4><div class=\"et_pb_header_content_wrapper\"><h6>So sieht Musik aus<\/h6>\n<\/div><div class=\"et_pb_header_button_wrapper\"><\/div><\/div><\/div><\/div><div class=\"et_pb_fullwidth_header_overlay\"><\/div><div class=\"et_pb_fullwidth_header_scroll\"><\/div><\/section><\/div>","protected":false},"excerpt":{"rendered":"","protected":false},"author":1,"featured_media":0,"parent":0,"menu_order":0,"comment_status":"closed","ping_status":"closed","template":"","meta":{"footnotes":""},"class_list":["post-34","page","type-page","status-publish","hentry"],"_links":{"self":[{"href":"https:\/\/asv.pt\/de\/wp-json\/wp\/v2\/pages\/34","targetHints":{"allow":["GET"]}}],"collection":[{"href":"https:\/\/asv.pt\/de\/wp-json\/wp\/v2\/pages"}],"about":[{"href":"https:\/\/asv.pt\/de\/wp-json\/wp\/v2\/types\/page"}],"author":[{"embeddable":true,"href":"https:\/\/asv.pt\/de\/wp-json\/wp\/v2\/users\/1"}],"replies":[{"embeddable":true,"href":"https:\/\/asv.pt\/de\/wp-json\/wp\/v2\/comments?post=34"}],"version-history":[{"count":6,"href":"https:\/\/asv.pt\/de\/wp-json\/wp\/v2\/pages\/34\/revisions"}],"predecessor-version":[{"id":2785,"href":"https:\/\/asv.pt\/de\/wp-json\/wp\/v2\/pages\/34\/revisions\/2785"}],"wp:attachment":[{"href":"https:\/\/asv.pt\/de\/wp-json\/wp\/v2\/media?parent=34"}],"curies":[{"name":"wp","href":"https:\/\/api.w.org\/{rel}","templated":true}]}}