{"id":1318,"date":"2021-08-29T16:05:49","date_gmt":"2021-08-29T15:05:49","guid":{"rendered":"https:\/\/asv.pt\/?page_id=1318"},"modified":"2025-11-01T19:39:46","modified_gmt":"2025-11-01T19:39:46","slug":"mailinglist","status":"publish","type":"page","link":"https:\/\/asv.pt\/pt\/mailinglist\/","title":{"rendered":"Mailinglist"},"content":{"rendered":"<div class=\"et_pb_section_0 et_pb_section et_section_regular et_block_section et_animated section_has_divider et_pb_top_divider sfly_optin sfly_optin_2\"><div class=\"et_pb_top_inside_divider et-no-transition\"><\/div><div class=\"et_pb_row_0 et_pb_row et_block_row\" id=\"NewsletterForm\"><div class=\"et_pb_column_0 et_pb_column et_pb_column_4_4 et-last-child et_block_column et_pb_css_mix_blend_mode_passthrough\"><div class=\"et_pb_text_0 et_pb_text et_pb_bg_layout_light et_animated et_pb_module et_flex_module preset--module--divi-text--default\"><div class=\"et_pb_text_inner\"><h3>Mantenha-me actualizado!<\/h3>\n<p>Por favor, subscreva a nossa lista de correio eletr\u00f3nico. Estamos constantemente a acrescentar servi\u00e7os \u00e0 nossa carteira e a atualizar as informa\u00e7\u00f5es neste s\u00edtio Web. Se n\u00e3o quiser consultar este s\u00edtio com frequ\u00eancia, pode ser uma boa ideia receber estas informa\u00e7\u00f5es convenientemente por correio eletr\u00f3nico, utilizando a nossa lista de correio. <br \/>N\u00e3o mais do que um e-mail por m\u00eas, prometido!<\/p>\n<\/div><\/div><div class=\"et_pb_signup_0 et_pb_signup et_pb_newsletter et_pb_subscribe et_pb_no_bg et_pb_newsletter_description_no_title et_pb_newsletter_description_no_content et_pb_bg_layout_light et_pb_text_align_center et_animated et_pb_module et_flex_module preset--module--divi-signup--default\"><div class=\"et_pb_newsletter_description et_multi_view_hidden\"><\/div><div class=\"et_pb_newsletter_form\"><form method=\"post\" class=\"\" action=\"\"><div class=\"et_pb_newsletter_result et_pb_newsletter_error\"><\/div><div class=\"et_pb_newsletter_result et_pb_newsletter_success\"><h2>Obrigado! Por favor, confirme a sua subscri\u00e7\u00e3o clicando no link do e-mail que lhe envi\u00e1mos.<\/h2><\/div><div class=\"et_pb_newsletter_fields et_flex_module\"><p class=\"et_pb_newsletter_field et_pb_contact_field_last et_pb_contact_field_last_tablet et_pb_contact_field_last_phone\"><label class=\"et_pb_contact_form_label\" for=\"et_pb_signup_firstname\" style=\"display: none;\">Nome pr\u00f3prio<\/label><input class=\"input\" id=\"et_pb_signup_firstname\" type=\"text\" placeholder=\"Nome pr\u00f3prio\" name=\"et_pb_signup_firstname\" \/><\/p><p class=\"et_pb_newsletter_field et_pb_contact_field_last et_pb_contact_field_last_tablet et_pb_contact_field_last_phone\"><label class=\"et_pb_contact_form_label\" for=\"et_pb_signup_lastname\" style=\"display: none;\">Apelido<\/label><input class=\"input\" id=\"et_pb_signup_lastname\" type=\"text\" placeholder=\"Apelido\" name=\"et_pb_signup_lastname\" \/><\/p><p class=\"et_pb_newsletter_field et_pb_contact_field_last et_pb_contact_field_last_tablet et_pb_contact_field_last_phone\"><label class=\"et_pb_contact_form_label\" for=\"et_pb_signup_email\" style=\"display: none;\">Correio eletr\u00f3nico<\/label><input class=\"input\" id=\"et_pb_signup_email\" type=\"text\" placeholder=\"Correio eletr\u00f3nico\" name=\"et_pb_signup_email\" \/><\/p><p class=\"et_pb_newsletter_button_wrap\"><a class=\"et_pb_button et_pb_newsletter_button\" href=\"#\"><span class=\"et_subscribe_loader\"><\/span><span class=\"et_pb_newsletter_button_text\">Inscreva-me<\/span><\/a><\/p><div class=\"et_pb_newsletter_footer\"><p>N\u00f3s respeitamos a sua privacidade e levamos muito a s\u00e9rio a sua protec\u00e7\u00e3o. Nada de spam!<\/p>\n<\/div><\/div><input type=\"hidden\" name=\"et_pb_signup_provider\" value=\"mailchimp\" \/><input type=\"hidden\" name=\"et_pb_signup_list_id\" value=\"579b436b49\" \/><input type=\"hidden\" name=\"et_pb_signup_account_name\" value=\"MailChimp\" \/><input type=\"hidden\" name=\"et_pb_signup_ip_address\" value=\"true\" \/><input type=\"hidden\" name=\"et_pb_signup_checksum\" value=\"49b392b73d7b49c12ae22080bfbaa677\" \/><input type=\"hidden\" name=\"trp-form-language\" value=\"pt\"\/><\/form><\/div><\/div><\/div><\/div><\/div>","protected":false},"excerpt":{"rendered":"","protected":false},"author":1,"featured_media":0,"parent":0,"menu_order":0,"comment_status":"closed","ping_status":"closed","template":"","meta":{"footnotes":""},"class_list":["post-1318","page","type-page","status-publish","hentry"],"_links":{"self":[{"href":"https:\/\/asv.pt\/pt\/wp-json\/wp\/v2\/pages\/1318","targetHints":{"allow":["GET"]}}],"collection":[{"href":"https:\/\/asv.pt\/pt\/wp-json\/wp\/v2\/pages"}],"about":[{"href":"https:\/\/asv.pt\/pt\/wp-json\/wp\/v2\/types\/page"}],"author":[{"embeddable":true,"href":"https:\/\/asv.pt\/pt\/wp-json\/wp\/v2\/users\/1"}],"replies":[{"embeddable":true,"href":"https:\/\/asv.pt\/pt\/wp-json\/wp\/v2\/comments?post=1318"}],"version-history":[{"count":1,"href":"https:\/\/asv.pt\/pt\/wp-json\/wp\/v2\/pages\/1318\/revisions"}],"predecessor-version":[{"id":2794,"href":"https:\/\/asv.pt\/pt\/wp-json\/wp\/v2\/pages\/1318\/revisions\/2794"}],"wp:attachment":[{"href":"https:\/\/asv.pt\/pt\/wp-json\/wp\/v2\/media?parent=1318"}],"curies":[{"name":"wp","href":"https:\/\/api.w.org\/{rel}","templated":true}]}}