{"id":1328,"date":"2021-09-05T15:16:21","date_gmt":"2021-09-05T14:16:21","guid":{"rendered":"https:\/\/asv.pt\/?page_id=1328"},"modified":"2025-11-01T19:39:47","modified_gmt":"2025-11-01T19:39:47","slug":"servicos-de-concecao","status":"publish","type":"page","link":"https:\/\/asv.pt\/pt\/design-services\/","title":{"rendered":"Que mais? Servi\u00e7os de design e muito mais!"},"content":{"rendered":"<div class=\"et_pb_section_0 et_pb_section et_section_regular et_block_section sfly_feature sfly_feature_3\"><div class=\"et_pb_row_0 et_pb_row et_block_row\"><div class=\"et_pb_column_0 et_pb_column et_pb_column_1_2 et_block_column et_pb_css_mix_blend_mode_passthrough column1\"><div class=\"et_pb_text_0 et_pb_text et_pb_bg_layout_light et_pb_module et_flex_module preset--module--divi-text--default\"><div class=\"et_pb_text_inner\"><h2>Que mais?<\/h2>\n<p>Tem sido uma aventura e tanto ao longo dos \u00faltimos trinta anos, tendo adquirido todo o tipo de compet\u00eancias \u00fateis pelo caminho - e estou ansioso por partilh\u00e1-las convosco! Desde a intrincada arte do web design at\u00e9 ao inovador mundo da cria\u00e7\u00e3o de aplica\u00e7\u00f5es, o reino matizado da grava\u00e7\u00e3o de \u00e1udio e m\u00fasica e, sem esquecer, o meu percurso como pianista e baixista, cada compet\u00eancia tem sido um cap\u00edtulo vital na minha hist\u00f3ria de aprendizagem e paix\u00e3o ao longo da vida.<br \/>\nA minha filha brinca que sou como um 'canivete su\u00ed\u00e7o' porque tenho sempre a ferramenta certa para o trabalho. Quer seja a tocar acordes no piano, a fazer grooves no baixo ou a mergulhar em novas cria\u00e7\u00f5es digitais, estou sempre pronto para novas aventuras. Adoraria dar uma m\u00e3ozinha em qualquer projeto criativo que tenha em mente. Vamos colaborar e fazer algo fant\u00e1stico juntos!<\/p>\n<\/div><\/div><\/div><div class=\"et_pb_column_1 et_pb_column et_pb_column_1_2 et-last-child et_block_column et_pb_column_empty et_pb_css_mix_blend_mode_passthrough column2\"><\/div><\/div><\/div><div class=\"et_pb_section_1 et_pb_section et_section_regular et_block_section sfly_feature sfly_feature_11\"><div class=\"et_pb_row_1 et_pb_row et_block_row\"><div class=\"et_pb_column_2 et_pb_column et_pb_column_1_2 et_block_column et_pb_css_mix_blend_mode_passthrough column1\"><div class=\"et_pb_blurb_0 et_pb_blurb et_pb_bg_layout_light et_pb_text_align_center et_pb_blurb_position_top et_pb_module et_flex_module preset--module--divi-blurb--default\"><div class=\"et_pb_blurb_content et_flex_module\"><div class=\"et_pb_blurb_container\"><h4 class=\"et_pb_module_header\">Design do site<\/h4><div class=\"et_pb_blurb_description\"><p>Eu tenho constru\u00eddo sites desde 1995. Estes foram os primeiros tempos da internet, e evoluiu muito desde ent\u00e3o. Mas uma coisa sempre permaneceu a mesma: um website precisa de ter um \u00f3ptimo aspecto, precisa de fornecer a informa\u00e7\u00e3o que se quer fornecer e deve ser f\u00e1cil de navegar. Posso ajud\u00e1-lo a desenhar o seu website para satisfazer estes requisitos, o que resultar\u00e1 numa melhor liga\u00e7\u00e3o aos seus clientes.<\/p>\n<\/div><\/div><\/div><\/div><div class=\"et_pb_blurb_1 et_pb_blurb et_pb_bg_layout_light et_pb_text_align_center et_pb_blurb_position_top et_pb_module et_flex_module preset--module--divi-blurb--default\"><div class=\"et_pb_blurb_content et_flex_module\"><div class=\"et_pb_blurb_container\"><h4 class=\"et_pb_module_header\">Cart\u00f5es de visita<\/h4><div class=\"et_pb_blurb_description\"><p>Nunca subestime o poder destes pequenos ajudantes!<br \/>Cart\u00f5es de visita s\u00e3o muitas vezes a \u00fanica coisa, que lembra algu\u00e9m sobre voc\u00ea. Portanto, eles precisam segurar as informa\u00e7\u00f5es b\u00e1sicas de voc\u00ea, parecer \u00f3timo, e se sentir \u00f3timo. O mau design envolve demasiada informa\u00e7\u00e3o no cart\u00e3o, fotos mal feitas e uma impress\u00e3o em mau material de papel. Deixa-me ajudar-te a ter o melhor cart\u00e3o poss\u00edvel para o teu prop\u00f3sito.<\/p>\n<\/div><\/div><\/div><\/div><\/div><div class=\"et_pb_column_3 et_pb_column et_pb_column_1_2 et-last-child et_block_column et_pb_css_mix_blend_mode_passthrough column2\"><div class=\"et_pb_blurb_2 et_pb_blurb et_pb_bg_layout_light et_pb_text_align_center et_pb_blurb_position_top et_pb_module et_flex_module preset--module--divi-blurb--default\"><div class=\"et_pb_blurb_content et_flex_module\"><div class=\"et_pb_blurb_container\"><h4 class=\"et_pb_module_header\">Configura\u00e7\u00e3o do WordPress<\/h4><div class=\"et_pb_blurb_description\"><p>Eu tenho usado o WordPress para meus sites por quase uma d\u00e9cada. Para usu\u00e1rios inexperientes, o processo de configura\u00e7\u00e3o \u00e9 a tarefa mais exigente na constru\u00e7\u00e3o de um site. Voc\u00ea s\u00f3 tem que fazer isso uma vez, mas voc\u00ea tem que fazer. Eu fiz isso cerca de cem vezes em v\u00e1rios servidores, e posso fazer isso por voc\u00ea ou ajud\u00e1-lo no caminho.<\/p>\n<\/div><\/div><\/div><\/div><div class=\"et_pb_blurb_3 et_pb_blurb et_pb_bg_layout_light et_pb_text_align_center et_pb_blurb_position_top et_pb_module et_flex_module preset--module--divi-blurb--default\"><div class=\"et_pb_blurb_content et_flex_module\"><div class=\"et_pb_blurb_container\"><h4 class=\"et_pb_module_header\">Desenvolvimento iOS e Android<\/h4><div class=\"et_pb_blurb_description\"><p>Tamb\u00e9m \u00e9 poss\u00edvel programar em Swift, SwiftUI ou Dart\/Flutter para iOS, iPadOS, MacOS e Android. Posso tratar de projectos mais pequenos sozinho, se tiver projectos maiores, posso facilmente formar uma equipa com programadores que conhe\u00e7o para satisfazer as suas necessidades.<br \/>O meu \u00faltimo lan\u00e7amento \u00e9 um <a href=\"https:\/\/asv.pt\/pt\/2025\/06\/11\/introducao-do-btc-eta-smart-bitcoin-transaction-timing-para-todos\/\">Estimador de tempo e taxa de transfer\u00eancia de Bitcoin chamado BTC ETA<\/a>. Outra coisa que fiz foi <a href=\"https:\/\/asv.pt\/pt\/evolucao-do-braco-da-guitarra\/\">FretBoard Evolution<\/a>, um visualizador de acordes e escalas para iOS e Android. Outra aplica\u00e7\u00e3o \u00e9 <a href=\"https:\/\/asv.pt\/pt\/earthbeat-ressonancia-de-schumann-widgets-ios\/\">EarthBeat<\/a>, com Widgets da Resson\u00e2ncia Schumann, do \u00cdndice Kp e das imagens de sat\u00e9lite do sol.<\/p>\n<\/div><\/div><\/div><\/div><\/div><\/div><div class=\"et_pb_row_2 et_pb_row et_block_row\"><div class=\"et_pb_column_4 et_pb_column et_pb_column_1_2 et_block_column et_pb_css_mix_blend_mode_passthrough column1\"><div class=\"et_pb_blurb_4 et_pb_blurb et_pb_bg_layout_light et_pb_text_align_center et_pb_blurb_position_top et_pb_module et_flex_module preset--module--divi-blurb--default\"><div class=\"et_pb_blurb_content et_flex_module\"><div class=\"et_pb_blurb_container\"><h4 class=\"et_pb_module_header\">Grava\u00e7\u00e3o<\/h4><div class=\"et_pb_blurb_description\"><p>No meu est\u00fadio de grava\u00e7\u00e3o de \u00e1udio na Alemanha, gravei in\u00fameras sess\u00f5es com v\u00e1rios m\u00fasicos, desde instrumentos ac\u00fasticos a instrumentos el\u00e9ctricos e vocais. Eu posso ajudar a obter os melhores resultados de grava\u00e7\u00e3o poss\u00edveis em qualquer ambiente que voc\u00ea possa proporcionar.<br \/>Tamb\u00e9m tenho uma configura\u00e7\u00e3o de grava\u00e7\u00e3o m\u00f3vel para at\u00e9 32 canais (16 microfone\/linha + 16 linha) de grava\u00e7\u00e3o digital. Vamos falar sobre o que precisa.<\/p>\n<\/div><\/div><\/div><\/div><div class=\"et_pb_blurb_5 et_pb_blurb et_pb_bg_layout_light et_pb_text_align_center et_pb_blurb_position_top et_pb_module et_flex_module preset--module--divi-blurb--default\"><div class=\"et_pb_blurb_content et_flex_module\"><div class=\"et_pb_blurb_container\"><h4 class=\"et_pb_module_header\">Desenho da capa<\/h4><div class=\"et_pb_blurb_description\"><p>Pode lan\u00e7ar uma m\u00fasica bonita, mas, na maior parte das vezes, \u00e9 a capa que vende a m\u00fasica. Por isso, a capa do teu lan\u00e7amento tem de ser a melhor poss\u00edvel. Fiz o trabalho art\u00edstico da maioria dos meus pr\u00f3prios lan\u00e7amentos, mas tamb\u00e9m trabalhei para artistas como Gregor Meyle (\"<a href=\"https:\/\/www.amazon.de\/H%C3%A4tt-anders-kommen-k%C3%B6nnen-Vinyl\/dp\/B07GRVC31C\/\" target=\"_blank\" rel=\"noopener\">H\u00e4tt Auch Anders Kommen K\u00f6nnen<\/a>\").<br \/>Posso fazer capas simples para lan\u00e7amentos que s\u00e3o apenas digitais. No entanto, tamb\u00e9m estou familiarizado com a tarefa muito mais complicada de conceber capas para CDs \"f\u00edsicos\" e at\u00e9 para lan\u00e7amentos em vinil.<\/p>\n<\/div><\/div><\/div><\/div><div class=\"et_pb_blurb_6 et_pb_blurb et_pb_bg_layout_light et_pb_text_align_center et_pb_blurb_position_top et_pb_module et_flex_module preset--module--divi-blurb--default\"><div class=\"et_pb_blurb_content et_flex_module\"><div class=\"et_pb_blurb_container\"><h4 class=\"et_pb_module_header\">Servi\u00e7o de Etiquetagem e Lan\u00e7amento<\/h4><div class=\"et_pb_blurb_description\"><p>O que queres fazer com o teu produto final? A sua m\u00fasica quer ser ouvida pelos seus f\u00e3s, por isso deve lan\u00e7\u00e1-la online. Posso ajudar-te a distribuir a tua m\u00fasica online e a encontrar as melhores op\u00e7\u00f5es dispon\u00edveis. N\u00e3o se admirem quando vos digo para evitarem os servi\u00e7os de streaming. Quer ter o controlo total da sua m\u00fasica e das suas receitas, pelo que existem modelos muito melhores que o ajudar\u00e3o a entrar em contacto com os seus f\u00e3s, a passar a mensagem e, finalmente, a vender a sua m\u00fasica.<\/p>\n<\/div><\/div><\/div><\/div><\/div><div class=\"et_pb_column_5 et_pb_column et_pb_column_1_2 et-last-child et_block_column et_pb_css_mix_blend_mode_passthrough column2\"><div class=\"et_pb_blurb_7 et_pb_blurb et_pb_bg_layout_light et_pb_text_align_center et_pb_blurb_position_top et_pb_module et_flex_module preset--module--divi-blurb--default\"><div class=\"et_pb_blurb_content et_flex_module\"><div class=\"et_pb_blurb_container\"><h4 class=\"et_pb_module_header\">Mistura e edi\u00e7\u00e3o<\/h4><div class=\"et_pb_blurb_description\"><p>Editar grava\u00e7\u00f5es e mixagens \u00e9 a parte criativa no caminho para o seu pr\u00f3prio lan\u00e7amento de discos. Eu editei e misturei muitos discos. Os meus pr\u00f3prios lan\u00e7amentos podem ser encontrados no meu <a href=\"https:\/\/music.mennigmann.com\/\" target=\"_blank\" rel=\"noopener\">BandCamp<\/a> p\u00e1gina. Portanto, se voc\u00ea j\u00e1 tem grava\u00e7\u00f5es e precisa que elas sejam editadas e misturadas, me ligue!<\/p>\n<\/div><\/div><\/div><\/div><div class=\"et_pb_blurb_8 et_pb_blurb et_pb_bg_layout_light et_pb_text_align_center et_pb_blurb_position_top et_pb_module et_flex_module preset--module--divi-blurb--default\"><div class=\"et_pb_blurb_content et_flex_module\"><div class=\"et_pb_blurb_container\"><h4 class=\"et_pb_module_header\">Mastering<\/h4><div class=\"et_pb_blurb_description\"><p>O \"mastering\" \u00e9 o \u00faltimo passo antes de lan\u00e7ar m\u00fasica ou qualquer outro material de \u00e1udio para o p\u00fablico. Muitos m\u00fasicos gostam de pular esse processo e terminar o trabalho em seus lan\u00e7amentos ap\u00f3s a mixagem, mas a \"mastering\" pode elevar at\u00e9 mesmo uma fant\u00e1stica mixagem a um n\u00edvel totalmente novo. Voc\u00ea pode cometer muitos erros ao mastering, mas um bom master faz suas faixas brilharem e serem consistentes. E, claro, elas v\u00e3o soar bem em compara\u00e7\u00e3o com outros lan\u00e7amentos profissionais.<\/p>\n<\/div><\/div><\/div><\/div><\/div><\/div><div class=\"et_pb_row_3 et_pb_row et_block_row\"><div class=\"et_pb_column_6 et_pb_column et_pb_column_4_4 et-last-child et_block_column et_pb_css_mix_blend_mode_passthrough\"><div class=\"et_pb_text_1 et_pb_text et_pb_bg_layout_light et_pb_module et_flex_module preset--module--divi-text--default\"><div class=\"et_pb_text_inner\"><p class=\"translation-block\">Para todos os servi\u00e7os de \u00e1udio que ofere\u00e7o, irei adicionar mais informa\u00e7\u00f5es na p\u00e1gina dedicada <a href=\"https:\/\/asv.pt\/pt\/sound-recording-studio-for-music\/\" target=\"_self\">recording studio page<\/a>. Ent\u00e3o, por favor, confira tamb\u00e9m essa p\u00e1gina!<\/p>\n<\/div><\/div><\/div><\/div><\/div>","protected":false},"excerpt":{"rendered":"","protected":false},"author":1,"featured_media":0,"parent":0,"menu_order":0,"comment_status":"closed","ping_status":"closed","template":"","meta":{"footnotes":""},"class_list":["post-1328","page","type-page","status-publish","hentry"],"_links":{"self":[{"href":"https:\/\/asv.pt\/pt\/wp-json\/wp\/v2\/pages\/1328","targetHints":{"allow":["GET"]}}],"collection":[{"href":"https:\/\/asv.pt\/pt\/wp-json\/wp\/v2\/pages"}],"about":[{"href":"https:\/\/asv.pt\/pt\/wp-json\/wp\/v2\/types\/page"}],"author":[{"embeddable":true,"href":"https:\/\/asv.pt\/pt\/wp-json\/wp\/v2\/users\/1"}],"replies":[{"embeddable":true,"href":"https:\/\/asv.pt\/pt\/wp-json\/wp\/v2\/comments?post=1328"}],"version-history":[{"count":12,"href":"https:\/\/asv.pt\/pt\/wp-json\/wp\/v2\/pages\/1328\/revisions"}],"predecessor-version":[{"id":2795,"href":"https:\/\/asv.pt\/pt\/wp-json\/wp\/v2\/pages\/1328\/revisions\/2795"}],"wp:attachment":[{"href":"https:\/\/asv.pt\/pt\/wp-json\/wp\/v2\/media?parent=1328"}],"curies":[{"name":"wp","href":"https:\/\/api.w.org\/{rel}","templated":true}]}}