{"id":1467,"date":"2021-10-20T20:23:29","date_gmt":"2021-10-20T19:23:29","guid":{"rendered":"https:\/\/asv.pt\/?page_id=1467"},"modified":"2025-11-01T19:39:47","modified_gmt":"2025-11-01T19:39:47","slug":"algarve-sound-vision-blogue","status":"publish","type":"page","link":"https:\/\/asv.pt\/pt\/algarve-sound-vision-blog\/","title":{"rendered":"Blog Algarve Sound &amp; Vision - todos os \u00faltimos buzz do ASV"},"content":{"rendered":"<div class=\"et_pb_section_0 et_pb_section et_section_regular et_block_section sfly_image sfly_image_2 sfly_dark_overlay\"><div class=\"et_pb_row_0 et_pb_row et_block_row\"><div class=\"et_pb_column_0 et_pb_column et_pb_column_4_4 et-last-child et_block_column et_pb_css_mix_blend_mode_passthrough\"><div class=\"et_pb_text_0 et_pb_text et_pb_bg_layout_dark et_animated et_pb_module et_flex_module preset--module--divi-text--default\"><div class=\"et_pb_text_inner\"><h2>Blog Algarve Sound &amp; Vision<\/h2>\n<h6>Toda a agita\u00e7\u00e3o que fazemos<\/h6>\n<\/div><\/div><\/div><\/div><\/div><div class=\"et_pb_section_1 et_pb_section et_section_regular et_block_section sfly_blog sfly_blog_1\"><div class=\"et_pb_row_1 et_pb_row et_block_row\"><div class=\"et_pb_column_1 et_pb_column et_pb_column_4_4 et-last-child et_block_column et_pb_css_mix_blend_mode_passthrough\"><div class=\"et_pb_blog_0 et_pb_blog et_pb_bg_layout_light et_pb_posts et_animated et_pb_module preset--module--divi-blog--default\"><div class=\"et_pb_ajax_pagination_container\"><div class=\"et_pb_posts et_block_module\"><article class=\"et_pb_post et_pb_post_id_2567 clearfix et_pb_has_overlay et_pb_blog_item_0_0 post-2567 post type-post status-publish format-standard has-post-thumbnail hentry category-software\"><a href=\"https:\/\/asv.pt\/pt\/2025\/06\/11\/introducing-btc-eta-smart-bitcoin-transaction-timing-for-everyone\/\" class=\"entry-featured-image-url\"><img decoding=\"async\" src=\"https:\/\/asv.pt\/wp-content\/uploads\/2025\/06\/BTC_ETA_Icon_3D.png\" width=\"1024\" height=\"675\" alt=\"BTC ETA Tempo de transa\u00e7\u00e3o de Smart Bitcoin\" class=\"et_pb_post_main_image\" title=\"\"><span data-icon=\"\ue050\" class=\"et_overlay et_pb_inline_icon\"><\/span><\/a><h2 class=\"entry-title\"><a href=\"https:\/\/asv.pt\/pt\/2025\/06\/11\/introducing-btc-eta-smart-bitcoin-transaction-timing-for-everyone\/\">Apresentando o BTC ETA: Tempo de transa\u00e7\u00e3o de Bitcoin inteligente para todos<\/a><\/h2><p class=\"post-meta\"><span class=\"published\">11 de junho de 2025<\/span> | <span class=\"entry-categories\"><a href=\"https:\/\/asv.pt\/pt\/software\/\" rel=\"tag\">Software<\/a><\/span><\/p><div class=\"post-content\"><div class=\"post-content-inner\"><p>Introducing BTC ETA: Smart Bitcoin Transaction Timing for Everyone by Marc | Jun 11, 2025 | 0 comments Bitcoin transactions can be frustrating. You either overpay for fees to get fast confirmation, or you underpay and wait days for your transaction to go through. What&#8230;<\/p>\n<\/div><a href=\"https:\/\/asv.pt\/pt\/2025\/06\/11\/introducing-btc-eta-smart-bitcoin-transaction-timing-for-everyone\/\" class=\"more-link\">read more<\/a><\/div><\/article><article class=\"et_pb_post et_pb_post_id_2498 clearfix et_pb_has_overlay et_pb_blog_item_0_1 post-2498 post type-post status-publish format-standard has-post-thumbnail hentry category-announcements category-concert-photography-asv category-projects tag-hands\"><a href=\"https:\/\/asv.pt\/pt\/2025\/01\/06\/creative-excellence-the-hands-behind-the-hands-book\/\" class=\"entry-featured-image-url\"><img decoding=\"async\" src=\"https:\/\/asv.pt\/wp-content\/uploads\/2025\/01\/Billy-Sheehan.jpg\" width=\"1080\" height=\"675\" alt=\"Billy Sheehan\" class=\"et_pb_post_main_image\" title=\"\"><span data-icon=\"\ue050\" class=\"et_overlay et_pb_inline_icon\"><\/span><\/a><h2 class=\"entry-title\"><a href=\"https:\/\/asv.pt\/pt\/2025\/01\/06\/creative-excellence-the-hands-behind-the-hands-book\/\">Excel\u00eancia Criativa: As m\u00e3os por detr\u00e1s do livro HANDS<\/a><\/h2><p class=\"post-meta\"><span class=\"published\">6 de janeiro de 2025<\/span> | <span class=\"entry-categories\"><a href=\"https:\/\/asv.pt\/pt\/announcements\/\" rel=\"tag\">An\u00fancios<\/a>, <a href=\"https:\/\/asv.pt\/pt\/concert-photography-asv\/\" rel=\"tag\">Fotografia de Concerto<\/a>, <a href=\"https:\/\/asv.pt\/pt\/projects\/\" rel=\"tag\">Projectos<\/a><\/span><\/p><div class=\"post-content\"><div class=\"post-content-inner\"><p>Excel\u00eancia Criativa: As m\u00e3os por detr\u00e1s do HANDS BOOK No Algarve Sound &amp; Vision, a criatividade est\u00e1 no centro de tudo o que fa\u00e7o. O HANDS BOOK \u00e9 um testemunho deste esp\u00edrito, mostrando o poder de combinar arte, conhecimentos t\u00e9cnicos e um olho para o pormenor....<\/p>\n<\/div><a href=\"https:\/\/asv.pt\/pt\/2025\/01\/06\/creative-excellence-the-hands-behind-the-hands-book\/\" class=\"more-link\">read more<\/a><\/div><\/article><article class=\"et_pb_post et_pb_post_id_2470 clearfix et_pb_has_overlay et_pb_blog_item_0_2 post-2470 post type-post status-publish format-standard has-post-thumbnail hentry category-software\"><a href=\"https:\/\/asv.pt\/pt\/2024\/08\/26\/fretboard-v1-1-0\/\" class=\"entry-featured-image-url\"><img decoding=\"async\" src=\"https:\/\/asv.pt\/wp-content\/uploads\/2024\/08\/11.png\" width=\"1080\" height=\"675\" alt=\"FretBoard 1.1\" class=\"et_pb_post_main_image\" title=\"\"><span data-icon=\"\ue050\" class=\"et_overlay et_pb_inline_icon\"><\/span><\/a><h2 class=\"entry-title\"><a href=\"https:\/\/asv.pt\/pt\/2024\/08\/26\/fretboard-v1-1-0\/\">FretBoard v1.1.0<\/a><\/h2><p class=\"post-meta\"><span class=\"published\">26 de agosto de 2024<\/span> | <span class=\"entry-categories\"><a href=\"https:\/\/asv.pt\/pt\/software\/\" rel=\"tag\">Software<\/a><\/span><\/p><div class=\"post-content\"><div class=\"post-content-inner\"><p>Ol\u00e1 a todos! Estou super entusiasmado por vos trazer a \u00faltima atualiza\u00e7\u00e3o do FretBoard, e esta vem com algo que acho que v\u00e3o adorar! O que h\u00e1 de novo: Editor de instrumentos: Esta \u00e9 a grande novidade! Adicionei um Editor de Instrumentos que te permite criar ou editar...<\/p>\n<\/div><a href=\"https:\/\/asv.pt\/pt\/2024\/08\/26\/fretboard-v1-1-0\/\" class=\"more-link\">read more<\/a><\/div><\/article><article class=\"et_pb_post et_pb_post_id_2411 clearfix et_pb_has_overlay et_pb_blog_item_0_3 post-2411 post type-post status-publish format-standard has-post-thumbnail hentry category-concert-photography-asv\"><a href=\"https:\/\/asv.pt\/pt\/2024\/03\/10\/svetlana-bakushina-fusion-project\/\" class=\"entry-featured-image-url\"><img decoding=\"async\" src=\"https:\/\/asv.pt\/wp-content\/uploads\/2024\/03\/24-03-09-L1000120-1500.jpg\" width=\"1080\" height=\"675\" alt=\"Projeto de fus\u00e3o de Svetlana Bakushina\" class=\"et_pb_post_main_image\" title=\"\"><span data-icon=\"\ue050\" class=\"et_overlay et_pb_inline_icon\"><\/span><\/a><h2 class=\"entry-title\"><a href=\"https:\/\/asv.pt\/pt\/2024\/03\/10\/svetlana-bakushina-fusion-project\/\">Projeto de fus\u00e3o de Svetlana Bakushina<\/a><\/h2><p class=\"post-meta\"><span class=\"published\">10 de mar\u00e7o de 2024<\/span> | <span class=\"entry-categories\"><a href=\"https:\/\/asv.pt\/pt\/concert-photography-asv\/\" rel=\"tag\">Fotografia de Concerto<\/a><\/span><\/p><div class=\"post-content\"><div class=\"post-content-inner\"><p>Svetlana Bakushina Fusion Project by Marc | Mar 10, 2024 In the enchanting ambiance of the Cine Teatro Louletano, the Svetlana Bakushina Fusion Project unveiled a mesmerizing blend of jazz, ethnic melodies, and progressive rock elements, captivating the audience with&#8230;<\/p>\n<\/div><a href=\"https:\/\/asv.pt\/pt\/2024\/03\/10\/svetlana-bakushina-fusion-project\/\" class=\"more-link\">read more<\/a><\/div><\/article><article class=\"et_pb_post et_pb_post_id_2378 clearfix et_pb_has_overlay et_pb_blog_item_0_4 post-2378 post type-post status-publish format-standard has-post-thumbnail hentry category-software tag-android tag-fretboard tag-ios tag-software\"><a href=\"https:\/\/asv.pt\/pt\/2024\/01\/19\/fretboard-chords-scales-app-now-available-for-android-users\/\" class=\"entry-featured-image-url\"><img decoding=\"async\" src=\"https:\/\/asv.pt\/wp-content\/uploads\/2023\/11\/FretBoardWebsite.png\" width=\"1024\" height=\"629\" alt=\"Acordes e escalas em FretBoard\" class=\"et_pb_post_main_image\" title=\"\"><span data-icon=\"\ue050\" class=\"et_overlay et_pb_inline_icon\"><\/span><\/a><h2 class=\"entry-title\"><a href=\"https:\/\/asv.pt\/pt\/2024\/01\/19\/fretboard-chords-scales-app-now-available-for-android-users\/\">FretBoard Chords &amp; Scales App: Agora dispon\u00edvel para utilizadores de Android!<\/a><\/h2><p class=\"post-meta\"><span class=\"published\">19 de janeiro de 2024<\/span> | <span class=\"entry-categories\"><a href=\"https:\/\/asv.pt\/pt\/software\/\" rel=\"tag\">Software<\/a><\/span><\/p><div class=\"post-content\"><div class=\"post-content-inner\"><p>Sauda\u00e7\u00f5es a todos os entusiastas da m\u00fasica e m\u00fasicos com conhecimentos tecnol\u00f3gicos! Hoje, estou incrivelmente entusiasmado por partilhar algumas not\u00edcias fant\u00e1sticas do mundo digital da m\u00fasica. Como muitos de v\u00f3s sabem, o Algarve Sound &amp; Vision n\u00e3o se limita a criar belos sons e imagens; \u00e9 tamb\u00e9m...<\/p>\n<\/div><a href=\"https:\/\/asv.pt\/pt\/2024\/01\/19\/fretboard-chords-scales-app-now-available-for-android-users\/\" class=\"more-link\">read more<\/a><\/div><\/article><article class=\"et_pb_post et_pb_post_id_2269 clearfix et_pb_has_overlay et_pb_blog_item_0_5 post-2269 post type-post status-publish format-standard has-post-thumbnail hentry category-uncategorized\"><a href=\"https:\/\/asv.pt\/pt\/2023\/11\/25\/capturing-the-essence-of-raw-chocomama-a-photographic-journey\/\" class=\"entry-featured-image-url\"><img decoding=\"async\" src=\"https:\/\/asv.pt\/wp-content\/uploads\/2023\/11\/2023-09-25-09.55.36-1500.jpg\" width=\"1080\" height=\"675\" alt=\"ChocoMama crua\" class=\"et_pb_post_main_image\" title=\"\"><span data-icon=\"\ue050\" class=\"et_overlay et_pb_inline_icon\"><\/span><\/a><h2 class=\"entry-title\"><a href=\"https:\/\/asv.pt\/pt\/2023\/11\/25\/capturing-the-essence-of-raw-chocomama-a-photographic-journey\/\">Capturando a ess\u00eancia da ChocoMama crua: uma viagem fotogr\u00e1fica<\/a><\/h2><p class=\"post-meta\"><span class=\"published\">25 de novembro de 2023<\/span> | <span class=\"entry-categories\"><a href=\"https:\/\/asv.pt\/pt\/uncategorized\/\" rel=\"tag\">Sem categoria<\/a><\/span><\/p><div class=\"post-content\"><div class=\"post-content-inner\"><p>Capturando a ess\u00eancia da Raw ChocoMama: uma viagem fotogr\u00e1fica Aninhada no cora\u00e7\u00e3o da natureza, onde o canto dos p\u00e1ssaros enche o ar e as estrelas iluminam o c\u00e9u noturno, encontra-se a cozinha alimentada por energia solar da Raw ChocoMama - um ref\u00fagio n\u00e3o s\u00f3 para o fabrico de chocolate, mas tamb\u00e9m para a criatividade e...<\/p>\n<\/div><a href=\"https:\/\/asv.pt\/pt\/2023\/11\/25\/capturing-the-essence-of-raw-chocomama-a-photographic-journey\/\" class=\"more-link\">read more<\/a><\/div><\/article><article class=\"et_pb_post et_pb_post_id_2243 clearfix et_pb_has_overlay et_pb_blog_item_0_6 post-2243 post type-post status-publish format-standard has-post-thumbnail hentry category-uncategorized\"><a href=\"https:\/\/asv.pt\/pt\/2023\/11\/05\/palestinian-children-by-peyoti-for-president-a-song-of-hope-and-humanity\/\" class=\"entry-featured-image-url\"><img decoding=\"async\" src=\"https:\/\/asv.pt\/wp-content\/uploads\/2023\/11\/Palestinian_Children-Cover.jpg\" width=\"1080\" height=\"675\" alt=\"Capa de Crian\u00e7as Palestinianas\" class=\"et_pb_post_main_image\" title=\"\"><span data-icon=\"\ue050\" class=\"et_overlay et_pb_inline_icon\"><\/span><\/a><h2 class=\"entry-title\"><a href=\"https:\/\/asv.pt\/pt\/2023\/11\/05\/palestinian-children-by-peyoti-for-president-a-song-of-hope-and-humanity\/\">\"Crian\u00e7as Palestinianas\" de Peyoti para Presidente - Uma Can\u00e7\u00e3o de Esperan\u00e7a e Humanidade<\/a><\/h2><p class=\"post-meta\"><span class=\"published\">5 de novembro de 2023<\/span> | <span class=\"entry-categories\"><a href=\"https:\/\/asv.pt\/pt\/uncategorized\/\" rel=\"tag\">Sem categoria<\/a><\/span><\/p><div class=\"post-content\"><div class=\"post-content-inner\"><p>Palestinian Children \u201cPalestinian Children\u201d de Peyoti for President - Uma can\u00e7\u00e3o de esperan\u00e7a e humanidade Numa \u00e9poca em que os ecos do conflito reverberam em todo o mundo, o novo lan\u00e7amento \u201cPalestinian Children\u201d de Peyoti for President n\u00e3o \u00e9 apenas uma can\u00e7\u00e3o, mas uma poderosa...<\/p>\n<\/div><a href=\"https:\/\/asv.pt\/pt\/2023\/11\/05\/palestinian-children-by-peyoti-for-president-a-song-of-hope-and-humanity\/\" class=\"more-link\">read more<\/a><\/div><\/article><article class=\"et_pb_post et_pb_post_id_2230 clearfix et_pb_has_overlay et_pb_blog_item_0_7 post-2230 post type-post status-publish format-standard has-post-thumbnail hentry category-announcements\"><a href=\"https:\/\/asv.pt\/pt\/2023\/08\/13\/exciting-news-from-algarve-sound-vision-innovisar-ai-consulting\/\" class=\"entry-featured-image-url\"><img decoding=\"async\" src=\"https:\/\/asv.pt\/wp-content\/uploads\/2023\/08\/Innovisar_Logo_green.png\" width=\"1080\" height=\"552\" alt=\"Log\u00f3tipo Innovisar verde\" class=\"et_pb_post_main_image\" title=\"\"><span data-icon=\"\ue050\" class=\"et_overlay et_pb_inline_icon\"><\/span><\/a><h2 class=\"entry-title\"><a href=\"https:\/\/asv.pt\/pt\/2023\/08\/13\/exciting-news-from-algarve-sound-vision-innovisar-ai-consulting\/\">Not\u00edcias interessantes do Algarve Sound &amp; Vision - Innovisar AI Consulting<\/a><\/h2><p class=\"post-meta\"><span class=\"published\">13 de agosto de 2023<\/span> | <span class=\"entry-categories\"><a href=\"https:\/\/asv.pt\/pt\/announcements\/\" rel=\"tag\">An\u00fancios<\/a><\/span><\/p><div class=\"post-content\"><div class=\"post-content-inner\"><p>Caros amigos e clientes, \u00c9 com grande entusiasmo que partilho convosco um novo cap\u00edtulo na minha jornada! Para al\u00e9m dos servi\u00e7os de \u00e1udio e fotografia de topo que j\u00e1 conhecem e confiam na ASV, estou agora a introduzir servi\u00e7os de consultoria baseados em IA sob o nome de...<\/p>\n<\/div><a href=\"https:\/\/asv.pt\/pt\/2023\/08\/13\/exciting-news-from-algarve-sound-vision-innovisar-ai-consulting\/\" class=\"more-link\">read more<\/a><\/div><\/article><article class=\"et_pb_post et_pb_post_id_2212 clearfix et_pb_has_overlay et_pb_blog_item_0_8 post-2212 post type-post status-publish format-standard has-post-thumbnail hentry category-recording category-studio tag-release\"><a href=\"https:\/\/asv.pt\/pt\/2023\/06\/23\/peyoti-for-president-vamos-a-nadar-released-today\/\" class=\"entry-featured-image-url\"><img decoding=\"async\" src=\"https:\/\/asv.pt\/wp-content\/uploads\/2023\/06\/Vamos_A_Nadar_Cover.jpg\" width=\"1080\" height=\"675\" alt=\"Vamos A Nadar Capa\" class=\"et_pb_post_main_image\" title=\"\"><span data-icon=\"\ue050\" class=\"et_overlay et_pb_inline_icon\"><\/span><\/a><h2 class=\"entry-title\"><a href=\"https:\/\/asv.pt\/pt\/2023\/06\/23\/peyoti-for-president-vamos-a-nadar-released-today\/\">Peyoti para Presidente, Vamos A Nadar - Lan\u00e7ado Hoje!<\/a><\/h2><p class=\"post-meta\"><span class=\"published\">23 de junho de 2023<\/span> | <span class=\"entry-categories\"><a href=\"https:\/\/asv.pt\/pt\/recording\/\" rel=\"tag\">Grava\u00e7\u00e3o<\/a>, <a href=\"https:\/\/asv.pt\/pt\/studio\/\" rel=\"tag\">Est\u00fadio<\/a><\/span><\/p><div class=\"post-content\"><div class=\"post-content-inner\"><p>Peyoti For President, Vamos A Nadar Prepare-se para fazer um refrescante mergulho sonoro com o \u00faltimo single de Peyoti for President, \u2018Vamos A Nadar\u2019! Mergulhe num groove vibrante, alimentado por tequila, criado no m\u00edstico Area 432 Recording Studio.\u201d Peyoti For President,...<\/p>\n<\/div><a href=\"https:\/\/asv.pt\/pt\/2023\/06\/23\/peyoti-for-president-vamos-a-nadar-released-today\/\" class=\"more-link\">read more<\/a><\/div><\/article><\/div><div class=\"pagination clearfix\">\n\t<div class=\"alignleft\"><a href=\"https:\/\/asv.pt\/pt\/wp-json\/wp\/v2\/pages\/1467\/page\/2\/?et_blog\">&laquo; Older Entries<\/a><\/div>\n\t<div class=\"alignright\"><\/div>\n<\/div><\/div><\/div><\/div><\/div><\/div>","protected":false},"excerpt":{"rendered":"","protected":false},"author":1,"featured_media":0,"parent":0,"menu_order":0,"comment_status":"closed","ping_status":"closed","template":"","meta":{"footnotes":""},"class_list":["post-1467","page","type-page","status-publish","hentry"],"_links":{"self":[{"href":"https:\/\/asv.pt\/pt\/wp-json\/wp\/v2\/pages\/1467","targetHints":{"allow":["GET"]}}],"collection":[{"href":"https:\/\/asv.pt\/pt\/wp-json\/wp\/v2\/pages"}],"about":[{"href":"https:\/\/asv.pt\/pt\/wp-json\/wp\/v2\/types\/page"}],"author":[{"embeddable":true,"href":"https:\/\/asv.pt\/pt\/wp-json\/wp\/v2\/users\/1"}],"replies":[{"embeddable":true,"href":"https:\/\/asv.pt\/pt\/wp-json\/wp\/v2\/comments?post=1467"}],"version-history":[{"count":10,"href":"https:\/\/asv.pt\/pt\/wp-json\/wp\/v2\/pages\/1467\/revisions"}],"predecessor-version":[{"id":2796,"href":"https:\/\/asv.pt\/pt\/wp-json\/wp\/v2\/pages\/1467\/revisions\/2796"}],"wp:attachment":[{"href":"https:\/\/asv.pt\/pt\/wp-json\/wp\/v2\/media?parent=1467"}],"curies":[{"name":"wp","href":"https:\/\/api.w.org\/{rel}","templated":true}]}}