{"id":1901,"date":"2023-01-30T10:25:46","date_gmt":"2023-01-30T10:25:46","guid":{"rendered":"https:\/\/asv.pt\/?page_id=1901"},"modified":"2025-11-01T19:39:50","modified_gmt":"2025-11-01T19:39:50","slug":"editora-discografica","status":"publish","type":"page","link":"https:\/\/asv.pt\/pt\/record-label\/","title":{"rendered":"Etiqueta de registo"},"content":{"rendered":"<div class=\"et_pb_section_0 et_pb_section et_pb_fullwidth_section et_section_regular et_block_section sfly_hero sfly_hero_4\"><section class=\"et_pb_fullwidth_header_0 et_pb_fullwidth_header et_pb_fullscreen et_pb_bg_layout_dark et_pb_text_align_right et_animated et_pb_section_parallax et_pb_module et_flex_module sfly_fullwidth_header\"><span class=\"et-pb-parallax-wrapper\"><span class=\"et-pb-parallax-background et-pb-parallax-background-module--divi-fullwidth-header-0\" style=\"background-image:url(https:\/\/asv.pt\/wp-content\/uploads\/2023\/01\/RecordHeader.jpg)\"><\/span><\/span><div class=\"et_pb_fullwidth_header_container right\"><div class=\"header-content-container center\"><div class=\"header-content et_flex_module\"><h1 class=\"et_pb_module_header\">Etiqueta de Distribui\u00e7\u00e3o Digital \/ Etiqueta de Grava\u00e7\u00e3o<\/h1><div class=\"et_pb_header_content_wrapper\"><p>J\u00e1 terminou de gravar a sua pr\u00f3pria m\u00fasica e quer t\u00ea-la distribu\u00edda da melhor maneira poss\u00edvel?<br \/>H\u00e1 muitas op\u00e7\u00f5es, e podemos cobri-las todas.<\/p>\n<\/div><div class=\"et_pb_header_button_wrapper\"><\/div><\/div><\/div><\/div><div class=\"et_pb_fullwidth_header_overlay\"><\/div><div class=\"et_pb_fullwidth_header_scroll\"><a class=\"scroll-down-container\" href=\"#\"><span class=\"scroll-down et-pb-icon\">\ue048<\/span><\/a><\/div><\/section><\/div><div class=\"et_pb_section_1 et_pb_section et_section_regular et_block_section sfly_general sfly_general_13\"><div class=\"et_pb_row_0 et_pb_row et_block_row\"><div class=\"et_pb_column_0 et_pb_column et_pb_column_1_3 et_block_column et_pb_css_mix_blend_mode_passthrough\"><div class=\"et_pb_divider_0 et_pb_divider et_pb_space et_pb_divider_position_top et_pb_module\"><div class=\"et_pb_divider_internal\"><\/div><\/div><div class=\"et_pb_text_0 et_pb_text et_pb_bg_layout_light et_pb_module et_flex_module preset--module--divi-text--default\"><div class=\"et_pb_text_inner\"><h3>O R\u00f3tulo para M\u00fasicos<\/h3>\n<\/div><\/div><\/div><div class=\"et_pb_column_1 et_pb_column et_pb_column_2_3 et-last-child et_block_column et_pb_css_mix_blend_mode_passthrough\"><div class=\"et_pb_text_1 et_pb_text et_pb_bg_layout_light et_pb_module et_flex_module preset--module--divi-text--default\"><div class=\"et_pb_text_inner\"><blockquote><p>O que \u00e9 que o Algarve Sound &amp; Vision Digital Distribution Label pode fazer por mim?<\/p><\/blockquote>\n<p>O ASV tratar\u00e1 de todos os aspectos da distribui\u00e7\u00e3o digital da sua m\u00fasica.<\/p>\n<p>ASV publicar\u00e1 os seus lan\u00e7amentos no Bandcamp com a op\u00e7\u00e3o de distribuir a todas as outras plataformas de streaming e venda (<a href=\"https:\/\/open.spotify.com\/\" target=\"_blank\" rel=\"noopener\">Spotify<\/a>, <a href=\"https:\/\/music.apple.com\/\" target=\"_blank\" rel=\"noopener\">M\u00fasica de Ma\u00e7\u00e3<\/a>, <a href=\"https:\/\/www.amazon.com\/\" target=\"_blank\" rel=\"noopener\">Amaz\u00f4nia<\/a> etc.).<\/p>\n<p>Recomendamos o Bandcamp, pois uma m\u00e9dia de 82% do dinheiro gasto pelos f\u00e3s vai para o artista. Al\u00e9m disso, tem controlo total sobre os seus ficheiros e sobre os seus ganhos.<\/p>\n<p>No Bandcamp, os f\u00e3s compraram 15,0 milh\u00f5es de \u00e1lbuns digitais, 7,1 milh\u00f5es de faixas, 2,0 milh\u00f5es de discos de vinil, 900 000 CDs e 500 000 cassetes em 2022, o que mostra claramente uma tend\u00eancia. Lan\u00e7ar um CD ou vinil f\u00edsico pode ser divertido, mas a maioria das vendas \u00e9 digital. O ASV pode ajudar a lan\u00e7ar CDs e at\u00e9 vinis, mas com base nos n\u00fameros acima, vamos concentrar-nos primeiro nos lan\u00e7amentos digitais.<\/p>\n<\/div><\/div><\/div><\/div><div class=\"et_pb_row_1 et_pb_row et_block_row\"><div class=\"et_pb_column_2 et_pb_column et_pb_column_1_3 et_block_column et_pb_css_mix_blend_mode_passthrough\"><div class=\"et_pb_divider_1 et_pb_divider et_pb_space et_pb_divider_position_top et_pb_module\"><div class=\"et_pb_divider_internal\"><\/div><\/div><div class=\"et_pb_text_2 et_pb_text et_pb_bg_layout_light et_pb_module et_flex_module preset--module--divi-text--default\"><div class=\"et_pb_text_inner\"><h3>Plataformas cobertas<\/h3>\n<\/div><\/div><div class=\"et_pb_image_0 et_pb_image et_pb_module et_flex_module preset--module--divi-image--default\"><span class=\"et_pb_image_wrap\"><img decoding=\"async\" src=\"https:\/\/asv.pt\/wp-content\/uploads\/2023\/01\/Label_Collection.jpg\" alt=\"Colec\u00e7\u00e3o de Etiqueta de Grava\u00e7\u00f5es BandCamp\" title=\"Colec\u00e7\u00e3o de Etiqueta de Grava\u00e7\u00f5es BandCamp\" width=\"1500\" height=\"1125\" class=\"wp-image-1940\" \/><\/span><\/div><\/div><div class=\"et_pb_column_3 et_pb_column et_pb_column_2_3 et-last-child et_block_column et_pb_css_mix_blend_mode_passthrough\"><div class=\"et_pb_text_3 et_pb_text et_pb_bg_layout_light et_pb_module et_flex_module preset--module--divi-text--default\"><div class=\"et_pb_text_inner\"><blockquote>\n<p>Spotify, iTunes, TikTok, YouTube Music, Instagram, Facebook, Amazon...<\/p>\n<\/blockquote>\n<p>Plataformas adicionais como Spotify, Apple Music, iTunes, TikTok, YouTube Music, Instagram &amp; Facebook, Amazon, Deezer, Tidal, Qobuz, e muitas mais s\u00e3o poss\u00edveis para um lan\u00e7amento digital. Ainda assim, h\u00e1 duas coisas que precisa de saber com anteced\u00eancia:<\/p>\n<ol>\n<li>Necessita de uma conta DistroKid (a partir deste escrito 19,99 euros\/ano) para receber as suas receitas. Se necess\u00e1rio, podemos ajud\u00e1-lo a criar esta conta.<\/li>\n<li>As vendas em outras plataformas ser\u00e3o bastante baixas se n\u00e3o tiver j\u00e1 uma enorme base de f\u00e3s. Al\u00e9m disso, seria melhor se tivesse um mecanismo para lhes anunciar novos lan\u00e7amentos (como uma mailing list).<\/li>\n<\/ol>\n<p>ASV assegurar\u00e1 que os ficheiros \u00e1udio carregados s\u00e3o de boa qualidade e adicionar\u00e1 toda a informa\u00e7\u00e3o necess\u00e1ria como nomes, cr\u00e9ditos, biografia, arte do \u00e1lbum, letras, etc. Al\u00e9m disso, asseguraremos que os seus lan\u00e7amentos sejam ligados ao nome do seu artista\/banda em Apple Music and Spotify.<\/p>\n<p>H\u00e1 tamb\u00e9m alguns servi\u00e7os adicionais poss\u00edveis como o Dolby Atmos no iTunes e o Tidal, ou <span class=\"bold\">YouTube Content ID &amp; YouTube Creator Music ou Tidal Master\/MQA, mas estas op\u00e7\u00f5es t\u00eam uma etiqueta de pre\u00e7o adicional, pelo que precisamos de discutir para cada lan\u00e7amento o que far\u00e1 sentido.<\/span><\/p>\n<\/div><\/div><\/div><\/div><div class=\"et_pb_row_2 et_pb_row et_block_row\"><div class=\"et_pb_column_4 et_pb_column et_pb_column_1_3 et_block_column et_pb_css_mix_blend_mode_passthrough\"><div class=\"et_pb_divider_2 et_pb_divider et_pb_space et_pb_divider_position_top et_pb_module\"><div class=\"et_pb_divider_internal\"><\/div><\/div><div class=\"et_pb_text_4 et_pb_text et_pb_bg_layout_light et_pb_module et_flex_module preset--module--divi-text--default\"><div class=\"et_pb_text_inner\"><h3>Etiqueta de registo de distribui\u00e7\u00e3o<\/h3>\n<\/div><\/div><\/div><div class=\"et_pb_column_5 et_pb_column et_pb_column_2_3 et-last-child et_block_column et_pb_css_mix_blend_mode_passthrough\"><div class=\"et_pb_text_5 et_pb_text et_pb_bg_layout_light et_pb_module et_flex_module preset--module--divi-text--default\"><div class=\"et_pb_text_inner\"><blockquote>\n<p>Como \u00e9 que funciona?<\/p>\n<\/blockquote>\n<p>ASV far\u00e1 os lan\u00e7amentos nas lojas, configurar\u00e1 as suas p\u00e1ginas de artistas, tratar\u00e1 da sua lista de correio no Bandcamp, informar\u00e1 os seus f\u00e3s sobre novos lan\u00e7amentos, imprimir\u00e1 c\u00f3digos QR para a sua m\u00fasica vender ou distribuir durante os concertos, e facilitar\u00e1 aos seus f\u00e3s a compra da sua m\u00fasica.<\/p>\n<p>Para este Servi\u00e7o de Distribui\u00e7\u00e3o Digital, calculamos uma quota de receitas de 20%. Para Bandcamp, enviar-lhe-emos um relat\u00f3rio mensal, para DistroKid a quota \u00e9 automatizada e 80% das receitas fluir\u00e3o automaticamente para a sua conta DistroKid.<\/p>\n<p>Est\u00e3o dispon\u00edveis servi\u00e7os adicionais por uma taxa justa, como <a href=\"https:\/\/asv.pt\/pt\/sound_recording_studio-lagos-musica\/\">utilizando o nosso est\u00fadio de grava\u00e7\u00e3o<\/a>, misturando e dominando a sua m\u00fasica, <a href=\"https:\/\/asv.pt\/pt\/fotografia-de-retrato\/\">sess\u00f5es fotogr\u00e1ficas para rela\u00e7\u00f5es p\u00fablicas<\/a> ou <a href=\"https:\/\/asv.pt\/pt\/fotografia-de-concertos\/\">capas de \u00e1lbuns<\/a>, ou produ\u00e7\u00e3o de v\u00eddeo completa para promover a sua m\u00fasica. Al\u00e9m disso, podemos organizar concertos em streaming com venda antecipada de bilhetes ou fazer as coisas aborrecidas como administrar o seu s\u00edtio Web, atualizar o seu one-pager e todas as outras coisas com que n\u00e3o quer ser incomodado como m\u00fasico criativo.<br \/>Lembre-se que estes servi\u00e7os acima s\u00e3o oferecidos opcionalmente e facturados separadamente.<\/p>\n<\/div><\/div><\/div><\/div><div class=\"et_pb_row_3 et_pb_row et_block_row\"><div class=\"et_pb_column_6 et_pb_column et_pb_column_1_2 et_block_column et_pb_css_mix_blend_mode_passthrough column1\"><div class=\"et_pb_blurb_0 et_pb_blurb et_pb_bg_layout_light et_pb_blurb_position_left et_pb_module et_flex_module preset--module--divi-blurb--default\"><div class=\"et_pb_blurb_content et_flex_module\"><div class=\"et_pb_main_blurb_image\" data-no-translation=\"\" data-no-auto-translation=\"\"><span class=\"et_pb_image_wrap\"><span class=\"et-pb-icon\">\ue0a8<\/span><\/span><\/div><div class=\"et_pb_blurb_container\"><h4 class=\"et_pb_module_header\">A que servi\u00e7os podem ser distribu\u00eddos?<\/h4><div class=\"et_pb_blurb_description\"><p>Spotify, Apple Music, iTunes, Instagram e Facebook, TikTok, Resso e Luna, YouTube Music, Amazon, Soundtrack by Twitch, Pandora, Deezer, Tidal, iHeartRadio, ClaroM\u00fasica, Saavn, Boomplay, Anghami, KKBox, NetEase, Tencent, Qobuz, Joox, Kuack Media, Yandex Music (beta), Adaptr, Flo, MediaNet, Snapchat<\/p>\n<\/div><\/div><\/div><\/div><div class=\"et_pb_blurb_1 et_pb_blurb et_pb_bg_layout_light et_pb_blurb_position_left et_pb_module et_flex_module preset--module--divi-blurb--default\"><div class=\"et_pb_blurb_content et_flex_module\"><div class=\"et_pb_main_blurb_image\" data-no-translation=\"\" data-no-auto-translation=\"\"><span class=\"et_pb_image_wrap\"><span class=\"et-pb-icon\">\uf153<\/span><\/span><\/div><div class=\"et_pb_blurb_container\"><h4 class=\"et_pb_module_header\">Posso vender a minha m\u00fasica offline?<\/h4><div class=\"et_pb_blurb_description\"><p>Claro! Enquanto m\u00fasico de rua ou em digress\u00e3o, podes continuar a vender os teus discos \"offline\", mesmo que n\u00e3o tenhas CDs ou Vinil. O Bandcamp permite a impress\u00e3o de c\u00f3digos de transfer\u00eancia \u00fanicos, pelo que podes preparar belos cart\u00f5es com esses c\u00f3digos e vend\u00ea-los como venderias CDs.<br \/>\nO comprador pode ent\u00e3o resgatar este c\u00f3digo e descarregar a sua m\u00fasica.<\/p>\n<\/div><\/div><\/div><\/div><\/div><div class=\"et_pb_column_7 et_pb_column et_pb_column_1_2 et-last-child et_block_column et_pb_css_mix_blend_mode_passthrough column2\"><div class=\"et_pb_blurb_2 et_pb_blurb et_pb_bg_layout_light et_pb_blurb_position_left et_pb_module et_flex_module preset--module--divi-blurb--default\"><div class=\"et_pb_blurb_content et_flex_module\"><div class=\"et_pb_main_blurb_image\" data-no-translation=\"\" data-no-auto-translation=\"\"><span class=\"et_pb_image_wrap\"><span class=\"et-pb-icon\">\uf891<\/span><\/span><\/div><div class=\"et_pb_blurb_container\"><h4 class=\"et_pb_module_header\">Pode incluir letra de m\u00fasica?<\/h4><div class=\"et_pb_blurb_description\"><p>Sim, podemos submeter a letra da sua can\u00e7\u00e3o juntamente com o ficheiro \u00e1udio. S\u00f3 precisamos da letra de um ficheiro de texto ou e-mail seu.<\/p>\n<\/div><\/div><\/div><\/div><div class=\"et_pb_blurb_3 et_pb_blurb et_pb_bg_layout_light et_pb_blurb_position_left et_pb_module et_flex_module preset--module--divi-blurb--default\"><div class=\"et_pb_blurb_content et_flex_module\"><div class=\"et_pb_main_blurb_image\" data-no-translation=\"\" data-no-auto-translation=\"\"><span class=\"et_pb_image_wrap\"><span class=\"et-pb-icon\">\uf02b<\/span><\/span><\/div><div class=\"et_pb_blurb_container\"><h4 class=\"et_pb_module_header\">Podem ser inclu\u00eddos dados adicionais na distribui\u00e7\u00e3o?<\/h4><div class=\"et_pb_blurb_description\"><p>Podemos acrescentar qualquer tipo de dados adicionais como o nome do compositor e letra, os m\u00fasicos, o produtor, o est\u00fadio de grava\u00e7\u00e3o, a editora discogr\u00e1fica e assim por diante.<br \/>Portanto, por favor, forne\u00e7a-nos o m\u00e1ximo de informa\u00e7\u00e3o poss\u00edvel. Podemos submeter mais cr\u00e9ditos do que muitos servi\u00e7os de apoio de streaming. Por exemplo, Spotify mostra cr\u00e9ditos de Produtor, mas n\u00e3o de Produtor Assistente, Produtor Executivo, etc., de qualquer forma alimentamos os servi\u00e7os com o que eles precisarem.<\/p>\n<\/div><\/div><\/div><\/div><\/div><\/div><div class=\"et_pb_row_4 et_pb_row et_block_row\"><div class=\"et_pb_column_8 et_pb_column et_pb_column_1_2 et_block_column et_pb_css_mix_blend_mode_passthrough\"><div class=\"et_pb_image_1 et_pb_image et_pb_module et_flex_module preset--module--divi-image--default\"><span class=\"et_pb_image_wrap\"><img decoding=\"async\" src=\"https:\/\/asv.pt\/wp-content\/uploads\/2023\/01\/Records.jpg\" alt=\"Registos\" title=\"Registos\" width=\"1500\" height=\"950\" class=\"wp-image-1937\" \/><\/span><\/div><\/div><div class=\"et_pb_column_9 et_pb_column et_pb_column_1_2 et-last-child et_block_column et_pb_css_mix_blend_mode_passthrough\"><div class=\"et_pb_text_6 et_pb_text et_pb_bg_layout_light et_animated et_pb_module et_flex_module preset--module--divi-text--default\"><div class=\"et_pb_text_inner\"><h3>Interessado nos nossos servi\u00e7os de gravadoras?<\/h3>\n<p>Envie-nos um e-mail ou ligue-nos, teremos todo o prazer em responder \u00e0s suas perguntas, encontrar a melhor solu\u00e7\u00e3o para si, e trabalhar consigo.<\/p>\n<\/div><\/div><div class=\"et_pb_module et_pb_button_module_wrapper et_pb_button_0_wrapper\"><a class=\"et_pb_button_0 et_pb_button et_pb_bg_layout_light et_animated et_pb_module et_flex_module\" href=\"https:\/\/asv.pt\/pt\/contato\/\">Contato<\/a><\/div><\/div><\/div><\/div>","protected":false},"excerpt":{"rendered":"","protected":false},"author":1,"featured_media":0,"parent":0,"menu_order":0,"comment_status":"closed","ping_status":"closed","template":"","meta":{"footnotes":""},"class_list":["post-1901","page","type-page","status-publish","hentry"],"_links":{"self":[{"href":"https:\/\/asv.pt\/pt\/wp-json\/wp\/v2\/pages\/1901","targetHints":{"allow":["GET"]}}],"collection":[{"href":"https:\/\/asv.pt\/pt\/wp-json\/wp\/v2\/pages"}],"about":[{"href":"https:\/\/asv.pt\/pt\/wp-json\/wp\/v2\/types\/page"}],"author":[{"embeddable":true,"href":"https:\/\/asv.pt\/pt\/wp-json\/wp\/v2\/users\/1"}],"replies":[{"embeddable":true,"href":"https:\/\/asv.pt\/pt\/wp-json\/wp\/v2\/comments?post=1901"}],"version-history":[{"count":27,"href":"https:\/\/asv.pt\/pt\/wp-json\/wp\/v2\/pages\/1901\/revisions"}],"predecessor-version":[{"id":2799,"href":"https:\/\/asv.pt\/pt\/wp-json\/wp\/v2\/pages\/1901\/revisions\/2799"}],"wp:attachment":[{"href":"https:\/\/asv.pt\/pt\/wp-json\/wp\/v2\/media?parent=1901"}],"curies":[{"name":"wp","href":"https:\/\/api.w.org\/{rel}","templated":true}]}}