{"id":2391,"date":"2024-02-13T15:46:36","date_gmt":"2024-02-13T15:46:36","guid":{"rendered":"https:\/\/asv.pt\/?page_id=2391"},"modified":"2025-11-01T19:39:56","modified_gmt":"2025-11-01T19:39:56","slug":"servicos-de-aluguer-de-equipamento-audio","status":"publish","type":"page","link":"https:\/\/asv.pt\/pt\/audio-gear-rental-services\/","title":{"rendered":"Servi\u00e7os de aluguer de equipamento \u00e1udio"},"content":{"rendered":"<div class=\"et_pb_section_0 et_pb_section et_pb_fullwidth_section et_section_regular et_block_section sfly_hero sfly_hero_3\"><section class=\"et_pb_fullwidth_header_0 et_pb_fullwidth_header et_pb_fullscreen et_pb_bg_layout_dark et_pb_text_align_left et_animated et_pb_section_parallax et_pb_module et_flex_module sfly_fullwidth_header\"><span class=\"et-pb-parallax-wrapper\"><span class=\"et-pb-parallax-background et-pb-parallax-background-module--divi-fullwidth-header-0\" style=\"background-image:url(https:\/\/asv.pt\/wp-content\/uploads\/2021\/04\/Modular2.jpg)\"><\/span><\/span><div class=\"et_pb_fullwidth_header_container left\"><div class=\"header-content-container center\"><div class=\"header-content et_flex_module\"><h1 class=\"et_pb_module_header\">Servi\u00e7os de aluguer de equipamento de est\u00fadio<\/h1><span class=\"et_pb_fullwidth_header_subhead\">Liberte o seu potencial criativo com equipamento topo de gama<\/span><div class=\"et_pb_header_content_wrapper\"><p>Na Algarve Sound &amp; Vision, sabemos que o equipamento certo pode elevar o seu projeto de bom a inesquec\u00edvel. \u00c9 por isso que oferecemos uma vasta gama de equipamento de est\u00fadio para aluguer, satisfazendo todas as suas necessidades \u00e1udio e visuais. Quer esteja a preparar um projeto tempor\u00e1rio ou a preparar o palco para uma experi\u00eancia imersiva, temos tudo o que precisa.<\/p>\n<\/div><div class=\"et_pb_header_button_wrapper\"><\/div><\/div><\/div><\/div><div class=\"et_pb_fullwidth_header_overlay\"><\/div><div class=\"et_pb_fullwidth_header_scroll\"><\/div><\/section><\/div><div class=\"et_pb_section_1 et_pb_section et_section_regular et_block_section sfly_feature sfly_feature_12\"><div class=\"et_pb_row_0 et_pb_row et_block_row\"><div class=\"et_pb_column_0 et_pb_column et_pb_column_1_2 et_block_column et_pb_css_mix_blend_mode_passthrough\"><div class=\"et_pb_text_0 et_pb_text et_pb_bg_layout_light et_pb_module et_flex_module preset--module--divi-text--default\"><div class=\"et_pb_text_inner\"><h2>Solu\u00e7\u00f5es personalizadas para as suas necessidades exclusivas<\/h2>\n<p>Acreditamos em fornecer solu\u00e7\u00f5es personalizadas. Os nossos pre\u00e7os de aluguer s\u00e3o t\u00e3o \u00fanicos como o seu projeto, variando com base no equipamento de que necessita, na dura\u00e7\u00e3o do seu aluguer e na log\u00edstica de entrega e levantamento. Esta abordagem personalizada garante que obt\u00e9m exatamente o que precisa, quando precisa, sem qualquer compromisso.<\/p>\n<\/div><\/div><div class=\"et_pb_text_1 et_pb_text et_pb_bg_layout_light et_pb_module et_flex_module preset--module--divi-text--default\"><div class=\"et_pb_text_inner\"><h2>Como alugar connosco<\/h2>\n<ol>\n<li>Identifique as suas necessidades: Navegue pelo nosso <a href=\"https:\/\/asv.pt\/pt\/sound_recording_studio-lagos-musica\/#gear\">lista de equipamentos<\/a> e determinar qual o equipamento que melhor se adequa ao seu projeto, ou apresente a sua pr\u00f3pria lista e n\u00f3s sugeriremos o que podemos fornecer.<\/li>\n<li>Especificar os pormenores: precisamos de saber o per\u00edodo de aluguer e o local de entrega e recolha.<\/li>\n<li>Contactar: Envie-nos um e-mail para <a href=\"mailto:info@asv.pt\">info@asv.pt<\/a> incluindo a lista do equipamento de que necessita e os pormenores das suas necessidades de aluguer. N\u00e3o hesite em fazer perguntas ou pedir recomenda\u00e7\u00f5es - estamos aqui para o ajudar!<\/li>\n<\/ol>\n<\/div><\/div><\/div><div class=\"et_pb_column_1 et_pb_column et_pb_column_1_2 et-last-child et_block_column et_pb_css_mix_blend_mode_passthrough\"><div class=\"et_pb_text_2 et_pb_text et_pb_bg_layout_light et_pb_module et_flex_module preset--module--divi-text--default\"><div class=\"et_pb_text_inner\"><h2>Entrar em contacto<\/h2>\n<p>Comece a planear o seu pr\u00f3ximo projeto com a Algarve Sound &amp; Vision. Envie-nos um e-mail hoje e vamos fazer algo incr\u00edvel juntos.<\/p>\n<\/div><\/div><div class=\"et_pb_image_0 et_pb_image et_pb_module et_flex_module preset--module--divi-image--default\"><span class=\"et_pb_image_wrap\"><img decoding=\"async\" src=\"https:\/\/asv.pt\/wp-content\/uploads\/2023\/03\/Area432_Keyboards-.jpg\" alt=\"Oficina &quot;Mix It Up\" title=\"\u00c1rea 432 Selec\u00e7\u00e3o de Teclado\" width=\"1500\" height=\"1000\" class=\"wp-image-2117\" \/><\/span><\/div><\/div><\/div><\/div>","protected":false},"excerpt":{"rendered":"","protected":false},"author":1,"featured_media":0,"parent":0,"menu_order":0,"comment_status":"closed","ping_status":"closed","template":"","meta":{"footnotes":""},"class_list":["post-2391","page","type-page","status-publish","hentry"],"_links":{"self":[{"href":"https:\/\/asv.pt\/pt\/wp-json\/wp\/v2\/pages\/2391","targetHints":{"allow":["GET"]}}],"collection":[{"href":"https:\/\/asv.pt\/pt\/wp-json\/wp\/v2\/pages"}],"about":[{"href":"https:\/\/asv.pt\/pt\/wp-json\/wp\/v2\/types\/page"}],"author":[{"embeddable":true,"href":"https:\/\/asv.pt\/pt\/wp-json\/wp\/v2\/users\/1"}],"replies":[{"embeddable":true,"href":"https:\/\/asv.pt\/pt\/wp-json\/wp\/v2\/comments?post=2391"}],"version-history":[{"count":10,"href":"https:\/\/asv.pt\/pt\/wp-json\/wp\/v2\/pages\/2391\/revisions"}],"predecessor-version":[{"id":2806,"href":"https:\/\/asv.pt\/pt\/wp-json\/wp\/v2\/pages\/2391\/revisions\/2806"}],"wp:attachment":[{"href":"https:\/\/asv.pt\/pt\/wp-json\/wp\/v2\/media?parent=2391"}],"curies":[{"name":"wp","href":"https:\/\/api.w.org\/{rel}","templated":true}]}}