{"id":2586,"date":"2025-07-06T12:49:37","date_gmt":"2025-07-06T11:49:37","guid":{"rendered":"https:\/\/asv.pt\/?page_id=2586"},"modified":"2025-11-01T19:39:58","modified_gmt":"2025-11-01T19:39:58","slug":"playdly-audio-vst-au-effect","status":"publish","type":"page","link":"https:\/\/asv.pt\/pt\/playdly-audio-vst-au-effect\/","title":{"rendered":"Efeito PlayDLY Audio VST\/AU"},"content":{"rendered":"<div class=\"et_pb_section_0 et_pb_section et_pb_fullwidth_section et_section_regular et_block_section et_pb_section_parallax sfly_hero sfly_hero_3\"><span class=\"et-pb-parallax-wrapper\"><span class=\"et-pb-parallax-background et-pb-parallax-background-module--divi-section-0\" style=\"background-image:url(https:\/\/asv.pt\/wp-content\/uploads\/2025\/07\/PlayDLYHeader.jpg)\"><\/span><\/span><section class=\"et_pb_fullwidth_header_0 et_pb_fullwidth_header et_pb_fullscreen et_pb_header_with_image et_pb_bg_layout_dark et_pb_text_align_left et_animated et_pb_module et_flex_module sfly_fullwidth_header\"><div class=\"et_pb_fullwidth_header_container left\"><div class=\"header-content-container center\"><div class=\"header-content et_flex_module\"><h1 class=\"et_pb_module_header\">JogarDLY<\/h1><span class=\"et_pb_fullwidth_header_subhead\">Atrasos que obedecem a si, n\u00e3o ao rel\u00f3gio<\/span><div class=\"et_pb_header_content_wrapper\"><p>O PlayDLY \u00e9 o primeiro delay que lhe permite tocar os seus ecos como um instrumento - accionando exatamente o delay de que necessita, quando necessita, em vez de ficar preso a uma repeti\u00e7\u00e3o intermin\u00e1vel.<\/p>\n<\/div><div class=\"et_pb_header_button_wrapper\"><a class=\"et_pb_button et_pb_more_button et_pb_button_one\" href=\"https:\/\/asv.pt\/pt\/playdly-manual-do-utilizador-vst-au-plugin\/#downloads\">Descarregar<\/a><a class=\"et_pb_button et_pb_more_button et_pb_button_two\" href=\"#donations\">Doar<\/a><\/div><\/div><\/div><div class=\"header-image-container center\"><div class=\"header-image\"><img decoding=\"async\" src=\"https:\/\/asv.pt\/wp-content\/uploads\/2025\/08\/PlayDLY108.png\" width=\"1488\" height=\"1940\" class=\"wp-image-2635\" alt=\"\" title=\"\"><\/div><\/div><\/div><div class=\"et_pb_fullwidth_header_overlay\"><\/div><div class=\"et_pb_fullwidth_header_scroll\"><\/div><\/section><\/div><div class=\"et_pb_section_1 et_pb_section et_section_regular et_block_section sfly_feature sfly_feature_12\"><div class=\"et_pb_row_0 et_pb_row et_block_row\"><div class=\"et_pb_column_0 et_pb_column et_pb_column_1_2 et_block_column et_pb_css_mix_blend_mode_passthrough\"><div class=\"et_pb_text_0 et_pb_text et_pb_bg_layout_light et_pb_module et_flex_module preset--module--divi-text--default\"><div class=\"et_pb_text_inner\"><p>Todos os delays obrigam-no a cair na mesma armadilha: ecos repetitivos que ou servem a sua m\u00fasica ou n\u00e3o servem. N\u00e3o h\u00e1 meio termo, n\u00e3o h\u00e1 controlo criativo quando se atinge<br \/>esse pedal.<\/p>\n<p><strong>JogarDLY<\/strong> d\u00e1-lhe total controlo criativo sobre o seu delay. Quer um eco \u00fanico e perfeitamente sincronizado? Toque-o. Quer texturas de delay evolutivas que se desenvolvem e se libertam?<br \/>Crie-os. Quer atrasos que complementem a sua melodia em vez de competirem com ela? D\u00ea-lhes a forma exacta que imagina.<\/p>\n<p>N\u00e3o se trata de ritmo - trata-se de liberdade criativa. <strong>JogarDLY<\/strong> coloca-o no controlo de cada um dos atrasos.<\/p>\n<\/div><\/div><div class=\"et_pb_testimonial_0 et_pb_testimonial et_pb_bg_layout_light et_pb_module et_flex_module preset--module--divi-testimonial--default\"><div class=\"et_pb_testimonial_inner\"><div class=\"et_pb_testimonial_portrait\" style=\"background-image:url(https:\/\/asv.pt\/wp-content\/uploads\/2023\/03\/Area432_Fender_Rhodes.jpg)\"><\/div><div class=\"et_pb_testimonial_description et_flex_module\"><div class=\"et_pb_testimonial_description_inner\"><div class=\"et_pb_testimonial_content\"><p>Esta \u00e9 a maior divers\u00e3o que tive com um Sampler nos \u00faltimos anos.<\/p>\n<\/div><\/div><div class=\"et_pb_testimonial_author\">Louis C.<\/div><div class=\"et_pb_testimonial_meta\"><\/div><\/div><\/div><\/div><div class=\"et_pb_text_1 et_pb_text et_pb_bg_layout_light et_pb_module et_flex_module preset--module--divi-text--default\"><div class=\"et_pb_text_inner\"><h2>Finalmente<\/h2>\n<p>Um delay que faz exatamente o que quer, quando quer - sem ficar preso a padr\u00f5es repetitivos. Os delays tradicionais prendem-no a uma repeti\u00e7\u00e3o intermin\u00e1vel. Defina um tempo de atraso e ficar\u00e1 preso com o mesmo eco a repetir-se para sempre, quer sirva a sua m\u00fasica ou n\u00e3o. <strong>JogarDLY<\/strong> quebra esse ciclo.<\/p>\n<p><strong>O que a PlayDLY faz por si:<\/strong><\/p>\n<ul>\n<li>Toque os seus atrasos como um instrumento - accione exatamente o atraso de que necessita, precisamente quando necessita<\/li>\n<li>Fuja dos padr\u00f5es de atraso repetitivos - Cada eco pode ser diferente, propositado e musical<\/li>\n<li>Moldar atrasos em tempo real - Chega de \"definir e esquecer\" - crie atrasos que evoluem com o seu desempenho<\/li>\n<li>Crie texturas de atraso precisas - Construa exatamente a paisagem s\u00f3nica que ouve na sua cabe\u00e7a<\/li>\n<li>Pare de lutar contra o seu pedal de delay - Finalmente, um delay que responde \u00e0 sua vis\u00e3o criativa em vez de o for\u00e7ar a entrar no seu ritmo<\/li>\n<\/ul>\n<\/div><\/div><\/div><div class=\"et_pb_column_1 et_pb_column et_pb_column_1_2 et-last-child et_block_column et_pb_css_mix_blend_mode_passthrough\"><div class=\"et_pb_cta_0 et_pb_promo et_pb_bg_layout_dark et_pb_module et_flex_module preset--module--divi-cta--default\"><div class=\"et_pb_promo_description\"><h2 class=\"et_pb_module_header\">A PlayDLY est\u00e1 atualmente em fase de testes beta p\u00fablicos<\/h2><\/div><div class=\"et_pb_button_wrapper\"><a class=\"et_pb_button et_pb_promo_button\" href=\"https:\/\/asv.pt\/pt\/playdly-manual-do-utilizador-vst-au-plugin\/#downloads\">Descarregar a vers\u00e3o beta<\/a><\/div><\/div><div class=\"et_pb_image_0 et_pb_image et_pb_module et_flex_module preset--module--divi-image--default\"><a href=\"https:\/\/asv.pt\/wp-content\/uploads\/2025\/07\/PlayDLY_Screen-scaled.png\" title=\"PlayDLY Abelton\" class=\"et_pb_lightbox_image\"><span class=\"et_pb_image_wrap\"><img decoding=\"async\" src=\"https:\/\/asv.pt\/wp-content\/uploads\/2025\/07\/PlayDLY_Screen-scaled.png\" alt=\"PlayDLY Abelton\" title=\"PlayDLY Abelton\" width=\"2560\" height=\"1558\" class=\"wp-image-2624\" \/><\/span><\/a><\/div><div class=\"et_pb_text_2 et_pb_text et_pb_bg_layout_light et_pb_module et_flex_module preset--module--divi-text--default\"><div class=\"et_pb_text_inner\"><p><strong>JogarDLY<\/strong> est\u00e1 dispon\u00edvel em formato de plugin VST3 e AU para MacOSX. Tamb\u00e9m posso compilar uma vers\u00e3o para Windows, mas preciso de testadores dispostos a experiment\u00e1-la primeiro, pois n\u00e3o tenho um computador Win dispon\u00edvel.<\/p>\n<p>Estou atualmente a testar e a desenvolver <strong>JogarDLY<\/strong> usando Abelton Life 12, Apple Logic e UAD LUNA, mas n\u00e3o h\u00e1 raz\u00e3o para que n\u00e3o funcione noutras DAWs que suportem o envio de MIDI para plugins. Vou atualizar a lista de DAWs e SOs compat\u00edveis mais tarde, juntamente com as instru\u00e7\u00f5es de instala\u00e7\u00e3o e funcionamento. Mas primeiro: codifica\u00e7\u00e3o...<\/p>\n<p><a href=\"https:\/\/asv.pt\/pt\/playdly-manual-do-utilizador-vst-au-plugin\/\">Aceda ao manual do utilizador mais recente aqui.\u00a0<\/a><\/p>\n<\/div><\/div><\/div><\/div><div class=\"et_pb_row_1 et_pb_row et_block_row\" id=\"donations\"><div class=\"et_pb_column_2 et_pb_column et_pb_column_1_2 et_block_column et_pb_css_mix_blend_mode_passthrough\"><div class=\"et_pb_text_3 et_pb_text et_pb_bg_layout_light et_pb_module et_flex_module preset--module--divi-text--default\"><div class=\"et_pb_text_inner\"><h2 class=\"text-xl font-bold text-text-100 mt-1 -mb-0.5\">Doe para manter a PlayDLY gratuita<\/h2>\n<\/div><\/div><div class=\"et_pb_testimonial_1 et_pb_testimonial et_pb_bg_layout_light et_pb_module et_flex_module preset--module--divi-testimonial--default\"><div class=\"et_pb_testimonial_inner\"><div class=\"et_pb_testimonial_portrait\" style=\"background-image:url(https:\/\/asv.pt\/wp-content\/uploads\/2023\/11\/MarcBass.jpg)\"><\/div><div class=\"et_pb_testimonial_description et_flex_module\"><div class=\"et_pb_testimonial_description_inner\"><div class=\"et_pb_testimonial_content\"><p>Eu criei o PlayDLY \u00e9 <strong>totalmente gratuito<\/strong> - sem julgamentos, sem limites, sem capturas. Porque estamos todos juntos nisto. No entanto, se puderem, apoiem tamb\u00e9m o meu trabalho.<\/p>\n<\/div><\/div><div class=\"et_pb_testimonial_author\">Marc Mennigmann<\/div><div class=\"et_pb_testimonial_meta\"><span class=\"et_pb_testimonial_position\">Programador<\/span><\/div><\/div><\/div><\/div><div class=\"et_pb_text_4 et_pb_text et_pb_bg_layout_light et_pb_module et_flex_module preset--module--divi-text--default\"><div class=\"et_pb_text_inner\"><h3 class=\"text-lg font-bold text-text-100 mt-1 -mb-1.5\">M\u00fasicos que apoiam m\u00fasicos<\/h3>\n<p class=\"whitespace-normal break-words\">Se voc\u00ea est\u00e1 comprando vinil, fazendo streaming de \u00e1lbuns ou criando sua pr\u00f3pria m\u00fasica, todos n\u00f3s entendemos o valor de apoiar o trabalho uns dos outros. Como um desenvolvedor solo e m\u00fasico que tamb\u00e9m adora descobrir novos artistas, eu constru\u00ed a PlayDLY com base no mesmo princ\u00edpio que impulsiona nossa comunidade: <strong>acesso equitativo, apoio volunt\u00e1rio<\/strong>.<\/p>\n<\/div><\/div><\/div><div class=\"et_pb_column_3 et_pb_column et_pb_column_1_2 et-last-child et_block_column et_pb_css_mix_blend_mode_passthrough\"><div class=\"et_pb_text_5 et_pb_text et_pb_bg_layout_dark et_pb_module et_flex_module preset--module--divi-text--default\"><div class=\"et_pb_text_inner\"><h3>Suporte para software de m\u00fasica justo<\/h3>\n<p class=\"whitespace-normal break-words\">Suas doa\u00e7\u00f5es n\u00e3o apenas financiam o desenvolvimento de software - elas sustentam um sistema onde a criatividade n\u00e3o \u00e9 limitada pelo or\u00e7amento. Cada contribui\u00e7\u00e3o mant\u00e9m o PlayDLY gratuito para produtores de quarto, m\u00fasicos em turn\u00ea e todos os demais.<\/p>\n<p class=\"whitespace-normal break-words\"><strong>-&gt; Quando os m\u00fasicos apoiam os m\u00fasicos, todos ganhamos. &lt;-<\/strong><\/p>\n<\/div><\/div><div class=\"et_pb_module et_pb_button_module_wrapper et_pb_button_0_wrapper\"><a class=\"et_pb_button_0 et_pb_button et_pb_bg_layout_light et_pb_module et_flex_module\" href=\"https:\/\/www.paypal.com\/donate\/?hosted_button_id=XZU5N7B9BZZ3E\" target=\"_blank\" rel=\"noopener\">Doar (PayPal)<\/a><\/div><div class=\"et_pb_text_6 et_pb_text et_pb_bg_layout_dark et_pb_module et_flex_module preset--module--divi-text--default\"><div class=\"et_pb_text_inner\"><h3>Doa\u00e7\u00f5es em Bitcoin s\u00e3o bem-vindas<\/h3>\n<p>Apoiar o desenvolvimento descentralizado de software de m\u00fasica com moeda descentralizada.<\/p>\n<p><b>Endere\u00e7o:<\/b><\/p>\n<pre>bc1qsafwzys36fccst90g9fmevg6rad6nnpjjtkr3r<\/pre>\n<p><em>Qualquer quantia ser\u00e1 apreciada - digitalizar QR ou copiar o endere\u00e7o<\/em><\/p>\n<\/div><\/div><div class=\"et_pb_image_1 et_pb_image et_pb_module et_flex_module preset--module--divi-image--default\"><span class=\"et_pb_image_wrap\"><img decoding=\"async\" src=\"https:\/\/asv.pt\/wp-content\/uploads\/2025\/08\/BTC_PlayDLY.png\" alt=\"Doar Bitcoin\" title=\"Doar Bitcoin\" width=\"300\" height=\"300\" class=\"wp-image-2719\" \/><\/span><\/div><\/div><\/div><\/div>","protected":false},"excerpt":{"rendered":"","protected":false},"author":1,"featured_media":0,"parent":0,"menu_order":0,"comment_status":"closed","ping_status":"closed","template":"","meta":{"footnotes":""},"class_list":["post-2586","page","type-page","status-publish","hentry"],"_links":{"self":[{"href":"https:\/\/asv.pt\/pt\/wp-json\/wp\/v2\/pages\/2586","targetHints":{"allow":["GET"]}}],"collection":[{"href":"https:\/\/asv.pt\/pt\/wp-json\/wp\/v2\/pages"}],"about":[{"href":"https:\/\/asv.pt\/pt\/wp-json\/wp\/v2\/types\/page"}],"author":[{"embeddable":true,"href":"https:\/\/asv.pt\/pt\/wp-json\/wp\/v2\/users\/1"}],"replies":[{"embeddable":true,"href":"https:\/\/asv.pt\/pt\/wp-json\/wp\/v2\/comments?post=2586"}],"version-history":[{"count":39,"href":"https:\/\/asv.pt\/pt\/wp-json\/wp\/v2\/pages\/2586\/revisions"}],"predecessor-version":[{"id":2808,"href":"https:\/\/asv.pt\/pt\/wp-json\/wp\/v2\/pages\/2586\/revisions\/2808"}],"wp:attachment":[{"href":"https:\/\/asv.pt\/pt\/wp-json\/wp\/v2\/media?parent=2586"}],"curies":[{"name":"wp","href":"https:\/\/api.w.org\/{rel}","templated":true}]}}