{"id":2638,"date":"2025-08-06T19:53:43","date_gmt":"2025-08-06T18:53:43","guid":{"rendered":"https:\/\/asv.pt\/?page_id=2638"},"modified":"2025-11-01T19:39:59","modified_gmt":"2025-11-01T19:39:59","slug":"playdly-manual-do-utilizador-vst-au-plugin","status":"publish","type":"page","link":"https:\/\/asv.pt\/pt\/playdly-user-manual-vst-au-plugin\/","title":{"rendered":"Manual do utilizador do PlayDLY - Plugin VST\/AU"},"content":{"rendered":"<div class=\"et_pb_section_0 et_pb_section et_section_regular et_block_section\"><div class=\"et_pb_row_0 et_pb_row et_block_row\"><div class=\"et_pb_column_0 et_pb_column et_pb_column_4_4 et-last-child et_block_column et_pb_css_mix_blend_mode_passthrough\"><div class=\"et_pb_heading_0 et_pb_heading et_pb_module et_flex_module\"><div class=\"et_pb_heading_container\"><h1 class=\"et_pb_module_header\">Manual do utilizador da PlayDLY<\/h1><\/div><\/div><\/div><\/div><div class=\"et_pb_row_1 et_pb_row et_block_row\"><div class=\"et_pb_column_1 et_pb_column et_pb_column_3_5 et_block_column et_pb_css_mix_blend_mode_passthrough\"><div class=\"et_pb_text_0 et_pb_text et_pb_bg_layout_light et_pb_module et_flex_module preset--module--divi-text--default\"><div class=\"et_pb_text_inner\"><h2>\u00cdndice<\/h2>\n<ol>\n<li><a href=\"#installation\">Instala\u00e7\u00e3o<\/a><\/li>\n<li>Configura\u00e7\u00e3o de DAW<\/li>\n<li><a href=\"#plugin_interface\">Interface do plugin<\/a><\/li>\n<li>Instru\u00e7\u00f5es de utiliza\u00e7\u00e3o<\/li>\n<li><a href=\"#presets\">Predefini\u00e7\u00f5es<\/a><\/li>\n<li>Refer\u00eancia t\u00e9cnica<\/li>\n<li><a href=\"#troubleshooting\">Resolu\u00e7\u00e3o de problemas<\/a><\/li>\n<li><a href=\"#downloads\">Vers\u00e3o mais recente \/ Descarregar<\/a><\/li>\n<\/ol>\n<\/div><\/div><div class=\"et_pb_module et_pb_button_module_wrapper et_pb_button_0_wrapper\"><a class=\"et_pb_button_0 et_pb_button et_pb_bg_layout_light et_pb_module et_flex_module\" href=\"#downloads\">Descarregar informa\u00e7\u00f5es<\/a><\/div><\/div><div class=\"et_pb_column_2 et_pb_column et_pb_column_2_5 et-last-child et_block_column et_pb_css_mix_blend_mode_passthrough\"><div class=\"et_pb_image_0 et_pb_image et_pb_module et_flex_module preset--module--divi-image--default\"><a href=\"https:\/\/asv.pt\/wp-content\/uploads\/2025\/08\/PlayDLY108.png\" title=\"Interface de utilizador do PlayDLY v108\" class=\"et_pb_lightbox_image\"><span class=\"et_pb_image_wrap\"><img decoding=\"async\" src=\"https:\/\/asv.pt\/wp-content\/uploads\/2025\/08\/PlayDLY108.png\" alt=\"Interface de utilizador do PlayDLY v108\" title=\"Interface de utilizador do PlayDLY v108\" width=\"1488\" height=\"1940\" class=\"wp-image-2635\" \/><\/span><\/a><\/div><\/div><\/div><\/div><div class=\"et_pb_section_1 et_pb_section et_section_regular et_block_section\"><div class=\"et_pb_row_2 et_pb_row et_block_row\" id=\"installation\"><div class=\"et_pb_column_3 et_pb_column et_pb_column_1_2 et_block_column et_pb_css_mix_blend_mode_passthrough\"><div class=\"et_pb_text_1 et_pb_text et_pb_bg_layout_light et_pb_module et_flex_module preset--module--divi-text--default\"><div class=\"et_pb_text_inner\"><h2>Instala\u00e7\u00e3o<\/h2>\n<h3>Requisitos do sistema<\/h3>\n<ul>\n<li>macOS 10.13 ou posterior<\/li>\n<li>Processador Intel ou Apple Silicon de 64 bits<\/li>\n<li>DAW anfitri\u00e3 que suporta plugins AU ou VST3<\/li>\n<li>Capacidade de entrada MIDI (controlador de hardware ou software MIDI)<\/li>\n<\/ul>\n<h3>Instalando o PlayDLY<\/h3>\n<ol>\n<li>Montar o DMG: Fa\u00e7a duplo clique em `PlayDLY-1.0.109.dmg` para montar a imagem de disco<\/li>\n<li>Copiar os plugins para:<br \/>Unidades de \u00e1udio: `~\/Library\/Audio\/Plug-Ins\/Components\/PlayDLY.component`<br \/>VST3: `~\/Biblioteca\/Audio\/Plug-Ins\/VST3\/PlayDLY.vst3`<\/li>\n<li>Reinicie a sua DAW para detetar o novo plugin<\/li>\n<\/ol>\n<h3>Verificar a instala\u00e7\u00e3o<\/h3>\n<ul>\n<li>Abra a sua DAW e procure por \"PlayDLY\" na lista de efeitos de \u00e1udio<\/li>\n<li>O plugin deve aparecer nas categorias \"Algarve Sound &amp; Vision\" ou \"Effect\"<\/li>\n<li>Se n\u00e3o for encontrado, verifique as defini\u00e7\u00f5es de pesquisa de plug-ins do seu DAW<\/li>\n<\/ul>\n<\/div><\/div><\/div><div class=\"et_pb_column_4 et_pb_column et_pb_column_1_2 et-last-child et_block_column et_pb_css_mix_blend_mode_passthrough\"><div class=\"et_pb_text_2 et_pb_text et_pb_bg_layout_light et_pb_module et_flex_module preset--module--divi-text--default\"><div class=\"et_pb_text_inner\"><h2>Configura\u00e7\u00e3o de DAW<\/h2>\n<p>O PlayDLY \u00e9 um efeito de \u00e1udio controlado por MIDI que requer roteamento de \u00e1udio e MIDI.<\/p>\n<p><strong>EM ANDAMENTO. NOS PR\u00d3XIMOS DIAS ADICIONAREI REFER\u00caNCIAS A V\u00cdDEOS QUE EXPLICAM COMO UTILIZAR O PLUGIN NAS DIFERENTES DAWS!<\/strong><\/p>\n<h3>Abelton Live<\/h3>\n<p><a href=\"https:\/\/www.youtube.com\/watch?v=XGAXVAODFL0\" target=\"_blank\" rel=\"noopener\">https:\/\/www.youtube.com\/watch?v=XGAXVAODFL0<\/a><\/p>\n<h3>Ferramentas profissionais<\/h3>\n<h3>Cubase<\/h3>\n<h3>L\u00f3gica<\/h3>\n<h3>Luna<\/h3>\n<p><a href=\"https:\/\/www.youtube.com\/watch?v=7jB3U86iFGE\" target=\"_blank\" rel=\"noopener\">https:\/\/www.youtube.com\/watch?v=7jB3U86iFGE<\/a><\/p>\n<p>Para obter informa\u00e7\u00f5es mais detalhadas sobre o encaminhamento MIDI espec\u00edfico para o seu DAW, visite:<br \/><a href=\"https:\/\/www.overloud.com\/node\/166\" target=\"_blank\" rel=\"noopener\">https:\/\/www.overloud.com\/node\/166<\/a>\u00a0<\/p>\n<h2>Dicas para DAWs universais<\/h2>\n<ul>\n<li>Lat\u00eancia: Utilize tamanhos de buffer baixos (64-256 amostras) para controlo MIDI em tempo real<\/li>\n<li>Canais MIDI: O PlayDLY responde a todos os canais MIDI<\/li>\n<li>Automa\u00e7\u00e3o: A maioria dos par\u00e2metros pode ser automatizada a partir do seu DAW<\/li>\n<\/ul>\n<\/div><\/div><\/div><\/div><\/div><div class=\"et_pb_section_2 et_pb_section et_section_regular et_block_section\"><div class=\"et_pb_row_3 et_pb_row et_block_row\" id=\"plugin_interface\"><div class=\"et_pb_column_5 et_pb_column et_pb_column_1_2 et_block_column et_pb_css_mix_blend_mode_passthrough\"><div class=\"et_pb_text_3 et_pb_text et_pb_bg_layout_light et_pb_module et_flex_module preset--module--divi-text--default\"><div class=\"et_pb_text_inner\"><h2>Interface do plugin<\/h2>\n<p>O PlayDLY apresenta uma interface de estilo blueprint com v\u00e1rias sec\u00e7\u00f5es principais:<\/p>\n<h3>Log\u00f3tipo e t\u00edtulo<\/h3>\n<p>- Log\u00f3tipo da PlayDLY na parte superior central<br \/>- Informa\u00e7\u00f5es sobre a vers\u00e3o apresentadas \u00e0 direita<br \/>- Implementa\u00e7\u00e3o b\u00e1sica de MIDI abaixo do log\u00f3tipo<\/p>\n<h3>Ecr\u00e3 de forma de onda<\/h3>\n<p>- Visualiza\u00e7\u00e3o em tempo real do \u00e1udio captado<br \/>- Escala autom\u00e1tica: Ajusta-se para mostrar a forma de onda total captada<br \/>- Indicadores da cabe\u00e7a de reprodu\u00e7\u00e3o: As linhas verticais mostram exatamente onde cada voz est\u00e1 a ser reproduzida<br \/>- Opacidade sens\u00edvel \u00e0 velocidade: As notas claras aparecem com uma opacidade de 10%, as notas altas com 60%<br \/>- Indicadores m\u00faltiplos: Mostra todas as vozes activas em simult\u00e2neo durante a reprodu\u00e7\u00e3o polif\u00f3nica<br \/>- Acompanhamento em tempo real: As cabe\u00e7as de reprodu\u00e7\u00e3o movem-se suavemente atrav\u00e9s da forma de onda \u00e0 medida que as vozes progridem<\/p>\n<h3>Controlos de par\u00e2metros<\/h3>\n<p><strong>Ataque e liberta\u00e7\u00e3o<\/strong><br \/>- Ataque: 0,001-1,0 segundos - Controla a rapidez com que as vozes de reprodu\u00e7\u00e3o desaparecem<br \/>- Liberta\u00e7\u00e3o: 0,01-2,0 segundos - Controla a rapidez com que as vozes desaparecem ap\u00f3s a nota ser desligada<\/p>\n<p><strong>N\u00edveis h\u00famidos e secos<\/strong><br \/>- Wet: 0-100% - N\u00edvel de \u00e1udio processado (atrasado)<br \/>- Seco: 0-100% - N\u00edvel do \u00e1udio original (pass-through)<\/p>\n<p><strong>Caixas de verifica\u00e7\u00e3o do modo de reprodu\u00e7\u00e3o<\/strong><br \/>- Um disparo: Reproduz o \u00e1udio captado uma vez e p\u00e1ra<br \/>- Loop: Loop tradicional (A\u2192B, saltar de volta para A, repetir)<br \/>- Bidirecional: Looping de pingue-pongue (A\u2192B\u2192A\u2192B continuamente)<br \/>- Envelhecer com toques: Adiciona envelhecimento de estilo anal\u00f3gico \u00e0 reprodu\u00e7\u00e3o repetida<br \/>- Inverter: Reproduz o \u00e1udio captado ao contr\u00e1rio<\/p>\n<p><strong>Controlos de reverbera\u00e7\u00e3o<\/strong><br \/>- Reverbera\u00e7\u00e3o: Alternar entre ligado e desligado para efeito de reverbera\u00e7\u00e3o espacial<br \/>- Sala: 0-100% - Tamanho do espa\u00e7o de reverbera\u00e7\u00e3o<br \/>- Amortecimento: 0-100% - Absor\u00e7\u00e3o de alta frequ\u00eancia<\/p>\n<p><strong>Controlos de vibrato<\/strong><br \/>- Vibrato: altern\u00e2ncia On\/Off para modula\u00e7\u00e3o de amplitude<br \/>- Velocidade: 0,1-20 Hz - Taxa de oscila\u00e7\u00e3o do vibrato<br \/>- Forma: 0-100% - Varia entre onda sinusoidal (0%) e quadrada (100%)<\/p>\n<h3>Monitor MIDI (parte inferior)<\/h3>\n<p>- 4 indicadores circulares que mostram a atividade MIDI<br \/>- Feedback em tempo real de press\u00f5es de notas MIDI<br \/>- Indicadores de pan e modula\u00e7\u00e3o que respondem aos movimentos MIDI de pitch bend e modwheel<\/p>\n<h3>Sistema predefinido (topo)<\/h3>\n<p>- Menu suspenso de predefini\u00e7\u00f5es com predefini\u00e7\u00f5es de f\u00e1brica<br \/>- Funcionalidade de carregar\/guardar para predefini\u00e7\u00f5es personalizadas<br \/>- Sincroniza\u00e7\u00e3o de par\u00e2metros com o sistema JUCE APVTS<\/p>\n<\/div><\/div><\/div><div class=\"et_pb_column_6 et_pb_column et_pb_column_1_2 et-last-child et_block_column et_pb_css_mix_blend_mode_passthrough\"><div class=\"et_pb_image_1 et_pb_image et_pb_module et_flex_module preset--module--divi-image--default\"><a href=\"https:\/\/asv.pt\/wp-content\/uploads\/2025\/08\/PlayDLY108.png\" title=\"Interface de utilizador do PlayDLY v108\" class=\"et_pb_lightbox_image\"><span class=\"et_pb_image_wrap\"><img decoding=\"async\" src=\"https:\/\/asv.pt\/wp-content\/uploads\/2025\/08\/PlayDLY108.png\" alt=\"Interface de utilizador do PlayDLY v108\" title=\"Interface de utilizador do PlayDLY v108\" width=\"1488\" height=\"1940\" class=\"wp-image-2635\" \/><\/span><\/a><\/div><\/div><\/div><div class=\"et_pb_row_4 et_pb_row et_block_row\" id=\"presets\"><div class=\"et_pb_column_7 et_pb_column et_pb_column_1_2 et_block_column et_pb_css_mix_blend_mode_passthrough\"><div class=\"et_pb_text_4 et_pb_text et_pb_bg_layout_light et_pb_module et_flex_module preset--module--divi-text--default\"><div class=\"et_pb_text_inner\"><h2>Predefini\u00e7\u00f5es<\/h2>\n<p>A PlayDLY inclui v\u00e1rias predefini\u00e7\u00f5es de f\u00e1brica optimizadas para diferentes casos de utiliza\u00e7\u00e3o:<\/p>\n<p><strong>Predefini\u00e7\u00f5es de f\u00e1brica<\/strong><br \/>- Predefini\u00e7\u00e3o: Defini\u00e7\u00f5es equilibradas para utiliza\u00e7\u00e3o geral<br \/>- Atraso brilhante: Altas frequ\u00eancias melhoradas, reverbera\u00e7\u00e3o moderada<br \/>- Delay quente: Calor ao estilo anal\u00f3gico com satura\u00e7\u00e3o de fita<br \/>- Atraso reverso (Bus): Optimizado para utiliza\u00e7\u00e3o de envio\/retorno com reprodu\u00e7\u00e3o inversa<br \/>- Room Delay: Reverbera\u00e7\u00e3o espacial com ambiente de sala<br \/>- Sala grande: Simula\u00e7\u00e3o de espa\u00e7o grande com reverbera\u00e7\u00e3o longa<br \/>- Lento: Ataque\/liberta\u00e7\u00e3o alargados para transi\u00e7\u00f5es suaves<br \/>- Vibro: Efeitos de vibrato proeminentes para modula\u00e7\u00e3o<\/p>\n<p><strong>Gest\u00e3o de predefini\u00e7\u00f5es<\/strong><br \/>- Carregamento: Selecionar no menu pendente<br \/>- Guardar: As predefini\u00e7\u00f5es personalizadas guardam todos os estados dos par\u00e2metros<br \/>- Recordar: Todos os controlos da IU sincronizam-se automaticamente com as altera\u00e7\u00f5es predefinidas<br \/>- Compatibilidade: As predefini\u00e7\u00f5es funcionam em diferentes formatos de plugins<\/p>\n<p>&nbsp;<\/p>\n<\/div><\/div><\/div><div class=\"et_pb_column_8 et_pb_column et_pb_column_1_2 et-last-child et_block_column et_pb_css_mix_blend_mode_passthrough\"><div class=\"et_pb_text_5 et_pb_text et_pb_bg_layout_light et_pb_module et_flex_module preset--module--divi-text--default\"><div class=\"et_pb_text_inner\"><h2>Refer\u00eancia t\u00e9cnica<\/h2>\n<h3>Implementa\u00e7\u00e3o MIDI<\/h3>\n<p><strong>Notas de controlo:<\/strong><br \/>- C1 (MIDI 36): Iniciar\/parar grava\u00e7\u00e3o<br \/>- C2-C4 (MIDI 48-83): Reprodu\u00e7\u00e3o com pitching crom\u00e1tico<\/p>\n<p><strong>Controladores cont\u00ednuos:<\/strong><br \/>- CC1 (Mod Wheel): Profundidade do Vibrato + N\u00edvel de Reverbera\u00e7\u00e3o h\u00famida<br \/>- Pitch Bend: panning est\u00e9reo (congelado por voz)<br \/>- Velocidade da nota: Din\u00e2mica da voz<\/p>\n<p><strong>Gest\u00e3o da voz:<\/strong><br \/>- Polifonia: 8 vozes simult\u00e2neas no m\u00e1ximo<br \/>- Roubo de voz: A voz mais antiga \u00e9 substitu\u00edda quando o limite \u00e9 excedido<br \/>- Envelope: Ataque\/liberta\u00e7\u00e3o independentes por voz<\/p>\n<p>&nbsp;<\/p>\n<\/div><\/div><\/div><\/div><div class=\"et_pb_row_5 et_pb_row et_block_row\"><div class=\"et_pb_column_9 et_pb_column et_pb_column_1_2 et_block_column et_pb_css_mix_blend_mode_passthrough\"><div class=\"et_pb_text_6 et_pb_text et_pb_bg_layout_light et_pb_module et_flex_module preset--module--divi-text--default\"><div class=\"et_pb_text_inner\"><h3>Conven\u00e7\u00f5es de nomenclatura de notas MIDI<\/h3>\n<p><strong>Importante:<\/strong> Diferentes DAWs usam conven\u00e7\u00f5es diferentes para nomear as notas MIDI. A PlayDLY usa a conven\u00e7\u00e3o mais comum onde o C m\u00e9dio = C3 (nota MIDI 60). No entanto, alguns DAWs como o Protools, LUNA ou Reaper usam uma conven\u00e7\u00e3o diferente onde o D\u00f3 m\u00e9dio = C4 ou mesmo C6, o que significa que todas as notas aparecem numa oitava diferente na sua interface.<\/p>\n<p><strong>Mapeamento de notas em diferentes DAWs:<\/strong><\/p>\n<table style=\"height: 120px; width: 100%; border-collapse: collapse; border-style: solid;\" border=\"2\">\n<tbody>\n<tr style=\"height: 24px;\">\n<td style=\"width: 20%; height: 24px; text-align: center;\"><strong>Fun\u00e7\u00e3o<\/strong><\/td>\n<td style=\"width: 20%; height: 24px; text-align: center;\"><strong>Etiqueta PlayDLY<\/strong><\/td>\n<td style=\"width: 20%; height: 24px; text-align: center;\"><strong>Nota MIDI #<\/strong><\/td>\n<td style=\"width: 20%; height: 24px; text-align: center;\"><strong>DAWs padr\u00e3o <\/strong>(L\u00f3gica\/Live)<\/td>\n<td style=\"width: 20%; height: 24px; text-align: center;\"><strong>LUNA\/Protools<\/strong><\/td>\n<\/tr>\n<tr style=\"height: 24px;\">\n<td style=\"width: 20%; height: 24px; text-align: center;\"><strong>Registo<\/strong><\/td>\n<td style=\"width: 20%; height: 24px; text-align: center;\">C1<\/td>\n<td style=\"width: 20%; height: 24px; text-align: center;\">36<\/td>\n<td style=\"width: 20%; height: 24px; text-align: center;\">C1<\/td>\n<td style=\"width: 20%; height: 24px; text-align: center;\">C2<\/td>\n<\/tr>\n<tr style=\"height: 24px;\">\n<td style=\"width: 20%; height: 24px; text-align: center;\"><strong>Reprodu\u00e7\u00e3o limpa<\/strong><\/td>\n<td style=\"width: 20%; height: 24px; text-align: center;\">C2-B2<\/td>\n<td style=\"width: 20%; height: 24px; text-align: center;\">48-59<\/td>\n<td style=\"width: 20%; height: 24px; text-align: center;\">C2-B2<\/td>\n<td style=\"width: 20%; height: 24px; text-align: center;\">C3-B3<\/td>\n<\/tr>\n<tr style=\"height: 24px;\">\n<td style=\"width: 20%; height: 24px; text-align: center;\"><strong>Reprodu\u00e7\u00e3o a quente<\/strong><\/td>\n<td style=\"width: 20%; height: 24px; text-align: center;\">C3-B3<\/td>\n<td style=\"width: 20%; height: 24px; text-align: center;\">60-71<\/td>\n<td style=\"width: 20%; height: 24px; text-align: center;\">C3-B3<\/td>\n<td style=\"width: 20%; height: 24px; text-align: center;\">C4-B4<\/td>\n<\/tr>\n<tr style=\"height: 24px;\">\n<td style=\"width: 20%; height: 24px; text-align: center;\"><strong>Saturado<\/strong><\/td>\n<td style=\"width: 20%; height: 24px; text-align: center;\">C4-B4<\/td>\n<td style=\"width: 20%; height: 24px; text-align: center;\">72-83<\/td>\n<td style=\"width: 20%; height: 24px; text-align: center;\">C4-B4<\/td>\n<td style=\"width: 20%; height: 24px; text-align: center;\">C5-B5<\/td>\n<\/tr>\n<\/tbody>\n<\/table>\n<p><strong>Ponto-chave:<\/strong> Independentemente de como seu DAW rotula as notas, pressione as teclas como mostrado na interface do PlayDLY. As teclas f\u00edsicas do seu teclado MIDI permanecem as mesmas - apenas a rotulagem difere entre as DAWs.<\/p>\n<\/div><\/div><\/div><div class=\"et_pb_column_10 et_pb_column et_pb_column_1_2 et-last-child et_block_column et_pb_css_mix_blend_mode_passthrough\"><div class=\"et_pb_text_7 et_pb_text et_pb_bg_layout_light et_pb_module et_flex_module preset--module--divi-text--default\"><div class=\"et_pb_text_inner\"><h3>Processamento de \u00e1udio<\/h3>\n<p><strong>Sistema de registo:<\/strong><br \/>- Buffers h\u00edbridos: Captura em tempo real + reprodu\u00e7\u00e3o est\u00e1vel<br \/>- Margens de seguran\u00e7a: Evita falhas durante a grava\u00e7\u00e3o\/reprodu\u00e7\u00e3o simult\u00e2nea<br \/>- Limites de dura\u00e7\u00e3o: 16 segundos ou 4 compassos no m\u00e1ximo<\/p>\n<p><strong>Cadeia de efeitos:<\/strong><br \/>1. Mudan\u00e7a de altura: Rela\u00e7\u00f5es de altura crom\u00e1ticas para cada nota<br \/>2. Satura\u00e7\u00e3o de fita: Distor\u00e7\u00e3o harm\u00f3nica ao estilo anal\u00f3gico<br \/>3. Vibrato: Modula\u00e7\u00e3o de amplitude com formas de onda transform\u00e1veis<br \/>4. Reverbera\u00e7\u00e3o: Processamento espacial com modela\u00e7\u00e3o da sala<br \/>5. Envelope: Modela\u00e7\u00e3o de ataque\/liberta\u00e7\u00e3o por voz<\/p>\n<p>Desempenho:<br \/>- Processamento em tempo real: Lat\u00eancia t\u00edpica &lt; 10ms<br \/>- Utiliza\u00e7\u00e3o da CPU: Optimizado para actua\u00e7\u00f5es ao vivo<br \/>- Mem\u00f3ria: Atribui\u00e7\u00e3o din\u00e2mica com base na dura\u00e7\u00e3o da grava\u00e7\u00e3o<\/p>\n<\/div><\/div><\/div><\/div><div class=\"et_pb_row_6 et_pb_row et_block_row\" id=\"troubleshooting\"><div class=\"et_pb_column_11 et_pb_column et_pb_column_1_2 et_block_column et_pb_css_mix_blend_mode_passthrough\"><div class=\"et_pb_text_8 et_pb_text et_pb_bg_layout_light et_pb_module et_flex_module preset--module--divi-text--default\"><div class=\"et_pb_text_inner\"><h2>Resolu\u00e7\u00e3o de problemas<\/h2>\n<h3>Problemas comuns<\/h3>\n<p><strong>Plugin n\u00e3o encontrado na DAW<\/strong><br \/>- Verificar se existem caminhos de instala\u00e7\u00e3o<br \/>- Reiniciar a DAW ap\u00f3s a instala\u00e7\u00e3o<br \/>- Verificar as defini\u00e7\u00f5es de pesquisa de plug-ins da DAW<br \/>- Garantir a compatibilidade da vers\u00e3o do macOS (10.13+)<\/p>\n<p><strong>Sem resposta MIDI<\/strong><br \/>- Verificar o encaminhamento de MIDI no DAW<br \/>- Verificar se a entrada MIDI est\u00e1 activada para o plugin<br \/>- Teste com um controlador MIDI simples<br \/>- Verificar as defini\u00e7\u00f5es do canal MIDI<\/p>\n<p><strong>Quedas de \u00e1udio ou falhas<\/strong><br \/>- Reduzir o tamanho do buffer da DAW para 128-256 amostras<br \/>- Fechar aplica\u00e7\u00f5es desnecess\u00e1rias<br \/>- Verificar a utiliza\u00e7\u00e3o da CPU no Monitor de atividade<br \/>- Desativar outros plug-ins que fazem uso intensivo da CPU<\/p>\n<p><strong>Clicar no modo Loop<\/strong><br \/>- Certifique-se de que est\u00e1 a utilizar a vers\u00e3o 1.0.107 ou posterior<br \/>- Verificar se os limites do ciclo est\u00e3o corretamente definidos<br \/>- Verificar a integridade da mem\u00f3ria interm\u00e9dia de \u00e1udio<\/p>\n<p><strong>Reverbera\u00e7\u00e3o ou Vibrato n\u00e3o funcionam<\/strong><br \/>- Verificar se os efeitos est\u00e3o activados atrav\u00e9s de caixas de verifica\u00e7\u00e3o<br \/>- Verificar se a roda mod est\u00e1 a enviar dados CC1<br \/>- Teste com diferentes controladores MIDI<br \/>- Verificar conflitos de automatiza\u00e7\u00e3o de par\u00e2metros<\/p>\n<\/div><\/div><\/div><div class=\"et_pb_column_12 et_pb_column et_pb_column_1_2 et-last-child et_block_column et_pb_css_mix_blend_mode_passthrough\"><div class=\"et_pb_text_9 et_pb_text et_pb_bg_layout_light et_pb_module et_flex_module preset--module--divi-text--default\"><div class=\"et_pb_text_inner\"><h2>Obter apoio<\/h2>\n<p><strong>Se fez um donativo para o plugin:<\/strong><br \/>Contacte-nos atrav\u00e9s do <a href=\"https:\/\/asv.pt\/pt\/contato\/\">formul\u00e1rio de contacto<\/a>.<\/p>\n<p><strong>Feedback do teste beta<\/strong><br \/>- Comunicar problemas \u00e0 equipa de desenvolvimento<br \/>- Incluir a vers\u00e3o da DAW e informa\u00e7\u00f5es do sistema<br \/>- Fornecer passos para reproduzir problemas<br \/>- Partilhar ficheiros de projectos, se poss\u00edvel<\/p>\n<p><strong>Informa\u00e7\u00f5es sobre o sistema<\/strong><br \/>- vers\u00e3o do macOS: Verificar no menu Apple &gt; Acerca deste Mac<br \/>- Vers\u00e3o da DAW: Verificar na caixa de di\u00e1logo Sobre da DAW<br \/>- Vers\u00e3o do plugin: Exibido na interface do PlayDLY<br \/>- Controlador MIDI: Incluir marca\/modelo<\/p>\n<h2>Dicas de desempenho<\/h2>\n<p><strong>Defini\u00e7\u00f5es \u00f3ptimas<\/strong><br \/>- Utilizar tamanhos de mem\u00f3ria interm\u00e9dia de 128-256 amostras<br \/>- Ativar a acelera\u00e7\u00e3o de hardware no DAW<br \/>- Desativar funcionalidades n\u00e3o utilizadas do plugin<br \/>- Monitorizar a utiliza\u00e7\u00e3o da CPU durante o desempenho<\/p>\n<p><strong>Otimiza\u00e7\u00e3o MIDI<\/strong><br \/>- Utilize faixas MIDI dedicadas para sequ\u00eancias complexas<br \/>- Evitar dados excessivos de pitch bend ou mod wheel<br \/>- Gravar padr\u00f5es MIDI para uma reprodu\u00e7\u00e3o consistente<br \/>- Considerar a quantiza\u00e7\u00e3o MIDI para uma sincroniza\u00e7\u00e3o rigorosa<\/p>\n<\/div><\/div><\/div><\/div><div class=\"et_pb_row_7 et_pb_row et_block_row\" id=\"downloads\"><div class=\"et_pb_column_13 et_pb_column et_pb_column_1_2 et_block_column et_pb_css_mix_blend_mode_passthrough\"><div class=\"et_pb_text_10 et_pb_text et_pb_bg_layout_light et_pb_module et_flex_module preset--module--divi-text--default\"><div class=\"et_pb_text_inner\"><h2>A vers\u00e3o mais recente<\/h2>\n<p><strong>Controlo semanal autom\u00e1tico:<\/strong> O PlayDLY verifica automaticamente se h\u00e1 actualiza\u00e7\u00f5es uma vez por semana quando abre a interface do plugin, o que acontece silenciosamente em segundo plano sem interromper o seu fluxo de trabalho.<\/p>\n<p><strong>Controlo manual:<\/strong> Clique no n\u00famero da vers\u00e3o (por exemplo, \"v1.0.111\") no canto superior direito da janela do plug-in para verificar imediatamente se existem actualiza\u00e7\u00f5es.<\/p>\n<p><strong>Notifica\u00e7\u00e3o de atualiza\u00e7\u00e3o:<\/strong> Quando estiver dispon\u00edvel uma nova vers\u00e3o, ver\u00e1 aparecer o texto \"Atualiza\u00e7\u00e3o dispon\u00edvel\" por baixo do n\u00famero da vers\u00e3o. Clique neste texto para abrir a caixa de di\u00e1logo de atualiza\u00e7\u00e3o.<\/p>\n<p><strong>Di\u00e1logo de atualiza\u00e7\u00e3o:<\/strong> A caixa de di\u00e1logo mostra sua vers\u00e3o atual, a nova vers\u00e3o dispon\u00edvel e fornece um link direto para baixar a vers\u00e3o mais recente do site da PlayDLY.<\/p>\n<h3>Privacidade e utiliza\u00e7\u00e3o da rede<\/h3>\n<p>A verifica\u00e7\u00e3o de atualiza\u00e7\u00e3o faz um pedido \u00fanico e leve ao nosso servidor aproximadamente uma vez por semana. N\u00e3o \u00e9 transmitida qualquer informa\u00e7\u00e3o pessoal ou dados de utiliza\u00e7\u00e3o - o plugin recupera simplesmente o n\u00famero da vers\u00e3o mais recente. As falhas de rede s\u00e3o tratadas de forma graciosa e n\u00e3o afectam o funcionamento do plugin.<\/p>\n<p>&nbsp;<\/p>\n<\/div><\/div><\/div><div class=\"et_pb_column_14 et_pb_column et_pb_column_1_2 et-last-child et_block_column et_pb_css_mix_blend_mode_passthrough\"><div class=\"et_pb_text_11 et_pb_text et_pb_bg_layout_light et_pb_module et_flex_module preset--module--divi-text--default\"><div class=\"et_pb_text_inner\"><h2>Descarregar<\/h2>\n<p>\u00a0Podes descarregar a vers\u00e3o mais recente aqui. Lembre-se de que o PlayDLY ainda est\u00e1 em vers\u00e3o beta, portanto, voc\u00ea pode encontrar bugs ao us\u00e1-lo. Por favor, relate quaisquer erros que encontrar usando o <a href=\"https:\/\/asv.pt\/pt\/contato\/\">formul\u00e1rio de contacto<\/a>! Obrigado.<\/p>\n<p>&nbsp;<\/p>\n<\/div><\/div><div class=\"et_pb_module et_pb_button_module_wrapper et_pb_button_1_wrapper\"><a class=\"et_pb_button_1 et_pb_button et_pb_bg_layout_light et_pb_module et_flex_module\" href=\"https:\/\/drive.proton.me\/urls\/QGNYGF8CJR#flAGt8JTVPRC\" target=\"_blank\" rel=\"noopener\">Descarregar (beta 112)<\/a><\/div><\/div><\/div><\/div>","protected":false},"excerpt":{"rendered":"","protected":false},"author":1,"featured_media":0,"parent":0,"menu_order":0,"comment_status":"closed","ping_status":"closed","template":"","meta":{"footnotes":""},"class_list":["post-2638","page","type-page","status-publish","hentry"],"_links":{"self":[{"href":"https:\/\/asv.pt\/pt\/wp-json\/wp\/v2\/pages\/2638","targetHints":{"allow":["GET"]}}],"collection":[{"href":"https:\/\/asv.pt\/pt\/wp-json\/wp\/v2\/pages"}],"about":[{"href":"https:\/\/asv.pt\/pt\/wp-json\/wp\/v2\/types\/page"}],"author":[{"embeddable":true,"href":"https:\/\/asv.pt\/pt\/wp-json\/wp\/v2\/users\/1"}],"replies":[{"embeddable":true,"href":"https:\/\/asv.pt\/pt\/wp-json\/wp\/v2\/comments?post=2638"}],"version-history":[{"count":37,"href":"https:\/\/asv.pt\/pt\/wp-json\/wp\/v2\/pages\/2638\/revisions"}],"predecessor-version":[{"id":2809,"href":"https:\/\/asv.pt\/pt\/wp-json\/wp\/v2\/pages\/2638\/revisions\/2809"}],"wp:attachment":[{"href":"https:\/\/asv.pt\/pt\/wp-json\/wp\/v2\/media?parent=2638"}],"curies":[{"name":"wp","href":"https:\/\/api.w.org\/{rel}","templated":true}]}}