{"id":34,"date":"2021-04-02T13:01:46","date_gmt":"2021-04-02T12:01:46","guid":{"rendered":"https:\/\/asv.pt\/?page_id=34"},"modified":"2025-11-01T19:39:38","modified_gmt":"2025-11-01T19:39:38","slug":"fotografia-de-concertos","status":"publish","type":"page","link":"https:\/\/asv.pt\/pt\/concert-photography\/","title":{"rendered":"Fotografia de Concerto"},"content":{"rendered":"<div class=\"et_pb_section_0 et_pb_section et_pb_fullwidth_section et_section_regular et_block_section sfly_hero sfly_hero_1\"><section class=\"et_pb_fullwidth_header_0 et_pb_fullwidth_header et_pb_fullscreen et_pb_bg_layout_dark et_pb_text_align_center et_animated et_pb_section_parallax et_pb_module et_flex_module sfly_fullwidth_header\"><span class=\"et-pb-parallax-wrapper\"><span class=\"et-pb-parallax-background et-pb-parallax-background-module--divi-fullwidth-header-0\" style=\"background-image:url(https:\/\/asv.pt\/wp-content\/uploads\/2021\/04\/Billy_Sheehan.jpg)\"><\/span><\/span><div class=\"et_pb_fullwidth_header_container center\"><div class=\"header-content-container center\"><div class=\"header-content et_flex_module\"><h1 class=\"et_pb_module_header\">M\u00fasica &amp; Fotografia de Concerto<\/h1><div class=\"et_pb_header_content_wrapper\"><p>A forma como a m\u00fasica parece<\/p>\n<\/div><div class=\"et_pb_header_button_wrapper\"><\/div><\/div><\/div><\/div><div class=\"et_pb_fullwidth_header_overlay\"><\/div><div class=\"et_pb_fullwidth_header_scroll\"><a class=\"scroll-down-container\" href=\"#\"><span class=\"scroll-down et-pb-icon\">;<\/span><\/a><\/div><\/section><\/div><div class=\"et_pb_section_1 et_pb_section et_section_regular et_block_section sfly_general sfly_general_13\"><div class=\"et_pb_row_0 et_pb_row et_block_row\"><div class=\"et_pb_column_0 et_pb_column et_pb_column_1_3 et_block_column et_pb_css_mix_blend_mode_passthrough\"><div class=\"et_pb_divider_0 et_pb_divider et_pb_space et_pb_divider_position_top et_pb_module\"><div class=\"et_pb_divider_internal\"><\/div><\/div><div class=\"et_pb_text_0 et_pb_text et_pb_bg_layout_light et_pb_module et_flex_module preset--module--divi-text--default\"><div class=\"et_pb_text_inner\"><h3>Apenas um objetivo.<\/h3>\n<\/div><\/div><\/div><div class=\"et_pb_column_1 et_pb_column et_pb_column_2_3 et-last-child et_block_column et_pb_css_mix_blend_mode_passthrough\"><div class=\"et_pb_text_1 et_pb_text et_pb_bg_layout_light et_pb_module et_flex_module preset--module--divi-text--default\"><div class=\"et_pb_text_inner\"><blockquote><p>Quero mostrar o que est\u00e1 a acontecer quando um m\u00fasico actua. Quero que estejam no espect\u00e1culo, quando olharem para a fotografia.<\/p><\/blockquote>\n<p>O espetro \u00e9 enorme: h\u00e1 as grandes poses do Rock'n'Roll, os espect\u00e1culos loucos com adere\u00e7os e luzes, mas tamb\u00e9m h\u00e1 as sess\u00f5es \u00edntimas, apenas com um p\u00fablico muito pequeno e m\u00fasica calma. Adoro estes extremos e adoro tudo o que est\u00e1 no meio. Porque cada concerto \u00e9 \u00fanico. Cada concerto tem uma vibra\u00e7\u00e3o muito especial, uma esp\u00e9cie de pegada emocional. Espero que consigam ver esta vibra\u00e7\u00e3o nas minhas fotografias, porque \u00e9 exatamente esta a magia que quero mostrar.<\/p>\n<\/div><\/div><div class=\"et_pb_module et_pb_button_module_wrapper et_pb_button_0_wrapper\"><a class=\"et_pb_button_0 et_pb_button et_pb_bg_layout_light et_pb_module et_flex_module\" href=\"https:\/\/asv.pt\/pt\/contato\/\">Contacte-me para mais informa\u00e7\u00f5es<\/a><\/div><\/div><\/div><\/div><div class=\"et_pb_section_2 et_pb_section et_section_regular et_block_section sfly_feature sfly_feature_7\"><div class=\"et_pb_row_1 et_pb_row et_block_row et_animated\"><div class=\"et_pb_column_2 et_pb_column et_pb_column_1_3 et_block_column et_pb_css_mix_blend_mode_passthrough column1\"><div class=\"et_pb_image_0 et_pb_image et_animated et_pb_module et_flex_module preset--module--divi-image--default\"><span class=\"et_pb_image_wrap\"><img decoding=\"async\" src=\"https:\/\/asv.pt\/wp-content\/uploads\/2021\/04\/Joe_Satriani.jpg\" alt=\"Fotografia de concerto - Joe Satriani\" title=\"Fotografia de concerto - Joe Satriani\" width=\"834\" height=\"1232\" class=\"wp-image-827\" \/><\/span><\/div><\/div><div class=\"et_pb_column_3 et_pb_column et_pb_column_2_3 et-last-child et_block_column et_pb_css_mix_blend_mode_passthrough column2\"><div class=\"et_pb_text_2 et_pb_text et_pb_bg_layout_light et_animated et_pb_module et_flex_module preset--module--divi-text--default\"><div class=\"et_pb_text_inner\"><h2>Meu PORTFOLIO<\/h2>\n<p>Tive muita sorte de estar em centenas de espect\u00e1culos ao vivo de alguns dos melhores m\u00fasicos actualmente existentes neste planeta. Joe Satriani, John Petrucci, John Scofield, Mike Stern, Ralph Towner, Al Di Meola, John Abercrombie, Mike Keneally, Richie Kotzen, Pat Martino, Phil X, Tony Levin, Peter Gabriel, Leland Sklar, Steve Swallow, Billy Sheehan, Alphonso Johnson, Nick Beggs, Stu Hamm, Bakithi Kumalo, Chuck Rainey, Felix Pastorius, T.M. Stevens, John B. Williams, Peter Erskine, Steve Gadd, Dennis Chambers, Chester Thompson, Marco Minnemann, Carla Bley, Don Preston, Joachim K\u00fchn, Bob Mintzer, Andy Sheppard, Nils Landgren, Peter Hammill, Steven Wilson, Skunk Anansie e os Yellowjackets, para citar apenas alguns dos meus favoritos pessoais. A fotografia de concerto \u00e9 especial quando a magia acontece em palco.<\/p>\n<blockquote>\n<p>Voc\u00ea tem a coragem de capturar o car\u00e1ter do seu sujeito em uma foto em preto e branco.<\/p>\n<\/blockquote>\n<p>...disse Kaylene Peoples, artista discogr\u00e1fica e editora-chefe da revista de moda e estilo de vida \u201cAgenda\u201d sobre as minhas fotografias.<\/p>\n<\/div><\/div><\/div><\/div><\/div><div class=\"et_pb_section_3 et_pb_section et_pb_fullwidth_section et_section_regular et_block_section sfly_interior sfly_interior_hero_1\"><section class=\"et_pb_fullwidth_header_1 et_pb_fullwidth_header et_pb_bg_layout_dark et_pb_text_align_center et_animated et_pb_section_parallax et_pb_module et_flex_module sfly_fullwidth_header\"><span class=\"et-pb-parallax-wrapper\"><span class=\"et-pb-parallax-background et-pb-parallax-background-module--divi-fullwidth-header-1\" style=\"background-image:url(https:\/\/asv.pt\/wp-content\/uploads\/2021\/04\/MIA_Audience.jpg)\"><\/span><\/span><div class=\"et_pb_fullwidth_header_container center\"><div class=\"header-content-container center\"><div class=\"header-content et_flex_module\"><h6 class=\"et_pb_module_header\">Melhor vista do Palco<\/h6><div class=\"et_pb_header_content_wrapper\"><p>perspectivas que de outra forma nunca veria.<\/p>\n<p>&nbsp;<\/p>\n<\/div><div class=\"et_pb_header_button_wrapper\"><\/div><\/div><\/div><\/div><div class=\"et_pb_fullwidth_header_overlay\"><\/div><div class=\"et_pb_fullwidth_header_scroll\"><\/div><\/section><\/div><div class=\"et_pb_section_4 et_pb_section et_section_regular et_block_section sfly_feature sfly_feature_9\"><div class=\"et_pb_row_2 et_pb_row et_block_row et_animated\"><div class=\"et_pb_column_4 et_pb_column et_pb_column_4_4 et-last-child et_block_column et_pb_css_mix_blend_mode_passthrough\"><div class=\"et_pb_text_3 et_pb_text et_pb_bg_layout_light et_pb_module et_flex_module preset--module--divi-text--default\"><div class=\"et_pb_text_inner\"><h2>Alguns dos meus favoritos<\/h2>\n<p>Abaixo est\u00e1 uma selec\u00e7\u00e3o de algumas das minhas fotografias favoritas. Se os observarmos de muito perto, quase podemos ouvir a m\u00fasica, e quase podemos cheirar o palco. Pode sentir a tens\u00e3o das cordas e a vibra\u00e7\u00e3o do som.<\/p>\n<\/div><\/div><div class=\"et_pb_image_1 et_pb_image et_pb_module et_flex_module preset--module--divi-image--default\"><span class=\"et_pb_image_wrap\"><img decoding=\"async\" src=\"https:\/\/asv.pt\/wp-content\/uploads\/2021\/04\/Tony_Levin.jpg\" alt=\"Tony Levin\" title=\"Tony Levin\" width=\"1200\" height=\"802\" class=\"wp-image-813\" \/><\/span><\/div><\/div><\/div><\/div><div class=\"et_pb_section_5 et_pb_section et_section_regular et_block_section\"><div class=\"et_pb_row_3 et_pb_row et_block_row\"><div class=\"et_pb_column_5 et_pb_column et_pb_column_4_4 et-last-child et_block_column et_pb_css_mix_blend_mode_passthrough\"><div class=\"et_pb_text_4 et_pb_text et_pb_bg_layout_light et_pb_module et_flex_module preset--module--divi-text--default\"><div class=\"et_pb_text_inner\"><p>&nbsp;<\/p>\n<\/div><\/div><\/div><\/div><\/div><div class=\"et_pb_section_6 et_pb_section et_section_regular et_block_section sfly_image sfly_image_6\"><div class=\"et_pb_row_4 et_pb_row et_pb_gutters1 et_block_row et_pb_row_fullwidth\"><div class=\"et_pb_column_6 et_pb_column et_pb_column_4_4 et-last-child et_block_column et_pb_css_mix_blend_mode_passthrough\"><div class=\"et_pb_gallery_0 et_pb_gallery et_pb_bg_layout_light et_pb_gallery_grid et_pb_module preset--module--divi-gallery--default\" data-auto-rotate=\"off\" data-auto-rotate-speed=\"\"><div class=\"et_pb_gallery_items et_post_gallery clearfix et_block_module\" data-per_page=\"8\"><div class=\"et_pb_gallery_item et_pb_grid_item et_pb_gallery_item_0_0\"><div class=\"et_pb_gallery_image landscape\" data-per_page=\"8\"><a href=\"https:\/\/asv.pt\/wp-content\/uploads\/2021\/04\/Ramesh_Shotham.jpg\" title=\"Ramesh Shotham\"><img decoding=\"async\" width=\"400\" height=\"284\" src=\"https:\/\/asv.pt\/wp-content\/uploads\/2021\/04\/Ramesh_Shotham-400x284.jpg\" alt=\"Ramesh Shotham\" class=\"wp-image-805\" title=\"\"><span class=\"et_overlay\" data-icon=\"\" data-icon-tablet=\"\" data-icon-phone=\"\"><\/span><\/a><\/div><\/div><div class=\"et_pb_gallery_item et_pb_grid_item et_pb_gallery_item_0_1\"><div class=\"et_pb_gallery_image landscape\" data-per_page=\"8\"><a href=\"https:\/\/asv.pt\/wp-content\/uploads\/2021\/04\/Divinity_Roxx.jpg\" title=\"Divindade Roxx\"><img decoding=\"async\" width=\"400\" height=\"284\" src=\"https:\/\/asv.pt\/wp-content\/uploads\/2021\/04\/Divinity_Roxx-400x284.jpg\" alt=\"Divindade Roxx\" class=\"wp-image-809\" title=\"\"><span class=\"et_overlay\" data-icon=\"\" data-icon-tablet=\"\" data-icon-phone=\"\"><\/span><\/a><\/div><\/div><div class=\"et_pb_gallery_item et_pb_grid_item et_pb_gallery_item_0_2\"><div class=\"et_pb_gallery_image landscape\" data-per_page=\"8\"><a href=\"https:\/\/asv.pt\/wp-content\/uploads\/2021\/04\/Randy_Hansen.jpg\" title=\"Randy Hansen\"><img decoding=\"async\" width=\"400\" height=\"284\" src=\"https:\/\/asv.pt\/wp-content\/uploads\/2021\/04\/Randy_Hansen-400x284.jpg\" alt=\"Randy Hansen\" class=\"wp-image-806\" title=\"\"><span class=\"et_overlay\" data-icon=\"\" data-icon-tablet=\"\" data-icon-phone=\"\"><\/span><\/a><\/div><\/div><div class=\"et_pb_gallery_item et_pb_grid_item et_pb_gallery_item_0_3\"><div class=\"et_pb_gallery_image landscape\" data-per_page=\"8\"><a href=\"https:\/\/asv.pt\/wp-content\/uploads\/2021\/04\/TM_Stevens.jpg\" title=\"TM Stevens\"><img decoding=\"async\" width=\"400\" height=\"284\" src=\"https:\/\/asv.pt\/wp-content\/uploads\/2021\/04\/TM_Stevens-400x284.jpg\" alt=\"TM Stevens\" class=\"wp-image-810\" title=\"\"><span class=\"et_overlay\" data-icon=\"\" data-icon-tablet=\"\" data-icon-phone=\"\"><\/span><\/a><\/div><\/div><div class=\"et_pb_gallery_item et_pb_grid_item et_pb_gallery_item_0_4\"><div class=\"et_pb_gallery_image landscape\" data-per_page=\"8\"><a href=\"https:\/\/asv.pt\/wp-content\/uploads\/2021\/04\/Rex_Brown.jpg\" title=\"Rex Brown \/ Kill Devil Hill\"><img decoding=\"async\" width=\"400\" height=\"284\" src=\"https:\/\/asv.pt\/wp-content\/uploads\/2021\/04\/Rex_Brown-400x284.jpg\" alt=\"Rex Brown \/ Kill Devil Hill\" class=\"wp-image-807\" title=\"\"><span class=\"et_overlay\" data-icon=\"\" data-icon-tablet=\"\" data-icon-phone=\"\"><\/span><\/a><\/div><\/div><div class=\"et_pb_gallery_item et_pb_grid_item et_pb_gallery_item_0_5\"><div class=\"et_pb_gallery_image landscape\" data-per_page=\"8\"><a href=\"https:\/\/asv.pt\/wp-content\/uploads\/2021\/04\/Skin.jpg\" title=\"Anansie Pele &amp; Gamb\u00e1\"><img decoding=\"async\" width=\"400\" height=\"284\" src=\"https:\/\/asv.pt\/wp-content\/uploads\/2021\/04\/Skin-400x284.jpg\" alt=\"Anansie Pele &amp; Gamb\u00e1\" class=\"wp-image-808\" title=\"\"><span class=\"et_overlay\" data-icon=\"\" data-icon-tablet=\"\" data-icon-phone=\"\"><\/span><\/a><\/div><\/div><div class=\"et_pb_gallery_item et_pb_grid_item et_pb_gallery_item_0_6\"><div class=\"et_pb_gallery_image landscape\" data-per_page=\"8\"><a href=\"https:\/\/asv.pt\/wp-content\/uploads\/2021\/04\/Billy_Sheehan-1.jpg\" title=\"Billy Sheehan\"><img decoding=\"async\" width=\"400\" height=\"284\" src=\"https:\/\/asv.pt\/wp-content\/uploads\/2021\/04\/Billy_Sheehan-1-400x284.jpg\" alt=\"Billy Sheehan\" class=\"wp-image-803\" title=\"\"><span class=\"et_overlay\" data-icon=\"\" data-icon-tablet=\"\" data-icon-phone=\"\"><\/span><\/a><\/div><\/div><div class=\"et_pb_gallery_item et_pb_grid_item et_pb_gallery_item_0_7\"><div class=\"et_pb_gallery_image landscape\" data-per_page=\"8\"><a href=\"https:\/\/asv.pt\/wp-content\/uploads\/2021\/04\/Eric_Gales_Band.jpg\" title=\"Banda Eric Gales\"><img decoding=\"async\" width=\"400\" height=\"284\" src=\"https:\/\/asv.pt\/wp-content\/uploads\/2021\/04\/Eric_Gales_Band-400x284.jpg\" alt=\"Banda Eric Gales\" class=\"wp-image-804\" title=\"\"><span class=\"et_overlay\" data-icon=\"\" data-icon-tablet=\"\" data-icon-phone=\"\"><\/span><\/a><\/div><\/div><\/div><\/div><\/div><\/div><\/div><div class=\"et_pb_section_7 et_pb_section et_section_regular et_block_section\"><div class=\"et_pb_row_5 et_pb_row et_block_row\"><div class=\"et_pb_column_7 et_pb_column et_pb_column_4_4 et-last-child et_block_column et_pb_css_mix_blend_mode_passthrough\"><div class=\"et_pb_text_5 et_pb_text et_pb_bg_layout_light et_pb_module et_flex_module preset--module--divi-text--default\"><div class=\"et_pb_text_inner\"><p>&nbsp;<\/p>\n<\/div><\/div><\/div><\/div><\/div><div class=\"et_pb_section_8 et_pb_section et_section_regular et_block_section et_pb_section_parallax sfly_feature sfly_feature_19\"><span class=\"et-pb-parallax-wrapper\"><span class=\"et-pb-parallax-background et-pb-parallax-background--css et-pb-parallax-background-module--divi-section-8\" style=\"background-image:url(https:\/\/asv.pt\/wp-content\/uploads\/2021\/04\/Jon_Gomm.jpg)\"><\/span><\/span><div class=\"et_pb_row_6 et_pb_row et_block_row\"><div class=\"et_pb_column_8 et_pb_column et_pb_column_1_2 et_block_column et_pb_css_mix_blend_mode_passthrough column1\"><div class=\"et_pb_text_6 et_pb_text et_pb_bg_layout_light et_pb_module et_flex_module preset--module--divi-text--default\"><div class=\"et_pb_text_inner\"><h2>Os Artistas<\/h2>\n<p>As minhas fotografias apareceram em numerosos lan\u00e7amentos e an\u00fancios como o Vintage Guitar Mag, um cat\u00e1logo Warwick e at\u00e9 na revista de moda Agenda. Mas o que eu mais gosto \u00e9 quando os m\u00fasicos gostam tanto das fotos, que as utilizam nas suas publica\u00e7\u00f5es, como os seus sites, CDs ou T-Shirts. Aqui est\u00e1 uma pequena colec\u00e7\u00e3o destes lan\u00e7amentos, que n\u00e3o est\u00e1 de modo algum completa:<\/p>\n<p>&nbsp;<\/p>\n<ul>\n<li>David Rhodes usou meu retrato dele e sua foto HANDS para seu site.<\/li>\n<li>Divinity Roxx usou um retrato e suas M\u00c3OS para seu lan\u00e7amento do CD \"ImPossible\".<\/li>\n<li>Stevie Salas adicionou algumas das minhas fotos ao vivo e um retrato \u00e0s suas fotos oficiais para a imprensa.<\/li>\n<li>Mike Keneally adicionou v\u00e1rias fotos ao seu site.<\/li>\n<li>Ramesh Shotham baseou a arte completa de seu novo lan\u00e7amento em CD chamado \"Here It Is\" nas minhas fotos de suas performances e nas M\u00c3OS de todos os m\u00fasicos deste disco. Sinto-me profundamente honrado por este trabalho art\u00edstico.<\/li>\n<\/ul>\n<\/div><\/div><div class=\"et_pb_module et_pb_button_module_wrapper et_pb_button_1_wrapper\"><a class=\"et_pb_button_1 et_pb_button et_pb_bg_layout_light et_pb_module et_flex_module\" href=\"https:\/\/asv.pt\/pt\/contato\/\">Eu tamb\u00e9m quero fotos!<\/a><\/div><\/div><div class=\"et_pb_column_9 et_pb_column et_pb_column_1_2 et-last-child et_block_column et_pb_column_empty et_pb_css_mix_blend_mode_passthrough column2\"><\/div><\/div><\/div><div class=\"et_pb_section_9 et_pb_section et_pb_fullwidth_section et_section_regular et_block_section sfly_interior sfly_interior_hero_1\"><section class=\"et_pb_fullwidth_header_2 et_pb_fullwidth_header et_pb_bg_layout_dark et_pb_text_align_center et_animated et_pb_module et_flex_module sfly_fullwidth_header\"><div class=\"et_pb_fullwidth_header_container center\"><div class=\"header-content-container center\"><div class=\"header-content et_flex_module\"><h4 class=\"et_pb_module_header\">M\u00fasica &amp; Fotografia de Concerto<\/h4><div class=\"et_pb_header_content_wrapper\"><h6>A forma como a m\u00fasica parece<\/h6>\n<\/div><div class=\"et_pb_header_button_wrapper\"><\/div><\/div><\/div><\/div><div class=\"et_pb_fullwidth_header_overlay\"><\/div><div class=\"et_pb_fullwidth_header_scroll\"><\/div><\/section><\/div>","protected":false},"excerpt":{"rendered":"","protected":false},"author":1,"featured_media":0,"parent":0,"menu_order":0,"comment_status":"closed","ping_status":"closed","template":"","meta":{"footnotes":""},"class_list":["post-34","page","type-page","status-publish","hentry"],"_links":{"self":[{"href":"https:\/\/asv.pt\/pt\/wp-json\/wp\/v2\/pages\/34","targetHints":{"allow":["GET"]}}],"collection":[{"href":"https:\/\/asv.pt\/pt\/wp-json\/wp\/v2\/pages"}],"about":[{"href":"https:\/\/asv.pt\/pt\/wp-json\/wp\/v2\/types\/page"}],"author":[{"embeddable":true,"href":"https:\/\/asv.pt\/pt\/wp-json\/wp\/v2\/users\/1"}],"replies":[{"embeddable":true,"href":"https:\/\/asv.pt\/pt\/wp-json\/wp\/v2\/comments?post=34"}],"version-history":[{"count":6,"href":"https:\/\/asv.pt\/pt\/wp-json\/wp\/v2\/pages\/34\/revisions"}],"predecessor-version":[{"id":2785,"href":"https:\/\/asv.pt\/pt\/wp-json\/wp\/v2\/pages\/34\/revisions\/2785"}],"wp:attachment":[{"href":"https:\/\/asv.pt\/pt\/wp-json\/wp\/v2\/media?parent=34"}],"curies":[{"name":"wp","href":"https:\/\/api.w.org\/{rel}","templated":true}]}}