{"id":36,"date":"2021-04-02T13:02:08","date_gmt":"2021-04-02T12:02:08","guid":{"rendered":"https:\/\/asv.pt\/?page_id=36"},"modified":"2025-11-01T19:39:39","modified_gmt":"2025-11-01T19:39:39","slug":"fotografia-de-retrato","status":"publish","type":"page","link":"https:\/\/asv.pt\/pt\/portrait-photography\/","title":{"rendered":"Fotografia de Retrato"},"content":{"rendered":"<div class=\"et_pb_section_0 et_pb_section et_pb_fullwidth_section et_section_regular et_block_section sfly_hero sfly_hero_1\"><section class=\"et_pb_fullwidth_header_0 et_pb_fullwidth_header et_pb_fullscreen et_pb_bg_layout_dark et_pb_text_align_center et_animated et_pb_section_parallax et_pb_module et_flex_module sfly_fullwidth_header\"><span class=\"et-pb-parallax-wrapper\"><span class=\"et-pb-parallax-background et-pb-parallax-background-module--divi-fullwidth-header-0\" style=\"background-image:url(https:\/\/asv.pt\/wp-content\/uploads\/2021\/04\/SteffiKiss_close.jpg)\"><\/span><\/span><div class=\"et_pb_fullwidth_header_container center\"><div class=\"header-content-container center\"><div class=\"header-content et_flex_module\"><h1 class=\"et_pb_module_header\">Fotografia de Retrato<\/h1><div class=\"et_pb_header_content_wrapper\"><p>Eu adoro tirar fotografias de cabe\u00e7a!<\/p>\n<\/div><div class=\"et_pb_header_button_wrapper\"><\/div><\/div><\/div><\/div><div class=\"et_pb_fullwidth_header_overlay\"><\/div><div class=\"et_pb_fullwidth_header_scroll\"><a class=\"scroll-down-container\" href=\"#\"><span class=\"scroll-down et-pb-icon\">;<\/span><\/a><\/div><\/section><\/div><div class=\"et_pb_section_1 et_pb_section et_section_regular et_block_section sfly_general sfly_general_8\"><div class=\"et_pb_row_0 et_pb_row et_pb_equal_columns et_pb_gutters1 et_block_row et_pb_row_fullwidth\"><div class=\"et_pb_column_0 et_pb_column et_pb_column_1_2 et_block_column et_pb_css_mix_blend_mode_passthrough column1\"><div class=\"et_pb_divider_0 et_pb_divider et_pb_space et_pb_divider_position_top et_pb_module divider_spacer\"><div class=\"et_pb_divider_internal\"><\/div><\/div><\/div><div class=\"et_pb_column_1 et_pb_column et_pb_column_1_2 et-last-child et_block_column et_pb_css_mix_blend_mode_passthrough column2\"><div class=\"et_pb_text_0 et_pb_text et_pb_bg_layout_light et_pb_module et_flex_module preset--module--divi-text--default\"><div class=\"et_pb_text_inner\"><h2>Pessoas. Personalidades. Marcas. Hist\u00f3rias. Momentos.<\/h2>\n<p>Estou sempre focado no objectivo de criar imagens aut\u00eanticas que toquem o espectador. Trabalhar com pessoas em frente \u00e0 c\u00e2mera \u00e9 a maior alegria e uma grande oportunidade de descobrir muito juntos. Cada momento \u00e9 especial e \u00fanico, assim como as imagens resultantes.<\/p>\n<\/div><\/div><\/div><\/div><\/div><div class=\"et_pb_section_2 et_pb_section et_section_regular et_block_section sfly_general sfly_general_9\"><div class=\"et_pb_row_1 et_pb_row et_pb_equal_columns et_pb_gutters1 et_block_row sfly_column_switch et_pb_row_fullwidth\"><div class=\"et_pb_column_2 et_pb_column et_pb_column_1_2 et_block_column et_pb_css_mix_blend_mode_passthrough column1\"><div class=\"et_pb_text_1 et_pb_text et_pb_bg_layout_dark et_pb_module et_flex_module preset--module--divi-text--default\"><div class=\"et_pb_text_inner\"><h2>todos precisam de uma foto de retrato<\/h2>\n<p>Uma foto de retrato simplesmente tem que ser muito boa.<br \/>Os meus retratos s\u00e3o para pessoas que querem mais do que uma simples foto de uma m\u00e1quina de venda autom\u00e1tica. Se voc\u00ea me escolher, n\u00f3s faremos juntos fotos que mostrar\u00e3o a sua verdadeira personalidade.<\/p>\n<p>Comigo, a fotografia de retratos \u00e9 muito informal. Sou um tipo simples e posso assegurar-vos que nos vamos divertir. Juntos tiramos fotografias que podem ser criativas, especiais e diferentes. Depende do que se quer mostrar.<\/p>\n<\/div><\/div><div class=\"et_pb_module et_pb_button_module_wrapper et_pb_button_0_wrapper\"><a class=\"et_pb_button_0 et_pb_button et_pb_bg_layout_light et_animated et_pb_module et_flex_module\" href=\"https:\/\/asv.pt\/pt\/contato\/\">Eu preciso de um retrato, tamb\u00e9m!<\/a><\/div><\/div><div class=\"et_pb_column_3 et_pb_column et_pb_column_1_2 et-last-child et_block_column et_pb_css_mix_blend_mode_passthrough column2\"><div class=\"et_pb_divider_1 et_pb_divider et_pb_space et_pb_divider_position_top et_pb_module divider_spacer\"><div class=\"et_pb_divider_internal\"><\/div><\/div><\/div><\/div><\/div><div class=\"et_pb_section_3 et_pb_section et_section_regular et_block_section sfly_feature sfly_feature_7\"><div class=\"et_pb_row_2 et_pb_row et_block_row et_animated\"><div class=\"et_pb_column_4 et_pb_column et_pb_column_1_3 et_block_column et_pb_css_mix_blend_mode_passthrough column1\"><div class=\"et_pb_image_0 et_pb_image et_animated et_pb_module et_flex_module preset--module--divi-image--default\"><span class=\"et_pb_image_wrap\"><img decoding=\"async\" src=\"https:\/\/asv.pt\/wp-content\/uploads\/2021\/04\/Keylene.jpg\" alt=\"Fotografia de Retrato\" title=\"Fotografia de Retrato\" width=\"1536\" height=\"2048\" class=\"wp-image-712\" \/><\/span><\/div><\/div><div class=\"et_pb_column_5 et_pb_column et_pb_column_2_3 et-last-child et_block_column et_pb_css_mix_blend_mode_passthrough column2\"><div class=\"et_pb_text_2 et_pb_text et_pb_bg_layout_light et_animated et_pb_module et_flex_module preset--module--divi-text--default\"><div class=\"et_pb_text_inner\"><h2>Excepcional, aut\u00eantico e visualmente apelativo<\/h2>\n<p>Outro foco do meu trabalho \u00e9 a fotografia corporativa, de imagem e de publicidade. Naturalidade, humanidade e emo\u00e7\u00f5es - estas s\u00e3o qualidades que d\u00e3o vida \u00e0s imagens, atingem outras pessoas e s\u00e3o particularmente importantes para mim no meu estilo de fotografia. A pessoa est\u00e1 em primeiro plano - quero fotografar pessoas e empresas do meu ponto de vista e, assim, comunicar de forma aut\u00eantica e individual.<\/p>\n<blockquote>\n<p>Foi uma emo\u00e7\u00e3o e um prazer inesperado ter o Marc a tirar o meu retrato. (Kaylene Peoples, editora-chefe da revista Agenda)<\/p>\n<\/blockquote>\n<p>Para mim, enquanto fot\u00f3grafa, as sess\u00f5es fotogr\u00e1ficas mais emocionantes s\u00e3o as dos clientes que se soltam, abra\u00e7am quem s\u00e3o e d\u00e3o por si a deixar tudo em risco para serem vulner\u00e1veis - essas s\u00e3o as fotografias mais bonitas que posso tirar.<\/p>\n<\/div><\/div><div class=\"et_pb_module et_pb_button_module_wrapper et_pb_button_1_wrapper\"><a class=\"et_pb_button_1 et_pb_button et_pb_bg_layout_light et_animated et_pb_module et_flex_module\" href=\"https:\/\/asv.pt\/pt\/contato\/\">Queres tentar isto?<\/a><\/div><\/div><\/div><\/div><div class=\"et_pb_section_4 et_pb_section et_section_regular et_block_section sfly_general sfly_general_9\"><div class=\"et_pb_row_3 et_pb_row et_pb_equal_columns et_pb_gutters1 et_block_row sfly_column_switch et_pb_row_fullwidth\"><div class=\"et_pb_column_6 et_pb_column et_pb_column_1_2 et_block_column et_pb_css_mix_blend_mode_passthrough column1\"><div class=\"et_pb_text_3 et_pb_text et_pb_bg_layout_dark et_pb_module et_flex_module preset--module--divi-text--default\"><\/div><\/div><div class=\"et_pb_column_7 et_pb_column et_pb_column_1_2 et-last-child et_block_column et_pb_css_mix_blend_mode_passthrough column2\"><div class=\"et_pb_divider_2 et_pb_divider et_pb_space et_pb_divider_position_top et_pb_module divider_spacer\"><div class=\"et_pb_divider_internal\"><\/div><\/div><\/div><\/div><\/div><div class=\"et_pb_section_5 et_pb_section et_section_regular et_block_section et_pb_section_parallax sfly_feature sfly_feature_2\"><span class=\"et-pb-parallax-wrapper\"><span class=\"et-pb-parallax-background et-pb-parallax-background--css et-pb-parallax-background-module--divi-section-5\" style=\"background-image:url(https:\/\/asv.pt\/wp-content\/uploads\/2021\/04\/PenaPalace1.jpg)\"><\/span><\/span><div class=\"et_pb_row_4 et_pb_row et_pb_gutters1 et_block_row sfly_column_switch\"><div class=\"et_pb_column_8 et_pb_column et_pb_column_1_2 et_block_column et_pb_css_mix_blend_mode_passthrough column1\"><div class=\"et_pb_text_4 et_pb_text et_pb_bg_layout_dark et_pb_module et_flex_module preset--module--divi-text--default\"><div class=\"et_pb_text_inner\"><h2>Imagens aut\u00eanticas que tocam o telespectador<\/h2>\n<p>Fa\u00e7o fotografia de retrato para todas as pessoas que gostam do meu estilo e que, por isso, querem ser fotografadas por mim. Fa\u00e7o retratos para m\u00fasicos, artistas, empres\u00e1rios, empreendedores, empresas e fazedores. Pessoas criativas que comercializam a sua marca e a sua paix\u00e3o. E atletas cujo sucesso de treino precisa de ser capturado.<\/p>\n<p>&nbsp;<\/p>\n<p>Um retrato \u00e9 uma fotografia que capta a semelhan\u00e7a, a personalidade e o estado de esp\u00edrito de uma pessoa, animal ou objeto, muitas vezes de uma forma criativa ou art\u00edstica. Uma fotografia de rosto, por outro lado, \u00e9 um tipo espec\u00edfico de retrato que se centra no rosto e na cabe\u00e7a de uma pessoa e \u00e9 normalmente utilizada para fins profissionais, tais como portef\u00f3lios de actores, perfis de empresas ou sites de encontros online. As fotografias de rosto s\u00e3o normalmente mais simples, com um fundo liso e o sujeito a olhar diretamente para a c\u00e2mara.<\/p>\n<\/div><\/div><\/div><div class=\"et_pb_column_9 et_pb_column et_pb_column_1_2 et-last-child et_block_column et_pb_css_mix_blend_mode_passthrough column2\"><div class=\"et_pb_divider_3 et_pb_divider et_pb_space et_pb_divider_position_top et_pb_module divider_spacer\"><div class=\"et_pb_divider_internal\"><\/div><\/div><\/div><\/div><div class=\"et_pb_row_5 et_pb_row et_pb_equal_columns et_pb_gutters1 et_block_row sfly_column_switch\"><div class=\"et_pb_column_10 et_pb_column et_pb_column_1_2 et_block_column et_pb_css_mix_blend_mode_passthrough column1\"><div class=\"et_pb_divider_4 et_pb_divider et_pb_space et_pb_divider_position_top et_pb_module divider_spacer\"><div class=\"et_pb_divider_internal\"><\/div><\/div><\/div><div class=\"et_pb_column_11 et_pb_column et_pb_column_1_2 et-last-child et_block_column et_pb_css_mix_blend_mode_passthrough column2\"><div class=\"et_pb_text_5 et_pb_text et_pb_bg_layout_dark et_pb_module et_flex_module preset--module--divi-text--default\"><div class=\"et_pb_text_inner\"><h2>Porque \u00e9 que adoro sess\u00f5es de fotos de rosto...<\/h2>\n<p>Eu adoro fotos de fotos!<\/p>\n<p>Quando o medo do modelo em rela\u00e7\u00e3o \u00e0 c\u00e2mara cede lenta mas seguramente. Quando ele se diverte cada vez mais com as fotografias. Quando a personalidade escorre lentamente de cada fotografia, ent\u00e3o foi uma boa sess\u00e3o...<\/p>\n<\/div><\/div><div class=\"et_pb_text_6 et_pb_text et_pb_bg_layout_light et_pb_module et_flex_module preset--module--divi-text--default\"><div class=\"et_pb_text_inner\"><p>A fotografia com fotografia de cabe\u00e7a pode variar de simples a complexa, dependendo do n\u00edvel de habilidade do fot\u00f3grafo, do equipamento que utilizam, e do resultado desejado da fotografia de cabe\u00e7a. Uma fotografia b\u00e1sica pode ser tirada apenas com uma c\u00e2mara e um fundo simples, enquanto que as fotografias mais elaboradas podem envolver m\u00faltiplas luzes, adere\u00e7os e efeitos especiais para obter um aspecto ou disposi\u00e7\u00e3o espec\u00edficos. A fotografia de fotografias de cabe\u00e7a tamb\u00e9m requer profici\u00eancia t\u00e9cnica com ilumina\u00e7\u00e3o, poses, e ajustes de c\u00e2mara para produzir uma imagem lisonjeadora e de aspecto profissional. No entanto, com o equipamento, conhecimento e experi\u00eancia adequados, a fotografia de imagem de cabe\u00e7a pode ser uma forma simples e gratificante de fotografia.<\/p>\n<\/div><\/div><\/div><\/div><\/div><div class=\"et_pb_section_6 et_pb_section et_section_regular et_block_section sfly_image sfly_image_8\"><div class=\"et_pb_row_6 et_pb_row et_pb_gutters2 et_block_row\"><div class=\"et_pb_column_12 et_pb_column et_pb_column_1_2 et_block_column et_pb_css_mix_blend_mode_passthrough\"><div class=\"et_pb_image_1 et_pb_image et_pb_has_overlay et_animated et_pb_module et_flex_module preset--module--divi-image--default\"><a href=\"https:\/\/asv.pt\/wp-content\/uploads\/2021\/04\/SteffiPortrait.jpg\" title=\"Retrato Steffi\" class=\"et_pb_lightbox_image\"><span class=\"et_pb_image_wrap\"><img decoding=\"async\" src=\"https:\/\/asv.pt\/wp-content\/uploads\/2021\/04\/SteffiPortrait.jpg\" alt=\"Retrato Steffi\" title=\"Retrato Steffi\" width=\"2048\" height=\"1365\" class=\"wp-image-707\" \/><span class=\"et_overlay\"><\/span><\/span><\/a><\/div><\/div><div class=\"et_pb_column_13 et_pb_column et_pb_column_1_2 et-last-child et_block_column et_pb_css_mix_blend_mode_passthrough\"><div class=\"et_pb_image_2 et_pb_image et_pb_has_overlay et_animated et_pb_module et_flex_module preset--module--divi-image--default\"><a href=\"https:\/\/asv.pt\/wp-content\/uploads\/2021\/04\/Steffi_Kiss.jpg\" title=\"Beijo de Steffi\" class=\"et_pb_lightbox_image\"><span class=\"et_pb_image_wrap\"><img decoding=\"async\" src=\"https:\/\/asv.pt\/wp-content\/uploads\/2021\/04\/Steffi_Kiss.jpg\" alt=\"Beijo de Steffi\" title=\"Beijo de Steffi\" width=\"2048\" height=\"1365\" class=\"wp-image-708\" \/><span class=\"et_overlay\"><\/span><\/span><\/a><\/div><\/div><\/div><div class=\"et_pb_row_7 et_pb_row et_pb_gutters2 et_block_row sfly_column_switch\"><div class=\"et_pb_column_14 et_pb_column et_pb_column_1_2 et_block_column et_pb_css_mix_blend_mode_passthrough\"><div class=\"et_pb_text_7 et_pb_text et_pb_bg_layout_light et_pb_module et_flex_module preset--module--divi-text--default\"><div class=\"et_pb_text_inner\"><h2>Os Resultados<\/h2>\n<p>Dependendo para o que voc\u00ea precisa das fotos, podemos fazer retratos comerciais limpos ou apenas fotos divertidas que mostram a sua personalidade. N\u00e3o h\u00e1 limites, e eu vou gui\u00e1-lo a perder o medo de estar na frente da lente da c\u00e2mera.<\/p>\n<p>Como voc\u00ea pode ver nestas tr\u00eas fotos, mesmo uma sess\u00e3o de fotos de moda bem preparada pode se transformar em divers\u00e3o instant\u00e2nea e resultados deslumbrantes.<\/p>\n<\/div><\/div><div class=\"et_pb_module et_pb_button_module_wrapper et_pb_button_2_wrapper\"><a class=\"et_pb_button_2 et_pb_button et_pb_bg_layout_light et_pb_module et_flex_module\" href=\"https:\/\/asv.pt\/pt\/contato\/\">Eu quero um grande retrato!<\/a><\/div><\/div><div class=\"et_pb_column_15 et_pb_column et_pb_column_1_2 et-last-child et_block_column et_pb_css_mix_blend_mode_passthrough\"><div class=\"et_pb_image_3 et_pb_image et_pb_has_overlay et_animated et_pb_module et_flex_module preset--module--divi-image--default\"><a href=\"https:\/\/asv.pt\/wp-content\/uploads\/2021\/04\/Steffi_Laugh.jpg\" title=\"Steffi Laugh\" class=\"et_pb_lightbox_image\"><span class=\"et_pb_image_wrap\"><img decoding=\"async\" src=\"https:\/\/asv.pt\/wp-content\/uploads\/2021\/04\/Steffi_Laugh.jpg\" alt=\"Steffi Laugh\" title=\"Steffi Laugh\" width=\"2048\" height=\"1365\" class=\"wp-image-709\" \/><span class=\"et_overlay\"><\/span><\/span><\/a><\/div><\/div><\/div><\/div><div class=\"et_pb_section_7 et_pb_section et_section_regular et_block_section sfly_general sfly_general_12\"><div class=\"et_pb_row_8 et_pb_row et_block_row\"><div class=\"et_pb_column_16 et_pb_column et_pb_column_1_2 et_block_column et_pb_css_mix_blend_mode_passthrough column1\"><div class=\"et_pb_text_8 et_pb_text et_pb_bg_layout_light et_pb_module et_flex_module preset--module--divi-text--default\"><div class=\"et_pb_text_inner\"><h2>V\u00eddeo: Divindade Roxx<\/h2>\n<p>A realiza\u00e7\u00e3o da capa do \u00e1lbum Divinity Roxx ImPossible abrange dois continentes e dois estados. A foto para a capa do \u00e1lbum foi um esfor\u00e7o criativo colaborativo da Divinity Roxx e de mim. O photoshoot foi assistido por Sven Kosakowski, que tamb\u00e9m filmou e editou este v\u00eddeo. A maquiagem foi feita por Eve Wascher e a foto foi estilizada por Yani Marin.<\/p>\n<p>Ap\u00f3s a escolha e edi\u00e7\u00e3o da foto, a Divindade encomendou \u00e0 Artista Pl\u00e1stica de Detroit Sabrina Nelson a cria\u00e7\u00e3o de uma pintura da foto e do Designer Gr\u00e1fico Mario Butterfield (Diretor de Arte) para fundir a foto e a pintura. <\/p>\n<p>No final, a Capa do \u00c1lbum \u00e9 verdadeiramente uma obra de arte.<\/p>\n<\/div><\/div><div class=\"et_pb_module et_pb_button_module_wrapper et_pb_button_3_wrapper\"><a class=\"et_pb_button_3 et_pb_button et_pb_bg_layout_light et_animated et_pb_module et_flex_module\" href=\"https:\/\/asv.pt\/pt\/contato\/\">Envie o seu inqu\u00e9rito...<\/a><\/div><\/div><div class=\"et_pb_column_17 et_pb_column et_pb_column_1_2 et-last-child et_block_column et_pb_css_mix_blend_mode_passthrough column2\"><div class=\"et_pb_video_0 et_pb_video et_pb_module et_flex_module\"><div class=\"et_pb_video_box\"><iframe title=\"Female Bass Player Divinity Roxx A Marca da Capa do \u00c1lbum ImPossible\" width=\"1080\" height=\"608\" src=\"https:\/\/www.youtube.com\/embed\/VjdNEsXblKs?feature=oembed\"  allow=\"accelerometer; autoplay; clipboard-write; encrypted-media; gyroscope; picture-in-picture; web-share\" referrerpolicy=\"strict-origin-when-cross-origin\" allowfullscreen><\/iframe><\/div><div class=\"et_pb_video_overlay\" style=\"background-image:url(\/\/i.ytimg.com\/vi\/VjdNEsXblKs\/maxresdefault.jpg)\"><div class=\"et_pb_video_overlay_hover\"><a class=\"et_pb_video_play\" href=\"#\"><\/a><\/div><\/div><\/div><\/div><\/div><\/div>","protected":false},"excerpt":{"rendered":"","protected":false},"author":1,"featured_media":0,"parent":0,"menu_order":0,"comment_status":"closed","ping_status":"closed","template":"","meta":{"footnotes":""},"class_list":["post-36","page","type-page","status-publish","hentry"],"_links":{"self":[{"href":"https:\/\/asv.pt\/pt\/wp-json\/wp\/v2\/pages\/36","targetHints":{"allow":["GET"]}}],"collection":[{"href":"https:\/\/asv.pt\/pt\/wp-json\/wp\/v2\/pages"}],"about":[{"href":"https:\/\/asv.pt\/pt\/wp-json\/wp\/v2\/types\/page"}],"author":[{"embeddable":true,"href":"https:\/\/asv.pt\/pt\/wp-json\/wp\/v2\/users\/1"}],"replies":[{"embeddable":true,"href":"https:\/\/asv.pt\/pt\/wp-json\/wp\/v2\/comments?post=36"}],"version-history":[{"count":12,"href":"https:\/\/asv.pt\/pt\/wp-json\/wp\/v2\/pages\/36\/revisions"}],"predecessor-version":[{"id":2786,"href":"https:\/\/asv.pt\/pt\/wp-json\/wp\/v2\/pages\/36\/revisions\/2786"}],"wp:attachment":[{"href":"https:\/\/asv.pt\/pt\/wp-json\/wp\/v2\/media?parent=36"}],"curies":[{"name":"wp","href":"https:\/\/api.w.org\/{rel}","templated":true}]}}